{"id":1294,"date":"2023-04-05T14:18:40","date_gmt":"2023-04-05T13:18:40","guid":{"rendered":"https:\/\/web.ciac.pt\/?page_id=1294"},"modified":"2025-10-30T11:44:34","modified_gmt":"2025-10-30T11:44:34","slug":"ciac-editions","status":"publish","type":"page","link":"https:\/\/ciac.pt\/en\/publications\/ciac-editions\/","title":{"rendered":"CIAC Editions"},"content":{"rendered":"\n<p>Books published in&nbsp;<em>CIAC Editions<\/em>&nbsp;are the result of the scientific production carried out by the CIAC&#8217;s Research Groups. The&nbsp;<em>Editions<\/em>&nbsp;intend to contribute to discussions and scientific reflection in the fields of arts and communication and seek to disseminate the research work carried out at CIAC.<\/p>\n\n\n\n<p>The collection has been published since 2016 and is regulated by practices of Open Science, following the commitment to science and the principles of the National Open Science Policy, based on the motto that knowledge should be available and accessible to all.<\/p>\n\n\n\n<p>The lines of research are interconnected with the fields of investigation of CIAC\u2019s research groups: Visual Arts and Creation Processes; Film Studies; Digital Media-Art; Communication Sciences; Digital Literacy and Social Inclusion; Literature and Tourism; Communication of\/in Science and Cultures.<\/p>\n\n\n\n<p>Proposed research works go through a scientific mediation process, being subject to blind peer review. Once accepted for publication, the texts are also subject to an accurate review in accordance with the collection\u2019s Scientific and Editorial Council.<\/p>\n\n\n\n<h2 class=\"wp-block-heading\">Editorial Standards<\/h2>\n\n\n\n<p>Bibliographic references must follow APA standards.<\/p>\n\n\n\n<h2 class=\"wp-block-heading\">Director<\/h2>\n\n\n\n<ul class=\"lcp_catlist\" id=\"lcp_instance_0\"><li><a href=\"https:\/\/ciac.pt\/en\/members\/bruno-miguel-dos-santos-mendes-da-silva\/\">Bruno Mendes da Silva<\/a><\/li><li><a href=\"https:\/\/ciac.pt\/en\/members\/mirian-estela-nogueira-tavares\/\">Mirian Estela Nogueira Tavares<\/a><\/li><\/ul>\n\n\n\n<h2 class=\"wp-block-heading\">Editorial Assistant<\/h2>\n\n\n\n<ul class=\"lcp_catlist active\" id=\"lcp_instance_0\"><li>Susana Costa<\/li><\/ul>\n\n\n\n<h2 class=\"wp-block-heading\">Editorial Team<\/h2>\n\n\n\n\n\n<ul class=\"lcp_catlist active\" id=\"lcp_instance_0\"><li><a href=\"https:\/\/ciac.pt\/en\/members\/ana-patricia-de-queiroz-carneiro-dourado\/\">Ana Patr\u00edcia de Queiroz Carneiro Dourado<\/a><\/li><li>Juan Manuel Escribano Loza<\/li><\/ul>\n\n\n\n<h2 class=\"wp-block-heading\">Editorial Council<\/h2>\n\n\n\n<ul class=\"lcp_catlist\" id=\"lcp_instance_0\"><li><a href=\"https:\/\/ciac.pt\/en\/members\/ana-filipa-cristiano-cerol-santos-martins\/\">Ana Filipa Cristiano Cerol Santos Martins<\/a><\/li><li><a href=\"https:\/\/ciac.pt\/en\/members\/antonio-pedro-cabral-dos-santos\/\">Ant\u00f3nio Pedro Cabral dos Santos<\/a><\/li><li><a href=\"https:\/\/ciac.pt\/en\/members\/armando-rodrigues-do-nascimento-correia-rosa\/\">Armando Rodrigues do Nascimento Correia Rosa<\/a><\/li><li><a href=\"https:\/\/ciac.pt\/en\/members\/ines-maria-veiga-guerra-santos\/\">In\u00eas Maria Veiga Guerra Santos<\/a><\/li><li><a href=\"https:\/\/ciac.pt\/en\/members\/manuel-celio-conceicao\/\">Manuel C\u00e9lio Concei\u00e7\u00e3o<\/a><\/li><li><a href=\"https:\/\/ciac.pt\/en\/members\/maria-da-costa-potes-franco-barroso-santa-clara-barbas\/\">Maria da Costa Potes Franco Barroso Santa-Clara Barbas<\/a><\/li><li><a href=\"https:\/\/ciac.pt\/en\/members\/silvia-quinteiro\/\">S\u00edlvia Quinteiro<\/a><\/li><\/ul>\n\n\n\n<h2 class=\"wp-block-heading\">Scientific Council<\/h2>\n\n\n\n\n\n<ul class=\"lcp_catlist active\" id=\"lcp_instance_0\"><li><a href=\"https:\/\/ciac.pt\/en\/members\/aderito-fernandes-marcos\/\">Ad\u00e9rito Fernandes Marcos<\/a><\/li><li><a href=\"https:\/\/ciac.pt\/en\/members\/ana-filipa-cristiano-cerol-santos-martins\/\">Ana Filipa Cristiano Cerol Santos Martins<\/a><\/li><li><a href=\"https:\/\/ciac.pt\/en\/members\/ana-isabel-candeias-dias-soares\/\">Ana Isabel Candeias Dias Soares<\/a><\/li><li><a href=\"https:\/\/ciac.pt\/en\/members\/ana-maria-da-assuncao-carvalho\/\">Ana Maria da Assun\u00e7\u00e3o Carvalho<\/a><\/li><li><a href=\"https:\/\/ciac.pt\/en\/members\/antonio-manuel-bandeira-barata-alves-de-araujo\/\">Ant\u00f3nio Manuel Bandeira Barata Alves de Ara\u00fajo<\/a><\/li><li><a href=\"https:\/\/ciac.pt\/en\/members\/antonio-manuel-dias-costa-valente\/\">Ant\u00f3nio Manuel Dias Costa Valente<\/a><\/li><li><a href=\"https:\/\/ciac.pt\/en\/members\/antonio-pedro-cabral-dos-santos\/\">Ant\u00f3nio Pedro Cabral dos Santos<\/a><\/li><li><a href=\"https:\/\/ciac.pt\/en\/members\/armando-rodrigues-do-nascimento-correia-rosa\/\">Armando Rodrigues do Nascimento Correia Rosa<\/a><\/li><li><a href=\"https:\/\/ciac.pt\/en\/members\/bruno-miguel-dos-santos-mendes-da-silva\/\">Bruno Miguel dos Santos Mendes da Silva<\/a><\/li><li><a href=\"https:\/\/ciac.pt\/en\/members\/celia-vieira\/\">C\u00e9lia Vieira<\/a><\/li><li><a href=\"https:\/\/ciac.pt\/en\/members\/gabriela-borges-martins-caravela\/\">Gabriela Borges Martins Caravela<\/a><\/li><li><a href=\"https:\/\/ciac.pt\/en\/members\/ines-maria-veiga-guerra-santos\/\">In\u00eas Maria Veiga Guerra Santos<\/a><\/li><li><a href=\"https:\/\/ciac.pt\/en\/members\/isabel-cristina-goncalves-de-carvalho\/\">Isabel Cristina Gon\u00e7alves de Carvalho<\/a><\/li><li><a href=\"https:\/\/ciac.pt\/en\/members\/jorge-manuel-neves-carrega\/\">Jorge Manuel Neves Carrega<\/a><\/li><li><a href=\"https:\/\/ciac.pt\/en\/members\/jose-bogalheiro\/\">Jos\u00e9 Bogalheiro<\/a><\/li><li><a href=\"https:\/\/ciac.pt\/en\/members\/jose-manuel-emiliano-bidarra-de-almeida\/\">Jos\u00e9 Manuel Emiliano Bidarra de Almeida<\/a><\/li><li><a href=\"https:\/\/ciac.pt\/en\/members\/manuel-celio-conceicao\/\">Manuel C\u00e9lio Concei\u00e7\u00e3o<\/a><\/li><li><a href=\"https:\/\/ciac.pt\/en\/members\/maria-da-costa-potes-franco-barroso-santa-clara-barbas\/\">Maria da Costa Potes Franco Barroso Santa-Clara Barbas<\/a><\/li><li><a href=\"https:\/\/ciac.pt\/en\/members\/maria-eugenia-miranda-afonso-vasques\/\">Maria Eug\u00e9nia Miranda Afonso Vasques<\/a><\/li><li>Maria F\u00e1tima Ferreira Nunes<\/li><li><a href=\"https:\/\/ciac.pt\/en\/members\/maria-jesus-botana-vilar\/\">Mar\u00eda Jes\u00fas Botana Vilar<\/a><\/li><li><a href=\"https:\/\/ciac.pt\/en\/members\/maria-jose-conceicao-rodrigues-marques\/\">Maria Jos\u00e9 Concei\u00e7\u00e3o Rodrigues Marques<\/a><\/li><li><a href=\"https:\/\/ciac.pt\/en\/members\/maria-teresa-torres-pereira-de-eca\/\">Maria Teresa Torres Pereira de E\u00e7a<\/a><\/li><li><a href=\"https:\/\/ciac.pt\/en\/members\/mirian-estela-nogueira-tavares\/\">Mirian Estela Nogueira Tavares<\/a><\/li><li><a href=\"https:\/\/ciac.pt\/en\/members\/olivia-novoa-fernandez\/\">Olivia Novoa Fern\u00e1ndez<\/a><\/li><li><a href=\"https:\/\/ciac.pt\/en\/members\/pedro-alfonso-ferre-ponte\/\">Pedro Alfonso Ferr\u00e9 Ponte<\/a><\/li><li><a href=\"https:\/\/ciac.pt\/en\/members\/pedro-jorge-agostinho-alves-da-veiga\/\">Pedro Jorge Agostinho Alves da Veiga<\/a><\/li><li><a href=\"https:\/\/ciac.pt\/en\/members\/silvia-quinteiro\/\">S\u00edlvia Quinteiro<\/a><\/li><li><a href=\"https:\/\/ciac.pt\/en\/members\/tiago-filipe-neves-cruz\/\">Tiago Filipe Neves Cruz<\/a><\/li><\/ul>\n\n\n\n<hr class=\"wp-block-separator alignwide has-alpha-channel-opacity separador\"\/>\n\n\n\n<div class=\"wp-block-query ciac-news-grid is-layout-flow wp-block-query-is-layout-flow\"><ul class=\"columns-6 wp-block-post-template is-layout-grid wp-container-core-post-template-is-layout-cecc1a5b wp-block-post-template-is-layout-grid\"><li class=\"wp-block-post post-14289 post type-post status-publish format-standard has-post-thumbnail hentry category-publications tag-ciac-editions\">\n<figure class=\"featured-image wp-block-post-featured-image\"><a href=\"https:\/\/ciac.pt\/en\/publications\/alguns-caminhos-e-deslocamentos-perceptivos-brasil-america-europa\/\" target=\"_self\"  ><img decoding=\"async\" width=\"209\" height=\"300\" data-src=\"https:\/\/ciac.pt\/wp-content\/uploads\/2026\/03\/content-1.jpg\" class=\"attachment-post-thumbnail size-post-thumbnail wp-post-image lazyload\" alt=\"Alguns caminhos e deslocamentos perceptivos: Brasil &#8211; Am\u00e9rica &#8211; Europa\" style=\"--smush-placeholder-width: 209px; --smush-placeholder-aspect-ratio: 209\/300;object-fit:cover;\" src=\"data:image\/svg+xml;base64,PHN2ZyB3aWR0aD0iMSIgaGVpZ2h0PSIxIiB4bWxucz0iaHR0cDovL3d3dy53My5vcmcvMjAwMC9zdmciPjwvc3ZnPg==\" \/><\/a><\/figure>\n\n<h5 class=\"wp-block-post-title\"><a href=\"https:\/\/ciac.pt\/en\/publications\/alguns-caminhos-e-deslocamentos-perceptivos-brasil-america-europa\/\" target=\"_self\" >Alguns caminhos e deslocamentos perceptivos: Brasil &#8211; Am\u00e9rica &#8211; Europa<\/a><\/h5>\n<\/li><li class=\"wp-block-post post-8525 post type-post status-publish format-standard has-post-thumbnail hentry category-publications tag-ciac-editions\">\n<figure class=\"featured-image wp-block-post-featured-image\"><a href=\"https:\/\/ciac.pt\/en\/publications\/interactive-narratives-propose-pluralist-speech\/\" target=\"_self\"  ><img decoding=\"async\" data-src=\"https:\/\/ciac.pt\/wp-content\/uploads\/2024\/08\/props.jpg\" class=\"attachment-post-thumbnail size-post-thumbnail wp-post-image lazyload\" alt=\"Interactive Narratives Propose Pluralist Speech\" style=\"--smush-placeholder-width: 211px; --smush-placeholder-aspect-ratio: 211\/300;object-fit:cover;\" src=\"data:image\/svg+xml;base64,PHN2ZyB3aWR0aD0iMSIgaGVpZ2h0PSIxIiB4bWxucz0iaHR0cDovL3d3dy53My5vcmcvMjAwMC9zdmciPjwvc3ZnPg==\" \/><\/a><\/figure>\n\n<h5 class=\"wp-block-post-title\"><a href=\"https:\/\/ciac.pt\/en\/publications\/interactive-narratives-propose-pluralist-speech\/\" target=\"_self\" >Interactive Narratives Propose Pluralist Speech<\/a><\/h5>\n<\/li><li class=\"wp-block-post post-5919 post type-post status-publish format-standard has-post-thumbnail hentry category-publications tag-ciac-editions\">\n<figure class=\"featured-image wp-block-post-featured-image\"><a href=\"https:\/\/ciac.pt\/en\/publications\/digital-media\/\" target=\"_self\"  ><img decoding=\"async\" width=\"211\" height=\"300\" data-src=\"https:\/\/ciac.pt\/wp-content\/uploads\/2024\/04\/Digital-Media-240402-1.jpg\" class=\"attachment-post-thumbnail size-post-thumbnail wp-post-image lazyload\" alt=\"Digital Media\" style=\"--smush-placeholder-width: 211px; --smush-placeholder-aspect-ratio: 211\/300;object-fit:cover;\" src=\"data:image\/svg+xml;base64,PHN2ZyB3aWR0aD0iMSIgaGVpZ2h0PSIxIiB4bWxucz0iaHR0cDovL3d3dy53My5vcmcvMjAwMC9zdmciPjwvc3ZnPg==\" \/><\/a><\/figure>\n\n<h5 class=\"wp-block-post-title\"><a href=\"https:\/\/ciac.pt\/en\/publications\/digital-media\/\" target=\"_self\" >Digital Media<\/a><\/h5>\n<\/li><li class=\"wp-block-post post-3461 post type-post status-publish format-standard has-post-thumbnail hentry category-publications tag-ciac-editions\">\n<figure class=\"featured-image wp-block-post-featured-image\"><a href=\"https:\/\/ciac.pt\/en\/publications\/elvis-presley-e-a-cultura-popular-do-seculo-xx\/\" target=\"_self\"  ><img decoding=\"async\" width=\"211\" height=\"300\" data-src=\"https:\/\/ciac.pt\/wp-content\/uploads\/2024\/01\/elvis-presley-e-a-cultura-popular-do-seculo-xx.jpg\" class=\"attachment-post-thumbnail size-post-thumbnail wp-post-image lazyload\" alt=\"Elvis Presley e a cultura popular do s\u00e9culo XX\" style=\"--smush-placeholder-width: 211px; --smush-placeholder-aspect-ratio: 211\/300;object-fit:cover;\" src=\"data:image\/svg+xml;base64,PHN2ZyB3aWR0aD0iMSIgaGVpZ2h0PSIxIiB4bWxucz0iaHR0cDovL3d3dy53My5vcmcvMjAwMC9zdmciPjwvc3ZnPg==\" \/><\/a><\/figure>\n\n<h5 class=\"wp-block-post-title\"><a href=\"https:\/\/ciac.pt\/en\/publications\/elvis-presley-e-a-cultura-popular-do-seculo-xx\/\" target=\"_self\" >Elvis Presley e a cultura popular do s\u00e9culo XX<\/a><\/h5>\n<\/li><li class=\"wp-block-post post-2120 post type-post status-publish format-standard has-post-thumbnail hentry category-publications tag-ciac-editions\">\n<figure class=\"featured-image wp-block-post-featured-image\"><a href=\"https:\/\/ciac.pt\/en\/publications\/generos-populares-e-cinema-transnacional-na-europa-mediterranea\/\" target=\"_self\"  ><img decoding=\"async\" width=\"212\" height=\"300\" data-src=\"https:\/\/ciac.pt\/wp-content\/uploads\/2023\/10\/generos-populares-e-cinema-transnacional-na-europa-mediterranea.jpg\" class=\"attachment-post-thumbnail size-post-thumbnail wp-post-image lazyload\" alt=\"G\u00e9neros Populares e Cinema Transnacional na Europa Mediterr\u00e2nea\" style=\"--smush-placeholder-width: 212px; --smush-placeholder-aspect-ratio: 212\/300;object-fit:cover;\" src=\"data:image\/svg+xml;base64,PHN2ZyB3aWR0aD0iMSIgaGVpZ2h0PSIxIiB4bWxucz0iaHR0cDovL3d3dy53My5vcmcvMjAwMC9zdmciPjwvc3ZnPg==\" \/><\/a><\/figure>\n\n<h5 class=\"wp-block-post-title\"><a href=\"https:\/\/ciac.pt\/en\/publications\/generos-populares-e-cinema-transnacional-na-europa-mediterranea\/\" target=\"_self\" >G\u00e9neros Populares e Cinema Transnacional na Europa Mediterr\u00e2nea<\/a><\/h5>\n<\/li><li class=\"wp-block-post post-2112 post type-post status-publish format-standard has-post-thumbnail hentry category-publications tag-ciac-editions\">\n<figure class=\"featured-image wp-block-post-featured-image\"><a href=\"https:\/\/ciac.pt\/en\/publications\/the-forking-paths\/\" target=\"_self\"  ><img decoding=\"async\" width=\"212\" height=\"300\" data-src=\"https:\/\/ciac.pt\/wp-content\/uploads\/2023\/10\/the-forking-paths.jpg\" class=\"attachment-post-thumbnail size-post-thumbnail wp-post-image lazyload\" alt=\"The Forking Paths\" style=\"--smush-placeholder-width: 212px; --smush-placeholder-aspect-ratio: 212\/300;object-fit:cover;\" src=\"data:image\/svg+xml;base64,PHN2ZyB3aWR0aD0iMSIgaGVpZ2h0PSIxIiB4bWxucz0iaHR0cDovL3d3dy53My5vcmcvMjAwMC9zdmciPjwvc3ZnPg==\" \/><\/a><\/figure>\n\n<h5 class=\"wp-block-post-title\"><a href=\"https:\/\/ciac.pt\/en\/publications\/the-forking-paths\/\" target=\"_self\" >The Forking Paths<\/a><\/h5>\n<\/li><li class=\"wp-block-post post-2110 post type-post status-publish format-standard has-post-thumbnail hentry category-publications tag-ciac-editions\">\n<figure class=\"featured-image wp-block-post-featured-image\"><a href=\"https:\/\/ciac.pt\/en\/publications\/nos-e-os-cadernos-vol-2\/\" target=\"_self\"  ><img decoding=\"async\" width=\"212\" height=\"300\" data-src=\"https:\/\/ciac.pt\/wp-content\/uploads\/2023\/10\/nos-e-os-cadernos-vol-2.jpg\" class=\"attachment-post-thumbnail size-post-thumbnail wp-post-image lazyload\" alt=\"N\u00f3s e os Cadernos Vol. 2\" style=\"--smush-placeholder-width: 212px; --smush-placeholder-aspect-ratio: 212\/300;object-fit:cover;\" src=\"data:image\/svg+xml;base64,PHN2ZyB3aWR0aD0iMSIgaGVpZ2h0PSIxIiB4bWxucz0iaHR0cDovL3d3dy53My5vcmcvMjAwMC9zdmciPjwvc3ZnPg==\" \/><\/a><\/figure>\n\n<h5 class=\"wp-block-post-title\"><a href=\"https:\/\/ciac.pt\/en\/publications\/nos-e-os-cadernos-vol-2\/\" target=\"_self\" >N\u00f3s e os Cadernos Vol. 2<\/a><\/h5>\n<\/li><li class=\"wp-block-post post-2106 post type-post status-publish format-standard has-post-thumbnail hentry category-publications tag-ciac-editions\">\n<figure class=\"featured-image wp-block-post-featured-image\"><a href=\"https:\/\/ciac.pt\/en\/publications\/nos-e-os-cadernos-vol-1\/\" target=\"_self\"  ><img decoding=\"async\" width=\"206\" height=\"300\" data-src=\"https:\/\/ciac.pt\/wp-content\/uploads\/2023\/10\/nos-e-os-cadernos-vol-1.jpg\" class=\"attachment-post-thumbnail size-post-thumbnail wp-post-image lazyload\" alt=\"N\u00f3s e os Cadernos Vol. 1\" style=\"--smush-placeholder-width: 206px; --smush-placeholder-aspect-ratio: 206\/300;object-fit:cover;\" src=\"data:image\/svg+xml;base64,PHN2ZyB3aWR0aD0iMSIgaGVpZ2h0PSIxIiB4bWxucz0iaHR0cDovL3d3dy53My5vcmcvMjAwMC9zdmciPjwvc3ZnPg==\" \/><\/a><\/figure>\n\n<h5 class=\"wp-block-post-title\"><a href=\"https:\/\/ciac.pt\/en\/publications\/nos-e-os-cadernos-vol-1\/\" target=\"_self\" >N\u00f3s e os Cadernos Vol. 1<\/a><\/h5>\n<\/li><li class=\"wp-block-post post-2104 post type-post status-publish format-standard has-post-thumbnail hentry category-publications tag-ciac-editions\">\n<figure class=\"featured-image wp-block-post-featured-image\"><a href=\"https:\/\/ciac.pt\/en\/publications\/ditaduras-revisitadas-cartografias-memorias-e-representacoes-audiovisuais\/\" target=\"_self\"  ><img decoding=\"async\" width=\"210\" height=\"300\" data-src=\"https:\/\/ciac.pt\/wp-content\/uploads\/2023\/10\/ditaduras-revisitadas.jpg\" class=\"attachment-post-thumbnail size-post-thumbnail wp-post-image lazyload\" alt=\"Ditaduras Revisitadas \u2013 Cartografias, Mem\u00f3rias e Representa\u00e7\u00f5es Audiovisuais\" style=\"--smush-placeholder-width: 210px; --smush-placeholder-aspect-ratio: 210\/300;object-fit:cover;\" src=\"data:image\/svg+xml;base64,PHN2ZyB3aWR0aD0iMSIgaGVpZ2h0PSIxIiB4bWxucz0iaHR0cDovL3d3dy53My5vcmcvMjAwMC9zdmciPjwvc3ZnPg==\" \/><\/a><\/figure>\n\n<h5 class=\"wp-block-post-title\"><a href=\"https:\/\/ciac.pt\/en\/publications\/ditaduras-revisitadas-cartografias-memorias-e-representacoes-audiovisuais\/\" target=\"_self\" >Ditaduras Revisitadas \u2013 Cartografias, Mem\u00f3rias e Representa\u00e7\u00f5es Audiovisuais<\/a><\/h5>\n<\/li><li class=\"wp-block-post post-2100 post type-post status-publish format-standard has-post-thumbnail hentry category-publications tag-ciac-editions\">\n<figure class=\"featured-image wp-block-post-featured-image\"><a href=\"https:\/\/ciac.pt\/en\/publications\/a-europa-e-os-imperios-coloniais-na-literatura-e-no-cinema\/\" target=\"_self\"  ><img decoding=\"async\" width=\"206\" height=\"300\" data-src=\"https:\/\/ciac.pt\/wp-content\/uploads\/2023\/10\/a-europa-e-os-imperios-coloniais-na-literatura-e-no-cinema.jpg\" class=\"attachment-post-thumbnail size-post-thumbnail wp-post-image lazyload\" alt=\"A Europa e os Imp\u00e9rios Coloniais na Literatura e no Cinema\" style=\"--smush-placeholder-width: 206px; --smush-placeholder-aspect-ratio: 206\/300;object-fit:cover;\" src=\"data:image\/svg+xml;base64,PHN2ZyB3aWR0aD0iMSIgaGVpZ2h0PSIxIiB4bWxucz0iaHR0cDovL3d3dy53My5vcmcvMjAwMC9zdmciPjwvc3ZnPg==\" \/><\/a><\/figure>\n\n<h5 class=\"wp-block-post-title\"><a href=\"https:\/\/ciac.pt\/en\/publications\/a-europa-e-os-imperios-coloniais-na-literatura-e-no-cinema\/\" target=\"_self\" >A Europa e os Imp\u00e9rios Coloniais na Literatura e no Cinema<\/a><\/h5>\n<\/li><\/ul><\/div>\n","protected":false},"excerpt":{"rendered":"<p>Books published in&nbsp;CIAC Editions&nbsp;are the result of the scientific production carried out<\/p>\n","protected":false},"author":1,"featured_media":0,"parent":1498,"menu_order":1,"comment_status":"closed","ping_status":"closed","template":"","meta":{"_eb_attr":"","inline_featured_image":false,"advgb_blocks_editor_width":"","advgb_blocks_columns_visual_guide":"","footnotes":"","_links_to":"","_links_to_target":""},"class_list":["post-1294","page","type-page","status-publish","hentry"],"yoast_head":"<!-- This site is optimized with the Yoast SEO plugin v27.2 - https:\/\/yoast.com\/product\/yoast-seo-wordpress\/ -->\n<title>CIAC Editions - CIAC<\/title>\n<meta name=\"robots\" content=\"index, follow, max-snippet:-1, max-image-preview:large, max-video-preview:-1\" \/>\n<link rel=\"canonical\" href=\"https:\/\/ciac.pt\/en\/publications\/ciac-editions\/\" \/>\n<meta property=\"og:locale\" content=\"en_US\" \/>\n<meta property=\"og:type\" content=\"article\" \/>\n<meta property=\"og:title\" content=\"CIAC Editions - CIAC\" \/>\n<meta property=\"og:description\" content=\"Books published in&nbsp;CIAC Editions&nbsp;are the result of the scientific production carried out\" \/>\n<meta property=\"og:url\" content=\"https:\/\/ciac.pt\/en\/publications\/ciac-editions\/\" \/>\n<meta property=\"og:site_name\" content=\"CIAC\" \/>\n<meta property=\"article:modified_time\" content=\"2025-10-30T11:44:34+00:00\" \/>\n<meta name=\"twitter:card\" content=\"summary_large_image\" \/>\n<meta name=\"twitter:label1\" content=\"Est. reading time\" \/>\n\t<meta name=\"twitter:data1\" content=\"2 minutes\" \/>\n<script type=\"application\/ld+json\" class=\"yoast-schema-graph\">{\"@context\":\"https:\/\/schema.org\",\"@graph\":[{\"@type\":\"WebPage\",\"@id\":\"https:\/\/ciac.pt\/en\/publications\/ciac-editions\/\",\"url\":\"https:\/\/ciac.pt\/en\/publications\/ciac-editions\/\",\"name\":\"CIAC Editions - CIAC\",\"isPartOf\":{\"@id\":\"https:\/\/ciac.pt\/en\/#website\"},\"datePublished\":\"2023-04-05T13:18:40+00:00\",\"dateModified\":\"2025-10-30T11:44:34+00:00\",\"breadcrumb\":{\"@id\":\"https:\/\/ciac.pt\/en\/publications\/ciac-editions\/#breadcrumb\"},\"inLanguage\":\"en-US\",\"potentialAction\":[{\"@type\":\"ReadAction\",\"target\":[\"https:\/\/ciac.pt\/en\/publications\/ciac-editions\/\"]}]},{\"@type\":\"BreadcrumbList\",\"@id\":\"https:\/\/ciac.pt\/en\/publications\/ciac-editions\/#breadcrumb\",\"itemListElement\":[{\"@type\":\"ListItem\",\"position\":1,\"name\":\"In\u00edcio\",\"item\":\"https:\/\/ciac.pt\/en\/\"},{\"@type\":\"ListItem\",\"position\":2,\"name\":\"Publications\",\"item\":\"https:\/\/ciac.pt\/en\/publications\/\"},{\"@type\":\"ListItem\",\"position\":3,\"name\":\"CIAC Editions\"}]},{\"@type\":\"WebSite\",\"@id\":\"https:\/\/ciac.pt\/en\/#website\",\"url\":\"https:\/\/ciac.pt\/en\/\",\"name\":\"CIAC\",\"description\":\"Centro de Investiga\u00e7\u00e3o em Artes e Comunica\u00e7\u00e3o\",\"publisher\":{\"@id\":\"https:\/\/ciac.pt\/en\/#organization\"},\"potentialAction\":[{\"@type\":\"SearchAction\",\"target\":{\"@type\":\"EntryPoint\",\"urlTemplate\":\"https:\/\/ciac.pt\/en\/?s={search_term_string}\"},\"query-input\":{\"@type\":\"PropertyValueSpecification\",\"valueRequired\":true,\"valueName\":\"search_term_string\"}}],\"inLanguage\":\"en-US\"},{\"@type\":\"Organization\",\"@id\":\"https:\/\/ciac.pt\/en\/#organization\",\"name\":\"CIAC\",\"url\":\"https:\/\/ciac.pt\/en\/\",\"logo\":{\"@type\":\"ImageObject\",\"inLanguage\":\"en-US\",\"@id\":\"https:\/\/ciac.pt\/en\/#\/schema\/logo\/image\/\",\"url\":\"https:\/\/ciac.pt\/wp-content\/uploads\/2022\/06\/logo.svg\",\"contentUrl\":\"https:\/\/ciac.pt\/wp-content\/uploads\/2022\/06\/logo.svg\",\"width\":184,\"height\":51,\"caption\":\"CIAC\"},\"image\":{\"@id\":\"https:\/\/ciac.pt\/en\/#\/schema\/logo\/image\/\"}}]}<\/script>\n<!-- \/ Yoast SEO plugin. -->","yoast_head_json":{"title":"CIAC Editions - CIAC","robots":{"index":"index","follow":"follow","max-snippet":"max-snippet:-1","max-image-preview":"max-image-preview:large","max-video-preview":"max-video-preview:-1"},"canonical":"https:\/\/ciac.pt\/en\/publications\/ciac-editions\/","og_locale":"en_US","og_type":"article","og_title":"CIAC Editions - CIAC","og_description":"Books published in&nbsp;CIAC Editions&nbsp;are the result of the scientific production carried out","og_url":"https:\/\/ciac.pt\/en\/publications\/ciac-editions\/","og_site_name":"CIAC","article_modified_time":"2025-10-30T11:44:34+00:00","twitter_card":"summary_large_image","twitter_misc":{"Est. reading time":"2 minutes"},"schema":{"@context":"https:\/\/schema.org","@graph":[{"@type":"WebPage","@id":"https:\/\/ciac.pt\/en\/publications\/ciac-editions\/","url":"https:\/\/ciac.pt\/en\/publications\/ciac-editions\/","name":"CIAC Editions - CIAC","isPartOf":{"@id":"https:\/\/ciac.pt\/en\/#website"},"datePublished":"2023-04-05T13:18:40+00:00","dateModified":"2025-10-30T11:44:34+00:00","breadcrumb":{"@id":"https:\/\/ciac.pt\/en\/publications\/ciac-editions\/#breadcrumb"},"inLanguage":"en-US","potentialAction":[{"@type":"ReadAction","target":["https:\/\/ciac.pt\/en\/publications\/ciac-editions\/"]}]},{"@type":"BreadcrumbList","@id":"https:\/\/ciac.pt\/en\/publications\/ciac-editions\/#breadcrumb","itemListElement":[{"@type":"ListItem","position":1,"name":"In\u00edcio","item":"https:\/\/ciac.pt\/en\/"},{"@type":"ListItem","position":2,"name":"Publications","item":"https:\/\/ciac.pt\/en\/publications\/"},{"@type":"ListItem","position":3,"name":"CIAC Editions"}]},{"@type":"WebSite","@id":"https:\/\/ciac.pt\/en\/#website","url":"https:\/\/ciac.pt\/en\/","name":"CIAC","description":"Centro de Investiga\u00e7\u00e3o em Artes e Comunica\u00e7\u00e3o","publisher":{"@id":"https:\/\/ciac.pt\/en\/#organization"},"potentialAction":[{"@type":"SearchAction","target":{"@type":"EntryPoint","urlTemplate":"https:\/\/ciac.pt\/en\/?s={search_term_string}"},"query-input":{"@type":"PropertyValueSpecification","valueRequired":true,"valueName":"search_term_string"}}],"inLanguage":"en-US"},{"@type":"Organization","@id":"https:\/\/ciac.pt\/en\/#organization","name":"CIAC","url":"https:\/\/ciac.pt\/en\/","logo":{"@type":"ImageObject","inLanguage":"en-US","@id":"https:\/\/ciac.pt\/en\/#\/schema\/logo\/image\/","url":"https:\/\/ciac.pt\/wp-content\/uploads\/2022\/06\/logo.svg","contentUrl":"https:\/\/ciac.pt\/wp-content\/uploads\/2022\/06\/logo.svg","width":184,"height":51,"caption":"CIAC"},"image":{"@id":"https:\/\/ciac.pt\/en\/#\/schema\/logo\/image\/"}}]}},"coauthors":[],"author_meta":{"author_link":"https:\/\/ciac.pt\/en\/author\/webmaster\/","display_name":"webmaster"},"relative_dates":{"created":"Posted 3 years ago","modified":"Updated 6 months ago"},"absolute_dates":{"created":"Posted on 05\/04\/2023","modified":"Updated on 30\/10\/2025"},"absolute_dates_time":{"created":"Posted on 05\/04\/2023 14:18","modified":"Updated on 30\/10\/2025 11:44"},"featured_img_caption":"","featured_img":false,"series_order":"","_links":{"self":[{"href":"https:\/\/ciac.pt\/en\/wp-json\/wp\/v2\/pages\/1294","targetHints":{"allow":["GET"]}}],"collection":[{"href":"https:\/\/ciac.pt\/en\/wp-json\/wp\/v2\/pages"}],"about":[{"href":"https:\/\/ciac.pt\/en\/wp-json\/wp\/v2\/types\/page"}],"author":[{"embeddable":true,"href":"https:\/\/ciac.pt\/en\/wp-json\/wp\/v2\/users\/1"}],"replies":[{"embeddable":true,"href":"https:\/\/ciac.pt\/en\/wp-json\/wp\/v2\/comments?post=1294"}],"version-history":[{"count":2,"href":"https:\/\/ciac.pt\/en\/wp-json\/wp\/v2\/pages\/1294\/revisions"}],"predecessor-version":[{"id":12704,"href":"https:\/\/ciac.pt\/en\/wp-json\/wp\/v2\/pages\/1294\/revisions\/12704"}],"up":[{"embeddable":true,"href":"https:\/\/ciac.pt\/en\/wp-json\/wp\/v2\/pages\/1498"}],"wp:attachment":[{"href":"https:\/\/ciac.pt\/en\/wp-json\/wp\/v2\/media?parent=1294"}],"curies":[{"name":"wp","href":"https:\/\/api.w.org\/{rel}","templated":true}]}}