{"id":1462,"date":"2023-08-23T17:53:26","date_gmt":"2023-08-23T16:53:26","guid":{"rendered":"https:\/\/web.ciac.pt\/?page_id=1462"},"modified":"2023-12-18T12:00:28","modified_gmt":"2023-12-18T12:00:28","slug":"research-groups-and-hubs","status":"publish","type":"page","link":"https:\/\/ciac.pt\/en\/research-groups-and-hubs\/","title":{"rendered":"Research Groups and Hubs"},"content":{"rendered":"\n<ul class=\"list-pages-shortcode list-pages active\">\n    <li class=\"page_item  page_item_has_children\">Arts<\/li>\n        <ul class=\"children\" style=\"margin-bottom: 0\">\n            <li class=\"page_item  page_item_has_children\">Visual Arts and Performative<\/li>\n                <ul class=\"children\" style=\"margin-bottom: 0\">\n                    <li class=\"page_item\"><a href=\"en\/research-groups-and-hubs\/visual-arts-and-creation-processes\/\">Visual Arts and Creation Processes<\/a><\/li>\n                <\/ul>\n                <li class=\"page_item\">Film Studies<\/li>\n                <ul class=\"children\" style=\"margin-bottom: 0\">\n                    <li class=\"page_item\"><a href=\"en\/research-groups-and-hubs\/film-studies\/\">Film Studies<\/a><\/li>\n                <\/ul>\n                <li class=\"page_item\">Digital Media-Art<\/li>\n                <ul class=\"children\" style=\"margin-bottom: 0\">\n                    <li class=\"page_item\"><a href=\"en\/research-groups-and-hubs\/digital-media-art\/\">Digital Media-Art<\/a><\/li>\n                <\/ul>\n        <\/ul>\n    <li class=\"page_item  page_item_has_children\">Communication<\/li>\n        <ul class=\"children\" style=\"margin-bottom: 0\">\n            <li class=\"page_item\">Communication and Literacy<\/li>\n                <ul class=\"children\" style=\"margin-bottom: 0\">\n                    <li class=\"page_item\"><a href=\"en\/research-groups-and-hubs\/communication-sciences\/\">Communication Sciences<\/a><\/li>\n                    <li class=\"page_item\"><a href=\"en\/research-groups-and-hubs\/digital-literacy-and-social-inclusion\/\">Digital Literacy and Social Inclusion<\/a><\/li>\n                <\/ul>\n            <li class=\"page_item  page_item_has_children\">Communication and Tourism<\/li>\n                <ul class=\"children\" style=\"margin-bottom: 0\">\n                    <li class=\"page_item page-item-125\"><a href=\"en\/research-groups-and-hubs\/literature-and-tourism\/\">Literature and Tourism<\/a><\/li>\n                <\/ul>\n            <li class=\"page_item  page_item_has_children\">Intercultural Communication<\/li>\n                <ul class=\"children\" style=\"margin-bottom: 0\">\n                    <li class=\"page_item\"><a href=\"en\/research-groups-and-hubs\/communication-science-and-cultures\/\">Communication, Science and Cultures<\/a><\/li>\n                <\/ul>\n        <\/ul>\n<\/ul>\n\n\n\n<hr class=\"wp-block-separator alignwide has-alpha-channel-opacity\"\/>\n\n\n\n<h2 class=\"wp-block-heading\" id=\"comunicacao-71ee522c-5ea8-4e75-8045-10601c1ae274\">Hubs<\/h2>\n\n\n\n<ul class=\"list-pages-shortcode list-pages\"><li class=\"page_item page-item-1474\"><a href=\"https:\/\/ciac.pt\/en\/research-groups-and-hubs\/research-hub-lisbon-theatre-and-film-school\/\">Research Hub \u2013 Lisbon Theatre and Film School<\/a><\/li>\n<li class=\"page_item page-item-1480\"><a href=\"https:\/\/ciac.pt\/en\/research-groups-and-hubs\/research-hub-universidade-aberta\/\">Open University Research Center<\/a><\/li>\n<li class=\"page_item page-item-1482\"><a href=\"https:\/\/ciac.pt\/en\/research-groups-and-hubs\/research-hub-digital-literacy-and-inclusion-of-the-polytechnic-of-santarem\/\">Research Hub \u2013 Digital Literacy and Inclusion of the Polytechnic of Santar\u00e9m<\/a><\/li>\n<li class=\"page_item page-item-2488\"><a href=\"https:\/\/ciac.pt\/en\/research-groups-and-hubs\/research-hub-university-of-maia\/\">Mai\u00eautica\/University of Maia Hub<\/a><\/li>\n<\/ul>\n","protected":false},"excerpt":{"rendered":"<p>Arts Visual Arts and Performative Visual Arts and Creation Processes Film Studies<\/p>\n","protected":false},"author":1,"featured_media":0,"parent":0,"menu_order":5,"comment_status":"closed","ping_status":"closed","template":"","meta":{"_eb_attr":"","inline_featured_image":false,"advgb_blocks_editor_width":"","advgb_blocks_columns_visual_guide":"","footnotes":"","_links_to":"","_links_to_target":""},"class_list":["post-1462","page","type-page","status-publish","hentry"],"yoast_head":"<!-- This site is optimized with the Yoast SEO plugin v27.4 - https:\/\/yoast.com\/product\/yoast-seo-wordpress\/ -->\n<title>Research Groups and Hubs - CIAC<\/title>\n<meta name=\"robots\" content=\"index, follow, max-snippet:-1, max-image-preview:large, max-video-preview:-1\" \/>\n<link rel=\"canonical\" href=\"https:\/\/ciac.pt\/en\/research-groups-and-hubs\/\" \/>\n<meta property=\"og:locale\" content=\"en_US\" \/>\n<meta property=\"og:type\" content=\"article\" \/>\n<meta property=\"og:title\" content=\"Research Groups and Hubs - CIAC\" \/>\n<meta property=\"og:description\" content=\"Arts Visual Arts and Performative Visual Arts and Creation Processes Film Studies\" \/>\n<meta property=\"og:url\" content=\"https:\/\/ciac.pt\/en\/research-groups-and-hubs\/\" \/>\n<meta property=\"og:site_name\" content=\"CIAC\" \/>\n<meta property=\"article:modified_time\" content=\"2023-12-18T12:00:28+00:00\" \/>\n<meta name=\"twitter:card\" content=\"summary_large_image\" \/>\n<script type=\"application\/ld+json\" class=\"yoast-schema-graph\">{\"@context\":\"https:\\\/\\\/schema.org\",\"@graph\":[{\"@type\":\"WebPage\",\"@id\":\"https:\\\/\\\/ciac.pt\\\/en\\\/research-groups-and-hubs\\\/\",\"url\":\"https:\\\/\\\/ciac.pt\\\/en\\\/research-groups-and-hubs\\\/\",\"name\":\"Research Groups and Hubs - CIAC\",\"isPartOf\":{\"@id\":\"https:\\\/\\\/ciac.pt\\\/en\\\/#website\"},\"datePublished\":\"2023-08-23T16:53:26+00:00\",\"dateModified\":\"2023-12-18T12:00:28+00:00\",\"breadcrumb\":{\"@id\":\"https:\\\/\\\/ciac.pt\\\/en\\\/research-groups-and-hubs\\\/#breadcrumb\"},\"inLanguage\":\"en-US\",\"potentialAction\":[{\"@type\":\"ReadAction\",\"target\":[\"https:\\\/\\\/ciac.pt\\\/en\\\/research-groups-and-hubs\\\/\"]}]},{\"@type\":\"BreadcrumbList\",\"@id\":\"https:\\\/\\\/ciac.pt\\\/en\\\/research-groups-and-hubs\\\/#breadcrumb\",\"itemListElement\":[{\"@type\":\"ListItem\",\"position\":1,\"name\":\"In\u00edcio\",\"item\":\"https:\\\/\\\/ciac.pt\\\/en\\\/\"},{\"@type\":\"ListItem\",\"position\":2,\"name\":\"Research Groups and Hubs\"}]},{\"@type\":\"WebSite\",\"@id\":\"https:\\\/\\\/ciac.pt\\\/en\\\/#website\",\"url\":\"https:\\\/\\\/ciac.pt\\\/en\\\/\",\"name\":\"CIAC\",\"description\":\"Centro de Investiga\u00e7\u00e3o em Artes e Comunica\u00e7\u00e3o\",\"publisher\":{\"@id\":\"https:\\\/\\\/ciac.pt\\\/en\\\/#organization\"},\"potentialAction\":[{\"@type\":\"SearchAction\",\"target\":{\"@type\":\"EntryPoint\",\"urlTemplate\":\"https:\\\/\\\/ciac.pt\\\/en\\\/?s={search_term_string}\"},\"query-input\":{\"@type\":\"PropertyValueSpecification\",\"valueRequired\":true,\"valueName\":\"search_term_string\"}}],\"inLanguage\":\"en-US\"},{\"@type\":\"Organization\",\"@id\":\"https:\\\/\\\/ciac.pt\\\/en\\\/#organization\",\"name\":\"CIAC\",\"url\":\"https:\\\/\\\/ciac.pt\\\/en\\\/\",\"logo\":{\"@type\":\"ImageObject\",\"inLanguage\":\"en-US\",\"@id\":\"https:\\\/\\\/ciac.pt\\\/en\\\/#\\\/schema\\\/logo\\\/image\\\/\",\"url\":\"https:\\\/\\\/ciac.pt\\\/wp-content\\\/uploads\\\/2022\\\/06\\\/logo.svg\",\"contentUrl\":\"https:\\\/\\\/ciac.pt\\\/wp-content\\\/uploads\\\/2022\\\/06\\\/logo.svg\",\"width\":184,\"height\":51,\"caption\":\"CIAC\"},\"image\":{\"@id\":\"https:\\\/\\\/ciac.pt\\\/en\\\/#\\\/schema\\\/logo\\\/image\\\/\"}}]}<\/script>\n<!-- \/ Yoast SEO plugin. -->","yoast_head_json":{"title":"Research Groups and Hubs - CIAC","robots":{"index":"index","follow":"follow","max-snippet":"max-snippet:-1","max-image-preview":"max-image-preview:large","max-video-preview":"max-video-preview:-1"},"canonical":"https:\/\/ciac.pt\/en\/research-groups-and-hubs\/","og_locale":"en_US","og_type":"article","og_title":"Research Groups and Hubs - CIAC","og_description":"Arts Visual Arts and Performative Visual Arts and Creation Processes Film Studies","og_url":"https:\/\/ciac.pt\/en\/research-groups-and-hubs\/","og_site_name":"CIAC","article_modified_time":"2023-12-18T12:00:28+00:00","twitter_card":"summary_large_image","schema":{"@context":"https:\/\/schema.org","@graph":[{"@type":"WebPage","@id":"https:\/\/ciac.pt\/en\/research-groups-and-hubs\/","url":"https:\/\/ciac.pt\/en\/research-groups-and-hubs\/","name":"Research Groups and Hubs - CIAC","isPartOf":{"@id":"https:\/\/ciac.pt\/en\/#website"},"datePublished":"2023-08-23T16:53:26+00:00","dateModified":"2023-12-18T12:00:28+00:00","breadcrumb":{"@id":"https:\/\/ciac.pt\/en\/research-groups-and-hubs\/#breadcrumb"},"inLanguage":"en-US","potentialAction":[{"@type":"ReadAction","target":["https:\/\/ciac.pt\/en\/research-groups-and-hubs\/"]}]},{"@type":"BreadcrumbList","@id":"https:\/\/ciac.pt\/en\/research-groups-and-hubs\/#breadcrumb","itemListElement":[{"@type":"ListItem","position":1,"name":"In\u00edcio","item":"https:\/\/ciac.pt\/en\/"},{"@type":"ListItem","position":2,"name":"Research Groups and Hubs"}]},{"@type":"WebSite","@id":"https:\/\/ciac.pt\/en\/#website","url":"https:\/\/ciac.pt\/en\/","name":"CIAC","description":"Centro de Investiga\u00e7\u00e3o em Artes e Comunica\u00e7\u00e3o","publisher":{"@id":"https:\/\/ciac.pt\/en\/#organization"},"potentialAction":[{"@type":"SearchAction","target":{"@type":"EntryPoint","urlTemplate":"https:\/\/ciac.pt\/en\/?s={search_term_string}"},"query-input":{"@type":"PropertyValueSpecification","valueRequired":true,"valueName":"search_term_string"}}],"inLanguage":"en-US"},{"@type":"Organization","@id":"https:\/\/ciac.pt\/en\/#organization","name":"CIAC","url":"https:\/\/ciac.pt\/en\/","logo":{"@type":"ImageObject","inLanguage":"en-US","@id":"https:\/\/ciac.pt\/en\/#\/schema\/logo\/image\/","url":"https:\/\/ciac.pt\/wp-content\/uploads\/2022\/06\/logo.svg","contentUrl":"https:\/\/ciac.pt\/wp-content\/uploads\/2022\/06\/logo.svg","width":184,"height":51,"caption":"CIAC"},"image":{"@id":"https:\/\/ciac.pt\/en\/#\/schema\/logo\/image\/"}}]}},"coauthors":[],"author_meta":{"author_link":"https:\/\/ciac.pt\/en\/author\/webmaster\/","display_name":"webmaster"},"relative_dates":{"created":"Posted 3 years ago","modified":"Updated 2 years ago"},"absolute_dates":{"created":"Posted on 23\/08\/2023","modified":"Updated on 18\/12\/2023"},"absolute_dates_time":{"created":"Posted on 23\/08\/2023 17:53","modified":"Updated on 18\/12\/2023 12:00"},"featured_img_caption":"","featured_img":false,"series_order":"","_links":{"self":[{"href":"https:\/\/ciac.pt\/en\/wp-json\/wp\/v2\/pages\/1462","targetHints":{"allow":["GET"]}}],"collection":[{"href":"https:\/\/ciac.pt\/en\/wp-json\/wp\/v2\/pages"}],"about":[{"href":"https:\/\/ciac.pt\/en\/wp-json\/wp\/v2\/types\/page"}],"author":[{"embeddable":true,"href":"https:\/\/ciac.pt\/en\/wp-json\/wp\/v2\/users\/1"}],"replies":[{"embeddable":true,"href":"https:\/\/ciac.pt\/en\/wp-json\/wp\/v2\/comments?post=1462"}],"version-history":[{"count":6,"href":"https:\/\/ciac.pt\/en\/wp-json\/wp\/v2\/pages\/1462\/revisions"}],"predecessor-version":[{"id":2491,"href":"https:\/\/ciac.pt\/en\/wp-json\/wp\/v2\/pages\/1462\/revisions\/2491"}],"wp:attachment":[{"href":"https:\/\/ciac.pt\/en\/wp-json\/wp\/v2\/media?parent=1462"}],"curies":[{"name":"wp","href":"https:\/\/api.w.org\/{rel}","templated":true}]}}