{"id":1464,"date":"2023-08-23T17:54:16","date_gmt":"2023-08-23T16:54:16","guid":{"rendered":"https:\/\/web.ciac.pt\/?page_id=1464"},"modified":"2026-01-21T13:07:42","modified_gmt":"2026-01-21T13:07:42","slug":"visual-arts-and-creation-processes","status":"publish","type":"page","link":"https:\/\/ciac.pt\/en\/research-groups-and-hubs\/visual-arts-and-creation-processes\/","title":{"rendered":"Visual Arts and Creation Processes"},"content":{"rendered":"\n<figure class=\"wp-block-embed is-type-video is-provider-youtube wp-block-embed-youtube wp-embed-aspect-16-9 wp-has-aspect-ratio\"><div class=\"wp-block-embed__wrapper\">\n<iframe title=\"Grupo de Trabalho em Artes Visuais e Processos de Cria\u00e7\u00e3o do CIAC\" width=\"1400\" height=\"788\" data-src=\"https:\/\/www.youtube.com\/embed\/QEXhYnjD9GE?feature=oembed\" frameborder=\"0\" allow=\"accelerometer; autoplay; clipboard-write; encrypted-media; gyroscope; picture-in-picture; web-share\" referrerpolicy=\"strict-origin-when-cross-origin\" allowfullscreen src=\"data:image\/svg+xml;base64,PHN2ZyB3aWR0aD0iMSIgaGVpZ2h0PSIxIiB4bWxucz0iaHR0cDovL3d3dy53My5vcmcvMjAwMC9zdmciPjwvc3ZnPg==\" class=\"lazyload\" data-load-mode=\"1\"><\/iframe>\n<\/div><\/figure>\n\n\n\n<p>CIAC&#8217;s Research Group on Visual Arts and&nbsp;Creation&nbsp;Processes is focused on artistic practices and theories \u2013 particularly Contemporary Art \u2013 and research into Creation Processes.<\/p>\n\n\n\n<p>Members of the group are professors, artists, and researchers, especially from the Undergraduate Degree in Visual Arts and the Master&#8217;s in Creation Processes of the University of the Algarve. The Research Group&#8217;s main feature is its active work (curatorial, critical, and artistic) in art and culture associations and institutions, as well as publications \u2013 especially in the Algarve region \u2013 and the development of research with the support of the Critical Theory of&nbsp;Creation&nbsp;Processes, with which it has engaged and produced diverse researches.<\/p>\n\n\n\n<p>Although the focus of this group is especially the Visual Arts, investigations in the field of artistic creations in Cinema, Digital Media-Art, Photography, Performing Arts, Literature, and Cultural Management, are also welcome \u2013 when focused on Creation Processes.<\/p>\n\n\n\n<p>Members of the Research Group in Visual Arts and Creation Processes:<\/p>\n\n\n\n<ul class=\"lcp_catlist active\" id=\"lcp_instance_0\"><li>Alexandre Nuno Serr\u00e3o Fialho Alves Barata<\/li><li><a href=\"https:\/\/ciac.pt\/en\/members\/ana-clara-viegas-santos\/\">Ana Clara Viegas Santos<\/a><\/li><li><a href=\"https:\/\/ciac.pt\/en\/members\/ana-isabel-candeias-dias-soares\/\">Ana Isabel Candeias Dias Soares<\/a><\/li><li><a href=\"https:\/\/ciac.pt\/en\/members\/ana-patricia-de-queiroz-carneiro-dourado\/\">Ana Patr\u00edcia de Queiroz Carneiro Dourado<\/a><\/li><li><a href=\"https:\/\/ciac.pt\/en\/members\/antonio-pedro-cabral-dos-santos\/\">Ant\u00f3nio Pedro Cabral dos Santos<\/a><\/li><li><a href=\"https:\/\/ciac.pt\/en\/members\/maria-jesus-botana-vilar\/\">Mar\u00eda Jes\u00fas Botana Vilar<\/a><\/li><li><a href=\"https:\/\/ciac.pt\/en\/members\/mirian-estela-nogueira-tavares\/\">Mirian Estela Nogueira Tavares<\/a><\/li><\/ul>\n\n\n\n<p>External Collaborators:<\/p>\n\n\n\n<ul class=\"lcp_catlist active\" id=\"lcp_instance_0\"><li>Camila Mangueira \u2013 Pontif\u00edcia Universidade Cat\u00f3lica de S\u00e3o Paulo<\/li><li>Cecilia Almeida Salles \u2013 Pontif\u00edcia Universidade Cat\u00f3lica de S\u00e3o Paulo<\/li><li>Regina Gorzillo \u2013 Pontif\u00edcia Universidade Cat\u00f3lica de S\u00e3o Paulo<\/li><li>Samir Cheida \u2013 Pontif\u00edcia Universidade Cat\u00f3lica de S\u00e3o Paulo<\/li><li>Wagner de Miranda \u2013 Pontif\u00edcia Universidade Cat\u00f3lica de S\u00e3o Paulo<\/li><\/ul>\n\n\n\n<p>Lines of research that welcome projects, research, and artistic residencies at CIAC \u2013 under the supervision of artists and researchers from the group:<\/p>\n\n\n\n<ul class=\"wp-block-list\">\n<li>Artistic Creation as Research<\/li>\n\n\n\n<li>Curating and Mounting Exhibitions<\/li>\n\n\n\n<li>Image Studies<\/li>\n\n\n\n<li>Essay and Art Criticism<\/li>\n\n\n\n<li>Contemporary Poetics<\/li>\n\n\n\n<li>Scriptwriting and Contemporary Experimentation<\/li>\n\n\n\n<li>Accompanying Creation Processes and Theatrical Genetics<\/li>\n<\/ul>\n","protected":false},"excerpt":{"rendered":"<p>CIAC&#8217;s Research Group on Visual Arts and&nbsp;Creation&nbsp;Processes is focused on artistic practices<\/p>\n","protected":false},"author":1,"featured_media":0,"parent":1462,"menu_order":1,"comment_status":"closed","ping_status":"closed","template":"","meta":{"_eb_attr":"","inline_featured_image":false,"advgb_blocks_editor_width":"","advgb_blocks_columns_visual_guide":"","footnotes":"","_links_to":"","_links_to_target":""},"class_list":["post-1464","page","type-page","status-publish","hentry"],"yoast_head":"<!-- This site is optimized with the Yoast SEO plugin v27.2 - https:\/\/yoast.com\/product\/yoast-seo-wordpress\/ -->\n<title>Visual Arts and Creation Processes - CIAC<\/title>\n<meta name=\"robots\" content=\"index, follow, max-snippet:-1, max-image-preview:large, max-video-preview:-1\" \/>\n<link rel=\"canonical\" href=\"https:\/\/ciac.pt\/en\/research-groups-and-hubs\/visual-arts-and-creation-processes\/\" \/>\n<meta property=\"og:locale\" content=\"en_US\" \/>\n<meta property=\"og:type\" content=\"article\" \/>\n<meta property=\"og:title\" content=\"Visual Arts and Creation Processes - CIAC\" \/>\n<meta property=\"og:description\" content=\"CIAC&#8217;s Research Group on Visual Arts and&nbsp;Creation&nbsp;Processes is focused on artistic practices\" \/>\n<meta property=\"og:url\" content=\"https:\/\/ciac.pt\/en\/research-groups-and-hubs\/visual-arts-and-creation-processes\/\" \/>\n<meta property=\"og:site_name\" content=\"CIAC\" \/>\n<meta property=\"article:modified_time\" content=\"2026-01-21T13:07:42+00:00\" \/>\n<meta name=\"twitter:card\" content=\"summary_large_image\" \/>\n<meta name=\"twitter:label1\" content=\"Est. reading time\" \/>\n\t<meta name=\"twitter:data1\" content=\"2 minutes\" \/>\n<script type=\"application\/ld+json\" class=\"yoast-schema-graph\">{\"@context\":\"https:\/\/schema.org\",\"@graph\":[{\"@type\":\"WebPage\",\"@id\":\"https:\/\/ciac.pt\/en\/research-groups-and-hubs\/visual-arts-and-creation-processes\/\",\"url\":\"https:\/\/ciac.pt\/en\/research-groups-and-hubs\/visual-arts-and-creation-processes\/\",\"name\":\"Visual Arts and Creation Processes - CIAC\",\"isPartOf\":{\"@id\":\"https:\/\/ciac.pt\/en\/#website\"},\"datePublished\":\"2023-08-23T16:54:16+00:00\",\"dateModified\":\"2026-01-21T13:07:42+00:00\",\"breadcrumb\":{\"@id\":\"https:\/\/ciac.pt\/en\/research-groups-and-hubs\/visual-arts-and-creation-processes\/#breadcrumb\"},\"inLanguage\":\"en-US\",\"potentialAction\":[{\"@type\":\"ReadAction\",\"target\":[\"https:\/\/ciac.pt\/en\/research-groups-and-hubs\/visual-arts-and-creation-processes\/\"]}]},{\"@type\":\"BreadcrumbList\",\"@id\":\"https:\/\/ciac.pt\/en\/research-groups-and-hubs\/visual-arts-and-creation-processes\/#breadcrumb\",\"itemListElement\":[{\"@type\":\"ListItem\",\"position\":1,\"name\":\"In\u00edcio\",\"item\":\"https:\/\/ciac.pt\/en\/\"},{\"@type\":\"ListItem\",\"position\":2,\"name\":\"Research Groups and Hubs\",\"item\":\"https:\/\/ciac.pt\/en\/research-groups-and-hubs\/\"},{\"@type\":\"ListItem\",\"position\":3,\"name\":\"Visual Arts and Creation Processes\"}]},{\"@type\":\"WebSite\",\"@id\":\"https:\/\/ciac.pt\/en\/#website\",\"url\":\"https:\/\/ciac.pt\/en\/\",\"name\":\"CIAC\",\"description\":\"Centro de Investiga\u00e7\u00e3o em Artes e Comunica\u00e7\u00e3o\",\"publisher\":{\"@id\":\"https:\/\/ciac.pt\/en\/#organization\"},\"potentialAction\":[{\"@type\":\"SearchAction\",\"target\":{\"@type\":\"EntryPoint\",\"urlTemplate\":\"https:\/\/ciac.pt\/en\/?s={search_term_string}\"},\"query-input\":{\"@type\":\"PropertyValueSpecification\",\"valueRequired\":true,\"valueName\":\"search_term_string\"}}],\"inLanguage\":\"en-US\"},{\"@type\":\"Organization\",\"@id\":\"https:\/\/ciac.pt\/en\/#organization\",\"name\":\"CIAC\",\"url\":\"https:\/\/ciac.pt\/en\/\",\"logo\":{\"@type\":\"ImageObject\",\"inLanguage\":\"en-US\",\"@id\":\"https:\/\/ciac.pt\/en\/#\/schema\/logo\/image\/\",\"url\":\"https:\/\/ciac.pt\/wp-content\/uploads\/2022\/06\/logo.svg\",\"contentUrl\":\"https:\/\/ciac.pt\/wp-content\/uploads\/2022\/06\/logo.svg\",\"width\":184,\"height\":51,\"caption\":\"CIAC\"},\"image\":{\"@id\":\"https:\/\/ciac.pt\/en\/#\/schema\/logo\/image\/\"}}]}<\/script>\n<!-- \/ Yoast SEO plugin. -->","yoast_head_json":{"title":"Visual Arts and Creation Processes - CIAC","robots":{"index":"index","follow":"follow","max-snippet":"max-snippet:-1","max-image-preview":"max-image-preview:large","max-video-preview":"max-video-preview:-1"},"canonical":"https:\/\/ciac.pt\/en\/research-groups-and-hubs\/visual-arts-and-creation-processes\/","og_locale":"en_US","og_type":"article","og_title":"Visual Arts and Creation Processes - CIAC","og_description":"CIAC&#8217;s Research Group on Visual Arts and&nbsp;Creation&nbsp;Processes is focused on artistic practices","og_url":"https:\/\/ciac.pt\/en\/research-groups-and-hubs\/visual-arts-and-creation-processes\/","og_site_name":"CIAC","article_modified_time":"2026-01-21T13:07:42+00:00","twitter_card":"summary_large_image","twitter_misc":{"Est. reading time":"2 minutes"},"schema":{"@context":"https:\/\/schema.org","@graph":[{"@type":"WebPage","@id":"https:\/\/ciac.pt\/en\/research-groups-and-hubs\/visual-arts-and-creation-processes\/","url":"https:\/\/ciac.pt\/en\/research-groups-and-hubs\/visual-arts-and-creation-processes\/","name":"Visual Arts and Creation Processes - CIAC","isPartOf":{"@id":"https:\/\/ciac.pt\/en\/#website"},"datePublished":"2023-08-23T16:54:16+00:00","dateModified":"2026-01-21T13:07:42+00:00","breadcrumb":{"@id":"https:\/\/ciac.pt\/en\/research-groups-and-hubs\/visual-arts-and-creation-processes\/#breadcrumb"},"inLanguage":"en-US","potentialAction":[{"@type":"ReadAction","target":["https:\/\/ciac.pt\/en\/research-groups-and-hubs\/visual-arts-and-creation-processes\/"]}]},{"@type":"BreadcrumbList","@id":"https:\/\/ciac.pt\/en\/research-groups-and-hubs\/visual-arts-and-creation-processes\/#breadcrumb","itemListElement":[{"@type":"ListItem","position":1,"name":"In\u00edcio","item":"https:\/\/ciac.pt\/en\/"},{"@type":"ListItem","position":2,"name":"Research Groups and Hubs","item":"https:\/\/ciac.pt\/en\/research-groups-and-hubs\/"},{"@type":"ListItem","position":3,"name":"Visual Arts and Creation Processes"}]},{"@type":"WebSite","@id":"https:\/\/ciac.pt\/en\/#website","url":"https:\/\/ciac.pt\/en\/","name":"CIAC","description":"Centro de Investiga\u00e7\u00e3o em Artes e Comunica\u00e7\u00e3o","publisher":{"@id":"https:\/\/ciac.pt\/en\/#organization"},"potentialAction":[{"@type":"SearchAction","target":{"@type":"EntryPoint","urlTemplate":"https:\/\/ciac.pt\/en\/?s={search_term_string}"},"query-input":{"@type":"PropertyValueSpecification","valueRequired":true,"valueName":"search_term_string"}}],"inLanguage":"en-US"},{"@type":"Organization","@id":"https:\/\/ciac.pt\/en\/#organization","name":"CIAC","url":"https:\/\/ciac.pt\/en\/","logo":{"@type":"ImageObject","inLanguage":"en-US","@id":"https:\/\/ciac.pt\/en\/#\/schema\/logo\/image\/","url":"https:\/\/ciac.pt\/wp-content\/uploads\/2022\/06\/logo.svg","contentUrl":"https:\/\/ciac.pt\/wp-content\/uploads\/2022\/06\/logo.svg","width":184,"height":51,"caption":"CIAC"},"image":{"@id":"https:\/\/ciac.pt\/en\/#\/schema\/logo\/image\/"}}]}},"coauthors":[],"author_meta":{"author_link":"https:\/\/ciac.pt\/en\/author\/webmaster\/","display_name":"webmaster"},"relative_dates":{"created":"Posted 3 years ago","modified":"Updated 3 months ago"},"absolute_dates":{"created":"Posted on 23\/08\/2023","modified":"Updated on 21\/01\/2026"},"absolute_dates_time":{"created":"Posted on 23\/08\/2023 17:54","modified":"Updated on 21\/01\/2026 13:07"},"featured_img_caption":"","featured_img":false,"series_order":"","_links":{"self":[{"href":"https:\/\/ciac.pt\/en\/wp-json\/wp\/v2\/pages\/1464","targetHints":{"allow":["GET"]}}],"collection":[{"href":"https:\/\/ciac.pt\/en\/wp-json\/wp\/v2\/pages"}],"about":[{"href":"https:\/\/ciac.pt\/en\/wp-json\/wp\/v2\/types\/page"}],"author":[{"embeddable":true,"href":"https:\/\/ciac.pt\/en\/wp-json\/wp\/v2\/users\/1"}],"replies":[{"embeddable":true,"href":"https:\/\/ciac.pt\/en\/wp-json\/wp\/v2\/comments?post=1464"}],"version-history":[{"count":3,"href":"https:\/\/ciac.pt\/en\/wp-json\/wp\/v2\/pages\/1464\/revisions"}],"predecessor-version":[{"id":13486,"href":"https:\/\/ciac.pt\/en\/wp-json\/wp\/v2\/pages\/1464\/revisions\/13486"}],"up":[{"embeddable":true,"href":"https:\/\/ciac.pt\/en\/wp-json\/wp\/v2\/pages\/1462"}],"wp:attachment":[{"href":"https:\/\/ciac.pt\/en\/wp-json\/wp\/v2\/media?parent=1464"}],"curies":[{"name":"wp","href":"https:\/\/api.w.org\/{rel}","templated":true}]}}