{"id":1466,"date":"2023-08-23T17:54:50","date_gmt":"2023-08-23T16:54:50","guid":{"rendered":"https:\/\/web.ciac.pt\/?page_id=1466"},"modified":"2024-04-03T15:16:51","modified_gmt":"2024-04-03T14:16:51","slug":"communication-sciences","status":"publish","type":"page","link":"https:\/\/ciac.pt\/en\/research-groups-and-hubs\/communication-sciences\/","title":{"rendered":"Communication Sciences"},"content":{"rendered":"\n<figure class=\"wp-block-embed is-type-video is-provider-youtube wp-block-embed-youtube wp-embed-aspect-16-9 wp-has-aspect-ratio\"><div class=\"wp-block-embed__wrapper\">\n<iframe title=\"Grupo de Trabalho em Ci\u00eancias da Comunica\u00e7\u00e3o do CIAC\" width=\"1400\" height=\"788\" data-src=\"https:\/\/www.youtube.com\/embed\/Jh6mQ4vzBiw?feature=oembed\" frameborder=\"0\" allow=\"accelerometer; autoplay; clipboard-write; encrypted-media; gyroscope; picture-in-picture; web-share\" referrerpolicy=\"strict-origin-when-cross-origin\" allowfullscreen src=\"data:image\/svg+xml;base64,PHN2ZyB3aWR0aD0iMSIgaGVpZ2h0PSIxIiB4bWxucz0iaHR0cDovL3d3dy53My5vcmcvMjAwMC9zdmciPjwvc3ZnPg==\" class=\"lazyload\" data-load-mode=\"1\"><\/iframe>\n<\/div><\/figure>\n\n\n\n<p>The Research Group on Communication Sciences, recently conceived at CIAC, aims to develop fundamental and applied research in the fields that constitute the Communication Sciences, in four lines of research.<\/p>\n\n\n\n<ul class=\"wp-block-list\">\n<li>Media, information, and journalism;<\/li>\n\n\n\n<li>Strategic communication;<\/li>\n\n\n\n<li>Media creation, contexts of production and reception;<\/li>\n\n\n\n<li>Media, language and culture.<\/li>\n<\/ul>\n\n\n\n<p>With the aim of bringing together and articulating the work developed by the researchers who integrate the group, in compliance with the CIAC&#8217;s main goals, the lines of research that constitute this group have as points of confluence the study of transformations in the field of communication and media, the exploitation of technological resources as a basis for new media conceptions and media and informational literacies.<\/p>\n\n\n\n<p>Members of the Research Group on Communication Sciences:<\/p>\n\n\n\n<ul class=\"lcp_catlist active\" id=\"lcp_instance_0\"><li><a href=\"https:\/\/ciac.pt\/en\/members\/ana-filipa-cristiano-cerol-santos-martins\/\">Ana Filipa Cristiano Cerol Santos Martins<\/a><\/li><li><a href=\"https:\/\/ciac.pt\/en\/members\/ana-patricia-de-queiroz-carneiro-dourado\/\">Ana Patr\u00edcia de Queiroz Carneiro Dourado<\/a><\/li><li>Beatriz Torres Valente<\/li><li><a href=\"https:\/\/ciac.pt\/en\/members\/bruno-miguel-dos-santos-mendes-da-silva\/\">Bruno Miguel dos Santos Mendes da Silva<\/a><\/li><li>Carmen Zita Batalha Garcia Monereo<\/li><li><a href=\"https:\/\/ciac.pt\/en\/members\/gabriela-borges-martins-caravela\/\">Gabriela Borges Martins Caravela<\/a><\/li><li><a href=\"https:\/\/ciac.pt\/en\/members\/ines-maria-veiga-guerra-santos\/\">In\u00eas Maria Veiga Guerra Santos<\/a><\/li><li>Joana Palminha<\/li><li><a href=\"https:\/\/ciac.pt\/en\/members\/jorge-manuel-neves-carrega\/\">Jorge Manuel Neves Carrega<\/a><\/li><li>Marcelo Eduardo Ribaric<\/li><li>M\u00e1rio Antunes<\/li><li><a href=\"https:\/\/ciac.pt\/en\/members\/olivia-novoa-fernandez\/\">Olivia Novoa Fern\u00e1ndez<\/a><\/li><li><a href=\"https:\/\/ciac.pt\/en\/members\/paulo-jorge-de-almeida-falcao-alves\/\">Paulo Jorge de Almeida Falc\u00e3o Alves<\/a><\/li><li>Raquel Pacheco Mello e Cunha<\/li><li><a href=\"https:\/\/ciac.pt\/en\/members\/simone-antoniaci-tuzzo\/\">Simone Antoniaci Tuzzo<\/a><\/li><\/ul>\n\n<p>External Collaborators:<\/p>\n<ul class=\"lcp_catlist active\" id=\"lcp_instance_0\"><li>\u00c1lvaro Eduardo Trigueiro Americano \u2013 Universidade Federal de Juiz de Fora<\/li><li>Let\u00edcia Torres Americano \u2013 Universidade Federal de Juiz de Fora<\/li><\/ul>\n","protected":false},"excerpt":{"rendered":"<p>The Research Group on Communication Sciences, recently conceived at CIAC, aims to<\/p>\n","protected":false},"author":1,"featured_media":0,"parent":1462,"menu_order":2,"comment_status":"closed","ping_status":"closed","template":"","meta":{"_eb_attr":"","inline_featured_image":false,"advgb_blocks_editor_width":"","advgb_blocks_columns_visual_guide":"","footnotes":"","_links_to":"","_links_to_target":""},"class_list":["post-1466","page","type-page","status-publish","hentry"],"yoast_head":"<!-- This site is optimized with the Yoast SEO plugin v27.4 - https:\/\/yoast.com\/product\/yoast-seo-wordpress\/ -->\n<title>Communication Sciences - CIAC<\/title>\n<meta name=\"robots\" content=\"index, follow, max-snippet:-1, max-image-preview:large, max-video-preview:-1\" \/>\n<link rel=\"canonical\" href=\"https:\/\/ciac.pt\/en\/research-groups-and-hubs\/communication-sciences\/\" \/>\n<meta property=\"og:locale\" content=\"en_US\" \/>\n<meta property=\"og:type\" content=\"article\" \/>\n<meta property=\"og:title\" content=\"Communication Sciences - CIAC\" \/>\n<meta property=\"og:description\" content=\"The Research Group on Communication Sciences, recently conceived at CIAC, aims to\" \/>\n<meta property=\"og:url\" content=\"https:\/\/ciac.pt\/en\/research-groups-and-hubs\/communication-sciences\/\" \/>\n<meta property=\"og:site_name\" content=\"CIAC\" \/>\n<meta property=\"article:modified_time\" content=\"2024-04-03T14:16:51+00:00\" \/>\n<meta name=\"twitter:card\" content=\"summary_large_image\" \/>\n<meta name=\"twitter:label1\" content=\"Est. reading time\" \/>\n\t<meta name=\"twitter:data1\" content=\"1 minute\" \/>\n<script type=\"application\/ld+json\" class=\"yoast-schema-graph\">{\"@context\":\"https:\\\/\\\/schema.org\",\"@graph\":[{\"@type\":\"WebPage\",\"@id\":\"https:\\\/\\\/ciac.pt\\\/en\\\/research-groups-and-hubs\\\/communication-sciences\\\/\",\"url\":\"https:\\\/\\\/ciac.pt\\\/en\\\/research-groups-and-hubs\\\/communication-sciences\\\/\",\"name\":\"Communication Sciences - CIAC\",\"isPartOf\":{\"@id\":\"https:\\\/\\\/ciac.pt\\\/en\\\/#website\"},\"datePublished\":\"2023-08-23T16:54:50+00:00\",\"dateModified\":\"2024-04-03T14:16:51+00:00\",\"breadcrumb\":{\"@id\":\"https:\\\/\\\/ciac.pt\\\/en\\\/research-groups-and-hubs\\\/communication-sciences\\\/#breadcrumb\"},\"inLanguage\":\"en-US\",\"potentialAction\":[{\"@type\":\"ReadAction\",\"target\":[\"https:\\\/\\\/ciac.pt\\\/en\\\/research-groups-and-hubs\\\/communication-sciences\\\/\"]}]},{\"@type\":\"BreadcrumbList\",\"@id\":\"https:\\\/\\\/ciac.pt\\\/en\\\/research-groups-and-hubs\\\/communication-sciences\\\/#breadcrumb\",\"itemListElement\":[{\"@type\":\"ListItem\",\"position\":1,\"name\":\"In\u00edcio\",\"item\":\"https:\\\/\\\/ciac.pt\\\/en\\\/\"},{\"@type\":\"ListItem\",\"position\":2,\"name\":\"Research Groups and Hubs\",\"item\":\"https:\\\/\\\/ciac.pt\\\/en\\\/research-groups-and-hubs\\\/\"},{\"@type\":\"ListItem\",\"position\":3,\"name\":\"Communication Sciences\"}]},{\"@type\":\"WebSite\",\"@id\":\"https:\\\/\\\/ciac.pt\\\/en\\\/#website\",\"url\":\"https:\\\/\\\/ciac.pt\\\/en\\\/\",\"name\":\"CIAC\",\"description\":\"Centro de Investiga\u00e7\u00e3o em Artes e Comunica\u00e7\u00e3o\",\"publisher\":{\"@id\":\"https:\\\/\\\/ciac.pt\\\/en\\\/#organization\"},\"potentialAction\":[{\"@type\":\"SearchAction\",\"target\":{\"@type\":\"EntryPoint\",\"urlTemplate\":\"https:\\\/\\\/ciac.pt\\\/en\\\/?s={search_term_string}\"},\"query-input\":{\"@type\":\"PropertyValueSpecification\",\"valueRequired\":true,\"valueName\":\"search_term_string\"}}],\"inLanguage\":\"en-US\"},{\"@type\":\"Organization\",\"@id\":\"https:\\\/\\\/ciac.pt\\\/en\\\/#organization\",\"name\":\"CIAC\",\"url\":\"https:\\\/\\\/ciac.pt\\\/en\\\/\",\"logo\":{\"@type\":\"ImageObject\",\"inLanguage\":\"en-US\",\"@id\":\"https:\\\/\\\/ciac.pt\\\/en\\\/#\\\/schema\\\/logo\\\/image\\\/\",\"url\":\"https:\\\/\\\/ciac.pt\\\/wp-content\\\/uploads\\\/2022\\\/06\\\/logo.svg\",\"contentUrl\":\"https:\\\/\\\/ciac.pt\\\/wp-content\\\/uploads\\\/2022\\\/06\\\/logo.svg\",\"width\":184,\"height\":51,\"caption\":\"CIAC\"},\"image\":{\"@id\":\"https:\\\/\\\/ciac.pt\\\/en\\\/#\\\/schema\\\/logo\\\/image\\\/\"}}]}<\/script>\n<!-- \/ Yoast SEO plugin. -->","yoast_head_json":{"title":"Communication Sciences - CIAC","robots":{"index":"index","follow":"follow","max-snippet":"max-snippet:-1","max-image-preview":"max-image-preview:large","max-video-preview":"max-video-preview:-1"},"canonical":"https:\/\/ciac.pt\/en\/research-groups-and-hubs\/communication-sciences\/","og_locale":"en_US","og_type":"article","og_title":"Communication Sciences - CIAC","og_description":"The Research Group on Communication Sciences, recently conceived at CIAC, aims to","og_url":"https:\/\/ciac.pt\/en\/research-groups-and-hubs\/communication-sciences\/","og_site_name":"CIAC","article_modified_time":"2024-04-03T14:16:51+00:00","twitter_card":"summary_large_image","twitter_misc":{"Est. reading time":"1 minute"},"schema":{"@context":"https:\/\/schema.org","@graph":[{"@type":"WebPage","@id":"https:\/\/ciac.pt\/en\/research-groups-and-hubs\/communication-sciences\/","url":"https:\/\/ciac.pt\/en\/research-groups-and-hubs\/communication-sciences\/","name":"Communication Sciences - CIAC","isPartOf":{"@id":"https:\/\/ciac.pt\/en\/#website"},"datePublished":"2023-08-23T16:54:50+00:00","dateModified":"2024-04-03T14:16:51+00:00","breadcrumb":{"@id":"https:\/\/ciac.pt\/en\/research-groups-and-hubs\/communication-sciences\/#breadcrumb"},"inLanguage":"en-US","potentialAction":[{"@type":"ReadAction","target":["https:\/\/ciac.pt\/en\/research-groups-and-hubs\/communication-sciences\/"]}]},{"@type":"BreadcrumbList","@id":"https:\/\/ciac.pt\/en\/research-groups-and-hubs\/communication-sciences\/#breadcrumb","itemListElement":[{"@type":"ListItem","position":1,"name":"In\u00edcio","item":"https:\/\/ciac.pt\/en\/"},{"@type":"ListItem","position":2,"name":"Research Groups and Hubs","item":"https:\/\/ciac.pt\/en\/research-groups-and-hubs\/"},{"@type":"ListItem","position":3,"name":"Communication Sciences"}]},{"@type":"WebSite","@id":"https:\/\/ciac.pt\/en\/#website","url":"https:\/\/ciac.pt\/en\/","name":"CIAC","description":"Centro de Investiga\u00e7\u00e3o em Artes e Comunica\u00e7\u00e3o","publisher":{"@id":"https:\/\/ciac.pt\/en\/#organization"},"potentialAction":[{"@type":"SearchAction","target":{"@type":"EntryPoint","urlTemplate":"https:\/\/ciac.pt\/en\/?s={search_term_string}"},"query-input":{"@type":"PropertyValueSpecification","valueRequired":true,"valueName":"search_term_string"}}],"inLanguage":"en-US"},{"@type":"Organization","@id":"https:\/\/ciac.pt\/en\/#organization","name":"CIAC","url":"https:\/\/ciac.pt\/en\/","logo":{"@type":"ImageObject","inLanguage":"en-US","@id":"https:\/\/ciac.pt\/en\/#\/schema\/logo\/image\/","url":"https:\/\/ciac.pt\/wp-content\/uploads\/2022\/06\/logo.svg","contentUrl":"https:\/\/ciac.pt\/wp-content\/uploads\/2022\/06\/logo.svg","width":184,"height":51,"caption":"CIAC"},"image":{"@id":"https:\/\/ciac.pt\/en\/#\/schema\/logo\/image\/"}}]}},"coauthors":[],"author_meta":{"author_link":"https:\/\/ciac.pt\/en\/author\/webmaster\/","display_name":"webmaster"},"relative_dates":{"created":"Posted 3 years ago","modified":"Updated 2 years ago"},"absolute_dates":{"created":"Posted on 23\/08\/2023","modified":"Updated on 03\/04\/2024"},"absolute_dates_time":{"created":"Posted on 23\/08\/2023 17:54","modified":"Updated on 03\/04\/2024 15:16"},"featured_img_caption":"","featured_img":false,"series_order":"","_links":{"self":[{"href":"https:\/\/ciac.pt\/en\/wp-json\/wp\/v2\/pages\/1466","targetHints":{"allow":["GET"]}}],"collection":[{"href":"https:\/\/ciac.pt\/en\/wp-json\/wp\/v2\/pages"}],"about":[{"href":"https:\/\/ciac.pt\/en\/wp-json\/wp\/v2\/types\/page"}],"author":[{"embeddable":true,"href":"https:\/\/ciac.pt\/en\/wp-json\/wp\/v2\/users\/1"}],"replies":[{"embeddable":true,"href":"https:\/\/ciac.pt\/en\/wp-json\/wp\/v2\/comments?post=1466"}],"version-history":[{"count":8,"href":"https:\/\/ciac.pt\/en\/wp-json\/wp\/v2\/pages\/1466\/revisions"}],"predecessor-version":[{"id":5972,"href":"https:\/\/ciac.pt\/en\/wp-json\/wp\/v2\/pages\/1466\/revisions\/5972"}],"up":[{"embeddable":true,"href":"https:\/\/ciac.pt\/en\/wp-json\/wp\/v2\/pages\/1462"}],"wp:attachment":[{"href":"https:\/\/ciac.pt\/en\/wp-json\/wp\/v2\/media?parent=1466"}],"curies":[{"name":"wp","href":"https:\/\/api.w.org\/{rel}","templated":true}]}}