{"id":1468,"date":"2023-08-23T17:55:18","date_gmt":"2023-08-23T16:55:18","guid":{"rendered":"https:\/\/web.ciac.pt\/?page_id=1468"},"modified":"2026-03-13T06:16:07","modified_gmt":"2026-03-13T06:16:07","slug":"communication-science-and-cultures","status":"publish","type":"page","link":"https:\/\/ciac.pt\/en\/research-groups-and-hubs\/communication-science-and-cultures\/","title":{"rendered":"Communication, Science and Cultures"},"content":{"rendered":"\n<figure class=\"wp-block-embed is-type-video is-provider-youtube wp-block-embed-youtube wp-embed-aspect-16-9 wp-has-aspect-ratio\"><div class=\"wp-block-embed__wrapper\">\n<iframe title=\"Grupo de Trabalho em Comunica\u00e7\u00e3o de\/em Ci\u00eancia e Culturas do CIAC\" width=\"1400\" height=\"788\" data-src=\"https:\/\/www.youtube.com\/embed\/q9hMB5UyxTM?feature=oembed\" frameborder=\"0\" allow=\"accelerometer; autoplay; clipboard-write; encrypted-media; gyroscope; picture-in-picture; web-share\" referrerpolicy=\"strict-origin-when-cross-origin\" allowfullscreen src=\"data:image\/svg+xml;base64,PHN2ZyB3aWR0aD0iMSIgaGVpZ2h0PSIxIiB4bWxucz0iaHR0cDovL3d3dy53My5vcmcvMjAwMC9zdmciPjwvc3ZnPg==\" class=\"lazyload\" data-load-mode=\"1\"><\/iframe>\n<\/div><\/figure>\n\n\n\n<p>The C<sup>3<\/sup>M<sup>2<\/sup> group &#8211; Communication of\/within science and cultures: multilingualism and mediations &#8211; carries out research into communication of\/within science and cultures, as a verbal, non-verbal and\/or multimodal representation of scientific knowledge and know-how in different media. Communication in\/of science and cultures is understood to be the set of processes and practices of constructing, transmitting and receiving research methods and information, scientific knowledge and cultural manifestations with different constitutive and communicative intentions, in different media and with different audiences in mind. These themes are essentially observed in contexts of diversity of different kinds, in which multilingualism, interculturalism and mediation needs (including issues of teaching and learning languages and cultures) are particularly important. The group members&#8217; work focuses on the following aspects:<\/p>\n\n\n\n<ul class=\"wp-block-list\">\n<li>Discourses, discursive reformulation and the construction of knowledge (diachronic, synchronic, diastratic, diatopic, etc. aspects);<\/li>\n\n\n\n<li>Teaching and learning languages and communicative processes and resources;<\/li>\n\n\n\n<li>Scientific literacy and mediation;<\/li>\n\n\n\n<li>Multilingualism in science and cultures and epistemic justice;<\/li>\n\n\n\n<li>Semiotic, artistic and\/or interactive representations of science and cultures;<\/li>\n\n\n\n<li>Terminologies, variation, translation and communication;<\/li>\n\n\n\n<li>Language and communication policies.<\/li>\n<\/ul>\n\n\n\n<p>In addition to research on the above themes, the members of C<sup>3<\/sup>M<sup>2<\/sup> are constantly involved in initial and postgraduate training in these areas.<\/p>\n\n\n\n<p>The group&#8217;s activity is articulated with CIAC&#8217;s objectives, permanently seeking points of confluence with the other groups.<\/p>\n\n\n\n<p>This WG includes:<\/p>\n\n\n\n<ul class=\"lcp_catlist active\" id=\"lcp_instance_0\"><li><a href=\"https:\/\/ciac.pt\/en\/members\/manuel-celio-conceicao\/\">Manuel C\u00e9lio Concei\u00e7\u00e3o<\/a><\/li><li>Maria de F\u00e1tima Roxo Leite de Sousa de Noronha<\/li><li>Neuza Carla do Sacramento Alves Baptista e Costa<\/li><li>Pedro Emanuel Quintino de Sousa<\/li><li>Sandra Isabel da Ponte Rodrigues<\/li><li>Vanessa Oliveira dos Santos Nunes<\/li><\/ul>\n\n\n\n<p>C<sup>3<\/sup>M<sup>2<\/sup> participates in the following ongoing research projects (all with international funding):<\/p>\n\n\n\n<ul class=\"wp-block-list\">\n<li>APATCHE<\/li>\n\n\n\n<li>TECON3<\/li>\n\n\n\n<li>ICFAL<\/li>\n\n\n\n<li>BLUE ROUTE<\/li>\n<\/ul>\n\n\n\n<p>C<sup>3<\/sup>M<sup>2<\/sup> members are regular members of the following collaborative networks\/groups\/committees:<\/p>\n\n\n\n<ul class=\"wp-block-list\">\n<li><a href=\"https:\/\/www.celelc.org\/\">CEL ELC<\/a><\/li>\n\n\n\n<li><a href=\"https:\/\/coara.eu\/\">COARA<\/a><a href=\"https:\/\/www.ipq.pt\/normalizacao\/comissoes-tecnicas-de-normalizacao\/comissoes-tecnicas\/\"><\/a><\/li>\n\n\n\n<li><a href=\"https:\/\/www.ipq.pt\/normalizacao\/comissoes-tecnicas-de-normalizacao\/comissoes-tecnicas\/\">CT 221 \/IPQ<\/a><\/li>\n\n\n\n<li><a href=\"https:\/\/eassh.eu\/\">EASSH<\/a><\/li>\n\n\n\n<li><a href=\"https:\/\/www.reseau-ltt.net\/\">LTT<\/a><\/li>\n\n\n\n<li><a href=\"https:\/\/centridiricerca.unicatt.it\/otpl-home\">OTPL<\/a><\/li>\n\n\n\n<li><a href=\"https:\/\/www.realiter.net\/pt\/presentazione\">REALITER<\/a><\/li>\n\n\n\n<li><a href=\"https:\/\/riterm.org\/index.php\/institucionais\/#portugal\">RITerm<\/a><\/li>\n<\/ul>\n\n\n\n<p>Several members of this group are part of tasks structured within the framework of the University of the Algarve&#8217;s membership of the SEA-EU European Alliance, European University of the Seas. Manuel C\u00e9lio Concei\u00e7\u00e3o, Neuza Costa and Pedro Sousa are part of group 4.6, which focuses on language policies and language training. Manuel C\u00e9lio Concei\u00e7\u00e3o is the SEA-EU coordinator of group 6.3, which is responsible for science communication.<\/p>\n\n\n\n<p>The head of the group, Manuel C\u00e9lio Concei\u00e7\u00e3o, is CIAC&#8217;s interlocutor with the national chapter (led by FCT) for the European initiative COARA &#8211; Coalition for Advancing Research Assessment.<\/p>\n","protected":false},"excerpt":{"rendered":"<p>The C3M2 group &#8211; Communication of\/within science and cultures: multilingualism and mediations<\/p>\n","protected":false},"author":1,"featured_media":0,"parent":1462,"menu_order":3,"comment_status":"closed","ping_status":"closed","template":"","meta":{"_eb_attr":"","inline_featured_image":false,"advgb_blocks_editor_width":"","advgb_blocks_columns_visual_guide":"","footnotes":"","_links_to":"","_links_to_target":""},"class_list":["post-1468","page","type-page","status-publish","hentry"],"yoast_head":"<!-- This site is optimized with the Yoast SEO plugin v27.2 - https:\/\/yoast.com\/product\/yoast-seo-wordpress\/ -->\n<title>Communication, Science and Cultures - CIAC<\/title>\n<meta name=\"robots\" content=\"index, follow, max-snippet:-1, max-image-preview:large, max-video-preview:-1\" \/>\n<link rel=\"canonical\" href=\"https:\/\/ciac.pt\/en\/research-groups-and-hubs\/communication-science-and-cultures\/\" \/>\n<meta property=\"og:locale\" content=\"en_US\" \/>\n<meta property=\"og:type\" content=\"article\" \/>\n<meta property=\"og:title\" content=\"Communication, Science and Cultures - CIAC\" \/>\n<meta property=\"og:description\" content=\"The C3M2 group &#8211; Communication of\/within science and cultures: multilingualism and mediations\" \/>\n<meta property=\"og:url\" content=\"https:\/\/ciac.pt\/en\/research-groups-and-hubs\/communication-science-and-cultures\/\" \/>\n<meta property=\"og:site_name\" content=\"CIAC\" \/>\n<meta property=\"article:modified_time\" content=\"2026-03-13T06:16:07+00:00\" \/>\n<meta name=\"twitter:card\" content=\"summary_large_image\" \/>\n<meta name=\"twitter:label1\" content=\"Est. reading time\" \/>\n\t<meta name=\"twitter:data1\" content=\"3 minutes\" \/>\n<script type=\"application\/ld+json\" class=\"yoast-schema-graph\">{\"@context\":\"https:\/\/schema.org\",\"@graph\":[{\"@type\":\"WebPage\",\"@id\":\"https:\/\/ciac.pt\/en\/research-groups-and-hubs\/communication-science-and-cultures\/\",\"url\":\"https:\/\/ciac.pt\/en\/research-groups-and-hubs\/communication-science-and-cultures\/\",\"name\":\"Communication, Science and Cultures - CIAC\",\"isPartOf\":{\"@id\":\"https:\/\/ciac.pt\/en\/#website\"},\"datePublished\":\"2023-08-23T16:55:18+00:00\",\"dateModified\":\"2026-03-13T06:16:07+00:00\",\"breadcrumb\":{\"@id\":\"https:\/\/ciac.pt\/en\/research-groups-and-hubs\/communication-science-and-cultures\/#breadcrumb\"},\"inLanguage\":\"en-US\",\"potentialAction\":[{\"@type\":\"ReadAction\",\"target\":[\"https:\/\/ciac.pt\/en\/research-groups-and-hubs\/communication-science-and-cultures\/\"]}]},{\"@type\":\"BreadcrumbList\",\"@id\":\"https:\/\/ciac.pt\/en\/research-groups-and-hubs\/communication-science-and-cultures\/#breadcrumb\",\"itemListElement\":[{\"@type\":\"ListItem\",\"position\":1,\"name\":\"In\u00edcio\",\"item\":\"https:\/\/ciac.pt\/en\/\"},{\"@type\":\"ListItem\",\"position\":2,\"name\":\"Research Groups and Hubs\",\"item\":\"https:\/\/ciac.pt\/en\/research-groups-and-hubs\/\"},{\"@type\":\"ListItem\",\"position\":3,\"name\":\"Communication, Science and Cultures\"}]},{\"@type\":\"WebSite\",\"@id\":\"https:\/\/ciac.pt\/en\/#website\",\"url\":\"https:\/\/ciac.pt\/en\/\",\"name\":\"CIAC\",\"description\":\"Centro de Investiga\u00e7\u00e3o em Artes e Comunica\u00e7\u00e3o\",\"publisher\":{\"@id\":\"https:\/\/ciac.pt\/en\/#organization\"},\"potentialAction\":[{\"@type\":\"SearchAction\",\"target\":{\"@type\":\"EntryPoint\",\"urlTemplate\":\"https:\/\/ciac.pt\/en\/?s={search_term_string}\"},\"query-input\":{\"@type\":\"PropertyValueSpecification\",\"valueRequired\":true,\"valueName\":\"search_term_string\"}}],\"inLanguage\":\"en-US\"},{\"@type\":\"Organization\",\"@id\":\"https:\/\/ciac.pt\/en\/#organization\",\"name\":\"CIAC\",\"url\":\"https:\/\/ciac.pt\/en\/\",\"logo\":{\"@type\":\"ImageObject\",\"inLanguage\":\"en-US\",\"@id\":\"https:\/\/ciac.pt\/en\/#\/schema\/logo\/image\/\",\"url\":\"https:\/\/ciac.pt\/wp-content\/uploads\/2022\/06\/logo.svg\",\"contentUrl\":\"https:\/\/ciac.pt\/wp-content\/uploads\/2022\/06\/logo.svg\",\"width\":184,\"height\":51,\"caption\":\"CIAC\"},\"image\":{\"@id\":\"https:\/\/ciac.pt\/en\/#\/schema\/logo\/image\/\"}}]}<\/script>\n<!-- \/ Yoast SEO plugin. -->","yoast_head_json":{"title":"Communication, Science and Cultures - CIAC","robots":{"index":"index","follow":"follow","max-snippet":"max-snippet:-1","max-image-preview":"max-image-preview:large","max-video-preview":"max-video-preview:-1"},"canonical":"https:\/\/ciac.pt\/en\/research-groups-and-hubs\/communication-science-and-cultures\/","og_locale":"en_US","og_type":"article","og_title":"Communication, Science and Cultures - CIAC","og_description":"The C3M2 group &#8211; Communication of\/within science and cultures: multilingualism and mediations","og_url":"https:\/\/ciac.pt\/en\/research-groups-and-hubs\/communication-science-and-cultures\/","og_site_name":"CIAC","article_modified_time":"2026-03-13T06:16:07+00:00","twitter_card":"summary_large_image","twitter_misc":{"Est. reading time":"3 minutes"},"schema":{"@context":"https:\/\/schema.org","@graph":[{"@type":"WebPage","@id":"https:\/\/ciac.pt\/en\/research-groups-and-hubs\/communication-science-and-cultures\/","url":"https:\/\/ciac.pt\/en\/research-groups-and-hubs\/communication-science-and-cultures\/","name":"Communication, Science and Cultures - CIAC","isPartOf":{"@id":"https:\/\/ciac.pt\/en\/#website"},"datePublished":"2023-08-23T16:55:18+00:00","dateModified":"2026-03-13T06:16:07+00:00","breadcrumb":{"@id":"https:\/\/ciac.pt\/en\/research-groups-and-hubs\/communication-science-and-cultures\/#breadcrumb"},"inLanguage":"en-US","potentialAction":[{"@type":"ReadAction","target":["https:\/\/ciac.pt\/en\/research-groups-and-hubs\/communication-science-and-cultures\/"]}]},{"@type":"BreadcrumbList","@id":"https:\/\/ciac.pt\/en\/research-groups-and-hubs\/communication-science-and-cultures\/#breadcrumb","itemListElement":[{"@type":"ListItem","position":1,"name":"In\u00edcio","item":"https:\/\/ciac.pt\/en\/"},{"@type":"ListItem","position":2,"name":"Research Groups and Hubs","item":"https:\/\/ciac.pt\/en\/research-groups-and-hubs\/"},{"@type":"ListItem","position":3,"name":"Communication, Science and Cultures"}]},{"@type":"WebSite","@id":"https:\/\/ciac.pt\/en\/#website","url":"https:\/\/ciac.pt\/en\/","name":"CIAC","description":"Centro de Investiga\u00e7\u00e3o em Artes e Comunica\u00e7\u00e3o","publisher":{"@id":"https:\/\/ciac.pt\/en\/#organization"},"potentialAction":[{"@type":"SearchAction","target":{"@type":"EntryPoint","urlTemplate":"https:\/\/ciac.pt\/en\/?s={search_term_string}"},"query-input":{"@type":"PropertyValueSpecification","valueRequired":true,"valueName":"search_term_string"}}],"inLanguage":"en-US"},{"@type":"Organization","@id":"https:\/\/ciac.pt\/en\/#organization","name":"CIAC","url":"https:\/\/ciac.pt\/en\/","logo":{"@type":"ImageObject","inLanguage":"en-US","@id":"https:\/\/ciac.pt\/en\/#\/schema\/logo\/image\/","url":"https:\/\/ciac.pt\/wp-content\/uploads\/2022\/06\/logo.svg","contentUrl":"https:\/\/ciac.pt\/wp-content\/uploads\/2022\/06\/logo.svg","width":184,"height":51,"caption":"CIAC"},"image":{"@id":"https:\/\/ciac.pt\/en\/#\/schema\/logo\/image\/"}}]}},"coauthors":[],"author_meta":{"author_link":"https:\/\/ciac.pt\/en\/author\/webmaster\/","display_name":"webmaster"},"relative_dates":{"created":"Posted 3 years ago","modified":"Updated 1 month ago"},"absolute_dates":{"created":"Posted on 23\/08\/2023","modified":"Updated on 13\/03\/2026"},"absolute_dates_time":{"created":"Posted on 23\/08\/2023 17:55","modified":"Updated on 13\/03\/2026 6:16"},"featured_img_caption":"","featured_img":false,"series_order":"","_links":{"self":[{"href":"https:\/\/ciac.pt\/en\/wp-json\/wp\/v2\/pages\/1468","targetHints":{"allow":["GET"]}}],"collection":[{"href":"https:\/\/ciac.pt\/en\/wp-json\/wp\/v2\/pages"}],"about":[{"href":"https:\/\/ciac.pt\/en\/wp-json\/wp\/v2\/types\/page"}],"author":[{"embeddable":true,"href":"https:\/\/ciac.pt\/en\/wp-json\/wp\/v2\/users\/1"}],"replies":[{"embeddable":true,"href":"https:\/\/ciac.pt\/en\/wp-json\/wp\/v2\/comments?post=1468"}],"version-history":[{"count":3,"href":"https:\/\/ciac.pt\/en\/wp-json\/wp\/v2\/pages\/1468\/revisions"}],"predecessor-version":[{"id":14171,"href":"https:\/\/ciac.pt\/en\/wp-json\/wp\/v2\/pages\/1468\/revisions\/14171"}],"up":[{"embeddable":true,"href":"https:\/\/ciac.pt\/en\/wp-json\/wp\/v2\/pages\/1462"}],"wp:attachment":[{"href":"https:\/\/ciac.pt\/en\/wp-json\/wp\/v2\/media?parent=1468"}],"curies":[{"name":"wp","href":"https:\/\/api.w.org\/{rel}","templated":true}]}}