{"id":1470,"date":"2023-08-23T17:55:44","date_gmt":"2023-08-23T16:55:44","guid":{"rendered":"https:\/\/web.ciac.pt\/?page_id=1470"},"modified":"2026-01-21T14:54:29","modified_gmt":"2026-01-21T14:54:29","slug":"film-studies","status":"publish","type":"page","link":"https:\/\/ciac.pt\/en\/research-groups-and-hubs\/film-studies\/","title":{"rendered":"Film Studies"},"content":{"rendered":"\n<figure class=\"wp-block-embed is-type-video is-provider-youtube wp-block-embed-youtube wp-embed-aspect-16-9 wp-has-aspect-ratio\"><div class=\"wp-block-embed__wrapper\">\n<iframe title=\"Grupo de Trabalho em Estudos Fi\u0301lmicos do CIAC\" width=\"1400\" height=\"788\" data-src=\"https:\/\/www.youtube.com\/embed\/83UkDrAiwW0?feature=oembed\" frameborder=\"0\" allow=\"accelerometer; autoplay; clipboard-write; encrypted-media; gyroscope; picture-in-picture; web-share\" referrerpolicy=\"strict-origin-when-cross-origin\" allowfullscreen src=\"data:image\/svg+xml;base64,PHN2ZyB3aWR0aD0iMSIgaGVpZ2h0PSIxIiB4bWxucz0iaHR0cDovL3d3dy53My5vcmcvMjAwMC9zdmciPjwvc3ZnPg==\" class=\"lazyload\" data-load-mode=\"1\"><\/iframe>\n<\/div><\/figure>\n\n\n\n<p>Considering the importance of cinema in contemporary society, CIAC&#8217;s Research Group on Film Studies aims to promote research, theoretical reflection, debate, and the dissemination of knowledge about the 7th Art, enhancing the work developed by CIAC researchers and collaborators.<\/p>\n\n\n\n<p>Organized in three lines of research \u2013 &#8220;History(s) of Cinema in Portugal\u201d, \u201cCinemas of the Mediterranean\u201d and \u201cCinema and Other Arts\u201d \u2013 this Research Group aims to contribute to the multiplication and diversification of theoretical perspectives regarding the history of Cinema in Portugal, in the fruitful relations that, from an early age, were established between cinema and the other arts, and also the rich film production in Mediterranean countries, strengthened over decades by coproduction strategies.<\/p>\n\n\n\n<p>The Research Group on Film Studies brings together a dozen researchers and doctoral collaborators from CIAC.<\/p>\n\n\n\n<p>Members of the Research Group:<\/p>\n\n\n\n<ul class=\"lcp_catlist active\" id=\"lcp_instance_0\"><li>Alexandre Catarino Oliveira Martins<\/li><li>Alexandre Manuel Freire Lousada<\/li><li><a href=\"https:\/\/ciac.pt\/en\/members\/ana-alexandra-mendonca-seabra-da-silva-andrade-de-carvalho\/\">Ana Alexandra Mendon\u00e7a Seabra da Silva Andrade de Carvalho<\/a><\/li><li>Ana de Jesus Caeiro Perfeito<\/li><li><a href=\"https:\/\/ciac.pt\/en\/members\/ana-filipa-cristiano-cerol-santos-martins\/\">Ana Filipa Cristiano Cerol Santos Martins<\/a><\/li><li><a href=\"https:\/\/ciac.pt\/en\/members\/ana-isabel-candeias-dias-soares\/\">Ana Isabel Candeias Dias Soares<\/a><\/li><li>Ana Patr\u00edcia Figueiredo Gavina<\/li><li><a href=\"https:\/\/ciac.pt\/en\/members\/antonio-manuel-dias-costa-valente\/\">Ant\u00f3nio Manuel Dias Costa Valente<\/a><\/li><li><a href=\"https:\/\/ciac.pt\/en\/members\/bruno-miguel-dos-santos-mendes-da-silva\/\">Bruno Miguel dos Santos Mendes da Silva<\/a><\/li><li>Caroline Govari Nunes<\/li><li>Cynthia Levitan<\/li><li>Gelson Santana<\/li><li>Joana Palminha<\/li><li><a href=\"https:\/\/ciac.pt\/en\/members\/joao-carlos-firmino-andrade-de-carvalho\/\">Jo\u00e3o Carlos Firmino Andrade de Carvalho<\/a><\/li><li>Jo\u00e3o Paulo de Carvalho dos Reis e Cunha<\/li><li><a href=\"https:\/\/ciac.pt\/en\/members\/jorge-manuel-neves-carrega\/\">Jorge Manuel Neves Carrega<\/a><\/li><li><a href=\"https:\/\/ciac.pt\/en\/members\/maria-jesus-botana-vilar\/\">Mar\u00eda Jes\u00fas Botana Vilar<\/a><\/li><li>Marisa Guimar\u00e3es Leite<\/li><\/li><li><a href=\"https:\/\/ciac.pt\/en\/members\/mirian-estela-nogueira-tavares\/\">Mirian Estela Nogueira Tavares<\/a><\/li><li>Nat\u00e1lia Laranjinha<\/li><li><a href=\"https:\/\/ciac.pt\/en\/members\/olivia-novoa-fernandez\/\">Olivia Novoa Fern\u00e1ndez<\/a><\/li><li>Rui Luis Sousa de Albuquerque d\u2019Orey<\/li><li>Sara Rosa Faria da Silva Vitorino Fernandez<\/li><li><a href=\"https:\/\/ciac.pt\/en\/members\/silvia-quinteiro\/\">S\u00edlvia Quinteiro<\/a><\/li><\/ul>\n\n\n\n<p>External Collaborators:<\/p>\n\n\n\n<ul class=\"lcp_catlist active\" id=\"lcp_instance_0\"><li>Austin Fisher (Bournemouth University, UK)<\/li>\n<li>Francesco Di Chiara (Universit\u00e0 Telematica e-campus\/Lombardia)<\/li><li>Hugo Barreira (CITCEM\/Universidade do Porto)<\/li><li>Joana Isabel Duarte (CITCEM\/Universidade do Porto)<\/li><li>Mark Duffett (University of Kent, UK)<\/li><li>Tim Bergfelder (Tim Bergfelder (University of Southampton &#8211; UK))<\/li><\/ul>\n","protected":false},"excerpt":{"rendered":"<p>Considering the importance of cinema in contemporary society, CIAC&#8217;s Research Group on<\/p>\n","protected":false},"author":1,"featured_media":0,"parent":1462,"menu_order":4,"comment_status":"closed","ping_status":"closed","template":"","meta":{"_eb_attr":"","inline_featured_image":false,"advgb_blocks_editor_width":"","advgb_blocks_columns_visual_guide":"","footnotes":"","_links_to":"","_links_to_target":""},"class_list":["post-1470","page","type-page","status-publish","hentry"],"yoast_head":"<!-- This site is optimized with the Yoast SEO plugin v27.2 - https:\/\/yoast.com\/product\/yoast-seo-wordpress\/ -->\n<title>Film Studies - CIAC<\/title>\n<meta name=\"robots\" content=\"index, follow, max-snippet:-1, max-image-preview:large, max-video-preview:-1\" \/>\n<link rel=\"canonical\" href=\"https:\/\/ciac.pt\/en\/research-groups-and-hubs\/film-studies\/\" \/>\n<meta property=\"og:locale\" content=\"en_US\" \/>\n<meta property=\"og:type\" content=\"article\" \/>\n<meta property=\"og:title\" content=\"Film Studies - CIAC\" \/>\n<meta property=\"og:description\" content=\"Considering the importance of cinema in contemporary society, CIAC&#8217;s Research Group on\" \/>\n<meta property=\"og:url\" content=\"https:\/\/ciac.pt\/en\/research-groups-and-hubs\/film-studies\/\" \/>\n<meta property=\"og:site_name\" content=\"CIAC\" \/>\n<meta property=\"article:modified_time\" content=\"2026-01-21T14:54:29+00:00\" \/>\n<meta name=\"twitter:card\" content=\"summary_large_image\" \/>\n<meta name=\"twitter:label1\" content=\"Est. reading time\" \/>\n\t<meta name=\"twitter:data1\" content=\"2 minutes\" \/>\n<script type=\"application\/ld+json\" class=\"yoast-schema-graph\">{\"@context\":\"https:\/\/schema.org\",\"@graph\":[{\"@type\":\"WebPage\",\"@id\":\"https:\/\/ciac.pt\/en\/research-groups-and-hubs\/film-studies\/\",\"url\":\"https:\/\/ciac.pt\/en\/research-groups-and-hubs\/film-studies\/\",\"name\":\"Film Studies - CIAC\",\"isPartOf\":{\"@id\":\"https:\/\/ciac.pt\/en\/#website\"},\"datePublished\":\"2023-08-23T16:55:44+00:00\",\"dateModified\":\"2026-01-21T14:54:29+00:00\",\"breadcrumb\":{\"@id\":\"https:\/\/ciac.pt\/en\/research-groups-and-hubs\/film-studies\/#breadcrumb\"},\"inLanguage\":\"en-US\",\"potentialAction\":[{\"@type\":\"ReadAction\",\"target\":[\"https:\/\/ciac.pt\/en\/research-groups-and-hubs\/film-studies\/\"]}]},{\"@type\":\"BreadcrumbList\",\"@id\":\"https:\/\/ciac.pt\/en\/research-groups-and-hubs\/film-studies\/#breadcrumb\",\"itemListElement\":[{\"@type\":\"ListItem\",\"position\":1,\"name\":\"In\u00edcio\",\"item\":\"https:\/\/ciac.pt\/en\/\"},{\"@type\":\"ListItem\",\"position\":2,\"name\":\"Research Groups and Hubs\",\"item\":\"https:\/\/ciac.pt\/en\/research-groups-and-hubs\/\"},{\"@type\":\"ListItem\",\"position\":3,\"name\":\"Film Studies\"}]},{\"@type\":\"WebSite\",\"@id\":\"https:\/\/ciac.pt\/en\/#website\",\"url\":\"https:\/\/ciac.pt\/en\/\",\"name\":\"CIAC\",\"description\":\"Centro de Investiga\u00e7\u00e3o em Artes e Comunica\u00e7\u00e3o\",\"publisher\":{\"@id\":\"https:\/\/ciac.pt\/en\/#organization\"},\"potentialAction\":[{\"@type\":\"SearchAction\",\"target\":{\"@type\":\"EntryPoint\",\"urlTemplate\":\"https:\/\/ciac.pt\/en\/?s={search_term_string}\"},\"query-input\":{\"@type\":\"PropertyValueSpecification\",\"valueRequired\":true,\"valueName\":\"search_term_string\"}}],\"inLanguage\":\"en-US\"},{\"@type\":\"Organization\",\"@id\":\"https:\/\/ciac.pt\/en\/#organization\",\"name\":\"CIAC\",\"url\":\"https:\/\/ciac.pt\/en\/\",\"logo\":{\"@type\":\"ImageObject\",\"inLanguage\":\"en-US\",\"@id\":\"https:\/\/ciac.pt\/en\/#\/schema\/logo\/image\/\",\"url\":\"https:\/\/ciac.pt\/wp-content\/uploads\/2022\/06\/logo.svg\",\"contentUrl\":\"https:\/\/ciac.pt\/wp-content\/uploads\/2022\/06\/logo.svg\",\"width\":184,\"height\":51,\"caption\":\"CIAC\"},\"image\":{\"@id\":\"https:\/\/ciac.pt\/en\/#\/schema\/logo\/image\/\"}}]}<\/script>\n<!-- \/ Yoast SEO plugin. -->","yoast_head_json":{"title":"Film Studies - CIAC","robots":{"index":"index","follow":"follow","max-snippet":"max-snippet:-1","max-image-preview":"max-image-preview:large","max-video-preview":"max-video-preview:-1"},"canonical":"https:\/\/ciac.pt\/en\/research-groups-and-hubs\/film-studies\/","og_locale":"en_US","og_type":"article","og_title":"Film Studies - CIAC","og_description":"Considering the importance of cinema in contemporary society, CIAC&#8217;s Research Group on","og_url":"https:\/\/ciac.pt\/en\/research-groups-and-hubs\/film-studies\/","og_site_name":"CIAC","article_modified_time":"2026-01-21T14:54:29+00:00","twitter_card":"summary_large_image","twitter_misc":{"Est. reading time":"2 minutes"},"schema":{"@context":"https:\/\/schema.org","@graph":[{"@type":"WebPage","@id":"https:\/\/ciac.pt\/en\/research-groups-and-hubs\/film-studies\/","url":"https:\/\/ciac.pt\/en\/research-groups-and-hubs\/film-studies\/","name":"Film Studies - CIAC","isPartOf":{"@id":"https:\/\/ciac.pt\/en\/#website"},"datePublished":"2023-08-23T16:55:44+00:00","dateModified":"2026-01-21T14:54:29+00:00","breadcrumb":{"@id":"https:\/\/ciac.pt\/en\/research-groups-and-hubs\/film-studies\/#breadcrumb"},"inLanguage":"en-US","potentialAction":[{"@type":"ReadAction","target":["https:\/\/ciac.pt\/en\/research-groups-and-hubs\/film-studies\/"]}]},{"@type":"BreadcrumbList","@id":"https:\/\/ciac.pt\/en\/research-groups-and-hubs\/film-studies\/#breadcrumb","itemListElement":[{"@type":"ListItem","position":1,"name":"In\u00edcio","item":"https:\/\/ciac.pt\/en\/"},{"@type":"ListItem","position":2,"name":"Research Groups and Hubs","item":"https:\/\/ciac.pt\/en\/research-groups-and-hubs\/"},{"@type":"ListItem","position":3,"name":"Film Studies"}]},{"@type":"WebSite","@id":"https:\/\/ciac.pt\/en\/#website","url":"https:\/\/ciac.pt\/en\/","name":"CIAC","description":"Centro de Investiga\u00e7\u00e3o em Artes e Comunica\u00e7\u00e3o","publisher":{"@id":"https:\/\/ciac.pt\/en\/#organization"},"potentialAction":[{"@type":"SearchAction","target":{"@type":"EntryPoint","urlTemplate":"https:\/\/ciac.pt\/en\/?s={search_term_string}"},"query-input":{"@type":"PropertyValueSpecification","valueRequired":true,"valueName":"search_term_string"}}],"inLanguage":"en-US"},{"@type":"Organization","@id":"https:\/\/ciac.pt\/en\/#organization","name":"CIAC","url":"https:\/\/ciac.pt\/en\/","logo":{"@type":"ImageObject","inLanguage":"en-US","@id":"https:\/\/ciac.pt\/en\/#\/schema\/logo\/image\/","url":"https:\/\/ciac.pt\/wp-content\/uploads\/2022\/06\/logo.svg","contentUrl":"https:\/\/ciac.pt\/wp-content\/uploads\/2022\/06\/logo.svg","width":184,"height":51,"caption":"CIAC"},"image":{"@id":"https:\/\/ciac.pt\/en\/#\/schema\/logo\/image\/"}}]}},"coauthors":[],"author_meta":{"author_link":"https:\/\/ciac.pt\/en\/author\/webmaster\/","display_name":"webmaster"},"relative_dates":{"created":"Posted 3 years ago","modified":"Updated 3 months ago"},"absolute_dates":{"created":"Posted on 23\/08\/2023","modified":"Updated on 21\/01\/2026"},"absolute_dates_time":{"created":"Posted on 23\/08\/2023 17:55","modified":"Updated on 21\/01\/2026 14:54"},"featured_img_caption":"","featured_img":false,"series_order":"","_links":{"self":[{"href":"https:\/\/ciac.pt\/en\/wp-json\/wp\/v2\/pages\/1470","targetHints":{"allow":["GET"]}}],"collection":[{"href":"https:\/\/ciac.pt\/en\/wp-json\/wp\/v2\/pages"}],"about":[{"href":"https:\/\/ciac.pt\/en\/wp-json\/wp\/v2\/types\/page"}],"author":[{"embeddable":true,"href":"https:\/\/ciac.pt\/en\/wp-json\/wp\/v2\/users\/1"}],"replies":[{"embeddable":true,"href":"https:\/\/ciac.pt\/en\/wp-json\/wp\/v2\/comments?post=1470"}],"version-history":[{"count":2,"href":"https:\/\/ciac.pt\/en\/wp-json\/wp\/v2\/pages\/1470\/revisions"}],"predecessor-version":[{"id":13490,"href":"https:\/\/ciac.pt\/en\/wp-json\/wp\/v2\/pages\/1470\/revisions\/13490"}],"up":[{"embeddable":true,"href":"https:\/\/ciac.pt\/en\/wp-json\/wp\/v2\/pages\/1462"}],"wp:attachment":[{"href":"https:\/\/ciac.pt\/en\/wp-json\/wp\/v2\/media?parent=1470"}],"curies":[{"name":"wp","href":"https:\/\/api.w.org\/{rel}","templated":true}]}}