{"id":1472,"date":"2023-08-23T17:56:24","date_gmt":"2023-08-23T16:56:24","guid":{"rendered":"https:\/\/web.ciac.pt\/?page_id=1472"},"modified":"2026-01-12T10:10:13","modified_gmt":"2026-01-12T10:10:13","slug":"digital-literacy-and-social-inclusion","status":"publish","type":"page","link":"https:\/\/ciac.pt\/en\/research-groups-and-hubs\/digital-literacy-and-social-inclusion\/","title":{"rendered":"Digital Literacy and Social Inclusion"},"content":{"rendered":"\n<figure class=\"wp-block-embed is-type-video is-provider-youtube wp-block-embed-youtube wp-embed-aspect-16-9 wp-has-aspect-ratio\"><div class=\"wp-block-embed__wrapper\">\n<iframe title=\"Grupo de Trabalho em Literacia Digital e Inclus\u00e3o Social do CIAC\" width=\"1400\" height=\"788\" data-src=\"https:\/\/www.youtube.com\/embed\/S4yfLTdPyCU?feature=oembed\" frameborder=\"0\" allow=\"accelerometer; autoplay; clipboard-write; encrypted-media; gyroscope; picture-in-picture; web-share\" referrerpolicy=\"strict-origin-when-cross-origin\" allowfullscreen src=\"data:image\/svg+xml;base64,PHN2ZyB3aWR0aD0iMSIgaGVpZ2h0PSIxIiB4bWxucz0iaHR0cDovL3d3dy53My5vcmcvMjAwMC9zdmciPjwvc3ZnPg==\" class=\"lazyload\" data-load-mode=\"1\"><\/iframe>\n<\/div><\/figure>\n\n\n\n<p>The Research Group on Digital Literacy and Social Inclusion, created at CIAC by a protocol signed in 2020, aims to develop fundamental and Applied Research in three domains of knowledge:<\/p>\n\n\n\n<ul class=\"wp-block-list\">\n<li>Digital Inclusion and Equity: Promote equity and digital inclusion for all citizens in today&#8217;s societies. Digital inclusion and equity: promote equity and digital inclusion for all citizens in today&#8217;s societies.<\/li>\n\n\n\n<li>Technology and Innovation: Building networks&nbsp;of <em>stakeholders<\/em>, entrepreneurs and innovators to understand the potential and risks of emerging technologies. The Group works on projects that explore the social impact of technologies such as&nbsp;<em>generative artificial intelligence<\/em>.<\/li>\n\n\n\n<li>Global networks and national and international collaboration: From the collaboration networks of researchers and&nbsp;<em>stakeholders <\/em>present proposals for policies and societal decisions in the domain of the digital.<\/li>\n<\/ul>\n\n\n\n<p>This Research Group aims to bring together and articulate the work developed by the researchers who integrate it, in line with the general objectives of CIAC.<\/p>\n\n\n\n<p>Members of the Research Group on Digital Literacy and Social Inclusion:<\/p>\n\n\n\n<ul class=\"lcp_catlist active\" id=\"lcp_instance_0\"><li><a href=\"https:\/\/ciac.pt\/en\/members\/ana-cristina-da-silva-rodrigues-gomes\/\">Ana Cristina da Silva Rodrigues Gomes<\/a><\/li><li><a href=\"https:\/\/ciac.pt\/en\/members\/andreia-teles-vieira\/\">Andreia Teles Vieira<\/a><\/li><li><a href=\"https:\/\/ciac.pt\/en\/members\/artur-marques\/\">Artur Manuel Sancho Marques<\/a><\/li><li><a href=\"https:\/\/ciac.pt\/en\/members\/cassio-cabral-santos\/\">Cassio Cabral Santos<\/a><\/li><li><a href=\"https:\/\/ciac.pt\/en\/members\/filipe-montez-coelho-madeira\/\">Filipe Montez Coelho Madeira<\/a><\/li><li><a href=\"https:\/\/ciac.pt\/en\/members\/isabel-piscalho\/\">Isabel Piscalho<\/a><\/li><li><a href=\"https:\/\/ciac.pt\/en\/members\/joao-paulo-rodrigues-da-silva-samartinho\/\">Jo\u00e3o Paulo Rodrigues da Silva Samartinho<\/a><\/li><li>Jos\u00e9 Ant\u00f3nio Figueiredo<\/li><li><a href=\"https:\/\/ciac.pt\/en\/members\/jose-mauricio-dias\/\">Jos\u00e9 Maur\u00edcio Dias<\/a><\/li><li><a href=\"https:\/\/ciac.pt\/en\/members\/maria-da-costa-potes-franco-barroso-santa-clara-barbas\/\">Maria da Costa Potes Franco Barroso Santa-Clara Barbas<\/a><\/li><li><a href=\"https:\/\/ciac.pt\/en\/members\/maria-zulmira-bessa-amorim-nascimento-cunha\/\">Maria Zulmira Bessa Amorim Nascimento Cunha<\/a><\/li><li><a href=\"https:\/\/ciac.pt\/en\/members\/maryam-abbasi\/\">Maryam Abbasi<\/a><\/li><li><a href=\"https:\/\/ciac.pt\/en\/members\/neusa-branco\/\">Neusa Branco<\/a><\/li><li><a href=\"https:\/\/ciac.pt\/en\/members\/paulo-andre-reis-duarte-branco\/\">Paulo Andr\u00e9 Reis Duarte Branco<\/a><\/li><li>S\u00f3nia Seixas<\/li><li><a href=\"https:\/\/ciac.pt\/en\/members\/susana-isabel-gueifao-colaco\/\">Susana Isabel Gueif\u00e3o Cola\u00e7o<\/a><\/li><\/ul>\n","protected":false},"excerpt":{"rendered":"<p>The Research Group on Digital Literacy and Social Inclusion, created at CIAC<\/p>\n","protected":false},"author":1,"featured_media":0,"parent":1462,"menu_order":5,"comment_status":"closed","ping_status":"closed","template":"","meta":{"_eb_attr":"","inline_featured_image":false,"advgb_blocks_editor_width":"","advgb_blocks_columns_visual_guide":"","footnotes":"","_links_to":"","_links_to_target":""},"class_list":["post-1472","page","type-page","status-publish","hentry"],"yoast_head":"<!-- This site is optimized with the Yoast SEO plugin v27.4 - https:\/\/yoast.com\/product\/yoast-seo-wordpress\/ -->\n<title>Digital Literacy and Social Inclusion - CIAC<\/title>\n<meta name=\"robots\" content=\"index, follow, max-snippet:-1, max-image-preview:large, max-video-preview:-1\" \/>\n<link rel=\"canonical\" href=\"https:\/\/ciac.pt\/en\/research-groups-and-hubs\/digital-literacy-and-social-inclusion\/\" \/>\n<meta property=\"og:locale\" content=\"en_US\" \/>\n<meta property=\"og:type\" content=\"article\" \/>\n<meta property=\"og:title\" content=\"Digital Literacy and Social Inclusion - CIAC\" \/>\n<meta property=\"og:description\" content=\"The Research Group on Digital Literacy and Social Inclusion, created at CIAC\" \/>\n<meta property=\"og:url\" content=\"https:\/\/ciac.pt\/en\/research-groups-and-hubs\/digital-literacy-and-social-inclusion\/\" \/>\n<meta property=\"og:site_name\" content=\"CIAC\" \/>\n<meta property=\"article:modified_time\" content=\"2026-01-12T10:10:13+00:00\" \/>\n<meta name=\"twitter:card\" content=\"summary_large_image\" \/>\n<meta name=\"twitter:label1\" content=\"Est. reading time\" \/>\n\t<meta name=\"twitter:data1\" content=\"2 minutes\" \/>\n<script type=\"application\/ld+json\" class=\"yoast-schema-graph\">{\"@context\":\"https:\\\/\\\/schema.org\",\"@graph\":[{\"@type\":\"WebPage\",\"@id\":\"https:\\\/\\\/ciac.pt\\\/en\\\/research-groups-and-hubs\\\/digital-literacy-and-social-inclusion\\\/\",\"url\":\"https:\\\/\\\/ciac.pt\\\/en\\\/research-groups-and-hubs\\\/digital-literacy-and-social-inclusion\\\/\",\"name\":\"Digital Literacy and Social Inclusion - CIAC\",\"isPartOf\":{\"@id\":\"https:\\\/\\\/ciac.pt\\\/en\\\/#website\"},\"datePublished\":\"2023-08-23T16:56:24+00:00\",\"dateModified\":\"2026-01-12T10:10:13+00:00\",\"breadcrumb\":{\"@id\":\"https:\\\/\\\/ciac.pt\\\/en\\\/research-groups-and-hubs\\\/digital-literacy-and-social-inclusion\\\/#breadcrumb\"},\"inLanguage\":\"en-US\",\"potentialAction\":[{\"@type\":\"ReadAction\",\"target\":[\"https:\\\/\\\/ciac.pt\\\/en\\\/research-groups-and-hubs\\\/digital-literacy-and-social-inclusion\\\/\"]}]},{\"@type\":\"BreadcrumbList\",\"@id\":\"https:\\\/\\\/ciac.pt\\\/en\\\/research-groups-and-hubs\\\/digital-literacy-and-social-inclusion\\\/#breadcrumb\",\"itemListElement\":[{\"@type\":\"ListItem\",\"position\":1,\"name\":\"In\u00edcio\",\"item\":\"https:\\\/\\\/ciac.pt\\\/en\\\/\"},{\"@type\":\"ListItem\",\"position\":2,\"name\":\"Research Groups and Hubs\",\"item\":\"https:\\\/\\\/ciac.pt\\\/en\\\/research-groups-and-hubs\\\/\"},{\"@type\":\"ListItem\",\"position\":3,\"name\":\"Digital Literacy and Social Inclusion\"}]},{\"@type\":\"WebSite\",\"@id\":\"https:\\\/\\\/ciac.pt\\\/en\\\/#website\",\"url\":\"https:\\\/\\\/ciac.pt\\\/en\\\/\",\"name\":\"CIAC\",\"description\":\"Centro de Investiga\u00e7\u00e3o em Artes e Comunica\u00e7\u00e3o\",\"publisher\":{\"@id\":\"https:\\\/\\\/ciac.pt\\\/en\\\/#organization\"},\"potentialAction\":[{\"@type\":\"SearchAction\",\"target\":{\"@type\":\"EntryPoint\",\"urlTemplate\":\"https:\\\/\\\/ciac.pt\\\/en\\\/?s={search_term_string}\"},\"query-input\":{\"@type\":\"PropertyValueSpecification\",\"valueRequired\":true,\"valueName\":\"search_term_string\"}}],\"inLanguage\":\"en-US\"},{\"@type\":\"Organization\",\"@id\":\"https:\\\/\\\/ciac.pt\\\/en\\\/#organization\",\"name\":\"CIAC\",\"url\":\"https:\\\/\\\/ciac.pt\\\/en\\\/\",\"logo\":{\"@type\":\"ImageObject\",\"inLanguage\":\"en-US\",\"@id\":\"https:\\\/\\\/ciac.pt\\\/en\\\/#\\\/schema\\\/logo\\\/image\\\/\",\"url\":\"https:\\\/\\\/ciac.pt\\\/wp-content\\\/uploads\\\/2022\\\/06\\\/logo.svg\",\"contentUrl\":\"https:\\\/\\\/ciac.pt\\\/wp-content\\\/uploads\\\/2022\\\/06\\\/logo.svg\",\"width\":184,\"height\":51,\"caption\":\"CIAC\"},\"image\":{\"@id\":\"https:\\\/\\\/ciac.pt\\\/en\\\/#\\\/schema\\\/logo\\\/image\\\/\"}}]}<\/script>\n<!-- \/ Yoast SEO plugin. -->","yoast_head_json":{"title":"Digital Literacy and Social Inclusion - CIAC","robots":{"index":"index","follow":"follow","max-snippet":"max-snippet:-1","max-image-preview":"max-image-preview:large","max-video-preview":"max-video-preview:-1"},"canonical":"https:\/\/ciac.pt\/en\/research-groups-and-hubs\/digital-literacy-and-social-inclusion\/","og_locale":"en_US","og_type":"article","og_title":"Digital Literacy and Social Inclusion - CIAC","og_description":"The Research Group on Digital Literacy and Social Inclusion, created at CIAC","og_url":"https:\/\/ciac.pt\/en\/research-groups-and-hubs\/digital-literacy-and-social-inclusion\/","og_site_name":"CIAC","article_modified_time":"2026-01-12T10:10:13+00:00","twitter_card":"summary_large_image","twitter_misc":{"Est. reading time":"2 minutes"},"schema":{"@context":"https:\/\/schema.org","@graph":[{"@type":"WebPage","@id":"https:\/\/ciac.pt\/en\/research-groups-and-hubs\/digital-literacy-and-social-inclusion\/","url":"https:\/\/ciac.pt\/en\/research-groups-and-hubs\/digital-literacy-and-social-inclusion\/","name":"Digital Literacy and Social Inclusion - CIAC","isPartOf":{"@id":"https:\/\/ciac.pt\/en\/#website"},"datePublished":"2023-08-23T16:56:24+00:00","dateModified":"2026-01-12T10:10:13+00:00","breadcrumb":{"@id":"https:\/\/ciac.pt\/en\/research-groups-and-hubs\/digital-literacy-and-social-inclusion\/#breadcrumb"},"inLanguage":"en-US","potentialAction":[{"@type":"ReadAction","target":["https:\/\/ciac.pt\/en\/research-groups-and-hubs\/digital-literacy-and-social-inclusion\/"]}]},{"@type":"BreadcrumbList","@id":"https:\/\/ciac.pt\/en\/research-groups-and-hubs\/digital-literacy-and-social-inclusion\/#breadcrumb","itemListElement":[{"@type":"ListItem","position":1,"name":"In\u00edcio","item":"https:\/\/ciac.pt\/en\/"},{"@type":"ListItem","position":2,"name":"Research Groups and Hubs","item":"https:\/\/ciac.pt\/en\/research-groups-and-hubs\/"},{"@type":"ListItem","position":3,"name":"Digital Literacy and Social Inclusion"}]},{"@type":"WebSite","@id":"https:\/\/ciac.pt\/en\/#website","url":"https:\/\/ciac.pt\/en\/","name":"CIAC","description":"Centro de Investiga\u00e7\u00e3o em Artes e Comunica\u00e7\u00e3o","publisher":{"@id":"https:\/\/ciac.pt\/en\/#organization"},"potentialAction":[{"@type":"SearchAction","target":{"@type":"EntryPoint","urlTemplate":"https:\/\/ciac.pt\/en\/?s={search_term_string}"},"query-input":{"@type":"PropertyValueSpecification","valueRequired":true,"valueName":"search_term_string"}}],"inLanguage":"en-US"},{"@type":"Organization","@id":"https:\/\/ciac.pt\/en\/#organization","name":"CIAC","url":"https:\/\/ciac.pt\/en\/","logo":{"@type":"ImageObject","inLanguage":"en-US","@id":"https:\/\/ciac.pt\/en\/#\/schema\/logo\/image\/","url":"https:\/\/ciac.pt\/wp-content\/uploads\/2022\/06\/logo.svg","contentUrl":"https:\/\/ciac.pt\/wp-content\/uploads\/2022\/06\/logo.svg","width":184,"height":51,"caption":"CIAC"},"image":{"@id":"https:\/\/ciac.pt\/en\/#\/schema\/logo\/image\/"}}]}},"coauthors":[],"author_meta":{"author_link":"https:\/\/ciac.pt\/en\/author\/webmaster\/","display_name":"webmaster"},"relative_dates":{"created":"Posted 3 years ago","modified":"Updated 4 months ago"},"absolute_dates":{"created":"Posted on 23\/08\/2023","modified":"Updated on 12\/01\/2026"},"absolute_dates_time":{"created":"Posted on 23\/08\/2023 17:56","modified":"Updated on 12\/01\/2026 10:10"},"featured_img_caption":"","featured_img":false,"series_order":"","_links":{"self":[{"href":"https:\/\/ciac.pt\/en\/wp-json\/wp\/v2\/pages\/1472","targetHints":{"allow":["GET"]}}],"collection":[{"href":"https:\/\/ciac.pt\/en\/wp-json\/wp\/v2\/pages"}],"about":[{"href":"https:\/\/ciac.pt\/en\/wp-json\/wp\/v2\/types\/page"}],"author":[{"embeddable":true,"href":"https:\/\/ciac.pt\/en\/wp-json\/wp\/v2\/users\/1"}],"replies":[{"embeddable":true,"href":"https:\/\/ciac.pt\/en\/wp-json\/wp\/v2\/comments?post=1472"}],"version-history":[{"count":3,"href":"https:\/\/ciac.pt\/en\/wp-json\/wp\/v2\/pages\/1472\/revisions"}],"predecessor-version":[{"id":13379,"href":"https:\/\/ciac.pt\/en\/wp-json\/wp\/v2\/pages\/1472\/revisions\/13379"}],"up":[{"embeddable":true,"href":"https:\/\/ciac.pt\/en\/wp-json\/wp\/v2\/pages\/1462"}],"wp:attachment":[{"href":"https:\/\/ciac.pt\/en\/wp-json\/wp\/v2\/media?parent=1472"}],"curies":[{"name":"wp","href":"https:\/\/api.w.org\/{rel}","templated":true}]}}