{"id":1474,"date":"2023-08-23T17:57:39","date_gmt":"2023-08-23T16:57:39","guid":{"rendered":"https:\/\/web.ciac.pt\/?page_id=1474"},"modified":"2025-07-28T11:22:43","modified_gmt":"2025-07-28T10:22:43","slug":"research-hub-lisbon-theatre-and-film-school","status":"publish","type":"page","link":"https:\/\/ciac.pt\/en\/research-groups-and-hubs\/research-hub-lisbon-theatre-and-film-school\/","title":{"rendered":"Research Hub \u2013 Lisbon Theatre and Film School"},"content":{"rendered":"\n<p>CIAC&#8217;s ESTC research hub, based at the Lisbon Theatre and Film School, which is an organic unit of the Polytechnic Institute of Lisbon, has existed since CIAC was founded in 2007, and has been going through a new period since the 2020-2023 triennium, with the entry of new members, which also corresponded to the first time that the hub was given its own budget, thanks to the Very Good rating awarded to CIAC by the FCT in the most recent evaluation. The core group of CIAC researchers at the ESTC\/IPL center carries out its research and\/or applied creation activities under the heading of Performativities. This conceptual designation encompasses multidisciplinary approaches to research and artistic creation that mobilize above all: stage production and its languages; aesthetics and dramaturgy; the body, voice and space in the arts of physical and\/or virtual presence; the critical and historiographical reception of theater and the performing arts.<\/p>\n\n\n\n<p>The multi-mode horizon of Performativities includes knowledge, questions and artistic practices inherent to the PhD &#8211; taught with contributions from the two departments of ESTC (Theatre and Cinema) &#8211; in Performing Arts and the Moving Image (a PhD taught in partnership with the Faculty of Fine Arts of the University of Lisbon and other organic units of UL and IPL Higher Artistic Education), and which also emerge from the five specializations of the master&#8217;s degree in Theatre at ESTC (Performing Arts; Theater and Community; Staging; Stage Design; and Production), as well as the three specializations of the Master in Cinema at ESTC, called Cinematographic Project Development (Cinematographic Narratives; Dramaturgy and Directing; Post-Production Technologies).<\/p>\n\n\n\n<p>From the point of view of disseminating the research results of its members, the ESTC hub of CIAC has established partnerships with publishing and\/or artistic production entities such as: Imprensa Nacional &#8211; Casa da Moeda; Sistema Solar; H\u00famus; Ponto de Fuga; Tradisom; Teatro Nacional S\u00e3o Jo\u00e3o; Centro Cultural de Bel\u00e9m; Teatro Est\u00fadio Fontenova; Cinemateca Portuguesa; EGEAC\/Teatro Municipal S\u00e3o Luiz and Museu do Fado; Biblioteca e Arquivo Regional de Ponta Delgada.<\/p>\n\n\n\n<p>Keywords to configure the programmatic lines of research and applied creation under the aegis of Performativities: scenes, rehearsals, images, texts, concepts, communities and music.<\/p>\n\n\n\n<hr class=\"wp-block-separator alignwide has-alpha-channel-opacity\"\/>\n\n\n\n<p>Coordinator: <a href=\"https:\/\/ciac.pt\/en\/members\/armando-rodrigues-do-nascimento-correia-rosa\/\">Armando Nascimento Rosa<\/a><br><a href=\"mailto:estc@estc.ipl.pt\">estc@estc.ipl.pt<\/a>\u00a0\/\u00a0T. <a href=\"tel:351214989400\">+351 214 989 400<\/a><br>Av. Marqu\u00eas de Pombal, 22 B<br>2700-571 Amadora<\/p>\n","protected":false},"excerpt":{"rendered":"<p>CIAC&#8217;s ESTC research hub, based at the Lisbon Theatre and Film School,<\/p>\n","protected":false},"author":1,"featured_media":0,"parent":1462,"menu_order":8,"comment_status":"closed","ping_status":"closed","template":"","meta":{"_eb_attr":"","inline_featured_image":false,"advgb_blocks_editor_width":"","advgb_blocks_columns_visual_guide":"","footnotes":"","_links_to":"","_links_to_target":""},"class_list":["post-1474","page","type-page","status-publish","hentry"],"yoast_head":"<!-- This site is optimized with the Yoast SEO plugin v27.2 - https:\/\/yoast.com\/product\/yoast-seo-wordpress\/ -->\n<title>Research Hub \u2013 Lisbon Theatre and Film School - CIAC<\/title>\n<meta name=\"robots\" content=\"index, follow, max-snippet:-1, max-image-preview:large, max-video-preview:-1\" \/>\n<link rel=\"canonical\" href=\"https:\/\/ciac.pt\/en\/research-groups-and-hubs\/research-hub-lisbon-theatre-and-film-school\/\" \/>\n<meta property=\"og:locale\" content=\"en_US\" \/>\n<meta property=\"og:type\" content=\"article\" \/>\n<meta property=\"og:title\" content=\"Research Hub \u2013 Lisbon Theatre and Film School - CIAC\" \/>\n<meta property=\"og:description\" content=\"CIAC&#8217;s ESTC research hub, based at the Lisbon Theatre and Film School,\" \/>\n<meta property=\"og:url\" content=\"https:\/\/ciac.pt\/en\/research-groups-and-hubs\/research-hub-lisbon-theatre-and-film-school\/\" \/>\n<meta property=\"og:site_name\" content=\"CIAC\" \/>\n<meta property=\"article:modified_time\" content=\"2025-07-28T10:22:43+00:00\" \/>\n<meta name=\"twitter:card\" content=\"summary_large_image\" \/>\n<meta name=\"twitter:label1\" content=\"Est. reading time\" \/>\n\t<meta name=\"twitter:data1\" content=\"2 minutes\" \/>\n<script type=\"application\/ld+json\" class=\"yoast-schema-graph\">{\"@context\":\"https:\/\/schema.org\",\"@graph\":[{\"@type\":\"WebPage\",\"@id\":\"https:\/\/ciac.pt\/en\/research-groups-and-hubs\/research-hub-lisbon-theatre-and-film-school\/\",\"url\":\"https:\/\/ciac.pt\/en\/research-groups-and-hubs\/research-hub-lisbon-theatre-and-film-school\/\",\"name\":\"Research Hub \u2013 Lisbon Theatre and Film School - CIAC\",\"isPartOf\":{\"@id\":\"https:\/\/ciac.pt\/en\/#website\"},\"datePublished\":\"2023-08-23T16:57:39+00:00\",\"dateModified\":\"2025-07-28T10:22:43+00:00\",\"breadcrumb\":{\"@id\":\"https:\/\/ciac.pt\/en\/research-groups-and-hubs\/research-hub-lisbon-theatre-and-film-school\/#breadcrumb\"},\"inLanguage\":\"en-US\",\"potentialAction\":[{\"@type\":\"ReadAction\",\"target\":[\"https:\/\/ciac.pt\/en\/research-groups-and-hubs\/research-hub-lisbon-theatre-and-film-school\/\"]}]},{\"@type\":\"BreadcrumbList\",\"@id\":\"https:\/\/ciac.pt\/en\/research-groups-and-hubs\/research-hub-lisbon-theatre-and-film-school\/#breadcrumb\",\"itemListElement\":[{\"@type\":\"ListItem\",\"position\":1,\"name\":\"In\u00edcio\",\"item\":\"https:\/\/ciac.pt\/en\/\"},{\"@type\":\"ListItem\",\"position\":2,\"name\":\"Research Groups and Hubs\",\"item\":\"https:\/\/ciac.pt\/en\/research-groups-and-hubs\/\"},{\"@type\":\"ListItem\",\"position\":3,\"name\":\"Research Hub \u2013 Lisbon Theatre and Film School\"}]},{\"@type\":\"WebSite\",\"@id\":\"https:\/\/ciac.pt\/en\/#website\",\"url\":\"https:\/\/ciac.pt\/en\/\",\"name\":\"CIAC\",\"description\":\"Centro de Investiga\u00e7\u00e3o em Artes e Comunica\u00e7\u00e3o\",\"publisher\":{\"@id\":\"https:\/\/ciac.pt\/en\/#organization\"},\"potentialAction\":[{\"@type\":\"SearchAction\",\"target\":{\"@type\":\"EntryPoint\",\"urlTemplate\":\"https:\/\/ciac.pt\/en\/?s={search_term_string}\"},\"query-input\":{\"@type\":\"PropertyValueSpecification\",\"valueRequired\":true,\"valueName\":\"search_term_string\"}}],\"inLanguage\":\"en-US\"},{\"@type\":\"Organization\",\"@id\":\"https:\/\/ciac.pt\/en\/#organization\",\"name\":\"CIAC\",\"url\":\"https:\/\/ciac.pt\/en\/\",\"logo\":{\"@type\":\"ImageObject\",\"inLanguage\":\"en-US\",\"@id\":\"https:\/\/ciac.pt\/en\/#\/schema\/logo\/image\/\",\"url\":\"https:\/\/ciac.pt\/wp-content\/uploads\/2022\/06\/logo.svg\",\"contentUrl\":\"https:\/\/ciac.pt\/wp-content\/uploads\/2022\/06\/logo.svg\",\"width\":184,\"height\":51,\"caption\":\"CIAC\"},\"image\":{\"@id\":\"https:\/\/ciac.pt\/en\/#\/schema\/logo\/image\/\"}}]}<\/script>\n<!-- \/ Yoast SEO plugin. -->","yoast_head_json":{"title":"Research Hub \u2013 Lisbon Theatre and Film School - CIAC","robots":{"index":"index","follow":"follow","max-snippet":"max-snippet:-1","max-image-preview":"max-image-preview:large","max-video-preview":"max-video-preview:-1"},"canonical":"https:\/\/ciac.pt\/en\/research-groups-and-hubs\/research-hub-lisbon-theatre-and-film-school\/","og_locale":"en_US","og_type":"article","og_title":"Research Hub \u2013 Lisbon Theatre and Film School - CIAC","og_description":"CIAC&#8217;s ESTC research hub, based at the Lisbon Theatre and Film School,","og_url":"https:\/\/ciac.pt\/en\/research-groups-and-hubs\/research-hub-lisbon-theatre-and-film-school\/","og_site_name":"CIAC","article_modified_time":"2025-07-28T10:22:43+00:00","twitter_card":"summary_large_image","twitter_misc":{"Est. reading time":"2 minutes"},"schema":{"@context":"https:\/\/schema.org","@graph":[{"@type":"WebPage","@id":"https:\/\/ciac.pt\/en\/research-groups-and-hubs\/research-hub-lisbon-theatre-and-film-school\/","url":"https:\/\/ciac.pt\/en\/research-groups-and-hubs\/research-hub-lisbon-theatre-and-film-school\/","name":"Research Hub \u2013 Lisbon Theatre and Film School - CIAC","isPartOf":{"@id":"https:\/\/ciac.pt\/en\/#website"},"datePublished":"2023-08-23T16:57:39+00:00","dateModified":"2025-07-28T10:22:43+00:00","breadcrumb":{"@id":"https:\/\/ciac.pt\/en\/research-groups-and-hubs\/research-hub-lisbon-theatre-and-film-school\/#breadcrumb"},"inLanguage":"en-US","potentialAction":[{"@type":"ReadAction","target":["https:\/\/ciac.pt\/en\/research-groups-and-hubs\/research-hub-lisbon-theatre-and-film-school\/"]}]},{"@type":"BreadcrumbList","@id":"https:\/\/ciac.pt\/en\/research-groups-and-hubs\/research-hub-lisbon-theatre-and-film-school\/#breadcrumb","itemListElement":[{"@type":"ListItem","position":1,"name":"In\u00edcio","item":"https:\/\/ciac.pt\/en\/"},{"@type":"ListItem","position":2,"name":"Research Groups and Hubs","item":"https:\/\/ciac.pt\/en\/research-groups-and-hubs\/"},{"@type":"ListItem","position":3,"name":"Research Hub \u2013 Lisbon Theatre and Film School"}]},{"@type":"WebSite","@id":"https:\/\/ciac.pt\/en\/#website","url":"https:\/\/ciac.pt\/en\/","name":"CIAC","description":"Centro de Investiga\u00e7\u00e3o em Artes e Comunica\u00e7\u00e3o","publisher":{"@id":"https:\/\/ciac.pt\/en\/#organization"},"potentialAction":[{"@type":"SearchAction","target":{"@type":"EntryPoint","urlTemplate":"https:\/\/ciac.pt\/en\/?s={search_term_string}"},"query-input":{"@type":"PropertyValueSpecification","valueRequired":true,"valueName":"search_term_string"}}],"inLanguage":"en-US"},{"@type":"Organization","@id":"https:\/\/ciac.pt\/en\/#organization","name":"CIAC","url":"https:\/\/ciac.pt\/en\/","logo":{"@type":"ImageObject","inLanguage":"en-US","@id":"https:\/\/ciac.pt\/en\/#\/schema\/logo\/image\/","url":"https:\/\/ciac.pt\/wp-content\/uploads\/2022\/06\/logo.svg","contentUrl":"https:\/\/ciac.pt\/wp-content\/uploads\/2022\/06\/logo.svg","width":184,"height":51,"caption":"CIAC"},"image":{"@id":"https:\/\/ciac.pt\/en\/#\/schema\/logo\/image\/"}}]}},"coauthors":[],"author_meta":{"author_link":"https:\/\/ciac.pt\/en\/author\/webmaster\/","display_name":"webmaster"},"relative_dates":{"created":"Posted 3 years ago","modified":"Updated 9 months ago"},"absolute_dates":{"created":"Posted on 23\/08\/2023","modified":"Updated on 28\/07\/2025"},"absolute_dates_time":{"created":"Posted on 23\/08\/2023 17:57","modified":"Updated on 28\/07\/2025 11:22"},"featured_img_caption":"","featured_img":false,"series_order":"","_links":{"self":[{"href":"https:\/\/ciac.pt\/en\/wp-json\/wp\/v2\/pages\/1474","targetHints":{"allow":["GET"]}}],"collection":[{"href":"https:\/\/ciac.pt\/en\/wp-json\/wp\/v2\/pages"}],"about":[{"href":"https:\/\/ciac.pt\/en\/wp-json\/wp\/v2\/types\/page"}],"author":[{"embeddable":true,"href":"https:\/\/ciac.pt\/en\/wp-json\/wp\/v2\/users\/1"}],"replies":[{"embeddable":true,"href":"https:\/\/ciac.pt\/en\/wp-json\/wp\/v2\/comments?post=1474"}],"version-history":[{"count":3,"href":"https:\/\/ciac.pt\/en\/wp-json\/wp\/v2\/pages\/1474\/revisions"}],"predecessor-version":[{"id":11684,"href":"https:\/\/ciac.pt\/en\/wp-json\/wp\/v2\/pages\/1474\/revisions\/11684"}],"up":[{"embeddable":true,"href":"https:\/\/ciac.pt\/en\/wp-json\/wp\/v2\/pages\/1462"}],"wp:attachment":[{"href":"https:\/\/ciac.pt\/en\/wp-json\/wp\/v2\/media?parent=1474"}],"curies":[{"name":"wp","href":"https:\/\/api.w.org\/{rel}","templated":true}]}}