{"id":1476,"date":"2023-08-23T17:58:13","date_gmt":"2023-08-23T16:58:13","guid":{"rendered":"https:\/\/web.ciac.pt\/?page_id=1476"},"modified":"2024-03-21T09:53:49","modified_gmt":"2024-03-21T09:53:49","slug":"literature-and-tourism","status":"publish","type":"page","link":"https:\/\/ciac.pt\/en\/research-groups-and-hubs\/literature-and-tourism\/","title":{"rendered":"Literature and Tourism"},"content":{"rendered":"\n<figure class=\"wp-block-embed is-type-video is-provider-youtube wp-block-embed-youtube wp-embed-aspect-16-9 wp-has-aspect-ratio\"><div class=\"wp-block-embed__wrapper\">\n<iframe title=\"Grupo de Trabalho em Literatura e Turismo do CIAC\" width=\"1400\" height=\"788\" data-src=\"https:\/\/www.youtube.com\/embed\/AnnD0Svd1A0?feature=oembed\" frameborder=\"0\" allow=\"accelerometer; autoplay; clipboard-write; encrypted-media; gyroscope; picture-in-picture; web-share\" referrerpolicy=\"strict-origin-when-cross-origin\" allowfullscreen src=\"data:image\/svg+xml;base64,PHN2ZyB3aWR0aD0iMSIgaGVpZ2h0PSIxIiB4bWxucz0iaHR0cDovL3d3dy53My5vcmcvMjAwMC9zdmciPjwvc3ZnPg==\" class=\"lazyload\" data-load-mode=\"1\"><\/iframe>\n<\/div><\/figure>\n\n\n\n<p>The Research Group on Literature and Tourism: Lit&amp;Tour carries out fundamental and applied research on the relations between literature and tourism from three main lines of research:&nbsp;<\/p>\n\n\n\n<ul class=\"wp-block-list\">\n<li>Representations of tourism in literature.<\/li>\n\n\n\n<li>Representations of tourists and tourist experiences in literature.<\/li>\n\n\n\n<li>Literary tourism.<\/li>\n<\/ul>\n\n\n\n<p>The work developed by this group is articulated with that of the other researchers and CIAC lines of research through the integration of members of other groups in the activities developed and the focus on communication and media issues and the exploitation of technological resources.<\/p>\n\n\n\n<p>Member of the Research Group on Literature and Tourism:<\/p>\n\n\n\n<ul class=\"lcp_catlist active\" id=\"lcp_instance_0\"><li>Alexandre Bataller Catal\u00e0<\/li><li>Ana Cl\u00e1udia Boavida Salgueiro da Silva<\/li><li>Carolina Mendes<\/li><li>Cristina Mart\u00ednez Tejero<\/li><li>Didiana Margarida Fachada Lopes Fernandes<\/li><li>Ilda Erko\u00e7i<\/li><li>Isabel D\u00e2maso de Azevedo Vaz dos Santos<\/li><li>Juliana Santos Menezes<\/li><li>Liliana Dias Carvalho<\/li><li>Lirandina Gomes Sobrinho<\/li><li>Maria Alexandra Patroc\u00ednio Rodrigues Gon\u00e7alves<\/li><li>Maria Jaqueline Elicher<\/li><li><a href=\"https:\/\/ciac.pt\/membros\/maria-jose-conceicao-rodrigues-marques\/\">Maria Jos\u00e9 Concei\u00e7\u00e3o Rodrigues Marques<\/a><\/li><li>Maria Jos\u00e9 Gon\u00e7alo Gouveia Aurindo<\/li><li>Maria Mota Almeida<\/li><li>Sara Pugliesi Larrabure<\/li><li><a href=\"https:\/\/ciac.pt\/membros\/silvia-quinteiro\/\">S\u00edlvia Quinteiro<\/a><\/li><li>Vivina Almeida Carreira<\/li><\/ul>\n","protected":false},"excerpt":{"rendered":"<p>The Research Group on Literature and Tourism: Lit&amp;Tour carries out fundamental and<\/p>\n","protected":false},"author":1,"featured_media":0,"parent":1462,"menu_order":6,"comment_status":"closed","ping_status":"closed","template":"","meta":{"_eb_attr":"","inline_featured_image":false,"advgb_blocks_editor_width":"","advgb_blocks_columns_visual_guide":"","footnotes":"","_links_to":"","_links_to_target":""},"class_list":["post-1476","page","type-page","status-publish","hentry"],"yoast_head":"<!-- This site is optimized with the Yoast SEO plugin v27.2 - https:\/\/yoast.com\/product\/yoast-seo-wordpress\/ -->\n<title>Literature and Tourism - CIAC<\/title>\n<meta name=\"robots\" content=\"index, follow, max-snippet:-1, max-image-preview:large, max-video-preview:-1\" \/>\n<link rel=\"canonical\" href=\"https:\/\/ciac.pt\/en\/research-groups-and-hubs\/literature-and-tourism\/\" \/>\n<meta property=\"og:locale\" content=\"en_US\" \/>\n<meta property=\"og:type\" content=\"article\" \/>\n<meta property=\"og:title\" content=\"Literature and Tourism - CIAC\" \/>\n<meta property=\"og:description\" content=\"The Research Group on Literature and Tourism: Lit&amp;Tour carries out fundamental and\" \/>\n<meta property=\"og:url\" content=\"https:\/\/ciac.pt\/en\/research-groups-and-hubs\/literature-and-tourism\/\" \/>\n<meta property=\"og:site_name\" content=\"CIAC\" \/>\n<meta property=\"article:modified_time\" content=\"2024-03-21T09:53:49+00:00\" \/>\n<meta name=\"twitter:card\" content=\"summary_large_image\" \/>\n<meta name=\"twitter:label1\" content=\"Est. reading time\" \/>\n\t<meta name=\"twitter:data1\" content=\"1 minute\" \/>\n<script type=\"application\/ld+json\" class=\"yoast-schema-graph\">{\"@context\":\"https:\/\/schema.org\",\"@graph\":[{\"@type\":\"WebPage\",\"@id\":\"https:\/\/ciac.pt\/en\/research-groups-and-hubs\/literature-and-tourism\/\",\"url\":\"https:\/\/ciac.pt\/en\/research-groups-and-hubs\/literature-and-tourism\/\",\"name\":\"Literature and Tourism - CIAC\",\"isPartOf\":{\"@id\":\"https:\/\/ciac.pt\/en\/#website\"},\"datePublished\":\"2023-08-23T16:58:13+00:00\",\"dateModified\":\"2024-03-21T09:53:49+00:00\",\"breadcrumb\":{\"@id\":\"https:\/\/ciac.pt\/en\/research-groups-and-hubs\/literature-and-tourism\/#breadcrumb\"},\"inLanguage\":\"en-US\",\"potentialAction\":[{\"@type\":\"ReadAction\",\"target\":[\"https:\/\/ciac.pt\/en\/research-groups-and-hubs\/literature-and-tourism\/\"]}]},{\"@type\":\"BreadcrumbList\",\"@id\":\"https:\/\/ciac.pt\/en\/research-groups-and-hubs\/literature-and-tourism\/#breadcrumb\",\"itemListElement\":[{\"@type\":\"ListItem\",\"position\":1,\"name\":\"In\u00edcio\",\"item\":\"https:\/\/ciac.pt\/en\/\"},{\"@type\":\"ListItem\",\"position\":2,\"name\":\"Research Groups and Hubs\",\"item\":\"https:\/\/ciac.pt\/en\/research-groups-and-hubs\/\"},{\"@type\":\"ListItem\",\"position\":3,\"name\":\"Literature and Tourism\"}]},{\"@type\":\"WebSite\",\"@id\":\"https:\/\/ciac.pt\/en\/#website\",\"url\":\"https:\/\/ciac.pt\/en\/\",\"name\":\"CIAC\",\"description\":\"Centro de Investiga\u00e7\u00e3o em Artes e Comunica\u00e7\u00e3o\",\"publisher\":{\"@id\":\"https:\/\/ciac.pt\/en\/#organization\"},\"potentialAction\":[{\"@type\":\"SearchAction\",\"target\":{\"@type\":\"EntryPoint\",\"urlTemplate\":\"https:\/\/ciac.pt\/en\/?s={search_term_string}\"},\"query-input\":{\"@type\":\"PropertyValueSpecification\",\"valueRequired\":true,\"valueName\":\"search_term_string\"}}],\"inLanguage\":\"en-US\"},{\"@type\":\"Organization\",\"@id\":\"https:\/\/ciac.pt\/en\/#organization\",\"name\":\"CIAC\",\"url\":\"https:\/\/ciac.pt\/en\/\",\"logo\":{\"@type\":\"ImageObject\",\"inLanguage\":\"en-US\",\"@id\":\"https:\/\/ciac.pt\/en\/#\/schema\/logo\/image\/\",\"url\":\"https:\/\/ciac.pt\/wp-content\/uploads\/2022\/06\/logo.svg\",\"contentUrl\":\"https:\/\/ciac.pt\/wp-content\/uploads\/2022\/06\/logo.svg\",\"width\":184,\"height\":51,\"caption\":\"CIAC\"},\"image\":{\"@id\":\"https:\/\/ciac.pt\/en\/#\/schema\/logo\/image\/\"}}]}<\/script>\n<!-- \/ Yoast SEO plugin. -->","yoast_head_json":{"title":"Literature and Tourism - CIAC","robots":{"index":"index","follow":"follow","max-snippet":"max-snippet:-1","max-image-preview":"max-image-preview:large","max-video-preview":"max-video-preview:-1"},"canonical":"https:\/\/ciac.pt\/en\/research-groups-and-hubs\/literature-and-tourism\/","og_locale":"en_US","og_type":"article","og_title":"Literature and Tourism - CIAC","og_description":"The Research Group on Literature and Tourism: Lit&amp;Tour carries out fundamental and","og_url":"https:\/\/ciac.pt\/en\/research-groups-and-hubs\/literature-and-tourism\/","og_site_name":"CIAC","article_modified_time":"2024-03-21T09:53:49+00:00","twitter_card":"summary_large_image","twitter_misc":{"Est. reading time":"1 minute"},"schema":{"@context":"https:\/\/schema.org","@graph":[{"@type":"WebPage","@id":"https:\/\/ciac.pt\/en\/research-groups-and-hubs\/literature-and-tourism\/","url":"https:\/\/ciac.pt\/en\/research-groups-and-hubs\/literature-and-tourism\/","name":"Literature and Tourism - CIAC","isPartOf":{"@id":"https:\/\/ciac.pt\/en\/#website"},"datePublished":"2023-08-23T16:58:13+00:00","dateModified":"2024-03-21T09:53:49+00:00","breadcrumb":{"@id":"https:\/\/ciac.pt\/en\/research-groups-and-hubs\/literature-and-tourism\/#breadcrumb"},"inLanguage":"en-US","potentialAction":[{"@type":"ReadAction","target":["https:\/\/ciac.pt\/en\/research-groups-and-hubs\/literature-and-tourism\/"]}]},{"@type":"BreadcrumbList","@id":"https:\/\/ciac.pt\/en\/research-groups-and-hubs\/literature-and-tourism\/#breadcrumb","itemListElement":[{"@type":"ListItem","position":1,"name":"In\u00edcio","item":"https:\/\/ciac.pt\/en\/"},{"@type":"ListItem","position":2,"name":"Research Groups and Hubs","item":"https:\/\/ciac.pt\/en\/research-groups-and-hubs\/"},{"@type":"ListItem","position":3,"name":"Literature and Tourism"}]},{"@type":"WebSite","@id":"https:\/\/ciac.pt\/en\/#website","url":"https:\/\/ciac.pt\/en\/","name":"CIAC","description":"Centro de Investiga\u00e7\u00e3o em Artes e Comunica\u00e7\u00e3o","publisher":{"@id":"https:\/\/ciac.pt\/en\/#organization"},"potentialAction":[{"@type":"SearchAction","target":{"@type":"EntryPoint","urlTemplate":"https:\/\/ciac.pt\/en\/?s={search_term_string}"},"query-input":{"@type":"PropertyValueSpecification","valueRequired":true,"valueName":"search_term_string"}}],"inLanguage":"en-US"},{"@type":"Organization","@id":"https:\/\/ciac.pt\/en\/#organization","name":"CIAC","url":"https:\/\/ciac.pt\/en\/","logo":{"@type":"ImageObject","inLanguage":"en-US","@id":"https:\/\/ciac.pt\/en\/#\/schema\/logo\/image\/","url":"https:\/\/ciac.pt\/wp-content\/uploads\/2022\/06\/logo.svg","contentUrl":"https:\/\/ciac.pt\/wp-content\/uploads\/2022\/06\/logo.svg","width":184,"height":51,"caption":"CIAC"},"image":{"@id":"https:\/\/ciac.pt\/en\/#\/schema\/logo\/image\/"}}]}},"coauthors":[],"author_meta":{"author_link":"https:\/\/ciac.pt\/en\/author\/webmaster\/","display_name":"webmaster"},"relative_dates":{"created":"Posted 3 years ago","modified":"Updated 2 years ago"},"absolute_dates":{"created":"Posted on 23\/08\/2023","modified":"Updated on 21\/03\/2024"},"absolute_dates_time":{"created":"Posted on 23\/08\/2023 17:58","modified":"Updated on 21\/03\/2024 9:53"},"featured_img_caption":"","featured_img":false,"series_order":"","_links":{"self":[{"href":"https:\/\/ciac.pt\/en\/wp-json\/wp\/v2\/pages\/1476","targetHints":{"allow":["GET"]}}],"collection":[{"href":"https:\/\/ciac.pt\/en\/wp-json\/wp\/v2\/pages"}],"about":[{"href":"https:\/\/ciac.pt\/en\/wp-json\/wp\/v2\/types\/page"}],"author":[{"embeddable":true,"href":"https:\/\/ciac.pt\/en\/wp-json\/wp\/v2\/users\/1"}],"replies":[{"embeddable":true,"href":"https:\/\/ciac.pt\/en\/wp-json\/wp\/v2\/comments?post=1476"}],"version-history":[{"count":6,"href":"https:\/\/ciac.pt\/en\/wp-json\/wp\/v2\/pages\/1476\/revisions"}],"predecessor-version":[{"id":5633,"href":"https:\/\/ciac.pt\/en\/wp-json\/wp\/v2\/pages\/1476\/revisions\/5633"}],"up":[{"embeddable":true,"href":"https:\/\/ciac.pt\/en\/wp-json\/wp\/v2\/pages\/1462"}],"wp:attachment":[{"href":"https:\/\/ciac.pt\/en\/wp-json\/wp\/v2\/media?parent=1476"}],"curies":[{"name":"wp","href":"https:\/\/api.w.org\/{rel}","templated":true}]}}