{"id":1478,"date":"2023-08-23T17:58:36","date_gmt":"2023-08-23T16:58:36","guid":{"rendered":"https:\/\/web.ciac.pt\/?page_id=1478"},"modified":"2025-10-09T17:50:15","modified_gmt":"2025-10-09T16:50:15","slug":"digital-media-art","status":"publish","type":"page","link":"https:\/\/ciac.pt\/en\/research-groups-and-hubs\/digital-media-art\/","title":{"rendered":"Digital Media-Art"},"content":{"rendered":"\n<figure class=\"wp-block-embed is-type-video is-provider-youtube wp-block-embed-youtube wp-embed-aspect-16-9 wp-has-aspect-ratio\"><div class=\"wp-block-embed__wrapper\">\n<iframe title=\"Grupo de Trabalho em M\u00e9dia-Arte Digital do CIAC\" width=\"1400\" height=\"788\" data-src=\"https:\/\/www.youtube.com\/embed\/4BdSooTeAko?feature=oembed\" frameborder=\"0\" allow=\"accelerometer; autoplay; clipboard-write; encrypted-media; gyroscope; picture-in-picture; web-share\" referrerpolicy=\"strict-origin-when-cross-origin\" allowfullscreen src=\"data:image\/svg+xml;base64,PHN2ZyB3aWR0aD0iMSIgaGVpZ2h0PSIxIiB4bWxucz0iaHR0cDovL3d3dy53My5vcmcvMjAwMC9zdmciPjwvc3ZnPg==\" class=\"lazyload\" data-load-mode=\"1\"><\/iframe>\n<\/div><\/figure>\n\n\n\n<p>The Research Group on Digital Media-Art (RG DMA) is based on a line of research in Computational Art and New Media, especially focused on the following key areas:<\/p>\n\n\n\n<ul class=\"wp-block-list\">\n<li>Immersive environments,<\/li>\n\n\n\n<li>Computational art,<\/li>\n\n\n\n<li>Generative art,<\/li>\n\n\n\n<li>Digital games,<\/li>\n\n\n\n<li>Media-locative art,<\/li>\n\n\n\n<li>Transmedia and post-digital narrative.<\/li>\n<\/ul>\n\n\n\n<p>This reflects the ongoing research works and comprehends&nbsp;the specialities of the current members of the RG DMA, being sufficiently wide-ranging as to be able to welcome members from other research groups. Likewise, it has a strong connection with the Doctorate Program in Digital Media-Art (UAb-UAlg). The RG DMA intends, therefore, to be a meeting point for CIAC Hubs, whose works comprehend the field of computational art and new media, and need the support of either of specialists in the field, or of specialized equipment. It also aims to encourage and assist the conception of research proposals that include a component related to computational art and new media, even when focused on other fields of research.<\/p>\n\n\n\n<p>This group has a considerable scientific output and a large body of collaborators.<\/p>\n\n\n\n<p>Members of the Research Group in Digital Media-Art:<\/p>\n\n\n\n<ul class=\"lcp_catlist active\" id=\"lcp_instance_0\"><li><a href=\"https:\/\/ciac.pt\/en\/members\/aderito-fernandes-marcos\/\">Ad\u00e9rito Fernandes Marcos<\/a><\/li><li><a href=\"https:\/\/ciac.pt\/en\/members\/antonio-manuel-bandeira-barata-alves-de-araujo\/\">Ant\u00f3nio Manuel Bandeira Barata Alves de Ara\u00fajo<\/a><\/li><li><a href=\"https:\/\/ciac.pt\/en\/members\/isabel-cristina-goncalves-de-carvalho\/\">Isabel Cristina Gon\u00e7alves de Carvalho<\/a><\/li><li><a href=\"https:\/\/ciac.pt\/en\/members\/jose-manuel-emiliano-bidarra-de-almeida\/\">Jos\u00e9 Manuel Emiliano Bidarra de Almeida<\/a><\/li><li>Juliana Wexel<\/li><li>Lucas Fabian Olivero<\/li><li>Manuel Joaquim Flores Fernandes<\/li><li><a href=\"https:\/\/ciac.pt\/en\/members\/pedro-jorge-agostinho-alves-da-veiga\/\">Pedro Jorge Agostinho Alves da Veiga<\/a><\/li><li>Ricardo Filipe Nunes Pires Mestre<\/li><li>Rosim\u00e1ria Sapucaia Rocha<\/li><li>Rui Jorge Pereira Travasso<\/li><li>Sara Eduarda Silva Cruz<\/li><li><a href=\"https:\/\/ciac.pt\/en\/members\/silvia-baptista-leiria-viegas\/\">S\u00edlvia Baptista Leiria Viegas<\/a><\/li><li>Vasco Manuel Marques Ramalho<\/li><\/ul>\n","protected":false},"excerpt":{"rendered":"<p>The Research Group on Digital Media-Art (RG DMA) is based on a<\/p>\n","protected":false},"author":1,"featured_media":0,"parent":1462,"menu_order":7,"comment_status":"closed","ping_status":"closed","template":"","meta":{"_eb_attr":"","inline_featured_image":false,"advgb_blocks_editor_width":"","advgb_blocks_columns_visual_guide":"","footnotes":"","_links_to":"","_links_to_target":""},"class_list":["post-1478","page","type-page","status-publish","hentry"],"yoast_head":"<!-- This site is optimized with the Yoast SEO plugin v27.2 - https:\/\/yoast.com\/product\/yoast-seo-wordpress\/ -->\n<title>Digital Media-Art - CIAC<\/title>\n<meta name=\"robots\" content=\"index, follow, max-snippet:-1, max-image-preview:large, max-video-preview:-1\" \/>\n<link rel=\"canonical\" href=\"https:\/\/ciac.pt\/en\/research-groups-and-hubs\/digital-media-art\/\" \/>\n<meta property=\"og:locale\" content=\"en_US\" \/>\n<meta property=\"og:type\" content=\"article\" \/>\n<meta property=\"og:title\" content=\"Digital Media-Art - CIAC\" \/>\n<meta property=\"og:description\" content=\"The Research Group on Digital Media-Art (RG DMA) is based on a\" \/>\n<meta property=\"og:url\" content=\"https:\/\/ciac.pt\/en\/research-groups-and-hubs\/digital-media-art\/\" \/>\n<meta property=\"og:site_name\" content=\"CIAC\" \/>\n<meta property=\"article:modified_time\" content=\"2025-10-09T16:50:15+00:00\" \/>\n<meta name=\"twitter:card\" content=\"summary_large_image\" \/>\n<meta name=\"twitter:label1\" content=\"Est. reading time\" \/>\n\t<meta name=\"twitter:data1\" content=\"2 minutes\" \/>\n<script type=\"application\/ld+json\" class=\"yoast-schema-graph\">{\"@context\":\"https:\/\/schema.org\",\"@graph\":[{\"@type\":\"WebPage\",\"@id\":\"https:\/\/ciac.pt\/en\/research-groups-and-hubs\/digital-media-art\/\",\"url\":\"https:\/\/ciac.pt\/en\/research-groups-and-hubs\/digital-media-art\/\",\"name\":\"Digital Media-Art - CIAC\",\"isPartOf\":{\"@id\":\"https:\/\/ciac.pt\/en\/#website\"},\"datePublished\":\"2023-08-23T16:58:36+00:00\",\"dateModified\":\"2025-10-09T16:50:15+00:00\",\"breadcrumb\":{\"@id\":\"https:\/\/ciac.pt\/en\/research-groups-and-hubs\/digital-media-art\/#breadcrumb\"},\"inLanguage\":\"en-US\",\"potentialAction\":[{\"@type\":\"ReadAction\",\"target\":[\"https:\/\/ciac.pt\/en\/research-groups-and-hubs\/digital-media-art\/\"]}]},{\"@type\":\"BreadcrumbList\",\"@id\":\"https:\/\/ciac.pt\/en\/research-groups-and-hubs\/digital-media-art\/#breadcrumb\",\"itemListElement\":[{\"@type\":\"ListItem\",\"position\":1,\"name\":\"In\u00edcio\",\"item\":\"https:\/\/ciac.pt\/en\/\"},{\"@type\":\"ListItem\",\"position\":2,\"name\":\"Research Groups and Hubs\",\"item\":\"https:\/\/ciac.pt\/en\/research-groups-and-hubs\/\"},{\"@type\":\"ListItem\",\"position\":3,\"name\":\"Digital Media-Art\"}]},{\"@type\":\"WebSite\",\"@id\":\"https:\/\/ciac.pt\/en\/#website\",\"url\":\"https:\/\/ciac.pt\/en\/\",\"name\":\"CIAC\",\"description\":\"Centro de Investiga\u00e7\u00e3o em Artes e Comunica\u00e7\u00e3o\",\"publisher\":{\"@id\":\"https:\/\/ciac.pt\/en\/#organization\"},\"potentialAction\":[{\"@type\":\"SearchAction\",\"target\":{\"@type\":\"EntryPoint\",\"urlTemplate\":\"https:\/\/ciac.pt\/en\/?s={search_term_string}\"},\"query-input\":{\"@type\":\"PropertyValueSpecification\",\"valueRequired\":true,\"valueName\":\"search_term_string\"}}],\"inLanguage\":\"en-US\"},{\"@type\":\"Organization\",\"@id\":\"https:\/\/ciac.pt\/en\/#organization\",\"name\":\"CIAC\",\"url\":\"https:\/\/ciac.pt\/en\/\",\"logo\":{\"@type\":\"ImageObject\",\"inLanguage\":\"en-US\",\"@id\":\"https:\/\/ciac.pt\/en\/#\/schema\/logo\/image\/\",\"url\":\"https:\/\/ciac.pt\/wp-content\/uploads\/2022\/06\/logo.svg\",\"contentUrl\":\"https:\/\/ciac.pt\/wp-content\/uploads\/2022\/06\/logo.svg\",\"width\":184,\"height\":51,\"caption\":\"CIAC\"},\"image\":{\"@id\":\"https:\/\/ciac.pt\/en\/#\/schema\/logo\/image\/\"}}]}<\/script>\n<!-- \/ Yoast SEO plugin. -->","yoast_head_json":{"title":"Digital Media-Art - CIAC","robots":{"index":"index","follow":"follow","max-snippet":"max-snippet:-1","max-image-preview":"max-image-preview:large","max-video-preview":"max-video-preview:-1"},"canonical":"https:\/\/ciac.pt\/en\/research-groups-and-hubs\/digital-media-art\/","og_locale":"en_US","og_type":"article","og_title":"Digital Media-Art - CIAC","og_description":"The Research Group on Digital Media-Art (RG DMA) is based on a","og_url":"https:\/\/ciac.pt\/en\/research-groups-and-hubs\/digital-media-art\/","og_site_name":"CIAC","article_modified_time":"2025-10-09T16:50:15+00:00","twitter_card":"summary_large_image","twitter_misc":{"Est. reading time":"2 minutes"},"schema":{"@context":"https:\/\/schema.org","@graph":[{"@type":"WebPage","@id":"https:\/\/ciac.pt\/en\/research-groups-and-hubs\/digital-media-art\/","url":"https:\/\/ciac.pt\/en\/research-groups-and-hubs\/digital-media-art\/","name":"Digital Media-Art - CIAC","isPartOf":{"@id":"https:\/\/ciac.pt\/en\/#website"},"datePublished":"2023-08-23T16:58:36+00:00","dateModified":"2025-10-09T16:50:15+00:00","breadcrumb":{"@id":"https:\/\/ciac.pt\/en\/research-groups-and-hubs\/digital-media-art\/#breadcrumb"},"inLanguage":"en-US","potentialAction":[{"@type":"ReadAction","target":["https:\/\/ciac.pt\/en\/research-groups-and-hubs\/digital-media-art\/"]}]},{"@type":"BreadcrumbList","@id":"https:\/\/ciac.pt\/en\/research-groups-and-hubs\/digital-media-art\/#breadcrumb","itemListElement":[{"@type":"ListItem","position":1,"name":"In\u00edcio","item":"https:\/\/ciac.pt\/en\/"},{"@type":"ListItem","position":2,"name":"Research Groups and Hubs","item":"https:\/\/ciac.pt\/en\/research-groups-and-hubs\/"},{"@type":"ListItem","position":3,"name":"Digital Media-Art"}]},{"@type":"WebSite","@id":"https:\/\/ciac.pt\/en\/#website","url":"https:\/\/ciac.pt\/en\/","name":"CIAC","description":"Centro de Investiga\u00e7\u00e3o em Artes e Comunica\u00e7\u00e3o","publisher":{"@id":"https:\/\/ciac.pt\/en\/#organization"},"potentialAction":[{"@type":"SearchAction","target":{"@type":"EntryPoint","urlTemplate":"https:\/\/ciac.pt\/en\/?s={search_term_string}"},"query-input":{"@type":"PropertyValueSpecification","valueRequired":true,"valueName":"search_term_string"}}],"inLanguage":"en-US"},{"@type":"Organization","@id":"https:\/\/ciac.pt\/en\/#organization","name":"CIAC","url":"https:\/\/ciac.pt\/en\/","logo":{"@type":"ImageObject","inLanguage":"en-US","@id":"https:\/\/ciac.pt\/en\/#\/schema\/logo\/image\/","url":"https:\/\/ciac.pt\/wp-content\/uploads\/2022\/06\/logo.svg","contentUrl":"https:\/\/ciac.pt\/wp-content\/uploads\/2022\/06\/logo.svg","width":184,"height":51,"caption":"CIAC"},"image":{"@id":"https:\/\/ciac.pt\/en\/#\/schema\/logo\/image\/"}}]}},"coauthors":[],"author_meta":{"author_link":"https:\/\/ciac.pt\/en\/author\/webmaster\/","display_name":"webmaster"},"relative_dates":{"created":"Posted 3 years ago","modified":"Updated 6 months ago"},"absolute_dates":{"created":"Posted on 23\/08\/2023","modified":"Updated on 09\/10\/2025"},"absolute_dates_time":{"created":"Posted on 23\/08\/2023 17:58","modified":"Updated on 09\/10\/2025 17:50"},"featured_img_caption":"","featured_img":false,"series_order":"","_links":{"self":[{"href":"https:\/\/ciac.pt\/en\/wp-json\/wp\/v2\/pages\/1478","targetHints":{"allow":["GET"]}}],"collection":[{"href":"https:\/\/ciac.pt\/en\/wp-json\/wp\/v2\/pages"}],"about":[{"href":"https:\/\/ciac.pt\/en\/wp-json\/wp\/v2\/types\/page"}],"author":[{"embeddable":true,"href":"https:\/\/ciac.pt\/en\/wp-json\/wp\/v2\/users\/1"}],"replies":[{"embeddable":true,"href":"https:\/\/ciac.pt\/en\/wp-json\/wp\/v2\/comments?post=1478"}],"version-history":[{"count":3,"href":"https:\/\/ciac.pt\/en\/wp-json\/wp\/v2\/pages\/1478\/revisions"}],"predecessor-version":[{"id":12280,"href":"https:\/\/ciac.pt\/en\/wp-json\/wp\/v2\/pages\/1478\/revisions\/12280"}],"up":[{"embeddable":true,"href":"https:\/\/ciac.pt\/en\/wp-json\/wp\/v2\/pages\/1462"}],"wp:attachment":[{"href":"https:\/\/ciac.pt\/en\/wp-json\/wp\/v2\/media?parent=1478"}],"curies":[{"name":"wp","href":"https:\/\/api.w.org\/{rel}","templated":true}]}}