{"id":1480,"date":"2023-08-23T17:59:11","date_gmt":"2023-08-23T16:59:11","guid":{"rendered":"https:\/\/web.ciac.pt\/?page_id=1480"},"modified":"2025-07-28T11:21:25","modified_gmt":"2025-07-28T10:21:25","slug":"research-hub-universidade-aberta","status":"publish","type":"page","link":"https:\/\/ciac.pt\/en\/research-groups-and-hubs\/research-hub-universidade-aberta\/","title":{"rendered":"Open University Research Center"},"content":{"rendered":"\n<p>The Research Center for Arts and Communication (CIAC) at the Open University aims to conduct research that leverages digital technologies across both computing and media with aesthetic, technical, educational, cultural, and social relevance. This center adopts a stance at the intersection of art, science, and technology, pursuing research projects that span education, culture, entertainment, and society, examining their implications on everyday life.<\/p>\n\n\n\n<p>The group, consisting of five integrated researchers, engages in both theoretical and practical work, developing models for artistic and social intervention as well as artistic experimentation artifacts. These endeavors are firmly grounded in human and humanistic values. This objective requires a systematic study of social, cultural, artistic, technological, and computational ecosystems, where \u2013 and within which \u2013 the research is developed and applied, rooted in a deep understanding of the contexts in which diverse computational artifacts are experienced and utilized<\/p>\n\n\n\n<hr class=\"wp-block-separator alignwide has-alpha-channel-opacity\"\/>\n\n\n\n<p>Coordinator: <a href=\"https:\/\/ciac.pt\/en\/members\/antonio-manuel-bandeira-barata-alves-de-araujo\/\">Ant\u00f3nio Ara\u00fajo<\/a><br><a href=\"mailto:sec.ciac@uab.pt\">sec.ciac@uab.pt<\/a>\u00a0\/\u00a0T. <a href=\"tel:35130002918\">+351 300 029 18<\/a>\/517 | Ext. 82918<br>Pal\u00e1cio de Ceia, Rua da Escola Polit\u00e9cnica, 147<br>1269-001 Lisboa<\/p>\n","protected":false},"excerpt":{"rendered":"<p>The Research Center for Arts and Communication (CIAC) at the Open University<\/p>\n","protected":false},"author":1,"featured_media":0,"parent":1462,"menu_order":9,"comment_status":"closed","ping_status":"closed","template":"","meta":{"_eb_attr":"","inline_featured_image":false,"advgb_blocks_editor_width":"","advgb_blocks_columns_visual_guide":"","footnotes":"","_links_to":"","_links_to_target":""},"class_list":["post-1480","page","type-page","status-publish","hentry"],"yoast_head":"<!-- This site is optimized with the Yoast SEO plugin v27.2 - https:\/\/yoast.com\/product\/yoast-seo-wordpress\/ -->\n<title>Open University Research Center - CIAC<\/title>\n<meta name=\"robots\" content=\"index, follow, max-snippet:-1, max-image-preview:large, max-video-preview:-1\" \/>\n<link rel=\"canonical\" href=\"https:\/\/ciac.pt\/en\/research-groups-and-hubs\/research-hub-universidade-aberta\/\" \/>\n<meta property=\"og:locale\" content=\"en_US\" \/>\n<meta property=\"og:type\" content=\"article\" \/>\n<meta property=\"og:title\" content=\"Open University Research Center - CIAC\" \/>\n<meta property=\"og:description\" content=\"The Research Center for Arts and Communication (CIAC) at the Open University\" \/>\n<meta property=\"og:url\" content=\"https:\/\/ciac.pt\/en\/research-groups-and-hubs\/research-hub-universidade-aberta\/\" \/>\n<meta property=\"og:site_name\" content=\"CIAC\" \/>\n<meta property=\"article:modified_time\" content=\"2025-07-28T10:21:25+00:00\" \/>\n<meta name=\"twitter:card\" content=\"summary_large_image\" \/>\n<meta name=\"twitter:label1\" content=\"Est. reading time\" \/>\n\t<meta name=\"twitter:data1\" content=\"1 minute\" \/>\n<script type=\"application\/ld+json\" class=\"yoast-schema-graph\">{\"@context\":\"https:\/\/schema.org\",\"@graph\":[{\"@type\":\"WebPage\",\"@id\":\"https:\/\/ciac.pt\/en\/research-groups-and-hubs\/research-hub-universidade-aberta\/\",\"url\":\"https:\/\/ciac.pt\/en\/research-groups-and-hubs\/research-hub-universidade-aberta\/\",\"name\":\"Open University Research Center - CIAC\",\"isPartOf\":{\"@id\":\"https:\/\/ciac.pt\/en\/#website\"},\"datePublished\":\"2023-08-23T16:59:11+00:00\",\"dateModified\":\"2025-07-28T10:21:25+00:00\",\"breadcrumb\":{\"@id\":\"https:\/\/ciac.pt\/en\/research-groups-and-hubs\/research-hub-universidade-aberta\/#breadcrumb\"},\"inLanguage\":\"en-US\",\"potentialAction\":[{\"@type\":\"ReadAction\",\"target\":[\"https:\/\/ciac.pt\/en\/research-groups-and-hubs\/research-hub-universidade-aberta\/\"]}]},{\"@type\":\"BreadcrumbList\",\"@id\":\"https:\/\/ciac.pt\/en\/research-groups-and-hubs\/research-hub-universidade-aberta\/#breadcrumb\",\"itemListElement\":[{\"@type\":\"ListItem\",\"position\":1,\"name\":\"In\u00edcio\",\"item\":\"https:\/\/ciac.pt\/en\/\"},{\"@type\":\"ListItem\",\"position\":2,\"name\":\"Research Groups and Hubs\",\"item\":\"https:\/\/ciac.pt\/en\/research-groups-and-hubs\/\"},{\"@type\":\"ListItem\",\"position\":3,\"name\":\"Open University Research Center\"}]},{\"@type\":\"WebSite\",\"@id\":\"https:\/\/ciac.pt\/en\/#website\",\"url\":\"https:\/\/ciac.pt\/en\/\",\"name\":\"CIAC\",\"description\":\"Centro de Investiga\u00e7\u00e3o em Artes e Comunica\u00e7\u00e3o\",\"publisher\":{\"@id\":\"https:\/\/ciac.pt\/en\/#organization\"},\"potentialAction\":[{\"@type\":\"SearchAction\",\"target\":{\"@type\":\"EntryPoint\",\"urlTemplate\":\"https:\/\/ciac.pt\/en\/?s={search_term_string}\"},\"query-input\":{\"@type\":\"PropertyValueSpecification\",\"valueRequired\":true,\"valueName\":\"search_term_string\"}}],\"inLanguage\":\"en-US\"},{\"@type\":\"Organization\",\"@id\":\"https:\/\/ciac.pt\/en\/#organization\",\"name\":\"CIAC\",\"url\":\"https:\/\/ciac.pt\/en\/\",\"logo\":{\"@type\":\"ImageObject\",\"inLanguage\":\"en-US\",\"@id\":\"https:\/\/ciac.pt\/en\/#\/schema\/logo\/image\/\",\"url\":\"https:\/\/ciac.pt\/wp-content\/uploads\/2022\/06\/logo.svg\",\"contentUrl\":\"https:\/\/ciac.pt\/wp-content\/uploads\/2022\/06\/logo.svg\",\"width\":184,\"height\":51,\"caption\":\"CIAC\"},\"image\":{\"@id\":\"https:\/\/ciac.pt\/en\/#\/schema\/logo\/image\/\"}}]}<\/script>\n<!-- \/ Yoast SEO plugin. -->","yoast_head_json":{"title":"Open University Research Center - CIAC","robots":{"index":"index","follow":"follow","max-snippet":"max-snippet:-1","max-image-preview":"max-image-preview:large","max-video-preview":"max-video-preview:-1"},"canonical":"https:\/\/ciac.pt\/en\/research-groups-and-hubs\/research-hub-universidade-aberta\/","og_locale":"en_US","og_type":"article","og_title":"Open University Research Center - CIAC","og_description":"The Research Center for Arts and Communication (CIAC) at the Open University","og_url":"https:\/\/ciac.pt\/en\/research-groups-and-hubs\/research-hub-universidade-aberta\/","og_site_name":"CIAC","article_modified_time":"2025-07-28T10:21:25+00:00","twitter_card":"summary_large_image","twitter_misc":{"Est. reading time":"1 minute"},"schema":{"@context":"https:\/\/schema.org","@graph":[{"@type":"WebPage","@id":"https:\/\/ciac.pt\/en\/research-groups-and-hubs\/research-hub-universidade-aberta\/","url":"https:\/\/ciac.pt\/en\/research-groups-and-hubs\/research-hub-universidade-aberta\/","name":"Open University Research Center - CIAC","isPartOf":{"@id":"https:\/\/ciac.pt\/en\/#website"},"datePublished":"2023-08-23T16:59:11+00:00","dateModified":"2025-07-28T10:21:25+00:00","breadcrumb":{"@id":"https:\/\/ciac.pt\/en\/research-groups-and-hubs\/research-hub-universidade-aberta\/#breadcrumb"},"inLanguage":"en-US","potentialAction":[{"@type":"ReadAction","target":["https:\/\/ciac.pt\/en\/research-groups-and-hubs\/research-hub-universidade-aberta\/"]}]},{"@type":"BreadcrumbList","@id":"https:\/\/ciac.pt\/en\/research-groups-and-hubs\/research-hub-universidade-aberta\/#breadcrumb","itemListElement":[{"@type":"ListItem","position":1,"name":"In\u00edcio","item":"https:\/\/ciac.pt\/en\/"},{"@type":"ListItem","position":2,"name":"Research Groups and Hubs","item":"https:\/\/ciac.pt\/en\/research-groups-and-hubs\/"},{"@type":"ListItem","position":3,"name":"Open University Research Center"}]},{"@type":"WebSite","@id":"https:\/\/ciac.pt\/en\/#website","url":"https:\/\/ciac.pt\/en\/","name":"CIAC","description":"Centro de Investiga\u00e7\u00e3o em Artes e Comunica\u00e7\u00e3o","publisher":{"@id":"https:\/\/ciac.pt\/en\/#organization"},"potentialAction":[{"@type":"SearchAction","target":{"@type":"EntryPoint","urlTemplate":"https:\/\/ciac.pt\/en\/?s={search_term_string}"},"query-input":{"@type":"PropertyValueSpecification","valueRequired":true,"valueName":"search_term_string"}}],"inLanguage":"en-US"},{"@type":"Organization","@id":"https:\/\/ciac.pt\/en\/#organization","name":"CIAC","url":"https:\/\/ciac.pt\/en\/","logo":{"@type":"ImageObject","inLanguage":"en-US","@id":"https:\/\/ciac.pt\/en\/#\/schema\/logo\/image\/","url":"https:\/\/ciac.pt\/wp-content\/uploads\/2022\/06\/logo.svg","contentUrl":"https:\/\/ciac.pt\/wp-content\/uploads\/2022\/06\/logo.svg","width":184,"height":51,"caption":"CIAC"},"image":{"@id":"https:\/\/ciac.pt\/en\/#\/schema\/logo\/image\/"}}]}},"coauthors":[],"author_meta":{"author_link":"https:\/\/ciac.pt\/en\/author\/webmaster\/","display_name":"webmaster"},"relative_dates":{"created":"Posted 3 years ago","modified":"Updated 9 months ago"},"absolute_dates":{"created":"Posted on 23\/08\/2023","modified":"Updated on 28\/07\/2025"},"absolute_dates_time":{"created":"Posted on 23\/08\/2023 17:59","modified":"Updated on 28\/07\/2025 11:21"},"featured_img_caption":"","featured_img":false,"series_order":"","_links":{"self":[{"href":"https:\/\/ciac.pt\/en\/wp-json\/wp\/v2\/pages\/1480","targetHints":{"allow":["GET"]}}],"collection":[{"href":"https:\/\/ciac.pt\/en\/wp-json\/wp\/v2\/pages"}],"about":[{"href":"https:\/\/ciac.pt\/en\/wp-json\/wp\/v2\/types\/page"}],"author":[{"embeddable":true,"href":"https:\/\/ciac.pt\/en\/wp-json\/wp\/v2\/users\/1"}],"replies":[{"embeddable":true,"href":"https:\/\/ciac.pt\/en\/wp-json\/wp\/v2\/comments?post=1480"}],"version-history":[{"count":3,"href":"https:\/\/ciac.pt\/en\/wp-json\/wp\/v2\/pages\/1480\/revisions"}],"predecessor-version":[{"id":11683,"href":"https:\/\/ciac.pt\/en\/wp-json\/wp\/v2\/pages\/1480\/revisions\/11683"}],"up":[{"embeddable":true,"href":"https:\/\/ciac.pt\/en\/wp-json\/wp\/v2\/pages\/1462"}],"wp:attachment":[{"href":"https:\/\/ciac.pt\/en\/wp-json\/wp\/v2\/media?parent=1480"}],"curies":[{"name":"wp","href":"https:\/\/api.w.org\/{rel}","templated":true}]}}