{"id":1482,"date":"2023-08-23T17:59:48","date_gmt":"2023-08-23T16:59:48","guid":{"rendered":"https:\/\/web.ciac.pt\/?page_id=1482"},"modified":"2025-07-28T11:24:24","modified_gmt":"2025-07-28T10:24:24","slug":"research-hub-digital-literacy-and-inclusion-of-the-polytechnic-of-santarem","status":"publish","type":"page","link":"https:\/\/ciac.pt\/en\/research-groups-and-hubs\/research-hub-digital-literacy-and-inclusion-of-the-polytechnic-of-santarem\/","title":{"rendered":"Research Hub \u2013 Digital Literacy and Inclusion of the Polytechnic of Santar\u00e9m"},"content":{"rendered":"\n<p>The Digital Literacy Hub is located in IPSantar\u00e9m and was created on 05 February 2020 as an expansion of CIAC, it has received a Very Good rating by FCT in the last evaluation. The Hub in Santar\u00e9m is responsible for the development and promotion of research in the fields of digital literacy and integration of disadvantaged individuals in the labor market, thus responding to the social challenges present in these areas. The research developed in Santarem is coordinated with three other international research and development centers: Center for Social Innovation (CSI, Cyprus); the Research Group Images, Words, and Ideas (GIPI, Spain); Research Group in Language Studies, Libras, special, and Distance Education and technologies (GPELET, Brazil).<\/p>\n\n\n\n<p>The objectives of the Group are:<\/p>\n\n\n\n<ul class=\"wp-block-list\">\n<li>Contribute to the development of knowledge resulting from scientific and technological research in the fields of digital literacy and inclusion of disadvantaged individuals in the labor market.<\/li>\n\n\n\n<li>Promote excellence in digital literacy as an effective strategy for inclusion in the labour market.<\/li>\n\n\n\n<li>To study the effectiveness of innovative resources and methodologies in empirical scenarios, as a way of promoting the employability of the target group.<\/li>\n\n\n\n<li>Develop a prototype for a holistic support model, with practices, resources, methodologies, connections, and correlations in the digital Domain, aimed at disadvantaged individuals, that can be globally replicated, thus contributing to a successful and sustainable inclusion.<\/li>\n<\/ul>\n\n\n\n<hr class=\"wp-block-separator alignwide has-alpha-channel-opacity\"\/>\n\n\n\n<p>Coordinator: <a href=\"https:\/\/ciac.pt\/en\/members\/maria-da-costa-potes-franco-barroso-santa-clara-barbas\/\">Maria Potes Barbas<\/a><br><a href=\"mailto:geral@ipsantarem.pt\">geral@ipsantarem.pt<\/a>\u00a0\/\u00a0T. <a href=\"tel:351243309520\">+351 243 309 520<\/a><br>Complexo Andaluz<br>Apartado 279<br>2001-904 Santar\u00e9m<\/p>\n","protected":false},"excerpt":{"rendered":"<p>The Digital Literacy Hub is located in IPSantar\u00e9m and was created on<\/p>\n","protected":false},"author":1,"featured_media":0,"parent":1462,"menu_order":10,"comment_status":"closed","ping_status":"closed","template":"","meta":{"_eb_attr":"","inline_featured_image":false,"advgb_blocks_editor_width":"","advgb_blocks_columns_visual_guide":"","footnotes":"","_links_to":"","_links_to_target":""},"class_list":["post-1482","page","type-page","status-publish","hentry"],"yoast_head":"<!-- This site is optimized with the Yoast SEO plugin v27.2 - https:\/\/yoast.com\/product\/yoast-seo-wordpress\/ -->\n<title>Research Hub \u2013 Digital Literacy and Inclusion of the Polytechnic of Santar\u00e9m - CIAC<\/title>\n<meta name=\"robots\" content=\"index, follow, max-snippet:-1, max-image-preview:large, max-video-preview:-1\" \/>\n<link rel=\"canonical\" href=\"https:\/\/ciac.pt\/en\/research-groups-and-hubs\/research-hub-digital-literacy-and-inclusion-of-the-polytechnic-of-santarem\/\" \/>\n<meta property=\"og:locale\" content=\"en_US\" \/>\n<meta property=\"og:type\" content=\"article\" \/>\n<meta property=\"og:title\" content=\"Research Hub \u2013 Digital Literacy and Inclusion of the Polytechnic of Santar\u00e9m - CIAC\" \/>\n<meta property=\"og:description\" content=\"The Digital Literacy Hub is located in IPSantar\u00e9m and was created on\" \/>\n<meta property=\"og:url\" content=\"https:\/\/ciac.pt\/en\/research-groups-and-hubs\/research-hub-digital-literacy-and-inclusion-of-the-polytechnic-of-santarem\/\" \/>\n<meta property=\"og:site_name\" content=\"CIAC\" \/>\n<meta property=\"article:modified_time\" content=\"2025-07-28T10:24:24+00:00\" \/>\n<meta name=\"twitter:card\" content=\"summary_large_image\" \/>\n<meta name=\"twitter:label1\" content=\"Est. reading time\" \/>\n\t<meta name=\"twitter:data1\" content=\"1 minute\" \/>\n<script type=\"application\/ld+json\" class=\"yoast-schema-graph\">{\"@context\":\"https:\/\/schema.org\",\"@graph\":[{\"@type\":\"WebPage\",\"@id\":\"https:\/\/ciac.pt\/en\/research-groups-and-hubs\/research-hub-digital-literacy-and-inclusion-of-the-polytechnic-of-santarem\/\",\"url\":\"https:\/\/ciac.pt\/en\/research-groups-and-hubs\/research-hub-digital-literacy-and-inclusion-of-the-polytechnic-of-santarem\/\",\"name\":\"Research Hub \u2013 Digital Literacy and Inclusion of the Polytechnic of Santar\u00e9m - CIAC\",\"isPartOf\":{\"@id\":\"https:\/\/ciac.pt\/en\/#website\"},\"datePublished\":\"2023-08-23T16:59:48+00:00\",\"dateModified\":\"2025-07-28T10:24:24+00:00\",\"breadcrumb\":{\"@id\":\"https:\/\/ciac.pt\/en\/research-groups-and-hubs\/research-hub-digital-literacy-and-inclusion-of-the-polytechnic-of-santarem\/#breadcrumb\"},\"inLanguage\":\"en-US\",\"potentialAction\":[{\"@type\":\"ReadAction\",\"target\":[\"https:\/\/ciac.pt\/en\/research-groups-and-hubs\/research-hub-digital-literacy-and-inclusion-of-the-polytechnic-of-santarem\/\"]}]},{\"@type\":\"BreadcrumbList\",\"@id\":\"https:\/\/ciac.pt\/en\/research-groups-and-hubs\/research-hub-digital-literacy-and-inclusion-of-the-polytechnic-of-santarem\/#breadcrumb\",\"itemListElement\":[{\"@type\":\"ListItem\",\"position\":1,\"name\":\"In\u00edcio\",\"item\":\"https:\/\/ciac.pt\/en\/\"},{\"@type\":\"ListItem\",\"position\":2,\"name\":\"Research Groups and Hubs\",\"item\":\"https:\/\/ciac.pt\/en\/research-groups-and-hubs\/\"},{\"@type\":\"ListItem\",\"position\":3,\"name\":\"Research Hub \u2013 Digital Literacy and Inclusion of the Polytechnic of Santar\u00e9m\"}]},{\"@type\":\"WebSite\",\"@id\":\"https:\/\/ciac.pt\/en\/#website\",\"url\":\"https:\/\/ciac.pt\/en\/\",\"name\":\"CIAC\",\"description\":\"Centro de Investiga\u00e7\u00e3o em Artes e Comunica\u00e7\u00e3o\",\"publisher\":{\"@id\":\"https:\/\/ciac.pt\/en\/#organization\"},\"potentialAction\":[{\"@type\":\"SearchAction\",\"target\":{\"@type\":\"EntryPoint\",\"urlTemplate\":\"https:\/\/ciac.pt\/en\/?s={search_term_string}\"},\"query-input\":{\"@type\":\"PropertyValueSpecification\",\"valueRequired\":true,\"valueName\":\"search_term_string\"}}],\"inLanguage\":\"en-US\"},{\"@type\":\"Organization\",\"@id\":\"https:\/\/ciac.pt\/en\/#organization\",\"name\":\"CIAC\",\"url\":\"https:\/\/ciac.pt\/en\/\",\"logo\":{\"@type\":\"ImageObject\",\"inLanguage\":\"en-US\",\"@id\":\"https:\/\/ciac.pt\/en\/#\/schema\/logo\/image\/\",\"url\":\"https:\/\/ciac.pt\/wp-content\/uploads\/2022\/06\/logo.svg\",\"contentUrl\":\"https:\/\/ciac.pt\/wp-content\/uploads\/2022\/06\/logo.svg\",\"width\":184,\"height\":51,\"caption\":\"CIAC\"},\"image\":{\"@id\":\"https:\/\/ciac.pt\/en\/#\/schema\/logo\/image\/\"}}]}<\/script>\n<!-- \/ Yoast SEO plugin. -->","yoast_head_json":{"title":"Research Hub \u2013 Digital Literacy and Inclusion of the Polytechnic of Santar\u00e9m - CIAC","robots":{"index":"index","follow":"follow","max-snippet":"max-snippet:-1","max-image-preview":"max-image-preview:large","max-video-preview":"max-video-preview:-1"},"canonical":"https:\/\/ciac.pt\/en\/research-groups-and-hubs\/research-hub-digital-literacy-and-inclusion-of-the-polytechnic-of-santarem\/","og_locale":"en_US","og_type":"article","og_title":"Research Hub \u2013 Digital Literacy and Inclusion of the Polytechnic of Santar\u00e9m - CIAC","og_description":"The Digital Literacy Hub is located in IPSantar\u00e9m and was created on","og_url":"https:\/\/ciac.pt\/en\/research-groups-and-hubs\/research-hub-digital-literacy-and-inclusion-of-the-polytechnic-of-santarem\/","og_site_name":"CIAC","article_modified_time":"2025-07-28T10:24:24+00:00","twitter_card":"summary_large_image","twitter_misc":{"Est. reading time":"1 minute"},"schema":{"@context":"https:\/\/schema.org","@graph":[{"@type":"WebPage","@id":"https:\/\/ciac.pt\/en\/research-groups-and-hubs\/research-hub-digital-literacy-and-inclusion-of-the-polytechnic-of-santarem\/","url":"https:\/\/ciac.pt\/en\/research-groups-and-hubs\/research-hub-digital-literacy-and-inclusion-of-the-polytechnic-of-santarem\/","name":"Research Hub \u2013 Digital Literacy and Inclusion of the Polytechnic of Santar\u00e9m - CIAC","isPartOf":{"@id":"https:\/\/ciac.pt\/en\/#website"},"datePublished":"2023-08-23T16:59:48+00:00","dateModified":"2025-07-28T10:24:24+00:00","breadcrumb":{"@id":"https:\/\/ciac.pt\/en\/research-groups-and-hubs\/research-hub-digital-literacy-and-inclusion-of-the-polytechnic-of-santarem\/#breadcrumb"},"inLanguage":"en-US","potentialAction":[{"@type":"ReadAction","target":["https:\/\/ciac.pt\/en\/research-groups-and-hubs\/research-hub-digital-literacy-and-inclusion-of-the-polytechnic-of-santarem\/"]}]},{"@type":"BreadcrumbList","@id":"https:\/\/ciac.pt\/en\/research-groups-and-hubs\/research-hub-digital-literacy-and-inclusion-of-the-polytechnic-of-santarem\/#breadcrumb","itemListElement":[{"@type":"ListItem","position":1,"name":"In\u00edcio","item":"https:\/\/ciac.pt\/en\/"},{"@type":"ListItem","position":2,"name":"Research Groups and Hubs","item":"https:\/\/ciac.pt\/en\/research-groups-and-hubs\/"},{"@type":"ListItem","position":3,"name":"Research Hub \u2013 Digital Literacy and Inclusion of the Polytechnic of Santar\u00e9m"}]},{"@type":"WebSite","@id":"https:\/\/ciac.pt\/en\/#website","url":"https:\/\/ciac.pt\/en\/","name":"CIAC","description":"Centro de Investiga\u00e7\u00e3o em Artes e Comunica\u00e7\u00e3o","publisher":{"@id":"https:\/\/ciac.pt\/en\/#organization"},"potentialAction":[{"@type":"SearchAction","target":{"@type":"EntryPoint","urlTemplate":"https:\/\/ciac.pt\/en\/?s={search_term_string}"},"query-input":{"@type":"PropertyValueSpecification","valueRequired":true,"valueName":"search_term_string"}}],"inLanguage":"en-US"},{"@type":"Organization","@id":"https:\/\/ciac.pt\/en\/#organization","name":"CIAC","url":"https:\/\/ciac.pt\/en\/","logo":{"@type":"ImageObject","inLanguage":"en-US","@id":"https:\/\/ciac.pt\/en\/#\/schema\/logo\/image\/","url":"https:\/\/ciac.pt\/wp-content\/uploads\/2022\/06\/logo.svg","contentUrl":"https:\/\/ciac.pt\/wp-content\/uploads\/2022\/06\/logo.svg","width":184,"height":51,"caption":"CIAC"},"image":{"@id":"https:\/\/ciac.pt\/en\/#\/schema\/logo\/image\/"}}]}},"coauthors":[],"author_meta":{"author_link":"https:\/\/ciac.pt\/en\/author\/webmaster\/","display_name":"webmaster"},"relative_dates":{"created":"Posted 3 years ago","modified":"Updated 9 months ago"},"absolute_dates":{"created":"Posted on 23\/08\/2023","modified":"Updated on 28\/07\/2025"},"absolute_dates_time":{"created":"Posted on 23\/08\/2023 17:59","modified":"Updated on 28\/07\/2025 11:24"},"featured_img_caption":"","featured_img":false,"series_order":"","_links":{"self":[{"href":"https:\/\/ciac.pt\/en\/wp-json\/wp\/v2\/pages\/1482","targetHints":{"allow":["GET"]}}],"collection":[{"href":"https:\/\/ciac.pt\/en\/wp-json\/wp\/v2\/pages"}],"about":[{"href":"https:\/\/ciac.pt\/en\/wp-json\/wp\/v2\/types\/page"}],"author":[{"embeddable":true,"href":"https:\/\/ciac.pt\/en\/wp-json\/wp\/v2\/users\/1"}],"replies":[{"embeddable":true,"href":"https:\/\/ciac.pt\/en\/wp-json\/wp\/v2\/comments?post=1482"}],"version-history":[{"count":3,"href":"https:\/\/ciac.pt\/en\/wp-json\/wp\/v2\/pages\/1482\/revisions"}],"predecessor-version":[{"id":11685,"href":"https:\/\/ciac.pt\/en\/wp-json\/wp\/v2\/pages\/1482\/revisions\/11685"}],"up":[{"embeddable":true,"href":"https:\/\/ciac.pt\/en\/wp-json\/wp\/v2\/pages\/1462"}],"wp:attachment":[{"href":"https:\/\/ciac.pt\/en\/wp-json\/wp\/v2\/media?parent=1482"}],"curies":[{"name":"wp","href":"https:\/\/api.w.org\/{rel}","templated":true}]}}