{"id":1484,"date":"2023-08-23T18:00:25","date_gmt":"2023-08-23T17:00:25","guid":{"rendered":"https:\/\/web.ciac.pt\/?page_id=1484"},"modified":"2024-03-05T13:49:50","modified_gmt":"2024-03-05T13:49:50","slug":"logos","status":"publish","type":"page","link":"https:\/\/ciac.pt\/en\/logos\/","title":{"rendered":"Logos"},"content":{"rendered":"\n<ul>\n    <li><a href=\"https:\/\/ciac.pt\/wp-content\/uploads\/2022\/09\/ciac.zip\" download>CIAC \u2013 Centro de Investiga\u00e7\u00e3o em Artes e Comunica\u00e7\u00e3o<\/a><\/li>\n    <li><a href=\"https:\/\/ciac.pt\/wp-content\/uploads\/2022\/09\/ualg.zip\" download>UAlg \u2013 Universidade do Algarve<\/a><\/li>\n    <li><a href=\"https:\/\/ciac.pt\/wp-content\/uploads\/2023\/01\/fct.zip\" download>FCT \u2013 Funda\u00e7\u00e3o para a Ci\u00eancia e a Tecnologia<\/a><\/li>\n    <li><a href=\"https:\/\/ciac.pt\/wp-content\/uploads\/2022\/09\/uab.zip\" download>UAb \u2013 Universidade Aberta<\/a><\/li>\n    <li><a href=\"https:\/\/ciac.pt\/wp-content\/uploads\/2022\/09\/ipsantarem.zip\" download=\"\">IPSantar\u00e9m \u2013 Polit\u00e9cnico de Santar\u00e9m<\/a><\/li>\n    <li><a href=\"https:\/\/ciac.pt\/wp-content\/uploads\/2022\/09\/estc.zip\" download>ESTC \u2013 Escola Superior de Teatro e Cinema<\/a><\/li>\n<li><a href=\"https:\/\/ciac.pt\/wp-content\/uploads\/2024\/01\/umaia.zip\" download>UMAIA \u2013 Universidade da Maia<\/a><\/li>\n<li><a href=\"https:\/\/ciac.pt\/wp-content\/uploads\/2024\/03\/dmad.zip\" download>DMAD \u2013 Doutoramento em M\u00e9dia-Arte Digital<\/a><\/li>\n<\/ul>\n","protected":false},"excerpt":{"rendered":"<p>CIAC \u2013 Centro de Investiga\u00e7\u00e3o em Artes e Comunica\u00e7\u00e3o UAlg \u2013 Universidade<\/p>\n","protected":false},"author":1,"featured_media":0,"parent":0,"menu_order":11,"comment_status":"closed","ping_status":"closed","template":"","meta":{"_eb_attr":"","inline_featured_image":false,"advgb_blocks_editor_width":"","advgb_blocks_columns_visual_guide":"","footnotes":"","_links_to":"","_links_to_target":""},"class_list":["post-1484","page","type-page","status-publish","hentry"],"yoast_head":"<!-- This site is optimized with the Yoast SEO plugin v27.2 - https:\/\/yoast.com\/product\/yoast-seo-wordpress\/ -->\n<title>Logos - CIAC<\/title>\n<meta name=\"robots\" content=\"index, follow, max-snippet:-1, max-image-preview:large, max-video-preview:-1\" \/>\n<link rel=\"canonical\" href=\"https:\/\/ciac.pt\/en\/logos\/\" \/>\n<meta property=\"og:locale\" content=\"en_US\" \/>\n<meta property=\"og:type\" content=\"article\" \/>\n<meta property=\"og:title\" content=\"Logos - CIAC\" \/>\n<meta property=\"og:description\" content=\"CIAC \u2013 Centro de Investiga\u00e7\u00e3o em Artes e Comunica\u00e7\u00e3o UAlg \u2013 Universidade\" \/>\n<meta property=\"og:url\" content=\"https:\/\/ciac.pt\/en\/logos\/\" \/>\n<meta property=\"og:site_name\" content=\"CIAC\" \/>\n<meta property=\"article:modified_time\" content=\"2024-03-05T13:49:50+00:00\" \/>\n<meta name=\"twitter:card\" content=\"summary_large_image\" \/>\n<script type=\"application\/ld+json\" class=\"yoast-schema-graph\">{\"@context\":\"https:\/\/schema.org\",\"@graph\":[{\"@type\":\"WebPage\",\"@id\":\"https:\/\/ciac.pt\/en\/logos\/\",\"url\":\"https:\/\/ciac.pt\/en\/logos\/\",\"name\":\"Logos - CIAC\",\"isPartOf\":{\"@id\":\"https:\/\/ciac.pt\/en\/#website\"},\"datePublished\":\"2023-08-23T17:00:25+00:00\",\"dateModified\":\"2024-03-05T13:49:50+00:00\",\"breadcrumb\":{\"@id\":\"https:\/\/ciac.pt\/en\/logos\/#breadcrumb\"},\"inLanguage\":\"en-US\",\"potentialAction\":[{\"@type\":\"ReadAction\",\"target\":[\"https:\/\/ciac.pt\/en\/logos\/\"]}]},{\"@type\":\"BreadcrumbList\",\"@id\":\"https:\/\/ciac.pt\/en\/logos\/#breadcrumb\",\"itemListElement\":[{\"@type\":\"ListItem\",\"position\":1,\"name\":\"In\u00edcio\",\"item\":\"https:\/\/ciac.pt\/en\/\"},{\"@type\":\"ListItem\",\"position\":2,\"name\":\"Logos\"}]},{\"@type\":\"WebSite\",\"@id\":\"https:\/\/ciac.pt\/en\/#website\",\"url\":\"https:\/\/ciac.pt\/en\/\",\"name\":\"CIAC\",\"description\":\"Centro de Investiga\u00e7\u00e3o em Artes e Comunica\u00e7\u00e3o\",\"publisher\":{\"@id\":\"https:\/\/ciac.pt\/en\/#organization\"},\"potentialAction\":[{\"@type\":\"SearchAction\",\"target\":{\"@type\":\"EntryPoint\",\"urlTemplate\":\"https:\/\/ciac.pt\/en\/?s={search_term_string}\"},\"query-input\":{\"@type\":\"PropertyValueSpecification\",\"valueRequired\":true,\"valueName\":\"search_term_string\"}}],\"inLanguage\":\"en-US\"},{\"@type\":\"Organization\",\"@id\":\"https:\/\/ciac.pt\/en\/#organization\",\"name\":\"CIAC\",\"url\":\"https:\/\/ciac.pt\/en\/\",\"logo\":{\"@type\":\"ImageObject\",\"inLanguage\":\"en-US\",\"@id\":\"https:\/\/ciac.pt\/en\/#\/schema\/logo\/image\/\",\"url\":\"https:\/\/ciac.pt\/wp-content\/uploads\/2022\/06\/logo.svg\",\"contentUrl\":\"https:\/\/ciac.pt\/wp-content\/uploads\/2022\/06\/logo.svg\",\"width\":184,\"height\":51,\"caption\":\"CIAC\"},\"image\":{\"@id\":\"https:\/\/ciac.pt\/en\/#\/schema\/logo\/image\/\"}}]}<\/script>\n<!-- \/ Yoast SEO plugin. -->","yoast_head_json":{"title":"Logos - CIAC","robots":{"index":"index","follow":"follow","max-snippet":"max-snippet:-1","max-image-preview":"max-image-preview:large","max-video-preview":"max-video-preview:-1"},"canonical":"https:\/\/ciac.pt\/en\/logos\/","og_locale":"en_US","og_type":"article","og_title":"Logos - CIAC","og_description":"CIAC \u2013 Centro de Investiga\u00e7\u00e3o em Artes e Comunica\u00e7\u00e3o UAlg \u2013 Universidade","og_url":"https:\/\/ciac.pt\/en\/logos\/","og_site_name":"CIAC","article_modified_time":"2024-03-05T13:49:50+00:00","twitter_card":"summary_large_image","schema":{"@context":"https:\/\/schema.org","@graph":[{"@type":"WebPage","@id":"https:\/\/ciac.pt\/en\/logos\/","url":"https:\/\/ciac.pt\/en\/logos\/","name":"Logos - CIAC","isPartOf":{"@id":"https:\/\/ciac.pt\/en\/#website"},"datePublished":"2023-08-23T17:00:25+00:00","dateModified":"2024-03-05T13:49:50+00:00","breadcrumb":{"@id":"https:\/\/ciac.pt\/en\/logos\/#breadcrumb"},"inLanguage":"en-US","potentialAction":[{"@type":"ReadAction","target":["https:\/\/ciac.pt\/en\/logos\/"]}]},{"@type":"BreadcrumbList","@id":"https:\/\/ciac.pt\/en\/logos\/#breadcrumb","itemListElement":[{"@type":"ListItem","position":1,"name":"In\u00edcio","item":"https:\/\/ciac.pt\/en\/"},{"@type":"ListItem","position":2,"name":"Logos"}]},{"@type":"WebSite","@id":"https:\/\/ciac.pt\/en\/#website","url":"https:\/\/ciac.pt\/en\/","name":"CIAC","description":"Centro de Investiga\u00e7\u00e3o em Artes e Comunica\u00e7\u00e3o","publisher":{"@id":"https:\/\/ciac.pt\/en\/#organization"},"potentialAction":[{"@type":"SearchAction","target":{"@type":"EntryPoint","urlTemplate":"https:\/\/ciac.pt\/en\/?s={search_term_string}"},"query-input":{"@type":"PropertyValueSpecification","valueRequired":true,"valueName":"search_term_string"}}],"inLanguage":"en-US"},{"@type":"Organization","@id":"https:\/\/ciac.pt\/en\/#organization","name":"CIAC","url":"https:\/\/ciac.pt\/en\/","logo":{"@type":"ImageObject","inLanguage":"en-US","@id":"https:\/\/ciac.pt\/en\/#\/schema\/logo\/image\/","url":"https:\/\/ciac.pt\/wp-content\/uploads\/2022\/06\/logo.svg","contentUrl":"https:\/\/ciac.pt\/wp-content\/uploads\/2022\/06\/logo.svg","width":184,"height":51,"caption":"CIAC"},"image":{"@id":"https:\/\/ciac.pt\/en\/#\/schema\/logo\/image\/"}}]}},"coauthors":[],"author_meta":{"author_link":"https:\/\/ciac.pt\/en\/author\/webmaster\/","display_name":"webmaster"},"relative_dates":{"created":"Posted 3 years ago","modified":"Updated 2 years ago"},"absolute_dates":{"created":"Posted on 23\/08\/2023","modified":"Updated on 05\/03\/2024"},"absolute_dates_time":{"created":"Posted on 23\/08\/2023 18:00","modified":"Updated on 05\/03\/2024 13:49"},"featured_img_caption":"","featured_img":false,"series_order":"","_links":{"self":[{"href":"https:\/\/ciac.pt\/en\/wp-json\/wp\/v2\/pages\/1484","targetHints":{"allow":["GET"]}}],"collection":[{"href":"https:\/\/ciac.pt\/en\/wp-json\/wp\/v2\/pages"}],"about":[{"href":"https:\/\/ciac.pt\/en\/wp-json\/wp\/v2\/types\/page"}],"author":[{"embeddable":true,"href":"https:\/\/ciac.pt\/en\/wp-json\/wp\/v2\/users\/1"}],"replies":[{"embeddable":true,"href":"https:\/\/ciac.pt\/en\/wp-json\/wp\/v2\/comments?post=1484"}],"version-history":[{"count":5,"href":"https:\/\/ciac.pt\/en\/wp-json\/wp\/v2\/pages\/1484\/revisions"}],"predecessor-version":[{"id":4832,"href":"https:\/\/ciac.pt\/en\/wp-json\/wp\/v2\/pages\/1484\/revisions\/4832"}],"wp:attachment":[{"href":"https:\/\/ciac.pt\/en\/wp-json\/wp\/v2\/media?parent=1484"}],"curies":[{"name":"wp","href":"https:\/\/api.w.org\/{rel}","templated":true}]}}