{"id":1488,"date":"2023-08-23T18:02:22","date_gmt":"2023-08-23T17:02:22","guid":{"rendered":"https:\/\/web.ciac.pt\/?page_id=1488"},"modified":"2023-08-24T07:17:41","modified_gmt":"2023-08-24T06:17:41","slug":"sitemap","status":"publish","type":"page","link":"https:\/\/ciac.pt\/en\/sitemap\/","title":{"rendered":"Sitemap"},"content":{"rendered":"\n<ul class=\"list-pages-shortcode list-pages\"><li class=\"page_item page-item-1486\"><a href=\"https:\/\/ciac.pt\/en\/\">Home<\/a><\/li>\n<li class=\"page_item page-item-183 page_item_has_children\"><a href=\"https:\/\/ciac.pt\/en\/about-the-center\/\">About the Center<\/a>\n<ul class='children'>\n\t<li class=\"page_item page-item-190\"><a href=\"https:\/\/ciac.pt\/en\/about-the-center\/description\/\">Description<\/a><\/li>\n\t<li class=\"page_item page-item-197\"><a href=\"https:\/\/ciac.pt\/en\/about-the-center\/objectives\/\">Objectives<\/a><\/li>\n\t<li class=\"page_item page-item-203\"><a href=\"https:\/\/ciac.pt\/en\/about-the-center\/open-science\/\">Open Science<\/a><\/li>\n\t<li class=\"page_item page-item-3639\"><a href=\"https:\/\/ciac.pt\/en\/about-the-center\/laboratories\/\">Laboratories<\/a><\/li>\n<\/ul>\n<\/li>\n<li class=\"page_item page-item-243 page_item_has_children\"><a href=\"https:\/\/ciac.pt\/en\/members\/\">Members<\/a>\n<ul class='children'>\n\t<li class=\"page_item page-item-1512\"><a href=\"https:\/\/ciac.pt\/en\/members\/coordination-and-executive-council\/\">Coordination and Executive Council<\/a><\/li>\n\t<li class=\"page_item page-item-1510\"><a href=\"https:\/\/ciac.pt\/en\/members\/scientific-council\/\">Scientific Council<\/a><\/li>\n\t<li class=\"page_item page-item-1506\"><a href=\"https:\/\/ciac.pt\/en\/members\/collaborators\/\">Collaborators<\/a><\/li>\n\t<li class=\"page_item page-item-1514\"><a href=\"https:\/\/ciac.pt\/en\/members\/visiting-researchers\/\">Visiting Researchers<\/a><\/li>\n\t<li class=\"page_item page-item-1508\"><a href=\"https:\/\/ciac.pt\/en\/members\/advisory-board\/\">Advisory Board<\/a><\/li>\n\t<li class=\"page_item page-item-1516\"><a href=\"https:\/\/ciac.pt\/en\/members\/partners\/\">Partners and Internacionalization<\/a><\/li>\n<\/ul>\n<\/li>\n<li class=\"page_item page-item-219 page_item_has_children\"><a href=\"https:\/\/ciac.pt\/en\/advanced-training\/\">Advanced Training<\/a>\n<ul class='children'>\n\t<li class=\"page_item page-item-222\"><a href=\"https:\/\/ciac.pt\/en\/advanced-training\/postgraduate\/\">Postgraduate<\/a><\/li>\n\t<li class=\"page_item page-item-1458\"><a href=\"https:\/\/ciac.pt\/en\/advanced-training\/masters\/\">Masters<\/a><\/li>\n\t<li class=\"page_item page-item-220\"><a href=\"https:\/\/ciac.pt\/en\/advanced-training\/doctoral-studies\/\">Doctoral Studies<\/a><\/li>\n\t<li class=\"page_item page-item-221\"><a href=\"https:\/\/ciac.pt\/en\/advanced-training\/post-doctoral-studies\/\">Post-Doctoral Studies<\/a><\/li>\n<\/ul>\n<\/li>\n<li class=\"page_item page-item-1462 page_item_has_children\"><a href=\"https:\/\/ciac.pt\/en\/research-groups-and-hubs\/\">Research Groups and Hubs<\/a>\n<ul class='children'>\n\t<li class=\"page_item page-item-2488\"><a href=\"https:\/\/ciac.pt\/en\/research-groups-and-hubs\/research-hub-university-of-maia\/\">Mai\u00eautica\/University of Maia Hub<\/a><\/li>\n\t<li class=\"page_item page-item-1464\"><a href=\"https:\/\/ciac.pt\/en\/research-groups-and-hubs\/visual-arts-and-creation-processes\/\">Visual Arts and Creation Processes<\/a><\/li>\n\t<li class=\"page_item page-item-1466\"><a href=\"https:\/\/ciac.pt\/en\/research-groups-and-hubs\/communication-sciences\/\">Communication Sciences<\/a><\/li>\n\t<li class=\"page_item page-item-1468\"><a href=\"https:\/\/ciac.pt\/en\/research-groups-and-hubs\/communication-science-and-cultures\/\">Communication, Science and Cultures<\/a><\/li>\n\t<li class=\"page_item page-item-1470\"><a href=\"https:\/\/ciac.pt\/en\/research-groups-and-hubs\/film-studies\/\">Film Studies<\/a><\/li>\n\t<li class=\"page_item page-item-1472\"><a href=\"https:\/\/ciac.pt\/en\/research-groups-and-hubs\/digital-literacy-and-social-inclusion\/\">Digital Literacy and Social Inclusion<\/a><\/li>\n\t<li class=\"page_item page-item-1476\"><a href=\"https:\/\/ciac.pt\/en\/research-groups-and-hubs\/literature-and-tourism\/\">Literature and Tourism<\/a><\/li>\n\t<li class=\"page_item page-item-1478\"><a href=\"https:\/\/ciac.pt\/en\/research-groups-and-hubs\/digital-media-art\/\">Digital Media-Art<\/a><\/li>\n\t<li class=\"page_item page-item-1474\"><a href=\"https:\/\/ciac.pt\/en\/research-groups-and-hubs\/research-hub-lisbon-theatre-and-film-school\/\">Research Hub \u2013 Lisbon Theatre and Film School<\/a><\/li>\n\t<li class=\"page_item page-item-1480\"><a href=\"https:\/\/ciac.pt\/en\/research-groups-and-hubs\/research-hub-universidade-aberta\/\">Open University Research Center<\/a><\/li>\n\t<li class=\"page_item page-item-1482\"><a href=\"https:\/\/ciac.pt\/en\/research-groups-and-hubs\/research-hub-digital-literacy-and-inclusion-of-the-polytechnic-of-santarem\/\">Research Hub \u2013 Digital Literacy and Inclusion of the Polytechnic of Santar\u00e9m<\/a><\/li>\n<\/ul>\n<\/li>\n<li class=\"page_item page-item-1080 page_item_has_children\"><a href=\"https:\/\/ciac.pt\/en\/projects\/\">Projects<\/a>\n<ul class='children'>\n\t<li class=\"page_item page-item-1502\"><a href=\"https:\/\/ciac.pt\/en\/projects\/national-projects\/\">National Projects<\/a><\/li>\n\t<li class=\"page_item page-item-1500\"><a href=\"https:\/\/ciac.pt\/en\/projects\/international-projects\/\">International Projects<\/a><\/li>\n<\/ul>\n<\/li>\n<li class=\"page_item page-item-1498 page_item_has_children\"><a href=\"https:\/\/ciac.pt\/en\/publications\/\">Publications<\/a>\n<ul class='children'>\n\t<li class=\"page_item page-item-1294\"><a href=\"https:\/\/ciac.pt\/en\/publications\/ciac-editions\/\">CIAC Editions<\/a><\/li>\n\t<li class=\"page_item page-item-1492\"><a href=\"https:\/\/ciac.pt\/en\/publications\/humanitas\/\">Humanitas<\/a><\/li>\n\t<li class=\"page_item page-item-1496\"><a href=\"https:\/\/ciac.pt\/en\/publications\/artefacto\/\">ARTeFACTo<\/a><\/li>\n\t<li class=\"page_item page-item-1757\"><a href=\"https:\/\/ciac.pt\/en\/publications\/creation-processes-collection\/\">Creation Processes Collection<\/a><\/li>\n\t<li class=\"page_item page-item-2358\"><a href=\"https:\/\/ciac.pt\/en\/publications\/littour\/\">Research Group on LIT&#038;TOUR Collection<\/a><\/li>\n\t<li class=\"page_item page-item-1494\"><a href=\"https:\/\/ciac.pt\/en\/publications\/centre-for-galician-studies\/\">Centre for Galician Studies Collection<\/a><\/li>\n\t<li class=\"page_item page-item-2355\"><a href=\"https:\/\/ciac.pt\/en\/publications\/luso-brazilian-perspectives-in-arts-and-communication\/\">Luso-Brazilian Perspectives in Arts and Communication<\/a><\/li>\n\t<li class=\"page_item page-item-1490 page_item_has_children\"><a href=\"https:\/\/ciac.pt\/en\/publications\/journals\/\">Journals<\/a>\n\t<ul class='children'>\n\t\t<li class=\"page_item page-item-2894\"><a href=\"https:\/\/ciac.pt\/en\/publications\/journals\/rotura-journal-of-communication-culture-and-arts\/\">Rotura \u2013 Journal of Communication, Culture and Arts<\/a><\/li>\n\t\t<li class=\"page_item page-item-2473\"><a href=\"https:\/\/ciac.pt\/en\/publications\/journals\/littour-international-journal-of-literature-and-tourism-research\/\">LIT&amp;TOUR: International Journal of Literature and Tourism Research<\/a><\/li>\n\t<\/ul>\n<\/li>\n\t<li class=\"page_item page-item-2442\"><a href=\"https:\/\/ciac.pt\/en\/publications\/proceedings\/\">Proceedings<\/a><\/li>\n\t<li class=\"page_item page-item-2449\"><a href=\"https:\/\/ciac.pt\/en\/publications\/other-editions\/\">Other Editions<\/a><\/li>\n<\/ul>\n<\/li>\n<li class=\"page_item page-item-1525 page_item_has_children\"><a href=\"https:\/\/ciac.pt\/en\/scientific-output\/\">Scientific Output<\/a>\n<ul class='children'>\n\t<li class=\"page_item page-item-1761\"><a href=\"https:\/\/ciac.pt\/en\/scientific-output\/publications\/\">Publications<\/a><\/li>\n\t<li class=\"page_item page-item-1763\"><a href=\"https:\/\/ciac.pt\/en\/scientific-output\/conferences\/\">Conferences<\/a><\/li>\n\t<li class=\"page_item page-item-1765\"><a href=\"https:\/\/ciac.pt\/en\/scientific-output\/exhibitions\/\">Exhibitions<\/a><\/li>\n<\/ul>\n<\/li>\n<li class=\"page_item page-item-1759\"><a href=\"https:\/\/ciac.pt\/en\/news\/\">News<\/a><\/li>\n<li class=\"page_item page-item-1484\"><a href=\"https:\/\/ciac.pt\/en\/logos\/\">Logos<\/a><\/li>\n<li class=\"page_item page-item-1460\"><a href=\"https:\/\/ciac.pt\/en\/photo-gallery\/\">Photo Gallery<\/a><\/li>\n<li class=\"page_item page-item-1456\"><a href=\"https:\/\/ciac.pt\/en\/archive\/\">Archive<\/a><\/li>\n<li class=\"page_item page-item-1518\"><a href=\"https:\/\/ciac.pt\/en\/newsletter\/\">Newsletter<\/a><\/li>\n<li class=\"page_item page-item-1488\"><a href=\"https:\/\/ciac.pt\/en\/sitemap\/\">Sitemap<\/a><\/li>\n<\/ul>\n","protected":false},"excerpt":{"rendered":"","protected":false},"author":1,"featured_media":0,"parent":0,"menu_order":15,"comment_status":"closed","ping_status":"closed","template":"","meta":{"_eb_attr":"","inline_featured_image":false,"advgb_blocks_editor_width":"","advgb_blocks_columns_visual_guide":"","footnotes":"","_links_to":"","_links_to_target":""},"class_list":["post-1488","page","type-page","status-publish","hentry"],"yoast_head":"<!-- This site is optimized with the Yoast SEO plugin v27.2 - https:\/\/yoast.com\/product\/yoast-seo-wordpress\/ -->\n<title>Sitemap - CIAC<\/title>\n<meta name=\"robots\" content=\"index, follow, max-snippet:-1, max-image-preview:large, max-video-preview:-1\" \/>\n<link rel=\"canonical\" href=\"https:\/\/ciac.pt\/en\/sitemap\/\" \/>\n<meta property=\"og:locale\" content=\"en_US\" \/>\n<meta property=\"og:type\" content=\"article\" \/>\n<meta property=\"og:title\" content=\"Sitemap - CIAC\" \/>\n<meta property=\"og:url\" content=\"https:\/\/ciac.pt\/en\/sitemap\/\" \/>\n<meta property=\"og:site_name\" content=\"CIAC\" \/>\n<meta property=\"article:modified_time\" content=\"2023-08-24T06:17:41+00:00\" \/>\n<meta name=\"twitter:card\" content=\"summary_large_image\" \/>\n<script type=\"application\/ld+json\" class=\"yoast-schema-graph\">{\"@context\":\"https:\/\/schema.org\",\"@graph\":[{\"@type\":\"WebPage\",\"@id\":\"https:\/\/ciac.pt\/en\/sitemap\/\",\"url\":\"https:\/\/ciac.pt\/en\/sitemap\/\",\"name\":\"Sitemap - CIAC\",\"isPartOf\":{\"@id\":\"https:\/\/ciac.pt\/en\/#website\"},\"datePublished\":\"2023-08-23T17:02:22+00:00\",\"dateModified\":\"2023-08-24T06:17:41+00:00\",\"breadcrumb\":{\"@id\":\"https:\/\/ciac.pt\/en\/sitemap\/#breadcrumb\"},\"inLanguage\":\"en-US\",\"potentialAction\":[{\"@type\":\"ReadAction\",\"target\":[\"https:\/\/ciac.pt\/en\/sitemap\/\"]}]},{\"@type\":\"BreadcrumbList\",\"@id\":\"https:\/\/ciac.pt\/en\/sitemap\/#breadcrumb\",\"itemListElement\":[{\"@type\":\"ListItem\",\"position\":1,\"name\":\"In\u00edcio\",\"item\":\"https:\/\/ciac.pt\/en\/\"},{\"@type\":\"ListItem\",\"position\":2,\"name\":\"Sitemap\"}]},{\"@type\":\"WebSite\",\"@id\":\"https:\/\/ciac.pt\/en\/#website\",\"url\":\"https:\/\/ciac.pt\/en\/\",\"name\":\"CIAC\",\"description\":\"Centro de Investiga\u00e7\u00e3o em Artes e Comunica\u00e7\u00e3o\",\"publisher\":{\"@id\":\"https:\/\/ciac.pt\/en\/#organization\"},\"potentialAction\":[{\"@type\":\"SearchAction\",\"target\":{\"@type\":\"EntryPoint\",\"urlTemplate\":\"https:\/\/ciac.pt\/en\/?s={search_term_string}\"},\"query-input\":{\"@type\":\"PropertyValueSpecification\",\"valueRequired\":true,\"valueName\":\"search_term_string\"}}],\"inLanguage\":\"en-US\"},{\"@type\":\"Organization\",\"@id\":\"https:\/\/ciac.pt\/en\/#organization\",\"name\":\"CIAC\",\"url\":\"https:\/\/ciac.pt\/en\/\",\"logo\":{\"@type\":\"ImageObject\",\"inLanguage\":\"en-US\",\"@id\":\"https:\/\/ciac.pt\/en\/#\/schema\/logo\/image\/\",\"url\":\"https:\/\/ciac.pt\/wp-content\/uploads\/2022\/06\/logo.svg\",\"contentUrl\":\"https:\/\/ciac.pt\/wp-content\/uploads\/2022\/06\/logo.svg\",\"width\":184,\"height\":51,\"caption\":\"CIAC\"},\"image\":{\"@id\":\"https:\/\/ciac.pt\/en\/#\/schema\/logo\/image\/\"}}]}<\/script>\n<!-- \/ Yoast SEO plugin. -->","yoast_head_json":{"title":"Sitemap - CIAC","robots":{"index":"index","follow":"follow","max-snippet":"max-snippet:-1","max-image-preview":"max-image-preview:large","max-video-preview":"max-video-preview:-1"},"canonical":"https:\/\/ciac.pt\/en\/sitemap\/","og_locale":"en_US","og_type":"article","og_title":"Sitemap - CIAC","og_url":"https:\/\/ciac.pt\/en\/sitemap\/","og_site_name":"CIAC","article_modified_time":"2023-08-24T06:17:41+00:00","twitter_card":"summary_large_image","schema":{"@context":"https:\/\/schema.org","@graph":[{"@type":"WebPage","@id":"https:\/\/ciac.pt\/en\/sitemap\/","url":"https:\/\/ciac.pt\/en\/sitemap\/","name":"Sitemap - CIAC","isPartOf":{"@id":"https:\/\/ciac.pt\/en\/#website"},"datePublished":"2023-08-23T17:02:22+00:00","dateModified":"2023-08-24T06:17:41+00:00","breadcrumb":{"@id":"https:\/\/ciac.pt\/en\/sitemap\/#breadcrumb"},"inLanguage":"en-US","potentialAction":[{"@type":"ReadAction","target":["https:\/\/ciac.pt\/en\/sitemap\/"]}]},{"@type":"BreadcrumbList","@id":"https:\/\/ciac.pt\/en\/sitemap\/#breadcrumb","itemListElement":[{"@type":"ListItem","position":1,"name":"In\u00edcio","item":"https:\/\/ciac.pt\/en\/"},{"@type":"ListItem","position":2,"name":"Sitemap"}]},{"@type":"WebSite","@id":"https:\/\/ciac.pt\/en\/#website","url":"https:\/\/ciac.pt\/en\/","name":"CIAC","description":"Centro de Investiga\u00e7\u00e3o em Artes e Comunica\u00e7\u00e3o","publisher":{"@id":"https:\/\/ciac.pt\/en\/#organization"},"potentialAction":[{"@type":"SearchAction","target":{"@type":"EntryPoint","urlTemplate":"https:\/\/ciac.pt\/en\/?s={search_term_string}"},"query-input":{"@type":"PropertyValueSpecification","valueRequired":true,"valueName":"search_term_string"}}],"inLanguage":"en-US"},{"@type":"Organization","@id":"https:\/\/ciac.pt\/en\/#organization","name":"CIAC","url":"https:\/\/ciac.pt\/en\/","logo":{"@type":"ImageObject","inLanguage":"en-US","@id":"https:\/\/ciac.pt\/en\/#\/schema\/logo\/image\/","url":"https:\/\/ciac.pt\/wp-content\/uploads\/2022\/06\/logo.svg","contentUrl":"https:\/\/ciac.pt\/wp-content\/uploads\/2022\/06\/logo.svg","width":184,"height":51,"caption":"CIAC"},"image":{"@id":"https:\/\/ciac.pt\/en\/#\/schema\/logo\/image\/"}}]}},"coauthors":[],"author_meta":{"author_link":"https:\/\/ciac.pt\/en\/author\/webmaster\/","display_name":"webmaster"},"relative_dates":{"created":"Posted 3 years ago","modified":"Updated 3 years ago"},"absolute_dates":{"created":"Posted on 23\/08\/2023","modified":"Updated on 24\/08\/2023"},"absolute_dates_time":{"created":"Posted on 23\/08\/2023 18:02","modified":"Updated on 24\/08\/2023 7:17"},"featured_img_caption":"","featured_img":false,"series_order":"","_links":{"self":[{"href":"https:\/\/ciac.pt\/en\/wp-json\/wp\/v2\/pages\/1488","targetHints":{"allow":["GET"]}}],"collection":[{"href":"https:\/\/ciac.pt\/en\/wp-json\/wp\/v2\/pages"}],"about":[{"href":"https:\/\/ciac.pt\/en\/wp-json\/wp\/v2\/types\/page"}],"author":[{"embeddable":true,"href":"https:\/\/ciac.pt\/en\/wp-json\/wp\/v2\/users\/1"}],"replies":[{"embeddable":true,"href":"https:\/\/ciac.pt\/en\/wp-json\/wp\/v2\/comments?post=1488"}],"version-history":[{"count":2,"href":"https:\/\/ciac.pt\/en\/wp-json\/wp\/v2\/pages\/1488\/revisions"}],"predecessor-version":[{"id":1540,"href":"https:\/\/ciac.pt\/en\/wp-json\/wp\/v2\/pages\/1488\/revisions\/1540"}],"wp:attachment":[{"href":"https:\/\/ciac.pt\/en\/wp-json\/wp\/v2\/media?parent=1488"}],"curies":[{"name":"wp","href":"https:\/\/api.w.org\/{rel}","templated":true}]}}