{"id":1496,"date":"2023-08-23T18:05:45","date_gmt":"2023-08-23T17:05:45","guid":{"rendered":"https:\/\/web.ciac.pt\/?page_id=1496"},"modified":"2024-04-03T16:23:34","modified_gmt":"2024-04-03T15:23:34","slug":"artefacto","status":"publish","type":"page","link":"https:\/\/ciac.pt\/en\/publications\/artefacto\/","title":{"rendered":"ARTeFACTo"},"content":{"rendered":"\n<p>The International Conference Artefacto arises from the confluence of the need \u2013 of the Artech Association and CIAC \u2013 to create an international event that would bring together, not only the most current reflections on the universe of new media art but also the objects about which they speak.<\/p>\n\n\n\n<p>The art created with digital resources or from the combination with new technologies has taken, over the last 50 years, many names and diverse formats. Anne Cauquelin, in 1992, concludes in her book Contemporary Art \u2013 An Introduction, Introducing the Reader to a New Possible Form of Art \u2013 the concept of technological art. If we consider that the relations between art and technology began in 1952, with an electronic music concert held at MOMA, and that in the 60s we witnessed remarkable events emerging for the consolidation of this relationship, it seems a little strange that we are being \u201cintroduced\u201d to a new modality of art only in 1992. In fact, the relationship between the arts and technologies developed somewhat surrounding the official history of the arts, through festivals such as Ars Eletronica and the emergence of specific galleries and\/or museums, still in the 80s. In general, this relationship, no matter how fruitful it has been and continues to be, has created some distrust, in the same way that photography and cinema did in their times. Artists had to take the lead and experiment with new media to disrupt the logic of the functional and functionalist discourse \u2013 inherent to machines.<\/p>\n\n\n\n<p>In the same way that the Contemporary Arts have expanded in the most varied directions, the arts, contemporaneity, which use technologies as a tool, medium, or device for their creations, assume different modalities \u2013 more or less virtual, more or less interactive, but always with the intention of provoking a reaction in the viewers, which leads them to think about themselves, about their body and their role in the world that quickly transforms, expands and contracts, in a world that dissolves in bits and algorithms.<\/p>\n\n\n\n<hr class=\"wp-block-separator alignwide has-alpha-channel-opacity separador\"\/>\n\n\n\n<div class=\"wp-block-query ciac-news-grid is-layout-flow wp-block-query-is-layout-flow\"><ul class=\"columns-6 wp-block-post-template is-layout-grid wp-container-core-post-template-is-layout-cecc1a5b wp-block-post-template-is-layout-grid\"><li class=\"wp-block-post post-2431 post type-post status-publish format-standard has-post-thumbnail hentry category-publications tag-artefacto-en\">\n<figure class=\"featured-image wp-block-post-featured-image\"><a href=\"https:\/\/ciac.pt\/en\/publications\/proceedings-of-the-international-conference-on-digital-creation-in-arts-and-communication-artefacto2020\/\" target=\"_self\"  ><img decoding=\"async\" width=\"232\" height=\"300\" data-src=\"https:\/\/ciac.pt\/wp-content\/uploads\/2023\/12\/artefacto-2020.jpg\" class=\"attachment-post-thumbnail size-post-thumbnail wp-post-image lazyload\" alt=\"Proceedings of the International Conference on Digital Creation in Arts and Communication, ARTeFACTo2020\" style=\"--smush-placeholder-width: 232px; --smush-placeholder-aspect-ratio: 232\/300;object-fit:cover;\" src=\"data:image\/svg+xml;base64,PHN2ZyB3aWR0aD0iMSIgaGVpZ2h0PSIxIiB4bWxucz0iaHR0cDovL3d3dy53My5vcmcvMjAwMC9zdmciPjwvc3ZnPg==\" \/><\/a><\/figure>\n\n<h5 class=\"wp-block-post-title\"><a href=\"https:\/\/ciac.pt\/en\/publications\/proceedings-of-the-international-conference-on-digital-creation-in-arts-and-communication-artefacto2020\/\" target=\"_self\" >Proceedings of the International Conference on Digital Creation in Arts and Communication, ARTeFACTo2020<\/a><\/h5>\n<\/li><\/ul><\/div>\n","protected":false},"excerpt":{"rendered":"<p>The International Conference Artefacto arises from the confluence of the need \u2013<\/p>\n","protected":false},"author":1,"featured_media":0,"parent":1498,"menu_order":3,"comment_status":"closed","ping_status":"closed","template":"","meta":{"_eb_attr":"","inline_featured_image":false,"advgb_blocks_editor_width":"","advgb_blocks_columns_visual_guide":"","footnotes":"","_links_to":"","_links_to_target":""},"class_list":["post-1496","page","type-page","status-publish","hentry"],"yoast_head":"<!-- This site is optimized with the Yoast SEO plugin v27.4 - https:\/\/yoast.com\/product\/yoast-seo-wordpress\/ -->\n<title>ARTeFACTo - CIAC<\/title>\n<meta name=\"robots\" content=\"index, follow, max-snippet:-1, max-image-preview:large, max-video-preview:-1\" \/>\n<link rel=\"canonical\" href=\"https:\/\/ciac.pt\/en\/publications\/artefacto\/\" \/>\n<meta property=\"og:locale\" content=\"en_US\" \/>\n<meta property=\"og:type\" content=\"article\" \/>\n<meta property=\"og:title\" content=\"ARTeFACTo - CIAC\" \/>\n<meta property=\"og:description\" content=\"The International Conference Artefacto arises from the confluence of the need \u2013\" \/>\n<meta property=\"og:url\" content=\"https:\/\/ciac.pt\/en\/publications\/artefacto\/\" \/>\n<meta property=\"og:site_name\" content=\"CIAC\" \/>\n<meta property=\"article:modified_time\" content=\"2024-04-03T15:23:34+00:00\" \/>\n<meta name=\"twitter:card\" content=\"summary_large_image\" \/>\n<meta name=\"twitter:label1\" content=\"Est. reading time\" \/>\n\t<meta name=\"twitter:data1\" content=\"2 minutes\" \/>\n<script type=\"application\/ld+json\" class=\"yoast-schema-graph\">{\"@context\":\"https:\\\/\\\/schema.org\",\"@graph\":[{\"@type\":\"WebPage\",\"@id\":\"https:\\\/\\\/ciac.pt\\\/en\\\/publications\\\/artefacto\\\/\",\"url\":\"https:\\\/\\\/ciac.pt\\\/en\\\/publications\\\/artefacto\\\/\",\"name\":\"ARTeFACTo - CIAC\",\"isPartOf\":{\"@id\":\"https:\\\/\\\/ciac.pt\\\/en\\\/#website\"},\"datePublished\":\"2023-08-23T17:05:45+00:00\",\"dateModified\":\"2024-04-03T15:23:34+00:00\",\"breadcrumb\":{\"@id\":\"https:\\\/\\\/ciac.pt\\\/en\\\/publications\\\/artefacto\\\/#breadcrumb\"},\"inLanguage\":\"en-US\",\"potentialAction\":[{\"@type\":\"ReadAction\",\"target\":[\"https:\\\/\\\/ciac.pt\\\/en\\\/publications\\\/artefacto\\\/\"]}]},{\"@type\":\"BreadcrumbList\",\"@id\":\"https:\\\/\\\/ciac.pt\\\/en\\\/publications\\\/artefacto\\\/#breadcrumb\",\"itemListElement\":[{\"@type\":\"ListItem\",\"position\":1,\"name\":\"In\u00edcio\",\"item\":\"https:\\\/\\\/ciac.pt\\\/en\\\/\"},{\"@type\":\"ListItem\",\"position\":2,\"name\":\"Publications\",\"item\":\"https:\\\/\\\/ciac.pt\\\/en\\\/publications\\\/\"},{\"@type\":\"ListItem\",\"position\":3,\"name\":\"ARTeFACTo\"}]},{\"@type\":\"WebSite\",\"@id\":\"https:\\\/\\\/ciac.pt\\\/en\\\/#website\",\"url\":\"https:\\\/\\\/ciac.pt\\\/en\\\/\",\"name\":\"CIAC\",\"description\":\"Centro de Investiga\u00e7\u00e3o em Artes e Comunica\u00e7\u00e3o\",\"publisher\":{\"@id\":\"https:\\\/\\\/ciac.pt\\\/en\\\/#organization\"},\"potentialAction\":[{\"@type\":\"SearchAction\",\"target\":{\"@type\":\"EntryPoint\",\"urlTemplate\":\"https:\\\/\\\/ciac.pt\\\/en\\\/?s={search_term_string}\"},\"query-input\":{\"@type\":\"PropertyValueSpecification\",\"valueRequired\":true,\"valueName\":\"search_term_string\"}}],\"inLanguage\":\"en-US\"},{\"@type\":\"Organization\",\"@id\":\"https:\\\/\\\/ciac.pt\\\/en\\\/#organization\",\"name\":\"CIAC\",\"url\":\"https:\\\/\\\/ciac.pt\\\/en\\\/\",\"logo\":{\"@type\":\"ImageObject\",\"inLanguage\":\"en-US\",\"@id\":\"https:\\\/\\\/ciac.pt\\\/en\\\/#\\\/schema\\\/logo\\\/image\\\/\",\"url\":\"https:\\\/\\\/ciac.pt\\\/wp-content\\\/uploads\\\/2022\\\/06\\\/logo.svg\",\"contentUrl\":\"https:\\\/\\\/ciac.pt\\\/wp-content\\\/uploads\\\/2022\\\/06\\\/logo.svg\",\"width\":184,\"height\":51,\"caption\":\"CIAC\"},\"image\":{\"@id\":\"https:\\\/\\\/ciac.pt\\\/en\\\/#\\\/schema\\\/logo\\\/image\\\/\"}}]}<\/script>\n<!-- \/ Yoast SEO plugin. -->","yoast_head_json":{"title":"ARTeFACTo - CIAC","robots":{"index":"index","follow":"follow","max-snippet":"max-snippet:-1","max-image-preview":"max-image-preview:large","max-video-preview":"max-video-preview:-1"},"canonical":"https:\/\/ciac.pt\/en\/publications\/artefacto\/","og_locale":"en_US","og_type":"article","og_title":"ARTeFACTo - CIAC","og_description":"The International Conference Artefacto arises from the confluence of the need \u2013","og_url":"https:\/\/ciac.pt\/en\/publications\/artefacto\/","og_site_name":"CIAC","article_modified_time":"2024-04-03T15:23:34+00:00","twitter_card":"summary_large_image","twitter_misc":{"Est. reading time":"2 minutes"},"schema":{"@context":"https:\/\/schema.org","@graph":[{"@type":"WebPage","@id":"https:\/\/ciac.pt\/en\/publications\/artefacto\/","url":"https:\/\/ciac.pt\/en\/publications\/artefacto\/","name":"ARTeFACTo - CIAC","isPartOf":{"@id":"https:\/\/ciac.pt\/en\/#website"},"datePublished":"2023-08-23T17:05:45+00:00","dateModified":"2024-04-03T15:23:34+00:00","breadcrumb":{"@id":"https:\/\/ciac.pt\/en\/publications\/artefacto\/#breadcrumb"},"inLanguage":"en-US","potentialAction":[{"@type":"ReadAction","target":["https:\/\/ciac.pt\/en\/publications\/artefacto\/"]}]},{"@type":"BreadcrumbList","@id":"https:\/\/ciac.pt\/en\/publications\/artefacto\/#breadcrumb","itemListElement":[{"@type":"ListItem","position":1,"name":"In\u00edcio","item":"https:\/\/ciac.pt\/en\/"},{"@type":"ListItem","position":2,"name":"Publications","item":"https:\/\/ciac.pt\/en\/publications\/"},{"@type":"ListItem","position":3,"name":"ARTeFACTo"}]},{"@type":"WebSite","@id":"https:\/\/ciac.pt\/en\/#website","url":"https:\/\/ciac.pt\/en\/","name":"CIAC","description":"Centro de Investiga\u00e7\u00e3o em Artes e Comunica\u00e7\u00e3o","publisher":{"@id":"https:\/\/ciac.pt\/en\/#organization"},"potentialAction":[{"@type":"SearchAction","target":{"@type":"EntryPoint","urlTemplate":"https:\/\/ciac.pt\/en\/?s={search_term_string}"},"query-input":{"@type":"PropertyValueSpecification","valueRequired":true,"valueName":"search_term_string"}}],"inLanguage":"en-US"},{"@type":"Organization","@id":"https:\/\/ciac.pt\/en\/#organization","name":"CIAC","url":"https:\/\/ciac.pt\/en\/","logo":{"@type":"ImageObject","inLanguage":"en-US","@id":"https:\/\/ciac.pt\/en\/#\/schema\/logo\/image\/","url":"https:\/\/ciac.pt\/wp-content\/uploads\/2022\/06\/logo.svg","contentUrl":"https:\/\/ciac.pt\/wp-content\/uploads\/2022\/06\/logo.svg","width":184,"height":51,"caption":"CIAC"},"image":{"@id":"https:\/\/ciac.pt\/en\/#\/schema\/logo\/image\/"}}]}},"coauthors":[],"author_meta":{"author_link":"https:\/\/ciac.pt\/en\/author\/webmaster\/","display_name":"webmaster"},"relative_dates":{"created":"Posted 3 years ago","modified":"Updated 2 years ago"},"absolute_dates":{"created":"Posted on 23\/08\/2023","modified":"Updated on 03\/04\/2024"},"absolute_dates_time":{"created":"Posted on 23\/08\/2023 18:05","modified":"Updated on 03\/04\/2024 16:23"},"featured_img_caption":"","featured_img":false,"series_order":"","_links":{"self":[{"href":"https:\/\/ciac.pt\/en\/wp-json\/wp\/v2\/pages\/1496","targetHints":{"allow":["GET"]}}],"collection":[{"href":"https:\/\/ciac.pt\/en\/wp-json\/wp\/v2\/pages"}],"about":[{"href":"https:\/\/ciac.pt\/en\/wp-json\/wp\/v2\/types\/page"}],"author":[{"embeddable":true,"href":"https:\/\/ciac.pt\/en\/wp-json\/wp\/v2\/users\/1"}],"replies":[{"embeddable":true,"href":"https:\/\/ciac.pt\/en\/wp-json\/wp\/v2\/comments?post=1496"}],"version-history":[{"count":8,"href":"https:\/\/ciac.pt\/en\/wp-json\/wp\/v2\/pages\/1496\/revisions"}],"predecessor-version":[{"id":5995,"href":"https:\/\/ciac.pt\/en\/wp-json\/wp\/v2\/pages\/1496\/revisions\/5995"}],"up":[{"embeddable":true,"href":"https:\/\/ciac.pt\/en\/wp-json\/wp\/v2\/pages\/1498"}],"wp:attachment":[{"href":"https:\/\/ciac.pt\/en\/wp-json\/wp\/v2\/media?parent=1496"}],"curies":[{"name":"wp","href":"https:\/\/api.w.org\/{rel}","templated":true}]}}