{"id":1498,"date":"2023-08-23T18:06:13","date_gmt":"2023-08-23T17:06:13","guid":{"rendered":"https:\/\/web.ciac.pt\/?page_id=1498"},"modified":"2024-03-18T15:27:16","modified_gmt":"2024-03-18T15:27:16","slug":"publications","status":"publish","type":"page","link":"https:\/\/ciac.pt\/en\/publications\/","title":{"rendered":"Publications"},"content":{"rendered":"<ul class=\"list-pages-shortcode list-pages\"><li class=\"page_item page-item-1294\"><a href=\"https:\/\/ciac.pt\/en\/publications\/ciac-editions\/\">CIAC Editions<\/a><\/li>\n<li class=\"page_item page-item-1757\"><a href=\"https:\/\/ciac.pt\/en\/publications\/creation-processes-collection\/\">Creation Processes Collection<\/a><\/li>\n<li class=\"page_item page-item-2358\"><a href=\"https:\/\/ciac.pt\/en\/publications\/littour\/\">Research Group on LIT&#038;TOUR Collection<\/a><\/li>\n<li class=\"page_item page-item-1494\"><a href=\"https:\/\/ciac.pt\/en\/publications\/centre-for-galician-studies\/\">Centre for Galician Studies Collection<\/a><\/li>\n<li class=\"page_item page-item-1490\"><a href=\"https:\/\/ciac.pt\/en\/publications\/journals\/\">Journals<\/a><\/li>\n<li class=\"page_item page-item-2442\"><a href=\"https:\/\/ciac.pt\/en\/publications\/proceedings\/\">Proceedings<\/a><\/li>\n<\/ul>\n\n\n\n<hr class=\"wp-block-separator alignwide has-alpha-channel-opacity\"\/>\n\n\n\n<h2 class=\"wp-block-heading\">Joint Editions with other Publishers<\/h2>\n\n\n<ul class=\"list-pages-shortcode list-pages\"><li class=\"page_item page-item-1492\"><a href=\"https:\/\/ciac.pt\/en\/publications\/humanitas\/\">Humanitas<\/a><\/li>\n<li class=\"page_item page-item-2355\"><a href=\"https:\/\/ciac.pt\/en\/publications\/luso-brazilian-perspectives-in-arts-and-communication\/\">Luso-Brazilian Perspectives in Arts and Communication<\/a><\/li>\n<li class=\"page_item page-item-2449\"><a href=\"https:\/\/ciac.pt\/en\/publications\/other-editions\/\">Other Editions<\/a><\/li>\n<\/ul>\n","protected":false},"excerpt":{"rendered":"<p>Joint Editions with other Publishers<\/p>\n","protected":false},"author":1,"featured_media":0,"parent":0,"menu_order":7,"comment_status":"closed","ping_status":"closed","template":"","meta":{"_eb_attr":"","inline_featured_image":false,"advgb_blocks_editor_width":"","advgb_blocks_columns_visual_guide":"","footnotes":"","_links_to":"","_links_to_target":""},"class_list":["post-1498","page","type-page","status-publish","hentry"],"yoast_head":"<!-- This site is optimized with the Yoast SEO plugin v27.2 - https:\/\/yoast.com\/product\/yoast-seo-wordpress\/ -->\n<title>Publications - CIAC<\/title>\n<meta name=\"robots\" content=\"index, follow, max-snippet:-1, max-image-preview:large, max-video-preview:-1\" \/>\n<link rel=\"canonical\" href=\"https:\/\/ciac.pt\/en\/publications\/\" \/>\n<meta property=\"og:locale\" content=\"en_US\" \/>\n<meta property=\"og:type\" content=\"article\" \/>\n<meta property=\"og:title\" content=\"Publications - CIAC\" \/>\n<meta property=\"og:description\" content=\"Joint Editions with other Publishers\" \/>\n<meta property=\"og:url\" content=\"https:\/\/ciac.pt\/en\/publications\/\" \/>\n<meta property=\"og:site_name\" content=\"CIAC\" \/>\n<meta property=\"article:modified_time\" content=\"2024-03-18T15:27:16+00:00\" \/>\n<meta name=\"twitter:card\" content=\"summary_large_image\" \/>\n<script type=\"application\/ld+json\" class=\"yoast-schema-graph\">{\"@context\":\"https:\/\/schema.org\",\"@graph\":[{\"@type\":\"WebPage\",\"@id\":\"https:\/\/ciac.pt\/en\/publications\/\",\"url\":\"https:\/\/ciac.pt\/en\/publications\/\",\"name\":\"Publications - CIAC\",\"isPartOf\":{\"@id\":\"https:\/\/ciac.pt\/en\/#website\"},\"datePublished\":\"2023-08-23T17:06:13+00:00\",\"dateModified\":\"2024-03-18T15:27:16+00:00\",\"breadcrumb\":{\"@id\":\"https:\/\/ciac.pt\/en\/publications\/#breadcrumb\"},\"inLanguage\":\"en-US\",\"potentialAction\":[{\"@type\":\"ReadAction\",\"target\":[\"https:\/\/ciac.pt\/en\/publications\/\"]}]},{\"@type\":\"BreadcrumbList\",\"@id\":\"https:\/\/ciac.pt\/en\/publications\/#breadcrumb\",\"itemListElement\":[{\"@type\":\"ListItem\",\"position\":1,\"name\":\"In\u00edcio\",\"item\":\"https:\/\/ciac.pt\/en\/\"},{\"@type\":\"ListItem\",\"position\":2,\"name\":\"Publications\"}]},{\"@type\":\"WebSite\",\"@id\":\"https:\/\/ciac.pt\/en\/#website\",\"url\":\"https:\/\/ciac.pt\/en\/\",\"name\":\"CIAC\",\"description\":\"Centro de Investiga\u00e7\u00e3o em Artes e Comunica\u00e7\u00e3o\",\"publisher\":{\"@id\":\"https:\/\/ciac.pt\/en\/#organization\"},\"potentialAction\":[{\"@type\":\"SearchAction\",\"target\":{\"@type\":\"EntryPoint\",\"urlTemplate\":\"https:\/\/ciac.pt\/en\/?s={search_term_string}\"},\"query-input\":{\"@type\":\"PropertyValueSpecification\",\"valueRequired\":true,\"valueName\":\"search_term_string\"}}],\"inLanguage\":\"en-US\"},{\"@type\":\"Organization\",\"@id\":\"https:\/\/ciac.pt\/en\/#organization\",\"name\":\"CIAC\",\"url\":\"https:\/\/ciac.pt\/en\/\",\"logo\":{\"@type\":\"ImageObject\",\"inLanguage\":\"en-US\",\"@id\":\"https:\/\/ciac.pt\/en\/#\/schema\/logo\/image\/\",\"url\":\"https:\/\/ciac.pt\/wp-content\/uploads\/2022\/06\/logo.svg\",\"contentUrl\":\"https:\/\/ciac.pt\/wp-content\/uploads\/2022\/06\/logo.svg\",\"width\":184,\"height\":51,\"caption\":\"CIAC\"},\"image\":{\"@id\":\"https:\/\/ciac.pt\/en\/#\/schema\/logo\/image\/\"}}]}<\/script>\n<!-- \/ Yoast SEO plugin. -->","yoast_head_json":{"title":"Publications - CIAC","robots":{"index":"index","follow":"follow","max-snippet":"max-snippet:-1","max-image-preview":"max-image-preview:large","max-video-preview":"max-video-preview:-1"},"canonical":"https:\/\/ciac.pt\/en\/publications\/","og_locale":"en_US","og_type":"article","og_title":"Publications - CIAC","og_description":"Joint Editions with other Publishers","og_url":"https:\/\/ciac.pt\/en\/publications\/","og_site_name":"CIAC","article_modified_time":"2024-03-18T15:27:16+00:00","twitter_card":"summary_large_image","schema":{"@context":"https:\/\/schema.org","@graph":[{"@type":"WebPage","@id":"https:\/\/ciac.pt\/en\/publications\/","url":"https:\/\/ciac.pt\/en\/publications\/","name":"Publications - CIAC","isPartOf":{"@id":"https:\/\/ciac.pt\/en\/#website"},"datePublished":"2023-08-23T17:06:13+00:00","dateModified":"2024-03-18T15:27:16+00:00","breadcrumb":{"@id":"https:\/\/ciac.pt\/en\/publications\/#breadcrumb"},"inLanguage":"en-US","potentialAction":[{"@type":"ReadAction","target":["https:\/\/ciac.pt\/en\/publications\/"]}]},{"@type":"BreadcrumbList","@id":"https:\/\/ciac.pt\/en\/publications\/#breadcrumb","itemListElement":[{"@type":"ListItem","position":1,"name":"In\u00edcio","item":"https:\/\/ciac.pt\/en\/"},{"@type":"ListItem","position":2,"name":"Publications"}]},{"@type":"WebSite","@id":"https:\/\/ciac.pt\/en\/#website","url":"https:\/\/ciac.pt\/en\/","name":"CIAC","description":"Centro de Investiga\u00e7\u00e3o em Artes e Comunica\u00e7\u00e3o","publisher":{"@id":"https:\/\/ciac.pt\/en\/#organization"},"potentialAction":[{"@type":"SearchAction","target":{"@type":"EntryPoint","urlTemplate":"https:\/\/ciac.pt\/en\/?s={search_term_string}"},"query-input":{"@type":"PropertyValueSpecification","valueRequired":true,"valueName":"search_term_string"}}],"inLanguage":"en-US"},{"@type":"Organization","@id":"https:\/\/ciac.pt\/en\/#organization","name":"CIAC","url":"https:\/\/ciac.pt\/en\/","logo":{"@type":"ImageObject","inLanguage":"en-US","@id":"https:\/\/ciac.pt\/en\/#\/schema\/logo\/image\/","url":"https:\/\/ciac.pt\/wp-content\/uploads\/2022\/06\/logo.svg","contentUrl":"https:\/\/ciac.pt\/wp-content\/uploads\/2022\/06\/logo.svg","width":184,"height":51,"caption":"CIAC"},"image":{"@id":"https:\/\/ciac.pt\/en\/#\/schema\/logo\/image\/"}}]}},"coauthors":[],"author_meta":{"author_link":"https:\/\/ciac.pt\/en\/author\/webmaster\/","display_name":"webmaster"},"relative_dates":{"created":"Posted 3 years ago","modified":"Updated 2 years ago"},"absolute_dates":{"created":"Posted on 23\/08\/2023","modified":"Updated on 18\/03\/2024"},"absolute_dates_time":{"created":"Posted on 23\/08\/2023 18:06","modified":"Updated on 18\/03\/2024 15:27"},"featured_img_caption":"","featured_img":false,"series_order":"","_links":{"self":[{"href":"https:\/\/ciac.pt\/en\/wp-json\/wp\/v2\/pages\/1498","targetHints":{"allow":["GET"]}}],"collection":[{"href":"https:\/\/ciac.pt\/en\/wp-json\/wp\/v2\/pages"}],"about":[{"href":"https:\/\/ciac.pt\/en\/wp-json\/wp\/v2\/types\/page"}],"author":[{"embeddable":true,"href":"https:\/\/ciac.pt\/en\/wp-json\/wp\/v2\/users\/1"}],"replies":[{"embeddable":true,"href":"https:\/\/ciac.pt\/en\/wp-json\/wp\/v2\/comments?post=1498"}],"version-history":[{"count":10,"href":"https:\/\/ciac.pt\/en\/wp-json\/wp\/v2\/pages\/1498\/revisions"}],"predecessor-version":[{"id":5377,"href":"https:\/\/ciac.pt\/en\/wp-json\/wp\/v2\/pages\/1498\/revisions\/5377"}],"wp:attachment":[{"href":"https:\/\/ciac.pt\/en\/wp-json\/wp\/v2\/media?parent=1498"}],"curies":[{"name":"wp","href":"https:\/\/api.w.org\/{rel}","templated":true}]}}