{"id":1500,"date":"2023-08-23T18:13:19","date_gmt":"2023-08-23T17:13:19","guid":{"rendered":"https:\/\/web.ciac.pt\/?page_id=1500"},"modified":"2024-06-19T14:18:25","modified_gmt":"2024-06-19T13:18:25","slug":"international-projects","status":"publish","type":"page","link":"https:\/\/ciac.pt\/en\/projects\/international-projects\/","title":{"rendered":"International Projects"},"content":{"rendered":"\n<h2 class=\"wp-block-heading\">Ongoing Projects<\/h2>\n\n\n\n\n\n<ul class=\"lcp_catlist active\" id=\"lcp_instance_0\"><li><a href=\"https:\/\/ciac.pt\/en\/projects\/iheritage-ict-mediterranean-platform-for-unesco-cultural-heritage\/\">iHERITAGE ICT \u2013 Mediterranean Platform for UNESCO Cultural Heritage<\/a><\/li><li><a href=\"https:\/\/ciac.pt\/en\/projects\/cultural-adventures\/\">Cultural Adventures<\/a><\/li><li><a href=\"https:\/\/ciac.pt\/en\/projects\/best-med\/\">BEST MED<\/a><\/li><li><a href=\"https:\/\/ciac.pt\/en\/projects\/coara-coalition-for-advancing-research-assessment\/\">CoARA \u2013 Coalition for Advancing Research Assessment<\/a><\/li><li><a href=\"https:\/\/ciac.pt\/en\/projects\/observatory-of-audiovisual-quality\/\">Observatory of Audiovisual Quality<\/a><\/li><li><a href=\"https:\/\/ciac.pt\/en\/projects\/te-con3\/\">TE-Con3<\/a><\/li><li><a href=\"https:\/\/ciac.pt\/en\/projects\/erasmus-icfal\/\">Erasmus + ICFAL<\/a><\/li><li><a href=\"https:\/\/ciac.pt\/en\/projects\/listiac\/\">LISTiac<\/a><\/li><li>ANALYSIS (Training Media Professionals on Applying advanced, high impact digital technologies to combat disinformation) <strong>(Erasmus +)<\/strong><\/li><li>OMedia Literacy<\/li><li><a href=\"https:\/\/erasmus-plus.ec.europa.eu\/projects\/search\/details\/2021-2-PL01-KA220-VET-000050664\">hVET \u2013 Breathe the future \u2013 hybrid education in VET<\/a> <strong>(Erasmus +)<\/strong><\/li><li>SENPower <strong>(Erasmus +)<\/strong><\/li><li><a href=\"https:\/\/changemakers.ipsantarem.pt\/\">Changemakers: Emerging experience for youth<\/a><\/li><li><a href=\"https:\/\/predict.ipsantarem.pt\/\">PREDICT: Jobs of the Future with AI 4 VET Inclusion<\/a><\/li><li>FEMST: Empowering girls with knowledge and confidencde in STEM to become future STEM leaders<\/li><li><a href=\"https:\/\/www.ipsantarem.pt\/wp-content\/uploads\/2024\/01\/ECA-1.pdf\">ECA \u2013 Environmental and Civic Awareness<\/a><\/li><li><a href=\"https:\/\/www.ipsantarem.pt\/wp-content\/uploads\/2024\/01\/Transdisciplinary-Learning-in-Healthcare-Education-2.pdf\">Transdisciplinary Learning in Healthcare Education<\/a><\/li><li>Competency based training and simulation in Healthcare Education<\/li><li>VERFISUM<\/li><li>SIMOnS \u2013 Students\u2019 Improvement and Monitoring of ONline Skills <strong>(Erasmus +)<\/strong><\/li><li><em>Projet Naturalisme-Monde<\/em> de l\u2019ITEM-CNRS de Paris. Projeto financiado e desenvolvido com o apoio de l\u2019Institut des Textes et des Manuscripts (ITEM)\/ Centre National de Recherche Sicentifique (CNRS)<\/li><li>DC4EU \u2013 Digital Credentials for Europe \u2013 Digital Europe Programme (DIGITAL)<\/li><li>JIT4NSTEAM \u2013 Plano de Recupera\u00e7\u00e3o e Resili\u00eancia (PRR) \/ NextGenerationEU \/ Just in time for new STEAM<\/li><li>OMEGA-X \u2013 Orchestrating an interoperable sovereign federated Multi-vector Energy data space built on open standards and ready for GAia-X \u2013&nbsp;Programa-Quadro Horizonte Europa (HORIZON)<\/li><li>ARDES \u2013 Art&amp;Design for Sustainability <strong>(Erasmus +)<\/strong><\/li><li>WMA \u2013 Will Meet Again<\/li><\/ul>\n\n\n\n<h2 class=\"wp-block-heading\">Recently Closed Projects<\/h2>\n\n\n\n\n\n<ul class=\"lcp_catlist active\" id=\"lcp_instance_0\"><li><a href=\"https:\/\/ciac.pt\/en\/projects\/creatour\/\">CREATOUR<\/a><\/li><li><a href=\"https:\/\/ciac.pt\/en\/projects\/eurodig\/\">EuroDIG<\/a><\/li><li><a href=\"https:\/\/ciac.pt\/en\/projects\/cadavre-exquis\/\">Cadavre Exquis<\/a><\/li><li><a href=\"https:\/\/ciac.pt\/en\/projects\/4cde-code-content-creation-and-culture-for-digital-education\/\">4CDE \u2013 Code, Content, Creation and Culture for Digital Education<\/a><\/li><li><a href=\"https:\/\/ciac.pt\/en\/projects\/chimera-innovative-cultural-and-creative-clusters-in-the-med-area\/\">ChIMERA \u2013 Innovative Cultural and Creative Clusters in the MED&nbsp;Area<\/a><\/li><li><a href=\"https:\/\/ciac.pt\/en\/projects\/play-your-role-gamification-against-hate-speech-rights-equality-and-citizenship\/\">Play Your Role: Gamification against Hate Speech \u2013 Rights, Equality and Citizenship<\/a><\/li><li><a href=\"https:\/\/ciac.pt\/en\/projects\/did-value\/\">DID.VALUE<\/a><\/li><li><a href=\"https:\/\/ciac.pt\/en\/projects\/front-winners-reskilling-for-mentors-with-immersive-experiences\/\">Front Winners: (re)skilling for mentors with immersive experiences<\/a><\/li><li>My Europe \u2013 Your Europe \u2013 Your Say \u2013 ME-YOU-US <strong>(Erasmus +)<\/strong><\/li><li>ENREAC-HEI <strong>(Erasmus +)<\/strong><\/li><li>Starting Up \u2013 Accelerators of Entrepreneurship 4 Inclusion <strong>(Erasmus +)<\/strong><\/li><li>YESI ALL \u2013 Young Learners Embrace Social Inclusion and Social Involvement<\/li><li>INNOSID -INNOovative Solutions based on Emerging Technologies for Improving Social Inclusion of People with Disabilities <strong>(Erasmus +)<\/strong><\/li><li>Exchange of Good Practices for Excellence <strong>(Erasmus +)<\/strong><\/li><li>TALENT \u2013 Teaching and Acquiring Learning European Network Tools <strong>(Erasmus +)<\/strong><\/li><li><a href=\"https:\/\/erasmus-plus.ec.europa.eu\/projects\/search\/details\/617749-EPP-1-2020-1-IT-EPPKA2-CBY-ACPALA\">Yo CODE \u2013 Capacity Building in the field of Youth 2020<\/a> <strong>(Erasmus +)<\/strong><\/li><li>EduApp <strong>(Erasmus +)<\/strong><\/li><li>Entrepreneurial Women in ICT \u2013 Enhancing Skills to Bridge Digital Divide <strong>(Erasmus +)<\/strong><\/li><li><a href=\"https:\/\/erasmus-plus.ec.europa.eu\/projects\/search\/details\/2021-1-RO01-KA220-VET-000032984\">CE-E VET Circular Economy and Entrepreneurship to boost VEET students employability and resilience<\/a> <strong>(Erasmus +)<\/strong><\/li><li>DANTE \u2013 Digital Area For Networking Teachers and Educators<\/li><li>KA2. Innovating Virtual Reality and EU standards in the real estate sector <strong>(Erasmus +)<\/strong><\/li><li>Escape to Your Future <strong>(Erasmus +)<\/strong><\/li><li>Influencers Trust Label: Combating Fake News Through Social Media Channels <strong>(Erasmus +)<\/strong><\/li><li>City Go \u2013 Challenge-Oriented Collaborative Online Communities in the Paradigm of Sustainable City <strong>(Erasmus+)<\/strong><\/li><li>Odyssey Sensing Project \u2013 Programa de financiamento FEDER<\/li><li>Transparency of Learning Outcomes through Blockchain Technology (TRUE) <strong>(Erasmus+)<\/strong><\/li><li>AIT \u2013 Artifical Intelligence in Teaching <strong>(Erasmus +)<\/strong><\/li><li>Open Game \u2013 Promoting Open Education through Gamification <strong>(Erasmus +)<\/strong><\/li><li>4ArtPreneur \u2013 Innovative Thinking Competences for Creative Art Entrepreneurship <strong>(Erasmus +)<\/strong><\/li><li>IDEAS \u2013 Innovative Digital Education Skills <strong>(Erasmus +)<\/strong><\/li><\/ul>\n","protected":false},"excerpt":{"rendered":"<p>Ongoing Projects iHERITAGE ICT \u2013 Mediterranean Platform for UNESCO Cultural Heritage Cultural<\/p>\n","protected":false},"author":1,"featured_media":0,"parent":1080,"menu_order":2,"comment_status":"closed","ping_status":"closed","template":"","meta":{"_eb_attr":"","inline_featured_image":false,"advgb_blocks_editor_width":"","advgb_blocks_columns_visual_guide":"","footnotes":"","_links_to":"","_links_to_target":""},"class_list":["post-1500","page","type-page","status-publish","hentry"],"yoast_head":"<!-- This site is optimized with the Yoast SEO plugin v27.4 - https:\/\/yoast.com\/product\/yoast-seo-wordpress\/ -->\n<title>International Projects - CIAC<\/title>\n<meta name=\"robots\" content=\"index, follow, max-snippet:-1, max-image-preview:large, max-video-preview:-1\" \/>\n<link rel=\"canonical\" href=\"https:\/\/ciac.pt\/en\/projects\/international-projects\/\" \/>\n<meta property=\"og:locale\" content=\"en_US\" \/>\n<meta property=\"og:type\" content=\"article\" \/>\n<meta property=\"og:title\" content=\"International Projects - CIAC\" \/>\n<meta property=\"og:description\" content=\"Ongoing Projects iHERITAGE ICT \u2013 Mediterranean Platform for UNESCO Cultural Heritage Cultural\" \/>\n<meta property=\"og:url\" content=\"https:\/\/ciac.pt\/en\/projects\/international-projects\/\" \/>\n<meta property=\"og:site_name\" content=\"CIAC\" \/>\n<meta property=\"article:modified_time\" content=\"2024-06-19T13:18:25+00:00\" \/>\n<meta name=\"twitter:card\" content=\"summary_large_image\" \/>\n<meta name=\"twitter:label1\" content=\"Est. reading time\" \/>\n\t<meta name=\"twitter:data1\" content=\"2 minutes\" \/>\n<script type=\"application\/ld+json\" class=\"yoast-schema-graph\">{\"@context\":\"https:\\\/\\\/schema.org\",\"@graph\":[{\"@type\":\"WebPage\",\"@id\":\"https:\\\/\\\/ciac.pt\\\/en\\\/projects\\\/international-projects\\\/\",\"url\":\"https:\\\/\\\/ciac.pt\\\/en\\\/projects\\\/international-projects\\\/\",\"name\":\"International Projects - CIAC\",\"isPartOf\":{\"@id\":\"https:\\\/\\\/ciac.pt\\\/en\\\/#website\"},\"datePublished\":\"2023-08-23T17:13:19+00:00\",\"dateModified\":\"2024-06-19T13:18:25+00:00\",\"breadcrumb\":{\"@id\":\"https:\\\/\\\/ciac.pt\\\/en\\\/projects\\\/international-projects\\\/#breadcrumb\"},\"inLanguage\":\"en-US\",\"potentialAction\":[{\"@type\":\"ReadAction\",\"target\":[\"https:\\\/\\\/ciac.pt\\\/en\\\/projects\\\/international-projects\\\/\"]}]},{\"@type\":\"BreadcrumbList\",\"@id\":\"https:\\\/\\\/ciac.pt\\\/en\\\/projects\\\/international-projects\\\/#breadcrumb\",\"itemListElement\":[{\"@type\":\"ListItem\",\"position\":1,\"name\":\"In\u00edcio\",\"item\":\"https:\\\/\\\/ciac.pt\\\/en\\\/\"},{\"@type\":\"ListItem\",\"position\":2,\"name\":\"Projects\",\"item\":\"https:\\\/\\\/ciac.pt\\\/en\\\/projects\\\/\"},{\"@type\":\"ListItem\",\"position\":3,\"name\":\"International Projects\"}]},{\"@type\":\"WebSite\",\"@id\":\"https:\\\/\\\/ciac.pt\\\/en\\\/#website\",\"url\":\"https:\\\/\\\/ciac.pt\\\/en\\\/\",\"name\":\"CIAC\",\"description\":\"Centro de Investiga\u00e7\u00e3o em Artes e Comunica\u00e7\u00e3o\",\"publisher\":{\"@id\":\"https:\\\/\\\/ciac.pt\\\/en\\\/#organization\"},\"potentialAction\":[{\"@type\":\"SearchAction\",\"target\":{\"@type\":\"EntryPoint\",\"urlTemplate\":\"https:\\\/\\\/ciac.pt\\\/en\\\/?s={search_term_string}\"},\"query-input\":{\"@type\":\"PropertyValueSpecification\",\"valueRequired\":true,\"valueName\":\"search_term_string\"}}],\"inLanguage\":\"en-US\"},{\"@type\":\"Organization\",\"@id\":\"https:\\\/\\\/ciac.pt\\\/en\\\/#organization\",\"name\":\"CIAC\",\"url\":\"https:\\\/\\\/ciac.pt\\\/en\\\/\",\"logo\":{\"@type\":\"ImageObject\",\"inLanguage\":\"en-US\",\"@id\":\"https:\\\/\\\/ciac.pt\\\/en\\\/#\\\/schema\\\/logo\\\/image\\\/\",\"url\":\"https:\\\/\\\/ciac.pt\\\/wp-content\\\/uploads\\\/2022\\\/06\\\/logo.svg\",\"contentUrl\":\"https:\\\/\\\/ciac.pt\\\/wp-content\\\/uploads\\\/2022\\\/06\\\/logo.svg\",\"width\":184,\"height\":51,\"caption\":\"CIAC\"},\"image\":{\"@id\":\"https:\\\/\\\/ciac.pt\\\/en\\\/#\\\/schema\\\/logo\\\/image\\\/\"}}]}<\/script>\n<!-- \/ Yoast SEO plugin. -->","yoast_head_json":{"title":"International Projects - CIAC","robots":{"index":"index","follow":"follow","max-snippet":"max-snippet:-1","max-image-preview":"max-image-preview:large","max-video-preview":"max-video-preview:-1"},"canonical":"https:\/\/ciac.pt\/en\/projects\/international-projects\/","og_locale":"en_US","og_type":"article","og_title":"International Projects - CIAC","og_description":"Ongoing Projects iHERITAGE ICT \u2013 Mediterranean Platform for UNESCO Cultural Heritage Cultural","og_url":"https:\/\/ciac.pt\/en\/projects\/international-projects\/","og_site_name":"CIAC","article_modified_time":"2024-06-19T13:18:25+00:00","twitter_card":"summary_large_image","twitter_misc":{"Est. reading time":"2 minutes"},"schema":{"@context":"https:\/\/schema.org","@graph":[{"@type":"WebPage","@id":"https:\/\/ciac.pt\/en\/projects\/international-projects\/","url":"https:\/\/ciac.pt\/en\/projects\/international-projects\/","name":"International Projects - CIAC","isPartOf":{"@id":"https:\/\/ciac.pt\/en\/#website"},"datePublished":"2023-08-23T17:13:19+00:00","dateModified":"2024-06-19T13:18:25+00:00","breadcrumb":{"@id":"https:\/\/ciac.pt\/en\/projects\/international-projects\/#breadcrumb"},"inLanguage":"en-US","potentialAction":[{"@type":"ReadAction","target":["https:\/\/ciac.pt\/en\/projects\/international-projects\/"]}]},{"@type":"BreadcrumbList","@id":"https:\/\/ciac.pt\/en\/projects\/international-projects\/#breadcrumb","itemListElement":[{"@type":"ListItem","position":1,"name":"In\u00edcio","item":"https:\/\/ciac.pt\/en\/"},{"@type":"ListItem","position":2,"name":"Projects","item":"https:\/\/ciac.pt\/en\/projects\/"},{"@type":"ListItem","position":3,"name":"International Projects"}]},{"@type":"WebSite","@id":"https:\/\/ciac.pt\/en\/#website","url":"https:\/\/ciac.pt\/en\/","name":"CIAC","description":"Centro de Investiga\u00e7\u00e3o em Artes e Comunica\u00e7\u00e3o","publisher":{"@id":"https:\/\/ciac.pt\/en\/#organization"},"potentialAction":[{"@type":"SearchAction","target":{"@type":"EntryPoint","urlTemplate":"https:\/\/ciac.pt\/en\/?s={search_term_string}"},"query-input":{"@type":"PropertyValueSpecification","valueRequired":true,"valueName":"search_term_string"}}],"inLanguage":"en-US"},{"@type":"Organization","@id":"https:\/\/ciac.pt\/en\/#organization","name":"CIAC","url":"https:\/\/ciac.pt\/en\/","logo":{"@type":"ImageObject","inLanguage":"en-US","@id":"https:\/\/ciac.pt\/en\/#\/schema\/logo\/image\/","url":"https:\/\/ciac.pt\/wp-content\/uploads\/2022\/06\/logo.svg","contentUrl":"https:\/\/ciac.pt\/wp-content\/uploads\/2022\/06\/logo.svg","width":184,"height":51,"caption":"CIAC"},"image":{"@id":"https:\/\/ciac.pt\/en\/#\/schema\/logo\/image\/"}}]}},"coauthors":[],"author_meta":{"author_link":"https:\/\/ciac.pt\/en\/author\/webmaster\/","display_name":"webmaster"},"relative_dates":{"created":"Posted 3 years ago","modified":"Updated 2 years ago"},"absolute_dates":{"created":"Posted on 23\/08\/2023","modified":"Updated on 19\/06\/2024"},"absolute_dates_time":{"created":"Posted on 23\/08\/2023 18:13","modified":"Updated on 19\/06\/2024 14:18"},"featured_img_caption":"","featured_img":false,"series_order":"","_links":{"self":[{"href":"https:\/\/ciac.pt\/en\/wp-json\/wp\/v2\/pages\/1500","targetHints":{"allow":["GET"]}}],"collection":[{"href":"https:\/\/ciac.pt\/en\/wp-json\/wp\/v2\/pages"}],"about":[{"href":"https:\/\/ciac.pt\/en\/wp-json\/wp\/v2\/types\/page"}],"author":[{"embeddable":true,"href":"https:\/\/ciac.pt\/en\/wp-json\/wp\/v2\/users\/1"}],"replies":[{"embeddable":true,"href":"https:\/\/ciac.pt\/en\/wp-json\/wp\/v2\/comments?post=1500"}],"version-history":[{"count":5,"href":"https:\/\/ciac.pt\/en\/wp-json\/wp\/v2\/pages\/1500\/revisions"}],"predecessor-version":[{"id":7744,"href":"https:\/\/ciac.pt\/en\/wp-json\/wp\/v2\/pages\/1500\/revisions\/7744"}],"up":[{"embeddable":true,"href":"https:\/\/ciac.pt\/en\/wp-json\/wp\/v2\/pages\/1080"}],"wp:attachment":[{"href":"https:\/\/ciac.pt\/en\/wp-json\/wp\/v2\/media?parent=1500"}],"curies":[{"name":"wp","href":"https:\/\/api.w.org\/{rel}","templated":true}]}}