{"id":1502,"date":"2023-08-23T18:13:47","date_gmt":"2023-08-23T17:13:47","guid":{"rendered":"https:\/\/web.ciac.pt\/?page_id=1502"},"modified":"2024-10-01T07:18:45","modified_gmt":"2024-10-01T06:18:45","slug":"national-projects","status":"publish","type":"page","link":"https:\/\/ciac.pt\/en\/projects\/national-projects\/","title":{"rendered":"National Projects"},"content":{"rendered":"\n<h2 class=\"wp-block-heading\">Ongoing Projects<\/h2>\n\n\n\n\n\n<ul class=\"lcp_catlist active\" id=\"lcp_instance_0\"><li><a href=\"https:\/\/ciac.pt\/en\/projects\/props-interactive-narratives-propose-pluralistic-discourse\/\">PROPS \u2013 Interactive Narratives Propose Pluralistic Discourse<\/a><\/li><li><a href=\"https:\/\/ciac.pt\/en\/projects\/cientificamente-provavel\/\">Cientificamente Prov\u00e1vel<\/a><\/li><li><a href=\"https:\/\/ciac.pt\/en\/projects\/literary-proofing-the-creative-application-of-old-novels\/\">Literary Proofing: the Creative Application of Old Novels<\/a><\/li><li><a href=\"https:\/\/ciac.pt\/en\/projects\/romanceiro-pt\/\">Romanceiro.pt<\/a><\/li><li><a href=\"https:\/\/ciac.pt\/en\/projects\/os-caminhos-que-se-bifurcam\/\">Os caminhos que se bifurcam<\/a><\/li><li><a href=\"https:\/\/ciac.pt\/en\/projects\/ephemeral-expanded\/\">Ephemeral Expanded<\/a><\/li><li><a href=\"https:\/\/ciac.pt\/en\/projects\/invitro-gerador\/\">INVITRO-Gerador<\/a><\/li><li><a href=\"https:\/\/ciac.pt\/en\/projects\/talk-initiative\/\">Talk Initiative<\/a><\/li><li><a href=\"https:\/\/ciac.pt\/en\/projects\/gender-in-map-women-empowerment-in-planning-and-urban-development\/\">Gender in Map \u2013 women empowerment in planning and urban development<\/a><\/li><li><a href=\"https:\/\/ciac.pt\/en\/projects\/digital-media-art-project-um-dialogo-com-a-paisagem-duriense\/\">Digital Media-Art Project: um di\u00e1logo com a paisagem duriense<\/a><\/li><li><a href=\"https:\/\/ciac.pt\/en\/projects\/cultural-heritage-digital-laboratory\/\">Cultural Heritage Digital Laboratory<\/a><\/li><li><a href=\"https:\/\/ciac.pt\/en\/projects\/projects-supported-by-dgartes\/\">Projects supported by DGArtes<\/a><\/li><li><a href=\"https:\/\/ciac.pt\/en\/projects\/healthy-neighborhoods\/\">Healthy Neighborhoods<\/a><\/li><li><a href=\"https:\/\/ciac.pt\/en\/projects\/housing-refugees\/\">Housing Refugees<\/a><\/li><li><a href=\"https:\/\/www.academialideresubuntu.org\/pt\/\">Academia de L\u00edderes UBUNTU \u2013 Ensino Superior e Pr\u00e9-Escolar<\/a><\/li><li><a href=\"https:\/\/ciac.pt\/en\/projects\/curate\/\">CURATE<\/li><\/ul>\n\n\n\n<h2 class=\"wp-block-heading\">Recently Closed Projects<\/h2>\n\n\n\n\n\n<ul class=\"lcp_catlist active\" id=\"lcp_instance_0\"><li><a href=\"https:\/\/ciac.pt\/en\/projects\/cypet\/\">CyPeT<\/a><\/li><li><a href=\"https:\/\/ciac.pt\/en\/projects\/publishing-the-story-history-of-the-artists-book-in-portugal\/\">Publishing the Story\/History of the Artist\u2019s Book in Portugal<\/a><\/li><li><a href=\"https:\/\/ciac.pt\/en\/projects\/virtual-tutoring\/\">Virtual Tutoring<\/a><\/li><li><a href=\"https:\/\/ciac.pt\/en\/projects\/invitrolab\/\">Invitrolab<\/a><\/li><li><a href=\"https:\/\/ciac.pt\/en\/projects\/m5sar-mobile-five-senses-augmented-reality-system-for-museums\/\">M5SAR: Mobile Five Senses Augmented Reality System for Museums<\/a><\/li><li><a href=\"https:\/\/ciac.pt\/en\/projects\/parole-soufflee\/\">Parole Souffl\u00e9e<\/a><\/li><li><a href=\"https:\/\/ciac.pt\/en\/projects\/tele-media-arte\/\">Tele-M\u00e9dia-Arte<\/a><\/li><li><a href=\"https:\/\/ciac.pt\/en\/projects\/young-creators-billboard-project\/\">Young Creators Billboard Project<\/a><\/li><li><a href=\"https:\/\/ciac.pt\/en\/projects\/garrettonline\/\">GarrettOnline<\/a><\/li><li><a href=\"https:\/\/ciac.pt\/en\/projects\/chic-cooperative-holistic-view-on-internet-and-content\/\">CHIC \u2013 Cooperative Holistic View on Internet and Content<\/a><\/li><li><a href=\"https:\/\/ciac.pt\/en\/projects\/on-the-new-art-of-making-ruins\/\">On the New Art of Making Ruins<\/a><\/li><li><a href=\"https:\/\/ciac.pt\/en\/projects\/primeiro-plano-o-espetador-em-construcao\/\">Primeiro Plano: o espetador em constru\u00e7\u00e3o<\/a><\/li><li><a href=\"https:\/\/apav.pt\/ser\/index.php\/a-quem-se-destina\/3-6-anos\">SERzinho \u2013 Sensibilizar Educar para os Relacionamentos no Pr\u00e9-Escolar<\/a><\/li><li><a href=\"https:\/\/ciclo-project.eu\/pt\/sobre\/\" class=\"broken_link\">CICLO \u2013 Boosting the Circular Economy Skills of the EU Services Labor Force<\/a> <strong>(Erasmus +)<\/strong><\/li><li>Projeto Escape Room \u2013 Literacia Digital para o Mercado de Trabalho<\/li><li><a href=\"https:\/\/w3.ese.ipsantarem.pt\/literaciadigital\/\">Literacia Digital para o Mercado de Trabalho<\/a><\/li>\n<li>LLMCP LisPan \u2013 Living Lab para Conte\u00fados e Plataforma de Media \u2013 Painel de Utilizadores de Internet na regi\u00e3o de Lisboa<\/li><li>Tutoria Virtual \u2013 o tutor virtual artefacto mediador da aprendizagem no ensino superior online <strong>(FCT)<\/strong><\/li><li>SCReLPROG \u2013 Auto e Corregula\u00e7\u00e3o na Aprendizagem Online de Programa\u00e7\u00e3o de Computadores<\/li><\/ul>\n","protected":false},"excerpt":{"rendered":"<p>Ongoing Projects PROPS \u2013 Interactive Narratives Propose Pluralistic Discourse Cientificamente Prov\u00e1vel Literary<\/p>\n","protected":false},"author":1,"featured_media":0,"parent":1080,"menu_order":1,"comment_status":"closed","ping_status":"closed","template":"","meta":{"_eb_attr":"","inline_featured_image":false,"advgb_blocks_editor_width":"","advgb_blocks_columns_visual_guide":"","footnotes":"","_links_to":"","_links_to_target":""},"class_list":["post-1502","page","type-page","status-publish","hentry"],"yoast_head":"<!-- This site is optimized with the Yoast SEO plugin v27.4 - https:\/\/yoast.com\/product\/yoast-seo-wordpress\/ -->\n<title>National Projects - CIAC<\/title>\n<meta name=\"robots\" content=\"index, follow, max-snippet:-1, max-image-preview:large, max-video-preview:-1\" \/>\n<link rel=\"canonical\" href=\"https:\/\/ciac.pt\/en\/projects\/national-projects\/\" \/>\n<meta property=\"og:locale\" content=\"en_US\" \/>\n<meta property=\"og:type\" content=\"article\" \/>\n<meta property=\"og:title\" content=\"National Projects - CIAC\" \/>\n<meta property=\"og:description\" content=\"Ongoing Projects PROPS \u2013 Interactive Narratives Propose Pluralistic Discourse Cientificamente Prov\u00e1vel Literary\" \/>\n<meta property=\"og:url\" content=\"https:\/\/ciac.pt\/en\/projects\/national-projects\/\" \/>\n<meta property=\"og:site_name\" content=\"CIAC\" \/>\n<meta property=\"article:modified_time\" content=\"2024-10-01T06:18:45+00:00\" \/>\n<meta name=\"twitter:card\" content=\"summary_large_image\" \/>\n<meta name=\"twitter:label1\" content=\"Est. reading time\" \/>\n\t<meta name=\"twitter:data1\" content=\"1 minute\" \/>\n<script type=\"application\/ld+json\" class=\"yoast-schema-graph\">{\"@context\":\"https:\\\/\\\/schema.org\",\"@graph\":[{\"@type\":\"WebPage\",\"@id\":\"https:\\\/\\\/ciac.pt\\\/en\\\/projects\\\/national-projects\\\/\",\"url\":\"https:\\\/\\\/ciac.pt\\\/en\\\/projects\\\/national-projects\\\/\",\"name\":\"National Projects - CIAC\",\"isPartOf\":{\"@id\":\"https:\\\/\\\/ciac.pt\\\/en\\\/#website\"},\"datePublished\":\"2023-08-23T17:13:47+00:00\",\"dateModified\":\"2024-10-01T06:18:45+00:00\",\"breadcrumb\":{\"@id\":\"https:\\\/\\\/ciac.pt\\\/en\\\/projects\\\/national-projects\\\/#breadcrumb\"},\"inLanguage\":\"en-US\",\"potentialAction\":[{\"@type\":\"ReadAction\",\"target\":[\"https:\\\/\\\/ciac.pt\\\/en\\\/projects\\\/national-projects\\\/\"]}]},{\"@type\":\"BreadcrumbList\",\"@id\":\"https:\\\/\\\/ciac.pt\\\/en\\\/projects\\\/national-projects\\\/#breadcrumb\",\"itemListElement\":[{\"@type\":\"ListItem\",\"position\":1,\"name\":\"In\u00edcio\",\"item\":\"https:\\\/\\\/ciac.pt\\\/en\\\/\"},{\"@type\":\"ListItem\",\"position\":2,\"name\":\"Projects\",\"item\":\"https:\\\/\\\/ciac.pt\\\/en\\\/projects\\\/\"},{\"@type\":\"ListItem\",\"position\":3,\"name\":\"National Projects\"}]},{\"@type\":\"WebSite\",\"@id\":\"https:\\\/\\\/ciac.pt\\\/en\\\/#website\",\"url\":\"https:\\\/\\\/ciac.pt\\\/en\\\/\",\"name\":\"CIAC\",\"description\":\"Centro de Investiga\u00e7\u00e3o em Artes e Comunica\u00e7\u00e3o\",\"publisher\":{\"@id\":\"https:\\\/\\\/ciac.pt\\\/en\\\/#organization\"},\"potentialAction\":[{\"@type\":\"SearchAction\",\"target\":{\"@type\":\"EntryPoint\",\"urlTemplate\":\"https:\\\/\\\/ciac.pt\\\/en\\\/?s={search_term_string}\"},\"query-input\":{\"@type\":\"PropertyValueSpecification\",\"valueRequired\":true,\"valueName\":\"search_term_string\"}}],\"inLanguage\":\"en-US\"},{\"@type\":\"Organization\",\"@id\":\"https:\\\/\\\/ciac.pt\\\/en\\\/#organization\",\"name\":\"CIAC\",\"url\":\"https:\\\/\\\/ciac.pt\\\/en\\\/\",\"logo\":{\"@type\":\"ImageObject\",\"inLanguage\":\"en-US\",\"@id\":\"https:\\\/\\\/ciac.pt\\\/en\\\/#\\\/schema\\\/logo\\\/image\\\/\",\"url\":\"https:\\\/\\\/ciac.pt\\\/wp-content\\\/uploads\\\/2022\\\/06\\\/logo.svg\",\"contentUrl\":\"https:\\\/\\\/ciac.pt\\\/wp-content\\\/uploads\\\/2022\\\/06\\\/logo.svg\",\"width\":184,\"height\":51,\"caption\":\"CIAC\"},\"image\":{\"@id\":\"https:\\\/\\\/ciac.pt\\\/en\\\/#\\\/schema\\\/logo\\\/image\\\/\"}}]}<\/script>\n<!-- \/ Yoast SEO plugin. -->","yoast_head_json":{"title":"National Projects - CIAC","robots":{"index":"index","follow":"follow","max-snippet":"max-snippet:-1","max-image-preview":"max-image-preview:large","max-video-preview":"max-video-preview:-1"},"canonical":"https:\/\/ciac.pt\/en\/projects\/national-projects\/","og_locale":"en_US","og_type":"article","og_title":"National Projects - CIAC","og_description":"Ongoing Projects PROPS \u2013 Interactive Narratives Propose Pluralistic Discourse Cientificamente Prov\u00e1vel Literary","og_url":"https:\/\/ciac.pt\/en\/projects\/national-projects\/","og_site_name":"CIAC","article_modified_time":"2024-10-01T06:18:45+00:00","twitter_card":"summary_large_image","twitter_misc":{"Est. reading time":"1 minute"},"schema":{"@context":"https:\/\/schema.org","@graph":[{"@type":"WebPage","@id":"https:\/\/ciac.pt\/en\/projects\/national-projects\/","url":"https:\/\/ciac.pt\/en\/projects\/national-projects\/","name":"National Projects - CIAC","isPartOf":{"@id":"https:\/\/ciac.pt\/en\/#website"},"datePublished":"2023-08-23T17:13:47+00:00","dateModified":"2024-10-01T06:18:45+00:00","breadcrumb":{"@id":"https:\/\/ciac.pt\/en\/projects\/national-projects\/#breadcrumb"},"inLanguage":"en-US","potentialAction":[{"@type":"ReadAction","target":["https:\/\/ciac.pt\/en\/projects\/national-projects\/"]}]},{"@type":"BreadcrumbList","@id":"https:\/\/ciac.pt\/en\/projects\/national-projects\/#breadcrumb","itemListElement":[{"@type":"ListItem","position":1,"name":"In\u00edcio","item":"https:\/\/ciac.pt\/en\/"},{"@type":"ListItem","position":2,"name":"Projects","item":"https:\/\/ciac.pt\/en\/projects\/"},{"@type":"ListItem","position":3,"name":"National Projects"}]},{"@type":"WebSite","@id":"https:\/\/ciac.pt\/en\/#website","url":"https:\/\/ciac.pt\/en\/","name":"CIAC","description":"Centro de Investiga\u00e7\u00e3o em Artes e Comunica\u00e7\u00e3o","publisher":{"@id":"https:\/\/ciac.pt\/en\/#organization"},"potentialAction":[{"@type":"SearchAction","target":{"@type":"EntryPoint","urlTemplate":"https:\/\/ciac.pt\/en\/?s={search_term_string}"},"query-input":{"@type":"PropertyValueSpecification","valueRequired":true,"valueName":"search_term_string"}}],"inLanguage":"en-US"},{"@type":"Organization","@id":"https:\/\/ciac.pt\/en\/#organization","name":"CIAC","url":"https:\/\/ciac.pt\/en\/","logo":{"@type":"ImageObject","inLanguage":"en-US","@id":"https:\/\/ciac.pt\/en\/#\/schema\/logo\/image\/","url":"https:\/\/ciac.pt\/wp-content\/uploads\/2022\/06\/logo.svg","contentUrl":"https:\/\/ciac.pt\/wp-content\/uploads\/2022\/06\/logo.svg","width":184,"height":51,"caption":"CIAC"},"image":{"@id":"https:\/\/ciac.pt\/en\/#\/schema\/logo\/image\/"}}]}},"coauthors":[],"author_meta":{"author_link":"https:\/\/ciac.pt\/en\/author\/webmaster\/","display_name":"webmaster"},"relative_dates":{"created":"Posted 3 years ago","modified":"Updated 2 years ago"},"absolute_dates":{"created":"Posted on 23\/08\/2023","modified":"Updated on 01\/10\/2024"},"absolute_dates_time":{"created":"Posted on 23\/08\/2023 18:13","modified":"Updated on 01\/10\/2024 7:18"},"featured_img_caption":"","featured_img":false,"series_order":"","_links":{"self":[{"href":"https:\/\/ciac.pt\/en\/wp-json\/wp\/v2\/pages\/1502","targetHints":{"allow":["GET"]}}],"collection":[{"href":"https:\/\/ciac.pt\/en\/wp-json\/wp\/v2\/pages"}],"about":[{"href":"https:\/\/ciac.pt\/en\/wp-json\/wp\/v2\/types\/page"}],"author":[{"embeddable":true,"href":"https:\/\/ciac.pt\/en\/wp-json\/wp\/v2\/users\/1"}],"replies":[{"embeddable":true,"href":"https:\/\/ciac.pt\/en\/wp-json\/wp\/v2\/comments?post=1502"}],"version-history":[{"count":10,"href":"https:\/\/ciac.pt\/en\/wp-json\/wp\/v2\/pages\/1502\/revisions"}],"predecessor-version":[{"id":9250,"href":"https:\/\/ciac.pt\/en\/wp-json\/wp\/v2\/pages\/1502\/revisions\/9250"}],"up":[{"embeddable":true,"href":"https:\/\/ciac.pt\/en\/wp-json\/wp\/v2\/pages\/1080"}],"wp:attachment":[{"href":"https:\/\/ciac.pt\/en\/wp-json\/wp\/v2\/media?parent=1502"}],"curies":[{"name":"wp","href":"https:\/\/api.w.org\/{rel}","templated":true}]}}