{"id":1506,"date":"2023-08-23T18:17:02","date_gmt":"2023-08-23T17:17:02","guid":{"rendered":"https:\/\/web.ciac.pt\/?page_id=1506"},"modified":"2026-03-25T17:58:32","modified_gmt":"2026-03-25T17:58:32","slug":"collaborators","status":"publish","type":"page","link":"https:\/\/ciac.pt\/en\/members\/collaborators\/","title":{"rendered":"Collaborators"},"content":{"rendered":"\n<!-- O c\u00f3digo desta p\u00e1gina n\u00e3o se atualiza autom\u00e1ticamente -->\n<ul class=\"lcp_catlist active\" id=\"lcp_instance_0\"><li>Adriana Manuela de Mendon\u00e7a Freire Nogueira<\/li>\n<li>Adriana Pierre Coca<\/li>\n<li>Alexandre Bataller Catal\u00e0<\/li>\n<li>Alexandre Catarino Oliveira Martins<\/li>\n<li>Alexandre Manuel Freire Lousada<\/li>\n<li>Alexandre Nuno Serr\u00e3o Fialho Alves Barata<\/li>\n<li>Alexandre Pieroni Calado<\/li>\n<li>Alexandre Valente da Concei\u00e7\u00e3o Pereira de Sousa<\/li>\n<li>Alfredo Melo Vasconcelos de Almeida<\/li>\n<li>Ana Catarina Cani\u00e7o da Cruz<\/li>\n<li>Ana Catarina Cruz<\/li>\n<li>Ana Cl\u00e1udia Boavida Salgueiro da Silva<\/li>\n<li>Ana de Jesus Caeiro Perfeito<\/li>\n<li>Ana Jo\u00e3o das Neves Pereira Fernandes da Romana<\/li>\n<li>Ana Lu\u00edsa Fernandes Jos\u00e9 Gon\u00e7alves<\/li>\n<li>Ana Lu\u00edsa Mateus de Oliveira Chan\u00e7a Torres<\/li>\n<li>Ana Margarida da Luz e Silva<\/li>\n<li>Ana Maria Fra\u00fasto Diogo Correia Paiva Mor\u00e3o<\/li>\n<li>Ana Maria Videira Paiva<\/li>\n<li>Ana Patr\u00edcia Figueiredo Gavina<\/li>\n<li>Ana Raquel Morgado Gouveia<\/li>\n<li>Anabela Moutinho<\/li>\n<li>Andreia Pintassilgo<\/li>\n<li>Andressa do Amaral Brum<\/li>\n<li>\u00c2ngela Maria Mendes Saldanha Silva Gomes<\/li>\n<li>\u00c2ngelo Miguel Soares Gon\u00e7alves<\/li>\n<li>Anna Clara da Silva Petracca<\/li>\n<li>Ant\u00f3nio da Silva Santos<\/li>\n<li>Ant\u00f3nio Jos\u00e9 Freire Pires Pinheiro<\/li>\n<li>Ariella Rayder Gomes de Souza Cahu Doboszewski<\/li>\n<li>Beatriz de Oliveira Sequeira Cantinho<\/li>\n<li>Bert\u00edlio \u00c2ngelo Romeira Martins<\/li>\n<li>Bruno de Carvalho Belmonte<\/li>\n<li>Bruno Miguel da Silva Grilo<\/li>\n<li>Bruno Miguel da Silva Pinheiro<\/li>\n<li>Carina Infante do Carmo<\/li>\n<li>Carlos Costa<\/li>\n<li>Carmen Zita Batalha Garcia Monereo<\/li>\n<li>Carlos Vidal Tenes Oliveira Caseiro<\/li>\n<li>Carolina Mendes<\/li>\n<li>Caroline Govari Nunes<\/li>\n<li>Catarina de Morais Gama<\/li>\n<li>C\u00e1tia Alexandra dos Santos Peres<\/li>\n<li>C\u00e9lia Maria Fernandes Palma<\/li>\n<li>Chiara Masiero Sgrinzatto<\/li>\n<li>Clara Faria Trigo<\/li>\n<li>Cl\u00e1udia Isabel Teixeira dos Santos Palma Nunes<\/li>\n<li>Cristina Maria Junceiro Novo<\/li>\n<li>Cristina Mart\u00ednez Tejero<\/li>\n<li>Cynthia Levitan<\/li>\n<li>Daniel Ant\u00f3nio Tavares Carneiro<\/li>\n<li>Daniel dos Santos Catal\u00e3o<\/li>\n<li>Daniela Buitrago Ram\u00edrez<\/li>\n<li>Daniela Correia Garcia<\/li>\n<li>Danielle de Jesus Cassita<\/li>\n<li>Didiana Margarida Fachada Lopes Fernandes<\/li>\n<li>Diogo Sim\u00e3o<\/li>\n<li>Diomira Maria Cicci Pinto Faria<\/li>\n<li>Dorotea Souza Bastos<\/li>\n<li>Eduardo Cordeiro Gon\u00e7alves<\/li>\n<li>Elisa Maria Martins Antunes Esteves<\/li>\n<li>Eliz\u00e2ngela Gon\u00e7alves Pinheiro<\/li>\n<li>Elsa Casimiro<\/li>\n<li>Em\u00edlia Lucia Mariano Pacheco<\/li>\n<li>F\u00e1bia Ortega Borges<\/li>\n<li>Fernando Jos\u00e9 da Fonseca Bento<\/li>\n<li>Filipe Gon\u00e7alves Cardoso<\/li>\n<li>Francisco Baptista Gil<\/li>\n<li>Francisco Ildefonso da Claudina Lameira<\/li>\n<li>Francisco Jos\u00e9 Rosales Santana Guimar\u00e3es<\/li>\n<li>Gabriel Santos Carvalhal Evangelista<\/li>\n<li>Gabriele Oliveira Teodoro<\/li>\n<li>Gabriella Fontes Leite<\/li>\n<li>Gelson Santana<\/li>\n<li>Hor\u00e1cio Hugo Ferreira Faria de Azevedo e Silva<\/li>\n<li>Hugo de Oliveira Martins<\/li>\n<li>Hugo Fernando Dias Marques<\/li>\n<li>Hugo Machado da Silva<\/li>\n<li>Hugo Manuel Oliveira Martins<\/li>\n<li>Hugo Miguel Carvalho Madeira Canossa<\/li>\n<li>Ilda Erko\u00e7i<\/li>\n<li>In\u00eas Beatriz Salavessa de Sousa<\/li>\n<li>In\u00eas da Silva Beleza Barreiros<\/li>\n<li>In\u00eas Regina Barbosa de Arg\u00f4lo<\/li>\n<li>Ingrid Farias Fechine<\/li>\n<li>Isabel D\u00e2maso de Azevedo Vaz dos Santos<\/li>\n<li>Isabella Carolina Papa<\/li>\n<li>Jaqueline Dulce Moreira<\/li>\n<li>Jean Paul Bucchieri<\/li>\n<li>Jes\u00fas Ram\u00e9 L\u00f3pez<\/li>\n<li>Joana Helena Gon\u00e7alves da Costa Padr\u00e3o Almeida<\/li>\n<li>Joana Palminha<\/li>\n<li>Jo\u00e3o Manuel Minhoto Marques<\/li>\n<li>Jo\u00e3o Miguel Fernandes Rodrigues<\/li>\n<li>Jo\u00e3o Paulo Pinto<\/li>\n<li>Jo\u00e3o Paulo Tempor\u00e3o Albuquerque<\/li>\n<li>Jo\u00e3o Pedro Pereira da Costa Bernardes<\/li>\n<li>Jo\u00e3o Preto Gomes<\/li>\n<li>Joaquim Jos\u00e9 Furtado Marreiros de Azevedo<\/li>\n<li>Jorge Augusto Mendes Dias dos Santos<\/li>\n<li>Jorge Bal\u00e7a<\/li>\n<li>Jorge Leiria Pires<\/li>\n<li>Jos\u00e9 Alberto Raposo Pinheiro<\/li>\n<li>Jos\u00e9 Ant\u00f3nio Figueiredo<\/li>\n<li>Jos\u00e9 Manuel Basto Soares<\/li>\n<li>Jos\u00e9 Paulo de Lemos e Melo Cruz Pereira<\/li>\n<li>Jos\u00e9 Pedro Fernandes da Silva Coelho<\/li>\n<li>Juliana Santos Menezes<\/li>\n<li>Juliana Wexel<\/li>\n<li>Jusciele Concei\u00e7\u00e3o Almeida de Oliveira<\/li>\n<li>Jusciele Dulce Moreira<\/li>\n<li>Leonardo Batista de Araujo<\/li>\n<li>Leonardo Jos\u00e9 dos Santos<\/li>\n<li>Leonel Caseiro Morgado<\/li>\n<li>Liliana Dias Carvalho<\/li>\n<li>Lirandina Gomes Sobrinho<\/li>\n<li>Lucas Fabian Olivero<\/li>\n<li>Lucrezia Marzo<\/li>\n<li>Lu\u00eds Campos Br\u00e1s<\/li>\n<li>Lu\u00eds Carlos Reis Goulart<\/li>\n<li>Lu\u00edsa Augusta Monteiro Ara\u00fajo de S\u00e1<\/li>\n<li>Luiza Elayne Correa Azevedo<\/li>\n<li>Luk Van Den Dries<\/li>\n<li>Majane Silveira<\/li>\n<li>Manuel Joaquim Flores Fernandes<\/li>\n<li>Marcelo Eduardo Ribaric<\/li>\n<li>Marco Paulo Pinheiro Miranda<\/li>\n<li>Margarida Isabel Fernandes Gil Pires<\/li>\n<li>Maria Alexandra Patroc\u00ednio Rodrigues Gon\u00e7alves<\/li>\n<li>Maria Ana da Fonseca Ata\u00edde Castel-Branco Tamen<\/li>\n<li>Maria Caeiro Martins Guerreiro<\/li>\n<li>Maria Cristina Cavalcanti<\/li>\n<li>Maria de F\u00e1tima Chinita da Mata<\/li>\n<li>Maria de F\u00e1tima Roxo Leite de Sousa de Noronha<\/li>\n<li>Maria F\u00e1tima Ferreira Nunes<\/li>\n<li>Maria Helena Gon\u00e7alves Serafim Costa Padr\u00e3o<\/li>\n<li>Maria Heloisa Pereira Toledo Machado<\/li>\n<li>Maria Jaqueline Elicher<\/li>\n<li>Maria Jos\u00e9 Gon\u00e7alo Gouveia Aurindo<\/li>\n<li>Maria Margarida dos Santos Sanita<\/li>\n<li>Maria Mota Almeida<\/li>\n<li>Maria Nat\u00e1lia De Sousa Pinheiro Amarante<\/li>\n<li>Maria Teresa de Almeida Maia e Carmo<\/li>\n<li>Maria Teresa Torres Pereira de E\u00e7a<\/li>\n<li>Maria Zulmira Bessa Amorim Nascimento Cunha<\/li>\n<li>M\u00e1rio Antunes<\/li>\n<li>Marisa Guimar\u00e3es Leite<\/li>\n<li>Marlene Sofia Oliveira Soberano<\/li>\n<li>Marta Andreia Sousa Jacinto Uva<\/li>\n<li>Marta Isabel Ara\u00fajo Amorim<\/li>\n<li>Marta Mendes<\/li>\n<li>Marta Sofia Neves Vicente<\/li>\n<li>Mauro Jorge Guerreiro Figueiredo<\/li>\n<li>Merja Sinikka Nousia de Mattos-Parreira<\/li>\n<li>Michela Mangiarott<\/li>\n<li>Miguel Carlos de Azevedo da Cunha Lima<\/li>\n<li>Nat\u00e1lia de Jesus Albino Pires<\/li>\n<li>Nat\u00e1lia Laranjinha<\/li>\n<li>Nat\u00e1lia Mar\u00edlia Massa Const\u00e2ncio<\/li>\n<li>Nelson Duarte Vargues Domingos<\/li>\n<li>Nelson Francisco Ribeiro Caldeira<\/li>\n<li>Neuza Carla do Sacramento Alves Baptista e Costa<\/li>\n<li>Nicole Rodrigues dos Santos<\/li>\n<li>Nina Vigon Manso<\/li>\n<li>Nuno Martins<\/li>\n<li>Patr\u00edcia Alexandra Faria Ferreira<\/li>\n<li>Patr\u00edcia Isabel Pereira Baeta<\/li>\n<li>Patrick dos Santos<\/li>\n<li>Paula Alexandra In\u00e1cio Lu\u00eds<\/li>\n<li>Paulo Alexandre e Castro Cardoso<\/li>\n<li>Paulo Alexandre Moutinho Barroso<\/li>\n<li>Paulo Roberto N\u00f3brega Serra<\/li>\n<li>Pedro Emanuel Quintino de Sousa<\/li>\n<li>Pedro Lu\u00eds Lopes Pais Correia<\/li>\n<li>Pedro Manuel Maia de Oliveira Martins Calado<\/li>\n<li>Pedro Miguel de Ara\u00fajo Albuquerque<\/li>\n<li>Pedro Miguel Faria Henriques<\/li>\n<li>Priscila Almeida Cunha Arantes<\/li>\n<li>Raquel Pacheco Mello e Cunha<\/li>\n<li>Renato Essenfelder Abrah\u00e3o Filho<\/li>\n<li>Ricardo Costa Agarez<\/li>\n<li>Ricardo Filipe Nunes Pires Mestre<\/li>\n<li>Ricardo Miguel Pinto Monteiro<\/li>\n<li>Rita de Cassia Martelozo Cassitas Cavalcante de Lima<\/li>\n<li>Rita Maria Bastos Wengorovius<\/li>\n<li>Rosim\u00e1ria Sapucaia Rocha<\/li>\n<li>Ruben Miguel Faria Ferreira<\/li>\n<li>Rudolfo Jos\u00e9 da Silva Pinto Pereira Quintas<\/li>\n<li>Rui Francisco de Brion Ramirez Sanches<\/li>\n<li>Rui Jorge Pereira Travasso<\/li>\n<li>Rui Luis Sousa de Albuquerque d\u2019Orey<\/li>\n<li>Rui Manuel da Costa Robalo<\/li>\n<li>Rui Paulo Mateus Ant\u00f3nio<\/li>\n<li>Sandra Cristina C\u00f4rtes-Moreira<\/li>\n<li>Sandra Isabel da Ponte Rodrigues<\/li>\n<li>Sandra Ramos Cerqueira<\/li>\n<li>Sara Eduarda Silva Cruz<\/li>\n<li>Sara Joana da Rosa Belo Patronilo de Ara\u00fajo<\/li>\n<li>Sara Pugliesi Larrabure<\/li>\n<li>Sara Rosa Faria da Silva Vitorino Fernandez<\/li>\n<li>Selma Eduarda Moita da Silva Pereira<\/li>\n<li>S\u00e9rgio da Luz Pinto<\/li>\n<li>S\u00edlvia Casian<\/li>\n<li>S\u00edlvia Venturinha Jermias<\/li>\n<li>S\u00f3nia Seixas<\/li>\n<li>Susana Costa<\/li>\n<li>Susana Medeiros<\/li>\n<li>Tatjana Manojlovic<\/li>\n<li>Teresa Maria Martins Sousa Oliveira<\/li>\n<li>Teresa Paula Costa Azinheira Oliveira<\/li>\n<li>Tiago Filipe Castanheiro Lameiras<\/li>\n<li>Valdemir Soares dos Santos Neto<\/li>\n<li>Val\u00e9ria Seixas Fraga<\/li>\n<li>Vanessa Oliveira dos Santos Nunes<\/li>\n<li>Vasco Manuel Marques Ramalho<\/li>\n<li>Vict\u00f3ria Cristine Lovisi Brand\u00e3o<\/li>\n<li>V\u00edtor Hugo Cruz Gomes<\/li>\n<li>V\u00edtor Manuel Domingues Gon\u00e7alves<\/li>\n<li>Vivina Almeida Carreira<\/li>\n<li>Yannick Pimenta<\/li>\n<\/ul>\n\n\n\n<hr class=\"wp-block-separator alignwide has-alpha-channel-opacity separador active\">\n\n\n\n<h3 class=\"wp-block-heading active\">External Collaborators<\/h3>\n\n\n\n<ul class=\"lcp_catlist active\" id=\"lcp_instance_0\"><li>\u00c1lvaro Eduardo Trigueiro Americano \u2013 Universidade Federal de Juiz de Fora<\/li><li>Austin Fisher (Bournemouth University, UK)<\/li><li>Camila Mangueira \u2013 Pontif\u00edcia Universidade Cat\u00f3lica de S\u00e3o Paulo<\/li><li>Cecilia Almeida Salles \u2013 Pontif\u00edcia Universidade Cat\u00f3lica de S\u00e3o Paulo<\/li><li>Francesco Di Chiara (Universit\u00e0 Telematica e-campus\/Lombardia)<\/li><li>Hugo Barreira (CITCEM\/Universidade do Porto)<\/li><li>Joana Isabel Duarte (CITCEM\/Universidade do Porto)<\/li><li>Let\u00edcia Torres Americano \u2013 Universidade Federal de Juiz de Fora<\/li><li>Mark Duffett (University of Kent, UK)<\/li><li>Paula Martinelli \u2013 Pontif\u00edcia Universidade Cat\u00f3lica de S\u00e3o Paulo<\/li><li>Tim Bergfelder (University of Southampton \u2013 UK)<\/li><li>Wagner de Miranda \u2013 Pontif\u00edcia Universidade Cat\u00f3lica de S\u00e3o Paulo<\/li><\/ul>\n","protected":false},"excerpt":{"rendered":"<p>Adriana Manuela de Mendon\u00e7a Freire Nogueira Adriana Pierre Coca Alexandre Bataller Catal\u00e0<\/p>\n","protected":false},"author":1,"featured_media":0,"parent":243,"menu_order":3,"comment_status":"closed","ping_status":"closed","template":"","meta":{"_eb_attr":"","inline_featured_image":false,"advgb_blocks_editor_width":"","advgb_blocks_columns_visual_guide":"","footnotes":"","_links_to":"","_links_to_target":""},"class_list":["post-1506","page","type-page","status-publish","hentry"],"yoast_head":"<!-- This site is optimized with the Yoast SEO plugin v27.2 - https:\/\/yoast.com\/product\/yoast-seo-wordpress\/ -->\n<title>Collaborators - CIAC<\/title>\n<meta name=\"robots\" content=\"index, follow, max-snippet:-1, max-image-preview:large, max-video-preview:-1\" \/>\n<link rel=\"canonical\" href=\"https:\/\/ciac.pt\/en\/members\/collaborators\/\" \/>\n<meta property=\"og:locale\" content=\"en_US\" \/>\n<meta property=\"og:type\" content=\"article\" \/>\n<meta property=\"og:title\" content=\"Collaborators - CIAC\" \/>\n<meta property=\"og:description\" content=\"Adriana Manuela de Mendon\u00e7a Freire Nogueira Adriana Pierre Coca Alexandre Bataller Catal\u00e0\" \/>\n<meta property=\"og:url\" content=\"https:\/\/ciac.pt\/en\/members\/collaborators\/\" \/>\n<meta property=\"og:site_name\" content=\"CIAC\" \/>\n<meta property=\"article:modified_time\" content=\"2026-03-25T17:58:32+00:00\" \/>\n<meta name=\"twitter:card\" content=\"summary_large_image\" \/>\n<meta name=\"twitter:label1\" content=\"Est. reading time\" \/>\n\t<meta name=\"twitter:data1\" content=\"6 minutes\" \/>\n<script type=\"application\/ld+json\" class=\"yoast-schema-graph\">{\"@context\":\"https:\/\/schema.org\",\"@graph\":[{\"@type\":\"WebPage\",\"@id\":\"https:\/\/ciac.pt\/en\/members\/collaborators\/\",\"url\":\"https:\/\/ciac.pt\/en\/members\/collaborators\/\",\"name\":\"Collaborators - CIAC\",\"isPartOf\":{\"@id\":\"https:\/\/ciac.pt\/en\/#website\"},\"datePublished\":\"2023-08-23T17:17:02+00:00\",\"dateModified\":\"2026-03-25T17:58:32+00:00\",\"breadcrumb\":{\"@id\":\"https:\/\/ciac.pt\/en\/members\/collaborators\/#breadcrumb\"},\"inLanguage\":\"en-US\",\"potentialAction\":[{\"@type\":\"ReadAction\",\"target\":[\"https:\/\/ciac.pt\/en\/members\/collaborators\/\"]}]},{\"@type\":\"BreadcrumbList\",\"@id\":\"https:\/\/ciac.pt\/en\/members\/collaborators\/#breadcrumb\",\"itemListElement\":[{\"@type\":\"ListItem\",\"position\":1,\"name\":\"In\u00edcio\",\"item\":\"https:\/\/ciac.pt\/en\/\"},{\"@type\":\"ListItem\",\"position\":2,\"name\":\"Members\",\"item\":\"https:\/\/ciac.pt\/en\/members\/\"},{\"@type\":\"ListItem\",\"position\":3,\"name\":\"Collaborators\"}]},{\"@type\":\"WebSite\",\"@id\":\"https:\/\/ciac.pt\/en\/#website\",\"url\":\"https:\/\/ciac.pt\/en\/\",\"name\":\"CIAC\",\"description\":\"Centro de Investiga\u00e7\u00e3o em Artes e Comunica\u00e7\u00e3o\",\"publisher\":{\"@id\":\"https:\/\/ciac.pt\/en\/#organization\"},\"potentialAction\":[{\"@type\":\"SearchAction\",\"target\":{\"@type\":\"EntryPoint\",\"urlTemplate\":\"https:\/\/ciac.pt\/en\/?s={search_term_string}\"},\"query-input\":{\"@type\":\"PropertyValueSpecification\",\"valueRequired\":true,\"valueName\":\"search_term_string\"}}],\"inLanguage\":\"en-US\"},{\"@type\":\"Organization\",\"@id\":\"https:\/\/ciac.pt\/en\/#organization\",\"name\":\"CIAC\",\"url\":\"https:\/\/ciac.pt\/en\/\",\"logo\":{\"@type\":\"ImageObject\",\"inLanguage\":\"en-US\",\"@id\":\"https:\/\/ciac.pt\/en\/#\/schema\/logo\/image\/\",\"url\":\"https:\/\/ciac.pt\/wp-content\/uploads\/2022\/06\/logo.svg\",\"contentUrl\":\"https:\/\/ciac.pt\/wp-content\/uploads\/2022\/06\/logo.svg\",\"width\":184,\"height\":51,\"caption\":\"CIAC\"},\"image\":{\"@id\":\"https:\/\/ciac.pt\/en\/#\/schema\/logo\/image\/\"}}]}<\/script>\n<!-- \/ Yoast SEO plugin. -->","yoast_head_json":{"title":"Collaborators - CIAC","robots":{"index":"index","follow":"follow","max-snippet":"max-snippet:-1","max-image-preview":"max-image-preview:large","max-video-preview":"max-video-preview:-1"},"canonical":"https:\/\/ciac.pt\/en\/members\/collaborators\/","og_locale":"en_US","og_type":"article","og_title":"Collaborators - CIAC","og_description":"Adriana Manuela de Mendon\u00e7a Freire Nogueira Adriana Pierre Coca Alexandre Bataller Catal\u00e0","og_url":"https:\/\/ciac.pt\/en\/members\/collaborators\/","og_site_name":"CIAC","article_modified_time":"2026-03-25T17:58:32+00:00","twitter_card":"summary_large_image","twitter_misc":{"Est. reading time":"6 minutes"},"schema":{"@context":"https:\/\/schema.org","@graph":[{"@type":"WebPage","@id":"https:\/\/ciac.pt\/en\/members\/collaborators\/","url":"https:\/\/ciac.pt\/en\/members\/collaborators\/","name":"Collaborators - CIAC","isPartOf":{"@id":"https:\/\/ciac.pt\/en\/#website"},"datePublished":"2023-08-23T17:17:02+00:00","dateModified":"2026-03-25T17:58:32+00:00","breadcrumb":{"@id":"https:\/\/ciac.pt\/en\/members\/collaborators\/#breadcrumb"},"inLanguage":"en-US","potentialAction":[{"@type":"ReadAction","target":["https:\/\/ciac.pt\/en\/members\/collaborators\/"]}]},{"@type":"BreadcrumbList","@id":"https:\/\/ciac.pt\/en\/members\/collaborators\/#breadcrumb","itemListElement":[{"@type":"ListItem","position":1,"name":"In\u00edcio","item":"https:\/\/ciac.pt\/en\/"},{"@type":"ListItem","position":2,"name":"Members","item":"https:\/\/ciac.pt\/en\/members\/"},{"@type":"ListItem","position":3,"name":"Collaborators"}]},{"@type":"WebSite","@id":"https:\/\/ciac.pt\/en\/#website","url":"https:\/\/ciac.pt\/en\/","name":"CIAC","description":"Centro de Investiga\u00e7\u00e3o em Artes e Comunica\u00e7\u00e3o","publisher":{"@id":"https:\/\/ciac.pt\/en\/#organization"},"potentialAction":[{"@type":"SearchAction","target":{"@type":"EntryPoint","urlTemplate":"https:\/\/ciac.pt\/en\/?s={search_term_string}"},"query-input":{"@type":"PropertyValueSpecification","valueRequired":true,"valueName":"search_term_string"}}],"inLanguage":"en-US"},{"@type":"Organization","@id":"https:\/\/ciac.pt\/en\/#organization","name":"CIAC","url":"https:\/\/ciac.pt\/en\/","logo":{"@type":"ImageObject","inLanguage":"en-US","@id":"https:\/\/ciac.pt\/en\/#\/schema\/logo\/image\/","url":"https:\/\/ciac.pt\/wp-content\/uploads\/2022\/06\/logo.svg","contentUrl":"https:\/\/ciac.pt\/wp-content\/uploads\/2022\/06\/logo.svg","width":184,"height":51,"caption":"CIAC"},"image":{"@id":"https:\/\/ciac.pt\/en\/#\/schema\/logo\/image\/"}}]}},"coauthors":[],"author_meta":{"author_link":"https:\/\/ciac.pt\/en\/author\/webmaster\/","display_name":"webmaster"},"relative_dates":{"created":"Posted 3 years ago","modified":"Updated 3 weeks ago"},"absolute_dates":{"created":"Posted on 23\/08\/2023","modified":"Updated on 25\/03\/2026"},"absolute_dates_time":{"created":"Posted on 23\/08\/2023 18:17","modified":"Updated on 25\/03\/2026 17:58"},"featured_img_caption":"","featured_img":false,"series_order":"","_links":{"self":[{"href":"https:\/\/ciac.pt\/en\/wp-json\/wp\/v2\/pages\/1506","targetHints":{"allow":["GET"]}}],"collection":[{"href":"https:\/\/ciac.pt\/en\/wp-json\/wp\/v2\/pages"}],"about":[{"href":"https:\/\/ciac.pt\/en\/wp-json\/wp\/v2\/types\/page"}],"author":[{"embeddable":true,"href":"https:\/\/ciac.pt\/en\/wp-json\/wp\/v2\/users\/1"}],"replies":[{"embeddable":true,"href":"https:\/\/ciac.pt\/en\/wp-json\/wp\/v2\/comments?post=1506"}],"version-history":[{"count":3,"href":"https:\/\/ciac.pt\/en\/wp-json\/wp\/v2\/pages\/1506\/revisions"}],"predecessor-version":[{"id":14358,"href":"https:\/\/ciac.pt\/en\/wp-json\/wp\/v2\/pages\/1506\/revisions\/14358"}],"up":[{"embeddable":true,"href":"https:\/\/ciac.pt\/en\/wp-json\/wp\/v2\/pages\/243"}],"wp:attachment":[{"href":"https:\/\/ciac.pt\/en\/wp-json\/wp\/v2\/media?parent=1506"}],"curies":[{"name":"wp","href":"https:\/\/api.w.org\/{rel}","templated":true}]}}