{"id":1510,"date":"2023-08-23T18:17:54","date_gmt":"2023-08-23T17:17:54","guid":{"rendered":"https:\/\/web.ciac.pt\/?page_id=1510"},"modified":"2026-01-19T16:09:51","modified_gmt":"2026-01-19T16:09:51","slug":"scientific-council","status":"publish","type":"page","link":"https:\/\/ciac.pt\/en\/members\/scientific-council\/","title":{"rendered":"Scientific Council"},"content":{"rendered":"\n<hr class=\"wp-block-separator alignwide has-alpha-channel-opacity is-style-wide\"\/>\n\n\n\n\n\n<ul class=\"lcp_catlist active\" id=\"lcp_instance_0\"><li><a href=\"https:\/\/ciac.pt\/en\/members\/aderito-fernandes-marcos\/\">Ad\u00e9rito Fernandes Marcos<\/a><\/li><li><a href=\"https:\/\/ciac.pt\/en\/members\/ana-alexandra-mendonca-seabra-da-silva-andrade-de-carvalho\/\">Ana Alexandra Mendon\u00e7a Seabra da Silva Andrade de Carvalho<\/a><\/li><li><a href=\"https:\/\/ciac.pt\/en\/members\/ana-clara-viegas-santos\/\">Ana Clara Viegas Santos<\/a><\/li><li><a href=\"https:\/\/ciac.pt\/en\/members\/ana-cristina-da-silva-rodrigues-gomes\/\">Ana Cristina da Silva Rodrigues Gomes<\/a><\/li><li><a href=\"https:\/\/ciac.pt\/en\/members\/ana-filipa-cristiano-cerol-santos-martins\/\">Ana Filipa Cristiano Cerol Santos Martins<\/a><\/li><li><a href=\"https:\/\/ciac.pt\/en\/members\/ana-isabel-candeias-dias-soares\/\">Ana Isabel Candeias Dias Soares<\/a><\/li><li><a href=\"https:\/\/ciac.pt\/en\/members\/ana-isabel-gomes-goncalves-melro\/\">Ana Isabel Gomes Gon\u00e7alves Melro<\/a><\/li><li><a href=\"https:\/\/ciac.pt\/en\/members\/ana-maria-da-assuncao-carvalho\/\">Ana Maria da Assun\u00e7\u00e3o Carvalho<\/a><\/li><li><a href=\"https:\/\/ciac.pt\/en\/members\/ana-patricia-de-queiroz-carneiro-dourado\/\">Ana Patr\u00edcia de Queiroz Carneiro Dourado<\/a><\/li><li><a href=\"https:\/\/ciac.pt\/en\/members\/andreia-teles-vieira\/\">Andreia Teles Vieira<\/a><\/li><li><a href=\"https:\/\/ciac.pt\/en\/members\/antonio-carlos-camilo-correia-de-lacerda\/\">Ant\u00f3nio&nbsp;Carlos Camilo Correia de&nbsp;Lacerda<\/a><\/li><li><a href=\"https:\/\/ciac.pt\/en\/members\/antonio-manuel-bandeira-barata-alves-de-araujo\/\">Ant\u00f3nio Manuel Bandeira Barata Alves de Ara\u00fajo<\/a><\/li><li><a href=\"https:\/\/ciac.pt\/en\/members\/antonio-manuel-da-costa-guedes-branco\/\">Ant\u00f3nio Manuel da Costa Guedes Branco<\/a><\/li><li><a href=\"https:\/\/ciac.pt\/en\/members\/antonio-manuel-dias-costa-valente\/\">Ant\u00f3nio Manuel Dias Costa Valente<\/a><\/li><li><a href=\"https:\/\/ciac.pt\/en\/members\/antonio-pedro-cabral-dos-santos\/\">Ant\u00f3nio Pedro Cabral dos Santos<\/a><\/li><li><a href=\"https:\/\/ciac.pt\/en\/members\/armando-rodrigues-do-nascimento-correia-rosa\/\">Armando Rodrigues do Nascimento Correia Rosa<\/a><\/li><li><a href=\"https:\/\/ciac.pt\/en\/members\/artur-manuel-sancho-marques\/\">Artur Manuel Sancho Marques<\/a><\/li><li><a href=\"https:\/\/ciac.pt\/en\/members\/bruno-miguel-dos-santos-mendes-da-silva\/\">Bruno Mendes da Silva<\/a><\/li><li><a href=\"https:\/\/ciac.pt\/en\/members\/cassio-cabral-santos\/\">Cassio Cabral Santos<\/a><\/li><li><a href=\"https:\/\/ciac.pt\/en\/members\/celia-vieira\/\">C\u00e9lia Vieira<\/a><\/li><li><a href=\"https:\/\/ciac.pt\/en\/members\/dario-elias-felix-de-oliveira-rodrigues\/\">D\u00e1rio Elias F\u00e9lix de Oliveira Rodrigues<\/a><\/li><li><a href=\"https:\/\/ciac.pt\/en\/members\/fernando-jorge-de-sousa-faria-paulino\/\">Fernando Jorge de Sousa Faria Paulino<\/a><\/li><li><a href=\"https:\/\/ciac.pt\/en\/members\/filipe-montez-coelho-madeira\/\">Filipe Montez Coelho Madeira<\/a><\/li><li><a href=\"https:\/\/ciac.pt\/en\/members\/gabriela-borges-martins-caravela\/\">Gabriela Borges Martins Caravela<\/a><\/li><li><a href=\"https:\/\/ciac.pt\/en\/members\/ines-maria-veiga-guerra-santos\/\">In\u00eas Maria Veiga Guerra Santos<\/a><\/li><li><a href=\"https:\/\/ciac.pt\/en\/members\/isabel-cristina-goncalves-de-carvalho\/\">Isabel Cristina Gon\u00e7alves de Carvalho<\/a><\/li><li><a href=\"https:\/\/ciac.pt\/en\/members\/isabel-piscalho\/\">Isabel Piscalho<\/a><\/li><li><a href=\"https:\/\/ciac.pt\/en\/members\/joao-carlos-firmino-andrade-de-carvalho\/\">Jo\u00e3o Carlos Firmino Andrade de Carvalho<\/a><\/li><li><a href=\"https:\/\/ciac.pt\/en\/members\/joao-paulo-rodrigues-da-silva-samartinho\/\">Jo\u00e3o Paulo Rodrigues da Silva Samartinho<\/a><\/li><li><a href=\"https:\/\/ciac.pt\/en\/members\/joaquim-guerra\/\">Joaquim Agostinho de Oliveira Guerra<\/a><\/li><li><a href=\"https:\/\/ciac.pt\/en\/members\/jose-bogalheiro\/\">Jos\u00e9 Bogalheiro<\/a><\/li><li><a href=\"https:\/\/ciac.pt\/en\/members\/jose-manuel-emiliano-bidarra-de-almeida\/\">Jos\u00e9 Manuel Emiliano Bidarra de Almeida<\/a><\/li><li><a href=\"https:\/\/ciac.pt\/en\/members\/jose-mauricio-dias\/\">Jos\u00e9 Maur\u00edcio Dias<\/a><\/li><li><a href=\"https:\/\/ciac.pt\/en\/members\/luis-carlos-goncalves-dos-santos-seco\/\">Lu\u00eds Carlos Gon\u00e7alves dos Santos Seco<\/a><\/li><li><a href=\"https:\/\/ciac.pt\/en\/members\/manuel-celio-conceicao\/\">Manuel C\u00e9lio Concei\u00e7\u00e3o<\/a><\/li><li><a href=\"https:\/\/ciac.pt\/en\/members\/maria-da-costa-potes-franco-barroso-santa-clara-barbas\/\">Maria da Costa Potes Franco Barroso Santa-Clara Barbas<\/a><\/li><li><a href=\"https:\/\/ciac.pt\/en\/members\/maria-jesus-botana-vilar\/\">Mar\u00eda Jes\u00fas Botana Vilar<\/a><\/li><li><a href=\"https:\/\/ciac.pt\/en\/members\/maria-jose-conceicao-rodrigues-marques\/\">Maria Jos\u00e9 Concei\u00e7\u00e3o Rodrigues Marques<\/a><\/li><li><a href=\"https:\/\/ciac.pt\/en\/members\/maryam-abbasi\/\">Maryam Abbasi<\/a><\/li><li><a href=\"https:\/\/ciac.pt\/en\/members\/mirian-estela-nogueira-tavares\/\">Mirian Estela Nogueira Tavares<\/a><\/li><li><a href=\"https:\/\/ciac.pt\/en\/members\/neusa-branco\/\">Neusa Branco<\/a><\/li><li><a href=\"https:\/\/ciac.pt\/en\/members\/olivia-novoa-fernandez\/\">Olivia Novoa Fern\u00e1ndez<\/a><\/li><li><a href=\"https:\/\/ciac.pt\/en\/members\/paulo-andre-reis-duarte-branco\/\">Paulo Andr\u00e9 Reis Duarte Branco<\/a><\/li><li><a href=\"https:\/\/ciac.pt\/en\/members\/paulo-jorge-de-almeida-falcao-alves\/\">Paulo Jorge de Almeida Falc\u00e3o Alves<\/a><\/li><li><a href=\"https:\/\/ciac.pt\/en\/members\/pedro-duarte-pestana\/\">Pedro Duarte Pestana<\/a><\/li><li><a href=\"https:\/\/ciac.pt\/en\/members\/pedro-jorge-agostinho-alves-da-veiga\/\">Pedro Jorge Agostinho Alves da Veiga<\/a><\/li><li><a href=\"https:\/\/ciac.pt\/en\/members\/silvia-baptista-leiria-viegas\/\">S\u00edlvia Baptista Leiria Viegas<\/a><\/li><li><a href=\"https:\/\/ciac.pt\/en\/members\/silvia-quinteiro\/\">S\u00edlvia Quinteiro<\/a><\/li><li><a href=\"https:\/\/ciac.pt\/en\/members\/simone-antoniaci-tuzzo\/\">Simone Antoniaci Tuzzo<\/a><\/li><li><a href=\"https:\/\/ciac.pt\/en\/members\/susana-isabel-gueifao-colaco\/\">Susana Isabel Gueif\u00e3o Cola\u00e7o<\/a><\/li><li><a href=\"https:\/\/ciac.pt\/en\/members\/tiago-filipe-neves-cruz\/\">Tiago Filipe Neves Cruz<\/a><\/li><\/ul>\n\n\n\n<h2 class=\"wp-block-heading\">Emeritus<\/h2>\n\n\n\n<ul class=\"lcp_catlist active\" id=\"lcp_instance_0\"><li><a href=\"https:\/\/ciac.pt\/en\/members\/maria-eugenia-miranda-afonso-vasques\/\">Maria Eug\u00e9nia Miranda Afonso Vasques<\/a><\/li><li><a href=\"https:\/\/ciac.pt\/en\/members\/pedro-alfonso-ferre-ponte\/\">Pedro Alfonso Ferr\u00e9 Ponte<\/a><\/li><\/ul>\n","protected":false},"excerpt":{"rendered":"<p>Ad\u00e9rito Fernandes Marcos Ana Alexandra Mendon\u00e7a Seabra da Silva Andrade de Carvalho<\/p>\n","protected":false},"author":1,"featured_media":0,"parent":243,"menu_order":2,"comment_status":"closed","ping_status":"closed","template":"","meta":{"_eb_attr":"","inline_featured_image":false,"advgb_blocks_editor_width":"","advgb_blocks_columns_visual_guide":"","footnotes":"","_links_to":"","_links_to_target":""},"class_list":["post-1510","page","type-page","status-publish","hentry"],"yoast_head":"<!-- This site is optimized with the Yoast SEO plugin v27.2 - https:\/\/yoast.com\/product\/yoast-seo-wordpress\/ -->\n<title>Scientific Council - CIAC<\/title>\n<meta name=\"robots\" content=\"index, follow, max-snippet:-1, max-image-preview:large, max-video-preview:-1\" \/>\n<link rel=\"canonical\" href=\"https:\/\/ciac.pt\/en\/members\/scientific-council\/\" \/>\n<meta property=\"og:locale\" content=\"en_US\" \/>\n<meta property=\"og:type\" content=\"article\" \/>\n<meta property=\"og:title\" content=\"Scientific Council - CIAC\" \/>\n<meta property=\"og:description\" content=\"Ad\u00e9rito Fernandes Marcos Ana Alexandra Mendon\u00e7a Seabra da Silva Andrade de Carvalho\" \/>\n<meta property=\"og:url\" content=\"https:\/\/ciac.pt\/en\/members\/scientific-council\/\" \/>\n<meta property=\"og:site_name\" content=\"CIAC\" \/>\n<meta property=\"article:modified_time\" content=\"2026-01-19T16:09:51+00:00\" \/>\n<meta name=\"twitter:card\" content=\"summary_large_image\" \/>\n<meta name=\"twitter:label1\" content=\"Est. reading time\" \/>\n\t<meta name=\"twitter:data1\" content=\"2 minutes\" \/>\n<script type=\"application\/ld+json\" class=\"yoast-schema-graph\">{\"@context\":\"https:\/\/schema.org\",\"@graph\":[{\"@type\":\"WebPage\",\"@id\":\"https:\/\/ciac.pt\/en\/members\/scientific-council\/\",\"url\":\"https:\/\/ciac.pt\/en\/members\/scientific-council\/\",\"name\":\"Scientific Council - CIAC\",\"isPartOf\":{\"@id\":\"https:\/\/ciac.pt\/en\/#website\"},\"datePublished\":\"2023-08-23T17:17:54+00:00\",\"dateModified\":\"2026-01-19T16:09:51+00:00\",\"breadcrumb\":{\"@id\":\"https:\/\/ciac.pt\/en\/members\/scientific-council\/#breadcrumb\"},\"inLanguage\":\"en-US\",\"potentialAction\":[{\"@type\":\"ReadAction\",\"target\":[\"https:\/\/ciac.pt\/en\/members\/scientific-council\/\"]}]},{\"@type\":\"BreadcrumbList\",\"@id\":\"https:\/\/ciac.pt\/en\/members\/scientific-council\/#breadcrumb\",\"itemListElement\":[{\"@type\":\"ListItem\",\"position\":1,\"name\":\"In\u00edcio\",\"item\":\"https:\/\/ciac.pt\/en\/\"},{\"@type\":\"ListItem\",\"position\":2,\"name\":\"Members\",\"item\":\"https:\/\/ciac.pt\/en\/members\/\"},{\"@type\":\"ListItem\",\"position\":3,\"name\":\"Scientific Council\"}]},{\"@type\":\"WebSite\",\"@id\":\"https:\/\/ciac.pt\/en\/#website\",\"url\":\"https:\/\/ciac.pt\/en\/\",\"name\":\"CIAC\",\"description\":\"Centro de Investiga\u00e7\u00e3o em Artes e Comunica\u00e7\u00e3o\",\"publisher\":{\"@id\":\"https:\/\/ciac.pt\/en\/#organization\"},\"potentialAction\":[{\"@type\":\"SearchAction\",\"target\":{\"@type\":\"EntryPoint\",\"urlTemplate\":\"https:\/\/ciac.pt\/en\/?s={search_term_string}\"},\"query-input\":{\"@type\":\"PropertyValueSpecification\",\"valueRequired\":true,\"valueName\":\"search_term_string\"}}],\"inLanguage\":\"en-US\"},{\"@type\":\"Organization\",\"@id\":\"https:\/\/ciac.pt\/en\/#organization\",\"name\":\"CIAC\",\"url\":\"https:\/\/ciac.pt\/en\/\",\"logo\":{\"@type\":\"ImageObject\",\"inLanguage\":\"en-US\",\"@id\":\"https:\/\/ciac.pt\/en\/#\/schema\/logo\/image\/\",\"url\":\"https:\/\/ciac.pt\/wp-content\/uploads\/2022\/06\/logo.svg\",\"contentUrl\":\"https:\/\/ciac.pt\/wp-content\/uploads\/2022\/06\/logo.svg\",\"width\":184,\"height\":51,\"caption\":\"CIAC\"},\"image\":{\"@id\":\"https:\/\/ciac.pt\/en\/#\/schema\/logo\/image\/\"}}]}<\/script>\n<!-- \/ Yoast SEO plugin. -->","yoast_head_json":{"title":"Scientific Council - CIAC","robots":{"index":"index","follow":"follow","max-snippet":"max-snippet:-1","max-image-preview":"max-image-preview:large","max-video-preview":"max-video-preview:-1"},"canonical":"https:\/\/ciac.pt\/en\/members\/scientific-council\/","og_locale":"en_US","og_type":"article","og_title":"Scientific Council - CIAC","og_description":"Ad\u00e9rito Fernandes Marcos Ana Alexandra Mendon\u00e7a Seabra da Silva Andrade de Carvalho","og_url":"https:\/\/ciac.pt\/en\/members\/scientific-council\/","og_site_name":"CIAC","article_modified_time":"2026-01-19T16:09:51+00:00","twitter_card":"summary_large_image","twitter_misc":{"Est. reading time":"2 minutes"},"schema":{"@context":"https:\/\/schema.org","@graph":[{"@type":"WebPage","@id":"https:\/\/ciac.pt\/en\/members\/scientific-council\/","url":"https:\/\/ciac.pt\/en\/members\/scientific-council\/","name":"Scientific Council - CIAC","isPartOf":{"@id":"https:\/\/ciac.pt\/en\/#website"},"datePublished":"2023-08-23T17:17:54+00:00","dateModified":"2026-01-19T16:09:51+00:00","breadcrumb":{"@id":"https:\/\/ciac.pt\/en\/members\/scientific-council\/#breadcrumb"},"inLanguage":"en-US","potentialAction":[{"@type":"ReadAction","target":["https:\/\/ciac.pt\/en\/members\/scientific-council\/"]}]},{"@type":"BreadcrumbList","@id":"https:\/\/ciac.pt\/en\/members\/scientific-council\/#breadcrumb","itemListElement":[{"@type":"ListItem","position":1,"name":"In\u00edcio","item":"https:\/\/ciac.pt\/en\/"},{"@type":"ListItem","position":2,"name":"Members","item":"https:\/\/ciac.pt\/en\/members\/"},{"@type":"ListItem","position":3,"name":"Scientific Council"}]},{"@type":"WebSite","@id":"https:\/\/ciac.pt\/en\/#website","url":"https:\/\/ciac.pt\/en\/","name":"CIAC","description":"Centro de Investiga\u00e7\u00e3o em Artes e Comunica\u00e7\u00e3o","publisher":{"@id":"https:\/\/ciac.pt\/en\/#organization"},"potentialAction":[{"@type":"SearchAction","target":{"@type":"EntryPoint","urlTemplate":"https:\/\/ciac.pt\/en\/?s={search_term_string}"},"query-input":{"@type":"PropertyValueSpecification","valueRequired":true,"valueName":"search_term_string"}}],"inLanguage":"en-US"},{"@type":"Organization","@id":"https:\/\/ciac.pt\/en\/#organization","name":"CIAC","url":"https:\/\/ciac.pt\/en\/","logo":{"@type":"ImageObject","inLanguage":"en-US","@id":"https:\/\/ciac.pt\/en\/#\/schema\/logo\/image\/","url":"https:\/\/ciac.pt\/wp-content\/uploads\/2022\/06\/logo.svg","contentUrl":"https:\/\/ciac.pt\/wp-content\/uploads\/2022\/06\/logo.svg","width":184,"height":51,"caption":"CIAC"},"image":{"@id":"https:\/\/ciac.pt\/en\/#\/schema\/logo\/image\/"}}]}},"coauthors":[],"author_meta":{"author_link":"https:\/\/ciac.pt\/en\/author\/webmaster\/","display_name":"webmaster"},"relative_dates":{"created":"Posted 3 years ago","modified":"Updated 3 months ago"},"absolute_dates":{"created":"Posted on 23\/08\/2023","modified":"Updated on 19\/01\/2026"},"absolute_dates_time":{"created":"Posted on 23\/08\/2023 18:17","modified":"Updated on 19\/01\/2026 16:09"},"featured_img_caption":"","featured_img":false,"series_order":"","_links":{"self":[{"href":"https:\/\/ciac.pt\/en\/wp-json\/wp\/v2\/pages\/1510","targetHints":{"allow":["GET"]}}],"collection":[{"href":"https:\/\/ciac.pt\/en\/wp-json\/wp\/v2\/pages"}],"about":[{"href":"https:\/\/ciac.pt\/en\/wp-json\/wp\/v2\/types\/page"}],"author":[{"embeddable":true,"href":"https:\/\/ciac.pt\/en\/wp-json\/wp\/v2\/users\/1"}],"replies":[{"embeddable":true,"href":"https:\/\/ciac.pt\/en\/wp-json\/wp\/v2\/comments?post=1510"}],"version-history":[{"count":3,"href":"https:\/\/ciac.pt\/en\/wp-json\/wp\/v2\/pages\/1510\/revisions"}],"predecessor-version":[{"id":13447,"href":"https:\/\/ciac.pt\/en\/wp-json\/wp\/v2\/pages\/1510\/revisions\/13447"}],"up":[{"embeddable":true,"href":"https:\/\/ciac.pt\/en\/wp-json\/wp\/v2\/pages\/243"}],"wp:attachment":[{"href":"https:\/\/ciac.pt\/en\/wp-json\/wp\/v2\/media?parent=1510"}],"curies":[{"name":"wp","href":"https:\/\/api.w.org\/{rel}","templated":true}]}}