{"id":1512,"date":"2023-08-23T18:18:59","date_gmt":"2023-08-23T17:18:59","guid":{"rendered":"https:\/\/web.ciac.pt\/?page_id=1512"},"modified":"2025-06-30T12:59:31","modified_gmt":"2025-06-30T11:59:31","slug":"coordination-and-executive-council","status":"publish","type":"page","link":"https:\/\/ciac.pt\/en\/members\/coordination-and-executive-council\/","title":{"rendered":"Coordination and Executive Council"},"content":{"rendered":"\n<h2 class=\"wp-block-heading\">Coordinator<\/h2>\n\n\n\n<ul class=\"lcp_catlist\" id=\"lcp_instance_0\"><li><a href=\"https:\/\/ciac.pt\/en\/members\/bruno-miguel-dos-santos-mendes-da-silva\/\">Bruno Mendes da Silva<\/a><\/li><\/ul>\n\n\n\n\n\n<h2 class=\"wp-block-heading\">Vice-Coordinator<\/h2>\n\n\n\n<ul class=\"lcp_catlist\" id=\"lcp_instance_0\"><li><a href=\"https:\/\/ciac.pt\/en\/members\/mirian-estela-nogueira-tavares\/\">Mirian Estela Nogueira Tavares<\/a><\/li><\/ul>\n\n\n\n\n\n<h2 class=\"wp-block-heading\">Executive Council<\/h2>\n\n\n\n<ul class=\"lcp_catlist\" id=\"lcp_instance_0\"><li><a href=\"https:\/\/ciac.pt\/en\/members\/armando-rodrigues-do-nascimento-correia-rosa\/\">Armando Rodrigues do Nascimento Correia Rosa<\/a><\/li><li><a href=\"https:\/\/ciac.pt\/en\/members\/bruno-miguel-dos-santos-mendes-da-silva\/\">Bruno Mendes da Silva<\/a><\/li><li><a href=\"https:\/\/ciac.pt\/en\/members\/ines-maria-veiga-guerra-santos\/\">In\u00eas Maria Veiga Guerra Santos<\/a><\/li><li><a href=\"https:\/\/ciac.pt\/en\/members\/jose-manuel-emiliano-bidarra-de-almeida\/\">Jos\u00e9 Manuel Emiliano Bidarra de Almeida<\/a><\/li><li><a href=\"https:\/\/ciac.pt\/en\/members\/manuel-celio-conceicao\/\">Manuel C\u00e9lio Concei\u00e7\u00e3o<\/a><\/li><li><a href=\"https:\/\/ciac.pt\/en\/members\/maria-da-costa-potes-franco-barroso-santa-clara-barbas\/\">Maria da Costa Potes Franco Barroso Santa-Clara Barbas<\/a><\/li><li><a href=\"https:\/\/ciac.pt\/en\/members\/mirian-estela-nogueira-tavares\/\">Mirian Estela Nogueira Tavares<\/a><\/li><\/ul>\n\n\n\n\n\n\n\n\n\n<h2 class=\"wp-block-heading\">Research Initiation Fellows<\/h2>\n\n\n\n<ul class=\"lcp_catlist active\" id=\"lcp_instance_0\"><li>Josu\u00e9 Soares Guedes<\/li><\/ul>\n\n\n\n\n\n\n\n<h2 class=\"wp-block-heading\">FCT\/CIAC Doctoral Fellows<\/h2>\n\n\n\n<ul class=\"lcp_catlist active\" id=\"lcp_instance_0\"><li>Alexandre Catarino Oliveira Martins<\/li><li>Bruno de Carvalho Belmonte<\/li><li>Juliana Wexel<\/li><li>Lucas Fabian Olivero<\/li><li>Susana Costa<\/li><\/ul>\n\n\n\n\n","protected":false},"excerpt":{"rendered":"<p>Coordinator Vice-Coordinator Executive Council Research Initiation Fellows Josu\u00e9 Soares Guedes FCT\/CIAC Doctoral<\/p>\n","protected":false},"author":1,"featured_media":0,"parent":243,"menu_order":1,"comment_status":"closed","ping_status":"closed","template":"","meta":{"_eb_attr":"","inline_featured_image":false,"advgb_blocks_editor_width":"","advgb_blocks_columns_visual_guide":"","footnotes":"","_links_to":"","_links_to_target":""},"class_list":["post-1512","page","type-page","status-publish","hentry"],"yoast_head":"<!-- This site is optimized with the Yoast SEO plugin v27.2 - https:\/\/yoast.com\/product\/yoast-seo-wordpress\/ -->\n<title>Coordination and Executive Council - CIAC<\/title>\n<meta name=\"robots\" content=\"index, follow, max-snippet:-1, max-image-preview:large, max-video-preview:-1\" \/>\n<link rel=\"canonical\" href=\"https:\/\/ciac.pt\/en\/members\/coordination-and-executive-council\/\" \/>\n<meta property=\"og:locale\" content=\"en_US\" \/>\n<meta property=\"og:type\" content=\"article\" \/>\n<meta property=\"og:title\" content=\"Coordination and Executive Council - CIAC\" \/>\n<meta property=\"og:description\" content=\"Coordinator Vice-Coordinator Executive Council Research Initiation Fellows Josu\u00e9 Soares Guedes FCT\/CIAC Doctoral\" \/>\n<meta property=\"og:url\" content=\"https:\/\/ciac.pt\/en\/members\/coordination-and-executive-council\/\" \/>\n<meta property=\"og:site_name\" content=\"CIAC\" \/>\n<meta property=\"article:modified_time\" content=\"2025-06-30T11:59:31+00:00\" \/>\n<meta name=\"twitter:card\" content=\"summary_large_image\" \/>\n<script type=\"application\/ld+json\" class=\"yoast-schema-graph\">{\"@context\":\"https:\/\/schema.org\",\"@graph\":[{\"@type\":\"WebPage\",\"@id\":\"https:\/\/ciac.pt\/en\/members\/coordination-and-executive-council\/\",\"url\":\"https:\/\/ciac.pt\/en\/members\/coordination-and-executive-council\/\",\"name\":\"Coordination and Executive Council - CIAC\",\"isPartOf\":{\"@id\":\"https:\/\/ciac.pt\/en\/#website\"},\"datePublished\":\"2023-08-23T17:18:59+00:00\",\"dateModified\":\"2025-06-30T11:59:31+00:00\",\"breadcrumb\":{\"@id\":\"https:\/\/ciac.pt\/en\/members\/coordination-and-executive-council\/#breadcrumb\"},\"inLanguage\":\"en-US\",\"potentialAction\":[{\"@type\":\"ReadAction\",\"target\":[\"https:\/\/ciac.pt\/en\/members\/coordination-and-executive-council\/\"]}]},{\"@type\":\"BreadcrumbList\",\"@id\":\"https:\/\/ciac.pt\/en\/members\/coordination-and-executive-council\/#breadcrumb\",\"itemListElement\":[{\"@type\":\"ListItem\",\"position\":1,\"name\":\"In\u00edcio\",\"item\":\"https:\/\/ciac.pt\/en\/\"},{\"@type\":\"ListItem\",\"position\":2,\"name\":\"Members\",\"item\":\"https:\/\/ciac.pt\/en\/members\/\"},{\"@type\":\"ListItem\",\"position\":3,\"name\":\"Coordination and Executive Council\"}]},{\"@type\":\"WebSite\",\"@id\":\"https:\/\/ciac.pt\/en\/#website\",\"url\":\"https:\/\/ciac.pt\/en\/\",\"name\":\"CIAC\",\"description\":\"Centro de Investiga\u00e7\u00e3o em Artes e Comunica\u00e7\u00e3o\",\"publisher\":{\"@id\":\"https:\/\/ciac.pt\/en\/#organization\"},\"potentialAction\":[{\"@type\":\"SearchAction\",\"target\":{\"@type\":\"EntryPoint\",\"urlTemplate\":\"https:\/\/ciac.pt\/en\/?s={search_term_string}\"},\"query-input\":{\"@type\":\"PropertyValueSpecification\",\"valueRequired\":true,\"valueName\":\"search_term_string\"}}],\"inLanguage\":\"en-US\"},{\"@type\":\"Organization\",\"@id\":\"https:\/\/ciac.pt\/en\/#organization\",\"name\":\"CIAC\",\"url\":\"https:\/\/ciac.pt\/en\/\",\"logo\":{\"@type\":\"ImageObject\",\"inLanguage\":\"en-US\",\"@id\":\"https:\/\/ciac.pt\/en\/#\/schema\/logo\/image\/\",\"url\":\"https:\/\/ciac.pt\/wp-content\/uploads\/2022\/06\/logo.svg\",\"contentUrl\":\"https:\/\/ciac.pt\/wp-content\/uploads\/2022\/06\/logo.svg\",\"width\":184,\"height\":51,\"caption\":\"CIAC\"},\"image\":{\"@id\":\"https:\/\/ciac.pt\/en\/#\/schema\/logo\/image\/\"}}]}<\/script>\n<!-- \/ Yoast SEO plugin. -->","yoast_head_json":{"title":"Coordination and Executive Council - CIAC","robots":{"index":"index","follow":"follow","max-snippet":"max-snippet:-1","max-image-preview":"max-image-preview:large","max-video-preview":"max-video-preview:-1"},"canonical":"https:\/\/ciac.pt\/en\/members\/coordination-and-executive-council\/","og_locale":"en_US","og_type":"article","og_title":"Coordination and Executive Council - CIAC","og_description":"Coordinator Vice-Coordinator Executive Council Research Initiation Fellows Josu\u00e9 Soares Guedes FCT\/CIAC Doctoral","og_url":"https:\/\/ciac.pt\/en\/members\/coordination-and-executive-council\/","og_site_name":"CIAC","article_modified_time":"2025-06-30T11:59:31+00:00","twitter_card":"summary_large_image","schema":{"@context":"https:\/\/schema.org","@graph":[{"@type":"WebPage","@id":"https:\/\/ciac.pt\/en\/members\/coordination-and-executive-council\/","url":"https:\/\/ciac.pt\/en\/members\/coordination-and-executive-council\/","name":"Coordination and Executive Council - CIAC","isPartOf":{"@id":"https:\/\/ciac.pt\/en\/#website"},"datePublished":"2023-08-23T17:18:59+00:00","dateModified":"2025-06-30T11:59:31+00:00","breadcrumb":{"@id":"https:\/\/ciac.pt\/en\/members\/coordination-and-executive-council\/#breadcrumb"},"inLanguage":"en-US","potentialAction":[{"@type":"ReadAction","target":["https:\/\/ciac.pt\/en\/members\/coordination-and-executive-council\/"]}]},{"@type":"BreadcrumbList","@id":"https:\/\/ciac.pt\/en\/members\/coordination-and-executive-council\/#breadcrumb","itemListElement":[{"@type":"ListItem","position":1,"name":"In\u00edcio","item":"https:\/\/ciac.pt\/en\/"},{"@type":"ListItem","position":2,"name":"Members","item":"https:\/\/ciac.pt\/en\/members\/"},{"@type":"ListItem","position":3,"name":"Coordination and Executive Council"}]},{"@type":"WebSite","@id":"https:\/\/ciac.pt\/en\/#website","url":"https:\/\/ciac.pt\/en\/","name":"CIAC","description":"Centro de Investiga\u00e7\u00e3o em Artes e Comunica\u00e7\u00e3o","publisher":{"@id":"https:\/\/ciac.pt\/en\/#organization"},"potentialAction":[{"@type":"SearchAction","target":{"@type":"EntryPoint","urlTemplate":"https:\/\/ciac.pt\/en\/?s={search_term_string}"},"query-input":{"@type":"PropertyValueSpecification","valueRequired":true,"valueName":"search_term_string"}}],"inLanguage":"en-US"},{"@type":"Organization","@id":"https:\/\/ciac.pt\/en\/#organization","name":"CIAC","url":"https:\/\/ciac.pt\/en\/","logo":{"@type":"ImageObject","inLanguage":"en-US","@id":"https:\/\/ciac.pt\/en\/#\/schema\/logo\/image\/","url":"https:\/\/ciac.pt\/wp-content\/uploads\/2022\/06\/logo.svg","contentUrl":"https:\/\/ciac.pt\/wp-content\/uploads\/2022\/06\/logo.svg","width":184,"height":51,"caption":"CIAC"},"image":{"@id":"https:\/\/ciac.pt\/en\/#\/schema\/logo\/image\/"}}]}},"coauthors":[],"author_meta":{"author_link":"https:\/\/ciac.pt\/en\/author\/webmaster\/","display_name":"webmaster"},"relative_dates":{"created":"Posted 3 years ago","modified":"Updated 10 months ago"},"absolute_dates":{"created":"Posted on 23\/08\/2023","modified":"Updated on 30\/06\/2025"},"absolute_dates_time":{"created":"Posted on 23\/08\/2023 18:18","modified":"Updated on 30\/06\/2025 12:59"},"featured_img_caption":"","featured_img":false,"series_order":"","_links":{"self":[{"href":"https:\/\/ciac.pt\/en\/wp-json\/wp\/v2\/pages\/1512","targetHints":{"allow":["GET"]}}],"collection":[{"href":"https:\/\/ciac.pt\/en\/wp-json\/wp\/v2\/pages"}],"about":[{"href":"https:\/\/ciac.pt\/en\/wp-json\/wp\/v2\/types\/page"}],"author":[{"embeddable":true,"href":"https:\/\/ciac.pt\/en\/wp-json\/wp\/v2\/users\/1"}],"replies":[{"embeddable":true,"href":"https:\/\/ciac.pt\/en\/wp-json\/wp\/v2\/comments?post=1512"}],"version-history":[{"count":3,"href":"https:\/\/ciac.pt\/en\/wp-json\/wp\/v2\/pages\/1512\/revisions"}],"predecessor-version":[{"id":11568,"href":"https:\/\/ciac.pt\/en\/wp-json\/wp\/v2\/pages\/1512\/revisions\/11568"}],"up":[{"embeddable":true,"href":"https:\/\/ciac.pt\/en\/wp-json\/wp\/v2\/pages\/243"}],"wp:attachment":[{"href":"https:\/\/ciac.pt\/en\/wp-json\/wp\/v2\/media?parent=1512"}],"curies":[{"name":"wp","href":"https:\/\/api.w.org\/{rel}","templated":true}]}}