{"id":1514,"date":"2023-08-23T18:19:58","date_gmt":"2023-08-23T17:19:58","guid":{"rendered":"https:\/\/web.ciac.pt\/?page_id=1514"},"modified":"2025-01-10T16:46:57","modified_gmt":"2025-01-10T16:46:57","slug":"visiting-researchers","status":"publish","type":"page","link":"https:\/\/ciac.pt\/en\/members\/visiting-researchers\/","title":{"rendered":"Visiting Researchers"},"content":{"rendered":"\n<!-- O c\u00f3digo desta p\u00e1gina n\u00e3o se atualiza autom\u00e1ticamente -->\n<ul class=\"lcp_catlist active\" id=\"lcp_instance_0\"><li>Adriana Dervishaj &#8211; Faculty of Foreign Languages in Tirana, Alb\u00e2nia<\/li>\n<li>Adriana Gomes do Nascimento -Universidade Federal de S\u00e3o Jo\u00e3o del-Rei, Brasil<\/li>\n<li>Adriana Rossi, Universit\u00e0 Campania Luigi Vanvitelli, Italia<\/li>\n<li>Adrianna Machado Meneguelli \u2013 Universidade Federal de Minas Gerais, Bolsa de investiga\u00e7\u00e3o CAPES \u00a0<\/li>\n<li>Adriano-Jos\u00e9 dos Santos Alves \u2013 Universitat Jaume I \u00a0<\/li>\n<li>Aida Mar\u00eda de Vicente Dom\u00ednguez \u2013 Universidad de M\u00e1laga \u00a0<\/li>\n<li>Alba Val\u00e9ria Dur\u00e3es Milagres \u2013 Centro Federal de Educa\u00e7\u00e3o Tecnol\u00f3gica de Minas Gerais \u00a0 \u00a0<\/li>\n<li>Alexandre Bergamo \u2013 Universidade Federal de Santa Catarina \u00a0 <\/li>\n<li>Alexandre Curtiss Alvarenga \u2013 Universidade Federal do Esp\u00edrito Santo \u00a0 \u00a0 <\/li>\n<li>Alicia Moreno-Delgado \u2013 Universidad Internacional de La Rioja \u00a0 \u00a0<\/li>\n<li>Almudena Mu\u00f1oz Gallego \u2013 Universidad Complutense de Madrid \u00a0 <\/li>\n<li>\u00c1lvaro Eduardo Trigueiro Americano \u2013 Universidade Federal de Juiz de Fora \u00a0 \u00a0<\/li>\n<li>\u00c1lvaro Piquero Rodriguez &#8211; Universidad Complutense de Madrid \u2013 Investigador Centro Men\u00e9ndez Pidal, Espanha \u00a0 <\/li>\n<li>Ana Lu\u00edsa Lauria \u2013 Universidade Federal da Bahia, Bolsa CAPES \u00a0 \u00a0<\/li>\n<li>Ana Paula Nunes de Abreu \u2013 Universidade Federal da Bahia \u00a0 \u00a0 <\/li>\n<li>Anastasia Dementyeva \u2013 Stoganov Moscow State Academy of Design and Applied Arts \u00a0<\/li>\n<li>Anastasia Olendskaya \u2013 Stoganov Moscow State Academy of Design and Applied Arts \u00a0<\/li>\n<li>\u00c2ngela Mastella Coradini \u2013 Universidade Federal de Mato Grosso, Programa P\u00f3s-Graduado Interdisciplinar em Cultura Contempor\u00e2nea \u00a0<\/li>\n<li>Ant\u00f3nio Ad\u00e9rito Borges Lopes &#8211; IDS &#8211; Instituto para o Desenvolvimento Social, Lisboa<\/li>\n<li>Antonio Delgado Baena \u2013 Universidad Loyola Andaluc\u00eda \u00a0 \u00a0 <\/li>\n<li>Anzhela Liashchenko \u2013 Dnipropetrovsk National University \u00a0 \u00a0 <\/li>\n<li>Barbara Fraticelli &#8211; Departamento de Estudos Rom\u00e2nicos da Universidade Complutense, Espanha \u00a0<\/li>\n<li>Barbara Sawicka &#8211; PL Poznan 02 \u2013 Centre of Languages and Communication, Pol\u00f3nia \u00a0<\/li>\n<li>Beata Godgjord \u2013 University of Nesna \u00a0 \u00a0 <\/li>\n<li>Brygida Gasztold &#8211; Koszalin University of Technology, Pol\u00f3nia \u00a0 \u00a0<\/li>\n<li>Carlos Eduardo Japiass\u00fa de Queiroz \u2013 Universidade Federal de Sergipe \u00a0 \u00a0 <\/li>\n<li>Carlos Garc\u00eda Carballo \u2013 Universidad de C\u00f3rdoba \u00a0<\/li>\n<li>Ciro N\u00e9stor Novelli \u2013 Universidad Nacional de Cuyo \u00a0 <\/li>\n<li>Cl\u00e1udia Albuquerque de Lima Queiroz Costa \u2013 Universidade do Estado da Bahia \u00a0<\/li>\n<li>Claudia Mari\u00f1o G\u00f3mez &#8211; University of Warsaw, Pol\u00f3nia \u00a0 \u00a0 <\/li>\n<li>Cristina Mart\u00edn Jim\u00e9nez \u2013 Universidad de Sevilla \u00a0 \u00a0 <\/li>\n<li>Denise Rezende Barbosa \u2013 Universidade Federal do Rio de Janeiro \u00a0<\/li>\n<li>Denize Correa Araujo \u2013 Universidade Tuiuti do Paran\u00e1 \u00a0 \u00a0 <\/li>\n<li>Djalma Rodrigues Lima Neto (Djalma Th\u00fcrler) Instituto de Humanidades, Artes e Ci\u00eancias da Universidade Federal da Bahia<\/li>\n<li>Dorota Zarnowska &#8211; PL Poznan 02 \u2013 Centre of Languages and Communication, Pol\u00f3nia \u00a0 \u00a0 <\/li>\n<li>Edilson Neri J\u00fanior &#8211; Universidade Federal do Par\u00e1, Brasil<\/li>\n<li>Ekaterina Shestakova \u2013 Siberian Federal University<\/li>\n<li>Elena Logunova \u2013 Siberian Federal University<\/li>\n<li>Emiliya Koycheva \u2013 Agricultural University \u2013 Plovdiv, Bulg\u00e1ria<\/li>\n<li>Eva Brooks &#8211; Aalborg University, Dinamarca<\/li>\n<li>Eva Dom\u00ednguez P\u00e9rez \u2013 Universidad de Sevilla<\/li>\n<li>Evgeniia Ionova \u2013 Nosov Magnitogorsk State Technical University<\/li>\n<li>F\u00e1bio Gioppo &#8211; Universidade Tuiuti do Paran\u00e1, Brasil<\/li>\n<li>Felisberto Sabino da Costa &#8211; Departamento de Artes C\u00eanicas da ECA\/USP.<\/li>\n<li>Fernando Severo \u2013 Universidade Tuiuti do Paran\u00e1, Doutorado Sandu\u00edche<\/li>\n<li>Fl\u00e1via B\u00fccker \u2013 Universidade do Vale do Itaja\u00ed<\/li>\n<li>Florence Dravet \u2013 Universidade Cat\u00f3lica de Bras\u00edlia<\/li>\n<li>Fuensanta Garrido Domen\u00e9 \u2013 Universidad de C\u00f3rdoba<\/li>\n<li>Gilberto Schm\u00fctz de Gouma \u2013 Universidade Federal Fluminense<\/li>\n<li>Gr\u00e9cia Falc\u00e3o \u2013 Universidade Estadual do Rio de Janeiro<\/li>\n<li>Hana F Khasawneh \u2013 Yarmouk University, Jord\u00e2nia<\/li>\n<li>Helo\u00edsa Machado \u2013 Universidade Federal Fluminense<\/li>\n<li>Helyenay Souza Ara\u00fajo \u2013 Universidade do Estado do Rio de Janeiro<\/li>\n<li>Iliana Matanska \u2013 Agricultural University \u2013 Plovdiv, Bulg\u00e1ria<\/li>\n<li>Jes\u00fas Mariano Urbano Reyes &#8211; Universidad Complutense de Madrid, Espanha<\/li>\n<li>Jo\u00e3o Paulo Pinto C\u00f3 &#8211; INEP Instituto Nacional de Estudos e Pesquisa, Guin\u00e9-Bissau<\/li>\n<li>Jos\u00e9 Roberto Santos Sampaio Roberto Laplagne &#8211; Universidade Federal do Rec\u00f4ncavo da Bahia &#8211; CECULT<\/li>\n<li>Josely Teixeira Carlos \u2013 Universidade de S\u00e3o Paulo \u2013 USP<\/li>\n<li>Jusciele de Oliveira \u2013 Bolsa CAPES<\/li>\n<li>Katerina Elisov\u00e1 \u2013 Czech Univ. of Life Sciences, Department of Languages, Czech Republic<\/li>\n<li>Kseniia Lesovaia \u2013 Nosov Magnitogorsk State Technical University<\/li>\n<li>La\u00e9cio Ricardo de Aquino Rodrigues \u2013 Universidade Federal de Pernambuco<\/li>\n<li>La\u00eds Emanuelle Borba Brito &#8211; Universidade Federal do Rio Grande do Norte, Brasil<\/li>\n<li>Let\u00edcia Torres Americano \u2013 Universidade Federal de Juiz de Fora<\/li>\n<li>Luis Deltell \u2013 Universidad Complutense de Madrid<\/li>\n<li>Luiza Elayne Correa Azevedo<\/li>\n<li>Magdalena Adamczyk \u2013 University of Warsaw, Pol\u00f3nia<\/li>\n<li>Marcelo Moreira Santos \u2013Universidade Anhembi-Morumbi<\/li>\n<li>Marcos Mucheroni \u2013 Universidade de S\u00e3o Paulo, Escola de Comunica\u00e7\u00f5es e Artes<\/li>\n<li>Mar\u00eda Abell\u00e1n Hern\u00e1ndez &#8211; Universidad de Murcia, Espanha<\/li>\n<li>Mar\u00eda del Carmen Mej\u00eda Ruiz \u2013 Universidad Complutense de Madrid, Espanha<\/li>\n<li>Mar\u00eda Eugenia Pastor Ramos \u2013 Universidad de Valladolid, Espanha<\/li>\n<li>Mar\u00eda Jos\u00e9 Centenero de Arce &#8211; Universidade de Murcia, Espanha<\/li>\n<li>Mar\u00eda Julia Godoy \u2013 Universidad Nacional de Cuyo<\/li>\n<li>Marta Le\u00f3n Castro G\u00f3mez \u2013 Departamento de Lengua Espa\u00f1ola, Ling\u00fc\u00edstica y Teor\u00eda de la Literatura, de la Universidad de Sevilla, Espanha<\/li>\n<li>Marta Urea Herrador \u2013 Universidad de Ja\u00e9n, Doutoramento com men\u00e7\u00e3o europeia<\/li>\n<li>Michelle Sales \u2013 Universidade Federal do Rio de Janeiro<\/li>\n<li>Mohammed Adli \u2013 Mohammed 1st University, Marrocos<\/li>\n<li>Monika Kavalir \u2013 Department of English, at University of Ljubljana, Eslov\u00eania<\/li>\n<li>Nadia Senna \u2013 Universidade Federal de Pelotas, Centro de Artes<\/li>\n<li>Nicol\u00e1s Asensio Jim\u00e9nez \u2013 Universidad Complutense de Madrid\/Fundaci\u00f3n Ram\u00f3n Men\u00e9ndez Pidal<\/li>\n<li>Olena Kovtun &#8211; Universidade Federal do Maranh\u00e3o, Brasil<\/li>\n<li>\u00d6znur Usta Tuzcu \u2013 Recep Tayyin Erdon University, Turquia<\/li>\n<li>Paloma Sanz Marcos \u2013 Universidad de Sevilla<\/li>\n<li>Paulo C\u00e9sar Teles &#8211; Universidade Estadual de Campinas, Brasil<\/li>\n<li>Pavel Orlov &#8211; Imperial College London, Reino Unido<\/li>\n<li>Petra Ramalho Souto &#8211; \u00a0Universidade de Para\u00edba<\/li>\n<li>Regilene Sarzi Ribeiro &#8211; Universidade Estadual Paulista J\u00falio de Mesquita Filho, Brasil <\/li>\n<li>Renata Ribeiro de Almeida Rezende \u2013 Universidade Federal de Juiz de Fora<\/li>\n<li>Renato Luiz Pucci Junior \u2013 Universidade de S\u00e3o Paulo<\/li>\n<li>Roc\u00edo Vela Jim\u00e9nez \u2013 Universidad Loyola Andaluc\u00eda<\/li>\n<li>Rodrigo Oliva \u2013 Universidade Tuiuti do Paran\u00e1, Doutorado Sandu\u00edche<\/li>\n<li>Rog\u00e9ria Eler \u2013 Universidade Federal de Goi\u00e1s<\/li>\n<li>Rosa Dom\u00ednguez Mart\u00edn \u2013 Universidad Internacional de Valencia (Espanha)<\/li>\n<li>Sandra Moreira<\/li>\n<li>Sara Antinozzi &#8211; Universit\u00e0 degli Studi di Salerno, Italia<\/li>\n<li>Sara de Moraes<\/li>\n<li>Thiago Garcia Martins \u2013 Universidade Tuiuti do Paran\u00e1, Bolsa de investiga\u00e7\u00e3o CAPES<\/li>\n<li>Tony Brooks &#8211; Aalborg University, Dinamarca <\/li>\n<li>Valdemir Neto<\/li>\n<li>Wagner de Miranda \u2013 Pontif\u00edcia Universidade Cat\u00f3lica de S\u00e3o Paulo<\/li>\n<li>Wiliam Pianco dos Santos \u2013 Bolsa CAPES<\/li>\n<li>Xos\u00e9 Iv\u00e1n Villarmea \u00c1lvarez \u2013 Universidad de Zaragoza, Bolsa de investiga\u00e7\u00e3o FCT SFRH\/BPD\/102520\/2014<\/li>\n<\/ul>\n\n\n\n<hr class=\"wp-block-separator alignwide has-alpha-channel-opacity separador\"\/>\n\n\n\n<h3 class=\"wp-block-heading\">Volunteer&nbsp;Research Contracts<\/h3>\n\n\n\n<ul class=\"wp-block-list\">\n<li>Corina Dragan, Associatia CPDIS, Romania<\/li>\n\n\n\n<li>Vincenzo Scalcione, Universita deli Studi della Basilicata<\/li>\n\n\n\n<li>Ida Cortini, La Sapienza<\/li>\n\n\n\n<li>Evan Kapros, Founder, CEO &amp; Strategic HCI Designer<\/li>\n\n\n\n<li>Endurae Voice Technology O\u00dc | Multimodal learning experiences<\/li>\n\n\n\n<li>Sasho Koceski, IA especialist; professor north of macedonia university<\/li>\n\n\n\n<li>Natasha Koceska, IA especialist; professor north of macedonia university<\/li>\n\n\n\n<li>Gabriela Neagu, Cercetator stiintific II\/Scientific Researcher II Institutul de Cercetare a Calitatii, Vietii\/Research Institute for Quality of Life Academia Romana\/Romanian Academy<\/li>\n\n\n\n<li>Maria Koutsombogera, Co-founder, COO Endurae Voice Technology O\u00dc | Multimodal learning experiences<\/li>\n\n\n\n<li>Dejan Mirakovski, Rector for International Cooperation, Goce Delcev University<\/li>\n\n\n\n<li>Paris Cleanthous, Chair of the Department of Management, Director of MBA and MPSM<\/li>\n\n\n\n<li>Juan Perez-Miranda Castillo Vice-rector International Relations, Universidad Francisco de Vitoria UFV Madrid<\/li>\n\n\n\n<li>Stefan Dreisiebner, Professor for Digital Business Management, Carinthia University of Applied Sciences \/ FH K\u00e4rnten<\/li>\n\n\n\n<li>Agripah Kandiero, Director of Administration at University of St. Thomas<\/li>\n\n\n\n<li>Christos Thanopoulos, Researcher, AKMI International<\/li>\n\n\n\n<li>Jaqueline F\u00e1tima Roman, lawyer, researcher-extensionist professor of Basic Technical and Technological Education (EBTT) at the Federal Institute of Paran\u00e1 (IFPR)<\/li>\n\n\n\n<li>Francieli Maria de Lima, Professor, lawyer, researcher and extension worker at IFPR-C\u00e2mpus\/Palmas-PR, in the Bachelor of Laws course<\/li>\n<\/ul>\n","protected":false},"excerpt":{"rendered":"<p>Adriana Dervishaj &#8211; Faculty of Foreign Languages in Tirana, Alb\u00e2nia Adriana Gomes<\/p>\n","protected":false},"author":1,"featured_media":0,"parent":243,"menu_order":4,"comment_status":"closed","ping_status":"closed","template":"","meta":{"_eb_attr":"","inline_featured_image":false,"advgb_blocks_editor_width":"","advgb_blocks_columns_visual_guide":"","footnotes":"","_links_to":"","_links_to_target":""},"class_list":["post-1514","page","type-page","status-publish","hentry"],"yoast_head":"<!-- This site is optimized with the Yoast SEO plugin v27.2 - https:\/\/yoast.com\/product\/yoast-seo-wordpress\/ -->\n<title>Visiting Researchers - CIAC<\/title>\n<meta name=\"robots\" content=\"index, follow, max-snippet:-1, max-image-preview:large, max-video-preview:-1\" \/>\n<link rel=\"canonical\" href=\"https:\/\/ciac.pt\/en\/members\/visiting-researchers\/\" \/>\n<meta property=\"og:locale\" content=\"en_US\" \/>\n<meta property=\"og:type\" content=\"article\" \/>\n<meta property=\"og:title\" content=\"Visiting Researchers - CIAC\" \/>\n<meta property=\"og:description\" content=\"Adriana Dervishaj &#8211; Faculty of Foreign Languages in Tirana, Alb\u00e2nia Adriana Gomes\" \/>\n<meta property=\"og:url\" content=\"https:\/\/ciac.pt\/en\/members\/visiting-researchers\/\" \/>\n<meta property=\"og:site_name\" content=\"CIAC\" \/>\n<meta property=\"article:modified_time\" content=\"2025-01-10T16:46:57+00:00\" \/>\n<meta name=\"twitter:card\" content=\"summary_large_image\" \/>\n<meta name=\"twitter:label1\" content=\"Est. reading time\" \/>\n\t<meta name=\"twitter:data1\" content=\"6 minutes\" \/>\n<script type=\"application\/ld+json\" class=\"yoast-schema-graph\">{\"@context\":\"https:\/\/schema.org\",\"@graph\":[{\"@type\":\"WebPage\",\"@id\":\"https:\/\/ciac.pt\/en\/members\/visiting-researchers\/\",\"url\":\"https:\/\/ciac.pt\/en\/members\/visiting-researchers\/\",\"name\":\"Visiting Researchers - CIAC\",\"isPartOf\":{\"@id\":\"https:\/\/ciac.pt\/en\/#website\"},\"datePublished\":\"2023-08-23T17:19:58+00:00\",\"dateModified\":\"2025-01-10T16:46:57+00:00\",\"breadcrumb\":{\"@id\":\"https:\/\/ciac.pt\/en\/members\/visiting-researchers\/#breadcrumb\"},\"inLanguage\":\"en-US\",\"potentialAction\":[{\"@type\":\"ReadAction\",\"target\":[\"https:\/\/ciac.pt\/en\/members\/visiting-researchers\/\"]}]},{\"@type\":\"BreadcrumbList\",\"@id\":\"https:\/\/ciac.pt\/en\/members\/visiting-researchers\/#breadcrumb\",\"itemListElement\":[{\"@type\":\"ListItem\",\"position\":1,\"name\":\"In\u00edcio\",\"item\":\"https:\/\/ciac.pt\/en\/\"},{\"@type\":\"ListItem\",\"position\":2,\"name\":\"Members\",\"item\":\"https:\/\/ciac.pt\/en\/members\/\"},{\"@type\":\"ListItem\",\"position\":3,\"name\":\"Visiting Researchers\"}]},{\"@type\":\"WebSite\",\"@id\":\"https:\/\/ciac.pt\/en\/#website\",\"url\":\"https:\/\/ciac.pt\/en\/\",\"name\":\"CIAC\",\"description\":\"Centro de Investiga\u00e7\u00e3o em Artes e Comunica\u00e7\u00e3o\",\"publisher\":{\"@id\":\"https:\/\/ciac.pt\/en\/#organization\"},\"potentialAction\":[{\"@type\":\"SearchAction\",\"target\":{\"@type\":\"EntryPoint\",\"urlTemplate\":\"https:\/\/ciac.pt\/en\/?s={search_term_string}\"},\"query-input\":{\"@type\":\"PropertyValueSpecification\",\"valueRequired\":true,\"valueName\":\"search_term_string\"}}],\"inLanguage\":\"en-US\"},{\"@type\":\"Organization\",\"@id\":\"https:\/\/ciac.pt\/en\/#organization\",\"name\":\"CIAC\",\"url\":\"https:\/\/ciac.pt\/en\/\",\"logo\":{\"@type\":\"ImageObject\",\"inLanguage\":\"en-US\",\"@id\":\"https:\/\/ciac.pt\/en\/#\/schema\/logo\/image\/\",\"url\":\"https:\/\/ciac.pt\/wp-content\/uploads\/2022\/06\/logo.svg\",\"contentUrl\":\"https:\/\/ciac.pt\/wp-content\/uploads\/2022\/06\/logo.svg\",\"width\":184,\"height\":51,\"caption\":\"CIAC\"},\"image\":{\"@id\":\"https:\/\/ciac.pt\/en\/#\/schema\/logo\/image\/\"}}]}<\/script>\n<!-- \/ Yoast SEO plugin. -->","yoast_head_json":{"title":"Visiting Researchers - CIAC","robots":{"index":"index","follow":"follow","max-snippet":"max-snippet:-1","max-image-preview":"max-image-preview:large","max-video-preview":"max-video-preview:-1"},"canonical":"https:\/\/ciac.pt\/en\/members\/visiting-researchers\/","og_locale":"en_US","og_type":"article","og_title":"Visiting Researchers - CIAC","og_description":"Adriana Dervishaj &#8211; Faculty of Foreign Languages in Tirana, Alb\u00e2nia Adriana Gomes","og_url":"https:\/\/ciac.pt\/en\/members\/visiting-researchers\/","og_site_name":"CIAC","article_modified_time":"2025-01-10T16:46:57+00:00","twitter_card":"summary_large_image","twitter_misc":{"Est. reading time":"6 minutes"},"schema":{"@context":"https:\/\/schema.org","@graph":[{"@type":"WebPage","@id":"https:\/\/ciac.pt\/en\/members\/visiting-researchers\/","url":"https:\/\/ciac.pt\/en\/members\/visiting-researchers\/","name":"Visiting Researchers - CIAC","isPartOf":{"@id":"https:\/\/ciac.pt\/en\/#website"},"datePublished":"2023-08-23T17:19:58+00:00","dateModified":"2025-01-10T16:46:57+00:00","breadcrumb":{"@id":"https:\/\/ciac.pt\/en\/members\/visiting-researchers\/#breadcrumb"},"inLanguage":"en-US","potentialAction":[{"@type":"ReadAction","target":["https:\/\/ciac.pt\/en\/members\/visiting-researchers\/"]}]},{"@type":"BreadcrumbList","@id":"https:\/\/ciac.pt\/en\/members\/visiting-researchers\/#breadcrumb","itemListElement":[{"@type":"ListItem","position":1,"name":"In\u00edcio","item":"https:\/\/ciac.pt\/en\/"},{"@type":"ListItem","position":2,"name":"Members","item":"https:\/\/ciac.pt\/en\/members\/"},{"@type":"ListItem","position":3,"name":"Visiting Researchers"}]},{"@type":"WebSite","@id":"https:\/\/ciac.pt\/en\/#website","url":"https:\/\/ciac.pt\/en\/","name":"CIAC","description":"Centro de Investiga\u00e7\u00e3o em Artes e Comunica\u00e7\u00e3o","publisher":{"@id":"https:\/\/ciac.pt\/en\/#organization"},"potentialAction":[{"@type":"SearchAction","target":{"@type":"EntryPoint","urlTemplate":"https:\/\/ciac.pt\/en\/?s={search_term_string}"},"query-input":{"@type":"PropertyValueSpecification","valueRequired":true,"valueName":"search_term_string"}}],"inLanguage":"en-US"},{"@type":"Organization","@id":"https:\/\/ciac.pt\/en\/#organization","name":"CIAC","url":"https:\/\/ciac.pt\/en\/","logo":{"@type":"ImageObject","inLanguage":"en-US","@id":"https:\/\/ciac.pt\/en\/#\/schema\/logo\/image\/","url":"https:\/\/ciac.pt\/wp-content\/uploads\/2022\/06\/logo.svg","contentUrl":"https:\/\/ciac.pt\/wp-content\/uploads\/2022\/06\/logo.svg","width":184,"height":51,"caption":"CIAC"},"image":{"@id":"https:\/\/ciac.pt\/en\/#\/schema\/logo\/image\/"}}]}},"coauthors":[],"author_meta":{"author_link":"https:\/\/ciac.pt\/en\/author\/webmaster\/","display_name":"webmaster"},"relative_dates":{"created":"Posted 3 years ago","modified":"Updated 1 year ago"},"absolute_dates":{"created":"Posted on 23\/08\/2023","modified":"Updated on 10\/01\/2025"},"absolute_dates_time":{"created":"Posted on 23\/08\/2023 18:19","modified":"Updated on 10\/01\/2025 16:46"},"featured_img_caption":"","featured_img":false,"series_order":"","_links":{"self":[{"href":"https:\/\/ciac.pt\/en\/wp-json\/wp\/v2\/pages\/1514","targetHints":{"allow":["GET"]}}],"collection":[{"href":"https:\/\/ciac.pt\/en\/wp-json\/wp\/v2\/pages"}],"about":[{"href":"https:\/\/ciac.pt\/en\/wp-json\/wp\/v2\/types\/page"}],"author":[{"embeddable":true,"href":"https:\/\/ciac.pt\/en\/wp-json\/wp\/v2\/users\/1"}],"replies":[{"embeddable":true,"href":"https:\/\/ciac.pt\/en\/wp-json\/wp\/v2\/comments?post=1514"}],"version-history":[{"count":15,"href":"https:\/\/ciac.pt\/en\/wp-json\/wp\/v2\/pages\/1514\/revisions"}],"predecessor-version":[{"id":10532,"href":"https:\/\/ciac.pt\/en\/wp-json\/wp\/v2\/pages\/1514\/revisions\/10532"}],"up":[{"embeddable":true,"href":"https:\/\/ciac.pt\/en\/wp-json\/wp\/v2\/pages\/243"}],"wp:attachment":[{"href":"https:\/\/ciac.pt\/en\/wp-json\/wp\/v2\/media?parent=1514"}],"curies":[{"name":"wp","href":"https:\/\/api.w.org\/{rel}","templated":true}]}}