{"id":1516,"date":"2023-08-23T18:20:25","date_gmt":"2023-08-23T17:20:25","guid":{"rendered":"https:\/\/web.ciac.pt\/?page_id=1516"},"modified":"2024-03-18T13:14:39","modified_gmt":"2024-03-18T13:14:39","slug":"partners","status":"publish","type":"page","link":"https:\/\/ciac.pt\/en\/members\/partners\/","title":{"rendered":"Partners and Internacionalization"},"content":{"rendered":"\n<p>The Research Centre for Arts and Communication has been fostering national and international partnerships and networks with the aim of strengthening research work, promoting innovation and building bridges with the cultural and creative industries and civil society.<\/p>\n\n\n\n<p>The commitment to communication and open science has led this research unit to establish cooperation and development protocols with various institutions: universities and research centers, museums, associations, city councils, and other important institutions at national and international level, providing a dynamic platform for academic exchange, the development of networks and projects that catalyze sustainable and collaborative progress.<\/p>\n\n\n\n<!-- O c\u00f3digo desta p\u00e1gina n\u00e3o se atualiza autom\u00e1ticamente -->\n<h2 class=\"wp-block-heading active\">National Partners<\/h2>\n<ul class=\"lcp_catlist active\" id=\"lcp_instance_0\"><li>Absonus Lab<\/li><li>Algarve Film Comission<\/li><li>Associa\u00e7\u00e3o ARQUENTE<\/li><li>Associa\u00e7\u00e3o Atalaia Artes Performativas<\/li><li>Associa\u00e7\u00e3o de Designers do Sul<\/li><li>Associa\u00e7\u00e3o de Professores de Express\u00e3o e Comunica\u00e7\u00e3o Visual<\/li><li>Associa\u00e7\u00e3o Gr\u00e9mio das M\u00fasicas<\/li><li>Associa\u00e7\u00e3o Ver Imperfeito<\/li><li>Biblioteca Geral da Universidade de Coimbra&nbsp;<\/li><li>C\u00e2mara Municipal de Faro<\/li><li>C\u00e2mara Municipal de Loul\u00e9<\/li><li>Centro de Ci\u00eancia Viva do Algarve<\/li><li>Centro de Literatura Portuguesa \u2013 Universidade de Coimbra<\/li><li>Cineclube de Avanca\/Festival de Cinema de Avanca<\/li><li>Cineclube de Faro<\/li><li>CRIA \u2013 Centro Regional para a Inova\u00e7\u00e3o no Algarve<\/li><li>FNAC<\/li><li>Funda\u00e7\u00e3o Calouste Gulbenkian<\/li><li>Funda\u00e7\u00e3o EDP<\/li><li>Funda\u00e7\u00e3o Manuel Viegas Guerreiro<\/li><li>Instituto de Estudos de Literatura e Tradi\u00e7\u00e3o (Projeto RELitRom) \u2013 Universidade Nova de Lisboa<\/li><li>Museu&nbsp;Zer0<\/li><li>Observat\u00f3rio Pol\u00edtico<\/li><li>Oficina Bartolomeu dos Santos<\/li><li>P28 \u2013 Associa\u00e7\u00e3o de Desenvolvimento Criativo e Art\u00edstico<\/li><li>Procurarte<\/li><li>RUA FM \u2013 R\u00e1dio Universit\u00e1ria do Algarve<\/li><li>Ru\u00ednas de Milreu<\/li><li>Teatro Municipal de Faro<\/li><li>Teatro Thalia<\/li><li>TECHN&amp;ART&nbsp;\u2013&nbsp;&nbsp;Centro de Tecnologia, Restauro e Valoriza\u00e7\u00e3o das Artes do Instituto Polit\u00e9cnico de Tomar<\/li><\/ul>\n\n<h2 class=\"wp-block-heading active\">International Partners<\/h2>\n<ul class=\"lcp_catlist active\" id=\"lcp_instance_0\"><li>Antoni Rossell \u2013 Artista\/int\u00e9rprete de repert\u00f3rio musical medieval ib\u00e9rico<\/li><li>Artech International Association<\/li><li>Bournemouth University<\/li><li>Department of Science, Technology and International Relations,Hue University<\/li><li>EADH \u2013 European Association for Digital Humanities<\/li><li>Fundaci\u00f3n Ram\u00f3n Men\u00e9ndez Pidal<\/li><li>Grupo de Pesquisa em Comunica\u00e7\u00e3o, Imagem e Contemporaneidade da Universidade Tuiuti do Paran\u00e1<\/li><li>Grupo de Pesquisa em Processos de Cria\u00e7\u00e3o da Pontif\u00edcia Universidade Cat\u00f3lica de S\u00e3o Paulo \u2013 PUC-SP<\/li><li>ICOAH \u2013 International Conference on Arts and Humanities<\/li><li>King Mongkut\u2019s University of Technology Thonburi<\/li><li>Labor \u2013 Laborat\u00f3rio de Estudos do Discurso da Universidade Federal de S\u00e3o Carlos<\/li><li>New Media Art Laboratory \u2013 Coreia do Sul<\/li><li>Polo Audiovisual da Zona da Mata<\/li><li>Pontif\u00edcia Universidade Cat\u00f3lica de S\u00e3o Paulo&nbsp;<\/li><li>Radicalisation Awareness Network (RAN)<\/li><li>UEMG \u2013 Universidade Estadual de Minas Gerais<\/li><li>Universidade Federal de Juiz de Fora<\/li><li>Universidade Federal de S\u00e3o Carlos \u2013 UFSCAR<\/li><li>Universidade Federal do Maranh\u00e3o<\/li><li>University of Saint Joseph, Macao<\/li><\/ul>\n","protected":false},"excerpt":{"rendered":"<p>The Research Centre for Arts and Communication has been fostering national and<\/p>\n","protected":false},"author":1,"featured_media":0,"parent":243,"menu_order":6,"comment_status":"closed","ping_status":"closed","template":"","meta":{"_eb_attr":"","inline_featured_image":false,"advgb_blocks_editor_width":"","advgb_blocks_columns_visual_guide":"","footnotes":"","_links_to":"","_links_to_target":""},"class_list":["post-1516","page","type-page","status-publish","hentry"],"yoast_head":"<!-- This site is optimized with the Yoast SEO plugin v27.2 - https:\/\/yoast.com\/product\/yoast-seo-wordpress\/ -->\n<title>Partners and Internacionalization - CIAC<\/title>\n<meta name=\"robots\" content=\"index, follow, max-snippet:-1, max-image-preview:large, max-video-preview:-1\" \/>\n<link rel=\"canonical\" href=\"https:\/\/ciac.pt\/en\/members\/partners\/\" \/>\n<meta property=\"og:locale\" content=\"en_US\" \/>\n<meta property=\"og:type\" content=\"article\" \/>\n<meta property=\"og:title\" content=\"Partners and Internacionalization - CIAC\" \/>\n<meta property=\"og:description\" content=\"The Research Centre for Arts and Communication has been fostering national and\" \/>\n<meta property=\"og:url\" content=\"https:\/\/ciac.pt\/en\/members\/partners\/\" \/>\n<meta property=\"og:site_name\" content=\"CIAC\" \/>\n<meta property=\"article:modified_time\" content=\"2024-03-18T13:14:39+00:00\" \/>\n<meta name=\"twitter:card\" content=\"summary_large_image\" \/>\n<meta name=\"twitter:label1\" content=\"Est. reading time\" \/>\n\t<meta name=\"twitter:data1\" content=\"2 minutes\" \/>\n<script type=\"application\/ld+json\" class=\"yoast-schema-graph\">{\"@context\":\"https:\/\/schema.org\",\"@graph\":[{\"@type\":\"WebPage\",\"@id\":\"https:\/\/ciac.pt\/en\/members\/partners\/\",\"url\":\"https:\/\/ciac.pt\/en\/members\/partners\/\",\"name\":\"Partners and Internacionalization - CIAC\",\"isPartOf\":{\"@id\":\"https:\/\/ciac.pt\/en\/#website\"},\"datePublished\":\"2023-08-23T17:20:25+00:00\",\"dateModified\":\"2024-03-18T13:14:39+00:00\",\"breadcrumb\":{\"@id\":\"https:\/\/ciac.pt\/en\/members\/partners\/#breadcrumb\"},\"inLanguage\":\"en-US\",\"potentialAction\":[{\"@type\":\"ReadAction\",\"target\":[\"https:\/\/ciac.pt\/en\/members\/partners\/\"]}]},{\"@type\":\"BreadcrumbList\",\"@id\":\"https:\/\/ciac.pt\/en\/members\/partners\/#breadcrumb\",\"itemListElement\":[{\"@type\":\"ListItem\",\"position\":1,\"name\":\"In\u00edcio\",\"item\":\"https:\/\/ciac.pt\/en\/\"},{\"@type\":\"ListItem\",\"position\":2,\"name\":\"Members\",\"item\":\"https:\/\/ciac.pt\/en\/members\/\"},{\"@type\":\"ListItem\",\"position\":3,\"name\":\"Partners and Internacionalization\"}]},{\"@type\":\"WebSite\",\"@id\":\"https:\/\/ciac.pt\/en\/#website\",\"url\":\"https:\/\/ciac.pt\/en\/\",\"name\":\"CIAC\",\"description\":\"Centro de Investiga\u00e7\u00e3o em Artes e Comunica\u00e7\u00e3o\",\"publisher\":{\"@id\":\"https:\/\/ciac.pt\/en\/#organization\"},\"potentialAction\":[{\"@type\":\"SearchAction\",\"target\":{\"@type\":\"EntryPoint\",\"urlTemplate\":\"https:\/\/ciac.pt\/en\/?s={search_term_string}\"},\"query-input\":{\"@type\":\"PropertyValueSpecification\",\"valueRequired\":true,\"valueName\":\"search_term_string\"}}],\"inLanguage\":\"en-US\"},{\"@type\":\"Organization\",\"@id\":\"https:\/\/ciac.pt\/en\/#organization\",\"name\":\"CIAC\",\"url\":\"https:\/\/ciac.pt\/en\/\",\"logo\":{\"@type\":\"ImageObject\",\"inLanguage\":\"en-US\",\"@id\":\"https:\/\/ciac.pt\/en\/#\/schema\/logo\/image\/\",\"url\":\"https:\/\/ciac.pt\/wp-content\/uploads\/2022\/06\/logo.svg\",\"contentUrl\":\"https:\/\/ciac.pt\/wp-content\/uploads\/2022\/06\/logo.svg\",\"width\":184,\"height\":51,\"caption\":\"CIAC\"},\"image\":{\"@id\":\"https:\/\/ciac.pt\/en\/#\/schema\/logo\/image\/\"}}]}<\/script>\n<!-- \/ Yoast SEO plugin. -->","yoast_head_json":{"title":"Partners and Internacionalization - CIAC","robots":{"index":"index","follow":"follow","max-snippet":"max-snippet:-1","max-image-preview":"max-image-preview:large","max-video-preview":"max-video-preview:-1"},"canonical":"https:\/\/ciac.pt\/en\/members\/partners\/","og_locale":"en_US","og_type":"article","og_title":"Partners and Internacionalization - CIAC","og_description":"The Research Centre for Arts and Communication has been fostering national and","og_url":"https:\/\/ciac.pt\/en\/members\/partners\/","og_site_name":"CIAC","article_modified_time":"2024-03-18T13:14:39+00:00","twitter_card":"summary_large_image","twitter_misc":{"Est. reading time":"2 minutes"},"schema":{"@context":"https:\/\/schema.org","@graph":[{"@type":"WebPage","@id":"https:\/\/ciac.pt\/en\/members\/partners\/","url":"https:\/\/ciac.pt\/en\/members\/partners\/","name":"Partners and Internacionalization - CIAC","isPartOf":{"@id":"https:\/\/ciac.pt\/en\/#website"},"datePublished":"2023-08-23T17:20:25+00:00","dateModified":"2024-03-18T13:14:39+00:00","breadcrumb":{"@id":"https:\/\/ciac.pt\/en\/members\/partners\/#breadcrumb"},"inLanguage":"en-US","potentialAction":[{"@type":"ReadAction","target":["https:\/\/ciac.pt\/en\/members\/partners\/"]}]},{"@type":"BreadcrumbList","@id":"https:\/\/ciac.pt\/en\/members\/partners\/#breadcrumb","itemListElement":[{"@type":"ListItem","position":1,"name":"In\u00edcio","item":"https:\/\/ciac.pt\/en\/"},{"@type":"ListItem","position":2,"name":"Members","item":"https:\/\/ciac.pt\/en\/members\/"},{"@type":"ListItem","position":3,"name":"Partners and Internacionalization"}]},{"@type":"WebSite","@id":"https:\/\/ciac.pt\/en\/#website","url":"https:\/\/ciac.pt\/en\/","name":"CIAC","description":"Centro de Investiga\u00e7\u00e3o em Artes e Comunica\u00e7\u00e3o","publisher":{"@id":"https:\/\/ciac.pt\/en\/#organization"},"potentialAction":[{"@type":"SearchAction","target":{"@type":"EntryPoint","urlTemplate":"https:\/\/ciac.pt\/en\/?s={search_term_string}"},"query-input":{"@type":"PropertyValueSpecification","valueRequired":true,"valueName":"search_term_string"}}],"inLanguage":"en-US"},{"@type":"Organization","@id":"https:\/\/ciac.pt\/en\/#organization","name":"CIAC","url":"https:\/\/ciac.pt\/en\/","logo":{"@type":"ImageObject","inLanguage":"en-US","@id":"https:\/\/ciac.pt\/en\/#\/schema\/logo\/image\/","url":"https:\/\/ciac.pt\/wp-content\/uploads\/2022\/06\/logo.svg","contentUrl":"https:\/\/ciac.pt\/wp-content\/uploads\/2022\/06\/logo.svg","width":184,"height":51,"caption":"CIAC"},"image":{"@id":"https:\/\/ciac.pt\/en\/#\/schema\/logo\/image\/"}}]}},"coauthors":[],"author_meta":{"author_link":"https:\/\/ciac.pt\/en\/author\/webmaster\/","display_name":"webmaster"},"relative_dates":{"created":"Posted 3 years ago","modified":"Updated 2 years ago"},"absolute_dates":{"created":"Posted on 23\/08\/2023","modified":"Updated on 18\/03\/2024"},"absolute_dates_time":{"created":"Posted on 23\/08\/2023 18:20","modified":"Updated on 18\/03\/2024 13:14"},"featured_img_caption":"","featured_img":false,"series_order":"","_links":{"self":[{"href":"https:\/\/ciac.pt\/en\/wp-json\/wp\/v2\/pages\/1516","targetHints":{"allow":["GET"]}}],"collection":[{"href":"https:\/\/ciac.pt\/en\/wp-json\/wp\/v2\/pages"}],"about":[{"href":"https:\/\/ciac.pt\/en\/wp-json\/wp\/v2\/types\/page"}],"author":[{"embeddable":true,"href":"https:\/\/ciac.pt\/en\/wp-json\/wp\/v2\/users\/1"}],"replies":[{"embeddable":true,"href":"https:\/\/ciac.pt\/en\/wp-json\/wp\/v2\/comments?post=1516"}],"version-history":[{"count":11,"href":"https:\/\/ciac.pt\/en\/wp-json\/wp\/v2\/pages\/1516\/revisions"}],"predecessor-version":[{"id":5348,"href":"https:\/\/ciac.pt\/en\/wp-json\/wp\/v2\/pages\/1516\/revisions\/5348"}],"up":[{"embeddable":true,"href":"https:\/\/ciac.pt\/en\/wp-json\/wp\/v2\/pages\/243"}],"wp:attachment":[{"href":"https:\/\/ciac.pt\/en\/wp-json\/wp\/v2\/media?parent=1516"}],"curies":[{"name":"wp","href":"https:\/\/api.w.org\/{rel}","templated":true}]}}