{"id":1518,"date":"2023-08-23T18:20:47","date_gmt":"2023-08-23T17:20:47","guid":{"rendered":"https:\/\/web.ciac.pt\/?page_id=1518"},"modified":"2024-01-11T12:38:21","modified_gmt":"2024-01-11T12:38:21","slug":"newsletter","status":"publish","type":"page","link":"https:\/\/ciac.pt\/en\/newsletter\/","title":{"rendered":"Newsletter"},"content":{"rendered":"\n<p>The CIAC Newsletter is a monthly publication with the objective of disseminating publications, calls for papers, conferences, seminars, workshops and other initiatives of the Center. It also intends to communicate the evolution of the projects hosted by the Center, as well as the agenda of our researchers.<\/p>\n\n\n\n<p>This publication is financed by national funds, through FCT, by the UID\/04019\/2020 project.<\/p>\n\n\n\n<p><a href=\"http:\/\/eepurl.com\/iHmLO6\" title=\"49\u00aa Newsletter \u2013 janeiro 2024\" target=\"_blank\" rel=\"noopener\">49\u00aa Newsletter \u2013 janeiro 2024<\/a><\/p>\n\n\n\n<p><a href=\"http:\/\/eepurl.com\/iFBSOg\" title=\"38\u00aa Newsletter \u2013 dezembro 2023\" target=\"_blank\" rel=\"noopener\">48\u00aa Newsletter \u2013 dezembro 2023<\/a><\/p>\n\n\n\n<p><a href=\"http:\/\/eepurl.com\/iDcX0o\" title=\"47\u00aa Newsletter \u2013 novembro 2023\" target=\"_blank\" rel=\"noopener\">47\u00aa Newsletter \u2013 novembro 2023<\/a><\/p>\n\n\n\n<p><a href=\"http:\/\/eepurl.com\/izWz4I\" title=\"46\u00aa Newsletter \u2013 outubro 2023\" target=\"_blank\" rel=\"noopener\">46\u00aa Newsletter \u2013 outubro 2023<\/a><\/p>\n\n\n\n<p><a href=\"http:\/\/eepurl.com\/iy1WA6\" title=\"45\u00aa Newsletter \u2013 setembro 2023\" target=\"_blank\" rel=\"noopener\">45\u00aa Newsletter \u2013 setembro 2023<\/a><\/p>\n\n\n\n<p><a href=\"http:\/\/eepurl.com\/iuXDMA\" title=\"44\u00aa Newsletter \u2013 julho 2023\" target=\"_blank\" rel=\"noopener\">44\u00aa Newsletter \u2013 julho 2023<\/a><\/p>\n\n\n\n<p><a href=\"http:\/\/eepurl.com\/iszLn6\" title=\"43\u00aa Newsletter \u2013 junho 2023\" target=\"_blank\" rel=\"noopener\">43\u00aa Newsletter \u2013 junho 2023<\/a><\/p>\n\n\n\n<p><a href=\"http:\/\/eepurl.com\/iqteS6\" title=\"42\u00aa Newsletter \u2013 maio 2023\" target=\"_blank\" rel=\"noopener\">42\u00aa Newsletter \u2013 maio 2023<\/a><\/p>\n\n\n\n<p><a href=\"http:\/\/eepurl.com\/iooEpI\" title=\"41\u00aa Newsletter \u2013 abril 2023\" target=\"_blank\" rel=\"noopener\">41\u00aa Newsletter \u2013 abril 2023<\/a><\/p>\n\n\n\n<p><a href=\"http:\/\/eepurl.com\/ilSncU\" title=\"40\u00aa Newsletter \u2013 mar\u00e7o 2023\" target=\"_blank\" rel=\"noopener\">40\u00aa Newsletter \u2013 mar\u00e7o 2023<\/a><\/p>\n\n\n\n<p><a href=\"http:\/\/eepurl.com\/ijMoAz\" title=\"39\u00aa Newsletter \u2013 fevereiro 2023\" target=\"_blank\" rel=\"noopener\">39\u00aa Newsletter \u2013 fevereiro 2023<\/a><\/p>\n\n\n\n<p><a href=\"http:\/\/eepurl.com\/ihvuBz\" title=\"38\u00aa Newsletter \u2013 janeiro 2023\" target=\"_blank\" rel=\"noopener\">38\u00aa Newsletter \u2013 janeiro 2023<\/a><\/p>\n\n\n\n<p><a href=\"http:\/\/eepurl.com\/ifg8Tv\" title=\"37\u00aa Newsletter \u2013 dezembro 2022\" target=\"_blank\" rel=\"noopener\">37\u00aa Newsletter \u2013 dezembro 2022<\/a><\/p>\n\n\n\n<p><a href=\"http:\/\/eepurl.com\/icS5i9\" title=\"36\u00aa Newsletter \u2013 novembro 2022\" target=\"_blank\" rel=\"noopener\">36\u00aa Newsletter \u2013 novembro 2022<\/a><\/p>\n\n\n\n<p><a href=\"http:\/\/eepurl.com\/iaucNP\" title=\"35\u00aa Newsletter \u2013 outubro 2022\" target=\"_blank\" rel=\"noopener\">35\u00aa Newsletter \u2013 outubro 2022<\/a><\/p>\n\n\n\n<p><a href=\"http:\/\/eepurl.com\/h-JuBb\" title=\"34\u00aa Newsletter \u2013 setembro 2022\" target=\"_blank\" rel=\"noopener\">34\u00aa Newsletter \u2013 setembro 2022<\/a><\/p>\n\n\n\n<p><a href=\"https:\/\/mailchi.mp\/53ec987b9e74\/33-newsletter-do-ciac\">33\u00aa Newsletter \u2013 novembro 2019<\/a><\/p>\n\n\n\n<p><a href=\"https:\/\/mailchi.mp\/ae019b608b0c\/32-newsletter-do-ciac?fbclid=IwAR20-pqJqZnfGZM_c5QmufWB-Rrmh1HeA63C0Ac1JBMoOiOsgyTA08HM9OE\">32\u00aa Newsletter \u2013 mar\u00e7o 2019<\/a><\/p>\n\n\n\n<p><a href=\"https:\/\/mailchi.mp\/c4fc5cdb386f\/31-newsletter-do-ciac\">31\u00aa Newsletter \u2013 novembro 2018<\/a><\/p>\n\n\n\n<p><a href=\"https:\/\/mailchi.mp\/43508fedc512\/30-newsletter-do-ciac\">30\u00aa Newsletter \u2013 julho 2018<\/a><\/p>\n\n\n\n<p><a href=\"https:\/\/mailchi.mp\/fd325c9f1bb8\/29-newsletter-do-ciac\">29\u00aa Newsletter \u2013 mar\u00e7o 2018<\/a><\/p>\n\n\n\n<p><a href=\"http:\/\/mailchi.mp\/31357e27763a\/28-newsletter-do-ciac\">28\u00aa Newsletter \u2013 novembro 2017<\/a><\/p>\n\n\n\n<p><a href=\"http:\/\/mailchi.mp\/ee42fc4ab6c7\/27-newsletter-do-ciac\">27\u00aa Newsltetter \u2013 julho 2017<\/a><\/p>\n\n\n\n<p><a href=\"http:\/\/us3.campaign-archive2.com\/?u=552931cc0639022db32770326&amp;id=5c925349ae\">26\u00aa Newsletter \u2013 mar\u00e7o 2017<\/a><\/p>\n\n\n\n<p><a href=\"http:\/\/us3.campaign-archive1.com\/?u=552931cc0639022db32770326&amp;id=3d09f43c34\">25\u00aa Newsletter \u2013 novembro 2016<\/a><\/p>\n\n\n\n<p><a href=\"http:\/\/us3.campaign-archive2.com\/?u=552931cc0639022db32770326&amp;id=a55f07ba9d\">24\u00aa Newsletter \u2013 julho 2016<\/a><\/p>\n\n\n\n<p><a href=\"http:\/\/us3.campaign-archive1.com\/?u=552931cc0639022db32770326&amp;id=c1a8283c7b\">23\u00aa Newsletter \u2013 mar\u00e7o 2016<\/a><\/p>\n\n\n\n<p><a href=\"https:\/\/us3.campaign-archive.com\/?u=552931cc0639022db32770326&amp;id=ed2c2d925a\">22\u00aa Newsletter \u2013 novembro 2015<\/a><\/p>\n\n\n\n<p><a href=\"https:\/\/us3.campaign-archive.com\/?u=552931cc0639022db32770326&amp;id=4087784956\">21\u00aa Newsletter \u2013 julho 2015<\/a><\/p>\n\n\n\n<p><a href=\"https:\/\/us3.campaign-archive.com\/?u=552931cc0639022db32770326&amp;id=776ae8be62\">20\u00aa Newsletter \u2013 mar\u00e7o 2015<\/a><\/p>\n\n\n\n<p><a href=\"http:\/\/us3.campaign-archive2.com\/?u=552931cc0639022db32770326&amp;id=e4ff6b52dc\">19\u00aa Newsletter \u2013 novembro 2014<\/a><\/p>\n\n\n\n<p><a href=\"https:\/\/us3.campaign-archive.com\/?u=552931cc0639022db32770326&amp;id=332a25856d\">18\u00aa Newsletter \u2013 junho 2014<\/a><\/p>\n\n\n\n<p><a href=\"https:\/\/us3.campaign-archive.com\/?u=552931cc0639022db32770326&amp;id=5bd0d17da9\">17\u00aa Newsletter \u2013 mar\u00e7o 2014<\/a><\/p>\n\n\n\n<p><a href=\"https:\/\/us3.campaign-archive.com\/?u=552931cc0639022db32770326&amp;id=5b2cdf1ace\">16\u00aa Newsletter \u2013 dezembro 2013<\/a><\/p>\n\n\n\n<p><a href=\"https:\/\/ciac.pt\/wp-content\/uploads\/2017\/09\/News-15-Set-2013.pdf\">15\u00aa Newsletter \u2013 setembro 2013<\/a><\/p>\n\n\n\n<p><a href=\"https:\/\/ciac.pt\/wp-content\/uploads\/2017\/09\/News-14-Jun-2013.pdf\">14\u00aa Newsletter \u2013 junho 2013<\/a><\/p>\n\n\n\n<p><a href=\"https:\/\/ciac.pt\/wp-content\/uploads\/2017\/09\/News-13-Mar-2013.pdf\">13\u00aa Newsletter \u2013 mar\u00e7o 2013<\/a><\/p>\n\n\n\n<p><a href=\"https:\/\/ciac.pt\/wp-content\/uploads\/2017\/09\/News-12-Dez-2012.pdf\">12\u00aa Newsletter \u2013 dezembro 2012<\/a><\/p>\n\n\n\n<p><a href=\"https:\/\/ciac.pt\/wp-content\/uploads\/2017\/09\/News-11-Set-2012.pdf\">11\u00aa Newsletter \u2013 setembro 2012<\/a><\/p>\n\n\n\n<p><a href=\"https:\/\/ciac.pt\/wp-content\/uploads\/2017\/09\/News-10-Jun-2012.pdf\">10\u00aa Newsletter \u2013 junho 2012<\/a><\/p>\n\n\n\n<p><a href=\"https:\/\/ciac.pt\/wp-content\/uploads\/2017\/09\/News-09-Mar-2012.pdf\">9\u00aa Newsletter \u2013 mar\u00e7o 2012<\/a><\/p>\n\n\n\n<p><a href=\"https:\/\/ciac.pt\/wp-content\/uploads\/2017\/09\/News-08-Dez-2011.pdf\">8\u00aa Newsletter \u2013 dezembro 2011<\/a><\/p>\n\n\n\n<p><a href=\"https:\/\/ciac.pt\/wp-content\/uploads\/2017\/09\/News-07-Set-2011.pdf\">7\u00aa Newsletter \u2013 setembro 2011<\/a><\/p>\n\n\n\n<p><a href=\"https:\/\/ciac.pt\/wp-content\/uploads\/2017\/09\/News-06-Jun-2011.pdf\">6\u00aa Newsletter \u2013 junho 2011<\/a><\/p>\n\n\n\n<p><a href=\"https:\/\/ciac.pt\/wp-content\/uploads\/2017\/09\/News-05-Mar-2011.pdf\">5\u00aa Newsletter \u2013 mar\u00e7o 2011<\/a><\/p>\n\n\n\n<p><a href=\"https:\/\/ciac.pt\/wp-content\/uploads\/2017\/09\/News-04-Dez-2010.pdf\">4\u00aa Newsletter \u2013 dezembro 2010<\/a><\/p>\n\n\n\n<p><a href=\"https:\/\/ciac.pt\/wp-content\/uploads\/2017\/09\/News-03-Set-2010.pdf\">3\u00aa Newsletter \u2013 setembro 2010<\/a><\/p>\n\n\n\n<p><a href=\"https:\/\/ciac.pt\/wp-content\/uploads\/2017\/09\/News-02-Jun-2010.pdf\">2\u00aa Newsletter \u2013 junho 2010<\/a><\/p>\n\n\n\n<p><a href=\"https:\/\/ciac.pt\/wp-content\/uploads\/2017\/09\/News-01-Mar-2010.pdf\">1\u00aa Newsletter \u2013 mar\u00e7o 2010<\/a><\/p>\n","protected":false},"excerpt":{"rendered":"<p>The CIAC Newsletter is a monthly publication with the objective of disseminating<\/p>\n","protected":false},"author":1,"featured_media":0,"parent":0,"menu_order":14,"comment_status":"closed","ping_status":"closed","template":"","meta":{"_eb_attr":"","inline_featured_image":false,"advgb_blocks_editor_width":"","advgb_blocks_columns_visual_guide":"","footnotes":"","_links_to":"","_links_to_target":""},"class_list":["post-1518","page","type-page","status-publish","hentry"],"yoast_head":"<!-- This site is optimized with the Yoast SEO plugin v27.4 - https:\/\/yoast.com\/product\/yoast-seo-wordpress\/ -->\n<title>Newsletter - CIAC<\/title>\n<meta name=\"robots\" content=\"index, follow, max-snippet:-1, max-image-preview:large, max-video-preview:-1\" \/>\n<link rel=\"canonical\" href=\"https:\/\/ciac.pt\/en\/newsletter\/\" \/>\n<meta property=\"og:locale\" content=\"en_US\" \/>\n<meta property=\"og:type\" content=\"article\" \/>\n<meta property=\"og:title\" content=\"Newsletter - CIAC\" \/>\n<meta property=\"og:description\" content=\"The CIAC Newsletter is a monthly publication with the objective of disseminating\" \/>\n<meta property=\"og:url\" content=\"https:\/\/ciac.pt\/en\/newsletter\/\" \/>\n<meta property=\"og:site_name\" content=\"CIAC\" \/>\n<meta property=\"article:modified_time\" content=\"2024-01-11T12:38:21+00:00\" \/>\n<meta name=\"twitter:card\" content=\"summary_large_image\" \/>\n<meta name=\"twitter:label1\" content=\"Est. reading time\" \/>\n\t<meta name=\"twitter:data1\" content=\"1 minute\" \/>\n<script type=\"application\/ld+json\" class=\"yoast-schema-graph\">{\"@context\":\"https:\\\/\\\/schema.org\",\"@graph\":[{\"@type\":\"WebPage\",\"@id\":\"https:\\\/\\\/ciac.pt\\\/en\\\/newsletter\\\/\",\"url\":\"https:\\\/\\\/ciac.pt\\\/en\\\/newsletter\\\/\",\"name\":\"Newsletter - CIAC\",\"isPartOf\":{\"@id\":\"https:\\\/\\\/ciac.pt\\\/en\\\/#website\"},\"datePublished\":\"2023-08-23T17:20:47+00:00\",\"dateModified\":\"2024-01-11T12:38:21+00:00\",\"breadcrumb\":{\"@id\":\"https:\\\/\\\/ciac.pt\\\/en\\\/newsletter\\\/#breadcrumb\"},\"inLanguage\":\"en-US\",\"potentialAction\":[{\"@type\":\"ReadAction\",\"target\":[\"https:\\\/\\\/ciac.pt\\\/en\\\/newsletter\\\/\"]}]},{\"@type\":\"BreadcrumbList\",\"@id\":\"https:\\\/\\\/ciac.pt\\\/en\\\/newsletter\\\/#breadcrumb\",\"itemListElement\":[{\"@type\":\"ListItem\",\"position\":1,\"name\":\"In\u00edcio\",\"item\":\"https:\\\/\\\/ciac.pt\\\/en\\\/\"},{\"@type\":\"ListItem\",\"position\":2,\"name\":\"Newsletter\"}]},{\"@type\":\"WebSite\",\"@id\":\"https:\\\/\\\/ciac.pt\\\/en\\\/#website\",\"url\":\"https:\\\/\\\/ciac.pt\\\/en\\\/\",\"name\":\"CIAC\",\"description\":\"Centro de Investiga\u00e7\u00e3o em Artes e Comunica\u00e7\u00e3o\",\"publisher\":{\"@id\":\"https:\\\/\\\/ciac.pt\\\/en\\\/#organization\"},\"potentialAction\":[{\"@type\":\"SearchAction\",\"target\":{\"@type\":\"EntryPoint\",\"urlTemplate\":\"https:\\\/\\\/ciac.pt\\\/en\\\/?s={search_term_string}\"},\"query-input\":{\"@type\":\"PropertyValueSpecification\",\"valueRequired\":true,\"valueName\":\"search_term_string\"}}],\"inLanguage\":\"en-US\"},{\"@type\":\"Organization\",\"@id\":\"https:\\\/\\\/ciac.pt\\\/en\\\/#organization\",\"name\":\"CIAC\",\"url\":\"https:\\\/\\\/ciac.pt\\\/en\\\/\",\"logo\":{\"@type\":\"ImageObject\",\"inLanguage\":\"en-US\",\"@id\":\"https:\\\/\\\/ciac.pt\\\/en\\\/#\\\/schema\\\/logo\\\/image\\\/\",\"url\":\"https:\\\/\\\/ciac.pt\\\/wp-content\\\/uploads\\\/2022\\\/06\\\/logo.svg\",\"contentUrl\":\"https:\\\/\\\/ciac.pt\\\/wp-content\\\/uploads\\\/2022\\\/06\\\/logo.svg\",\"width\":184,\"height\":51,\"caption\":\"CIAC\"},\"image\":{\"@id\":\"https:\\\/\\\/ciac.pt\\\/en\\\/#\\\/schema\\\/logo\\\/image\\\/\"}}]}<\/script>\n<!-- \/ Yoast SEO plugin. -->","yoast_head_json":{"title":"Newsletter - CIAC","robots":{"index":"index","follow":"follow","max-snippet":"max-snippet:-1","max-image-preview":"max-image-preview:large","max-video-preview":"max-video-preview:-1"},"canonical":"https:\/\/ciac.pt\/en\/newsletter\/","og_locale":"en_US","og_type":"article","og_title":"Newsletter - CIAC","og_description":"The CIAC Newsletter is a monthly publication with the objective of disseminating","og_url":"https:\/\/ciac.pt\/en\/newsletter\/","og_site_name":"CIAC","article_modified_time":"2024-01-11T12:38:21+00:00","twitter_card":"summary_large_image","twitter_misc":{"Est. reading time":"1 minute"},"schema":{"@context":"https:\/\/schema.org","@graph":[{"@type":"WebPage","@id":"https:\/\/ciac.pt\/en\/newsletter\/","url":"https:\/\/ciac.pt\/en\/newsletter\/","name":"Newsletter - CIAC","isPartOf":{"@id":"https:\/\/ciac.pt\/en\/#website"},"datePublished":"2023-08-23T17:20:47+00:00","dateModified":"2024-01-11T12:38:21+00:00","breadcrumb":{"@id":"https:\/\/ciac.pt\/en\/newsletter\/#breadcrumb"},"inLanguage":"en-US","potentialAction":[{"@type":"ReadAction","target":["https:\/\/ciac.pt\/en\/newsletter\/"]}]},{"@type":"BreadcrumbList","@id":"https:\/\/ciac.pt\/en\/newsletter\/#breadcrumb","itemListElement":[{"@type":"ListItem","position":1,"name":"In\u00edcio","item":"https:\/\/ciac.pt\/en\/"},{"@type":"ListItem","position":2,"name":"Newsletter"}]},{"@type":"WebSite","@id":"https:\/\/ciac.pt\/en\/#website","url":"https:\/\/ciac.pt\/en\/","name":"CIAC","description":"Centro de Investiga\u00e7\u00e3o em Artes e Comunica\u00e7\u00e3o","publisher":{"@id":"https:\/\/ciac.pt\/en\/#organization"},"potentialAction":[{"@type":"SearchAction","target":{"@type":"EntryPoint","urlTemplate":"https:\/\/ciac.pt\/en\/?s={search_term_string}"},"query-input":{"@type":"PropertyValueSpecification","valueRequired":true,"valueName":"search_term_string"}}],"inLanguage":"en-US"},{"@type":"Organization","@id":"https:\/\/ciac.pt\/en\/#organization","name":"CIAC","url":"https:\/\/ciac.pt\/en\/","logo":{"@type":"ImageObject","inLanguage":"en-US","@id":"https:\/\/ciac.pt\/en\/#\/schema\/logo\/image\/","url":"https:\/\/ciac.pt\/wp-content\/uploads\/2022\/06\/logo.svg","contentUrl":"https:\/\/ciac.pt\/wp-content\/uploads\/2022\/06\/logo.svg","width":184,"height":51,"caption":"CIAC"},"image":{"@id":"https:\/\/ciac.pt\/en\/#\/schema\/logo\/image\/"}}]}},"coauthors":[],"author_meta":{"author_link":"https:\/\/ciac.pt\/en\/author\/webmaster\/","display_name":"webmaster"},"relative_dates":{"created":"Posted 3 years ago","modified":"Updated 2 years ago"},"absolute_dates":{"created":"Posted on 23\/08\/2023","modified":"Updated on 11\/01\/2024"},"absolute_dates_time":{"created":"Posted on 23\/08\/2023 18:20","modified":"Updated on 11\/01\/2024 12:38"},"featured_img_caption":"","featured_img":false,"series_order":"","_links":{"self":[{"href":"https:\/\/ciac.pt\/en\/wp-json\/wp\/v2\/pages\/1518","targetHints":{"allow":["GET"]}}],"collection":[{"href":"https:\/\/ciac.pt\/en\/wp-json\/wp\/v2\/pages"}],"about":[{"href":"https:\/\/ciac.pt\/en\/wp-json\/wp\/v2\/types\/page"}],"author":[{"embeddable":true,"href":"https:\/\/ciac.pt\/en\/wp-json\/wp\/v2\/users\/1"}],"replies":[{"embeddable":true,"href":"https:\/\/ciac.pt\/en\/wp-json\/wp\/v2\/comments?post=1518"}],"version-history":[{"count":4,"href":"https:\/\/ciac.pt\/en\/wp-json\/wp\/v2\/pages\/1518\/revisions"}],"predecessor-version":[{"id":3119,"href":"https:\/\/ciac.pt\/en\/wp-json\/wp\/v2\/pages\/1518\/revisions\/3119"}],"wp:attachment":[{"href":"https:\/\/ciac.pt\/en\/wp-json\/wp\/v2\/media?parent=1518"}],"curies":[{"name":"wp","href":"https:\/\/api.w.org\/{rel}","templated":true}]}}