{"id":221,"date":"2022-06-23T11:56:30","date_gmt":"2022-06-23T10:56:30","guid":{"rendered":"https:\/\/web.ciac.pt\/?page_id=221"},"modified":"2026-02-23T08:58:30","modified_gmt":"2026-02-23T08:58:30","slug":"post-doctoral-studies","status":"publish","type":"page","link":"https:\/\/ciac.pt\/en\/advanced-training\/post-doctoral-studies\/","title":{"rendered":"Post-Doctoral Studies"},"content":{"rendered":"\n<p>Along time, the CIAC has hosted several national and international postdoctoral researchers, namely Brazilians, from universities with which it signed exchange protocols.<\/p>\n\n\n\n<p>Please, consult the areas of expertise of the Center to verify the possibilities of developing your postdoctoral project with us.<\/p>\n\n\n\n<p>Postdoctoral project proposals can be sent to <a href=\"mailto:secretaria.ualg@ciac.pt\">secretaria.ualg@ciac.pt<\/a>.<\/p>\n\n\n\n<hr class=\"wp-block-separator alignwide has-alpha-channel-opacity separador active\">\n\n\n\n<h2 class=\"wp-block-heading\">Ongoing Post-Doctoral Projects<\/h2>\n\n\n\n<ul class=\"wp-block-list\">\n<li><strong>DIGITS \u2013 Digital Infrastructures for Governance, Inclusion and Trust Systems<\/strong><br>Responsible Researcher: Dario Rodrigues<\/li>\n<\/ul>\n","protected":false},"excerpt":{"rendered":"<p>Along time, the CIAC has hosted several national and international postdoctoral researchers,<\/p>\n","protected":false},"author":5,"featured_media":0,"parent":219,"menu_order":4,"comment_status":"closed","ping_status":"closed","template":"","meta":{"_eb_attr":"","inline_featured_image":false,"advgb_blocks_editor_width":"","advgb_blocks_columns_visual_guide":"","footnotes":"","_links_to":"","_links_to_target":""},"class_list":["post-221","page","type-page","status-publish","hentry"],"yoast_head":"<!-- This site is optimized with the Yoast SEO plugin v27.4 - https:\/\/yoast.com\/product\/yoast-seo-wordpress\/ -->\n<title>Post-Doctoral Studies - CIAC<\/title>\n<meta name=\"robots\" content=\"index, follow, max-snippet:-1, max-image-preview:large, max-video-preview:-1\" \/>\n<link rel=\"canonical\" href=\"https:\/\/ciac.pt\/en\/advanced-training\/post-doctoral-studies\/\" \/>\n<meta property=\"og:locale\" content=\"en_US\" \/>\n<meta property=\"og:type\" content=\"article\" \/>\n<meta property=\"og:title\" content=\"Post-Doctoral Studies - CIAC\" \/>\n<meta property=\"og:description\" content=\"Along time, the CIAC has hosted several national and international postdoctoral researchers,\" \/>\n<meta property=\"og:url\" content=\"https:\/\/ciac.pt\/en\/advanced-training\/post-doctoral-studies\/\" \/>\n<meta property=\"og:site_name\" content=\"CIAC\" \/>\n<meta property=\"article:modified_time\" content=\"2026-02-23T08:58:30+00:00\" \/>\n<meta name=\"twitter:card\" content=\"summary_large_image\" \/>\n<meta name=\"twitter:label1\" content=\"Est. reading time\" \/>\n\t<meta name=\"twitter:data1\" content=\"1 minute\" \/>\n<script type=\"application\/ld+json\" class=\"yoast-schema-graph\">{\"@context\":\"https:\\\/\\\/schema.org\",\"@graph\":[{\"@type\":\"WebPage\",\"@id\":\"https:\\\/\\\/ciac.pt\\\/en\\\/advanced-training\\\/post-doctoral-studies\\\/\",\"url\":\"https:\\\/\\\/ciac.pt\\\/en\\\/advanced-training\\\/post-doctoral-studies\\\/\",\"name\":\"Post-Doctoral Studies - CIAC\",\"isPartOf\":{\"@id\":\"https:\\\/\\\/ciac.pt\\\/en\\\/#website\"},\"datePublished\":\"2022-06-23T10:56:30+00:00\",\"dateModified\":\"2026-02-23T08:58:30+00:00\",\"breadcrumb\":{\"@id\":\"https:\\\/\\\/ciac.pt\\\/en\\\/advanced-training\\\/post-doctoral-studies\\\/#breadcrumb\"},\"inLanguage\":\"en-US\",\"potentialAction\":[{\"@type\":\"ReadAction\",\"target\":[\"https:\\\/\\\/ciac.pt\\\/en\\\/advanced-training\\\/post-doctoral-studies\\\/\"]}]},{\"@type\":\"BreadcrumbList\",\"@id\":\"https:\\\/\\\/ciac.pt\\\/en\\\/advanced-training\\\/post-doctoral-studies\\\/#breadcrumb\",\"itemListElement\":[{\"@type\":\"ListItem\",\"position\":1,\"name\":\"In\u00edcio\",\"item\":\"https:\\\/\\\/ciac.pt\\\/en\\\/\"},{\"@type\":\"ListItem\",\"position\":2,\"name\":\"Advanced Training\",\"item\":\"https:\\\/\\\/ciac.pt\\\/en\\\/advanced-training\\\/\"},{\"@type\":\"ListItem\",\"position\":3,\"name\":\"Post-Doctoral Studies\"}]},{\"@type\":\"WebSite\",\"@id\":\"https:\\\/\\\/ciac.pt\\\/en\\\/#website\",\"url\":\"https:\\\/\\\/ciac.pt\\\/en\\\/\",\"name\":\"CIAC\",\"description\":\"Centro de Investiga\u00e7\u00e3o em Artes e Comunica\u00e7\u00e3o\",\"publisher\":{\"@id\":\"https:\\\/\\\/ciac.pt\\\/en\\\/#organization\"},\"potentialAction\":[{\"@type\":\"SearchAction\",\"target\":{\"@type\":\"EntryPoint\",\"urlTemplate\":\"https:\\\/\\\/ciac.pt\\\/en\\\/?s={search_term_string}\"},\"query-input\":{\"@type\":\"PropertyValueSpecification\",\"valueRequired\":true,\"valueName\":\"search_term_string\"}}],\"inLanguage\":\"en-US\"},{\"@type\":\"Organization\",\"@id\":\"https:\\\/\\\/ciac.pt\\\/en\\\/#organization\",\"name\":\"CIAC\",\"url\":\"https:\\\/\\\/ciac.pt\\\/en\\\/\",\"logo\":{\"@type\":\"ImageObject\",\"inLanguage\":\"en-US\",\"@id\":\"https:\\\/\\\/ciac.pt\\\/en\\\/#\\\/schema\\\/logo\\\/image\\\/\",\"url\":\"https:\\\/\\\/ciac.pt\\\/wp-content\\\/uploads\\\/2022\\\/06\\\/logo.svg\",\"contentUrl\":\"https:\\\/\\\/ciac.pt\\\/wp-content\\\/uploads\\\/2022\\\/06\\\/logo.svg\",\"width\":184,\"height\":51,\"caption\":\"CIAC\"},\"image\":{\"@id\":\"https:\\\/\\\/ciac.pt\\\/en\\\/#\\\/schema\\\/logo\\\/image\\\/\"}}]}<\/script>\n<!-- \/ Yoast SEO plugin. -->","yoast_head_json":{"title":"Post-Doctoral Studies - CIAC","robots":{"index":"index","follow":"follow","max-snippet":"max-snippet:-1","max-image-preview":"max-image-preview:large","max-video-preview":"max-video-preview:-1"},"canonical":"https:\/\/ciac.pt\/en\/advanced-training\/post-doctoral-studies\/","og_locale":"en_US","og_type":"article","og_title":"Post-Doctoral Studies - CIAC","og_description":"Along time, the CIAC has hosted several national and international postdoctoral researchers,","og_url":"https:\/\/ciac.pt\/en\/advanced-training\/post-doctoral-studies\/","og_site_name":"CIAC","article_modified_time":"2026-02-23T08:58:30+00:00","twitter_card":"summary_large_image","twitter_misc":{"Est. reading time":"1 minute"},"schema":{"@context":"https:\/\/schema.org","@graph":[{"@type":"WebPage","@id":"https:\/\/ciac.pt\/en\/advanced-training\/post-doctoral-studies\/","url":"https:\/\/ciac.pt\/en\/advanced-training\/post-doctoral-studies\/","name":"Post-Doctoral Studies - CIAC","isPartOf":{"@id":"https:\/\/ciac.pt\/en\/#website"},"datePublished":"2022-06-23T10:56:30+00:00","dateModified":"2026-02-23T08:58:30+00:00","breadcrumb":{"@id":"https:\/\/ciac.pt\/en\/advanced-training\/post-doctoral-studies\/#breadcrumb"},"inLanguage":"en-US","potentialAction":[{"@type":"ReadAction","target":["https:\/\/ciac.pt\/en\/advanced-training\/post-doctoral-studies\/"]}]},{"@type":"BreadcrumbList","@id":"https:\/\/ciac.pt\/en\/advanced-training\/post-doctoral-studies\/#breadcrumb","itemListElement":[{"@type":"ListItem","position":1,"name":"In\u00edcio","item":"https:\/\/ciac.pt\/en\/"},{"@type":"ListItem","position":2,"name":"Advanced Training","item":"https:\/\/ciac.pt\/en\/advanced-training\/"},{"@type":"ListItem","position":3,"name":"Post-Doctoral Studies"}]},{"@type":"WebSite","@id":"https:\/\/ciac.pt\/en\/#website","url":"https:\/\/ciac.pt\/en\/","name":"CIAC","description":"Centro de Investiga\u00e7\u00e3o em Artes e Comunica\u00e7\u00e3o","publisher":{"@id":"https:\/\/ciac.pt\/en\/#organization"},"potentialAction":[{"@type":"SearchAction","target":{"@type":"EntryPoint","urlTemplate":"https:\/\/ciac.pt\/en\/?s={search_term_string}"},"query-input":{"@type":"PropertyValueSpecification","valueRequired":true,"valueName":"search_term_string"}}],"inLanguage":"en-US"},{"@type":"Organization","@id":"https:\/\/ciac.pt\/en\/#organization","name":"CIAC","url":"https:\/\/ciac.pt\/en\/","logo":{"@type":"ImageObject","inLanguage":"en-US","@id":"https:\/\/ciac.pt\/en\/#\/schema\/logo\/image\/","url":"https:\/\/ciac.pt\/wp-content\/uploads\/2022\/06\/logo.svg","contentUrl":"https:\/\/ciac.pt\/wp-content\/uploads\/2022\/06\/logo.svg","width":184,"height":51,"caption":"CIAC"},"image":{"@id":"https:\/\/ciac.pt\/en\/#\/schema\/logo\/image\/"}}]}},"coauthors":[],"author_meta":{"author_link":"https:\/\/ciac.pt\/en\/author\/designer\/","display_name":"designer"},"relative_dates":{"created":"Posted 4 years ago","modified":"Updated 2 months ago"},"absolute_dates":{"created":"Posted on 23\/06\/2022","modified":"Updated on 23\/02\/2026"},"absolute_dates_time":{"created":"Posted on 23\/06\/2022 11:56","modified":"Updated on 23\/02\/2026 8:58"},"featured_img_caption":"","featured_img":false,"series_order":"","_links":{"self":[{"href":"https:\/\/ciac.pt\/en\/wp-json\/wp\/v2\/pages\/221","targetHints":{"allow":["GET"]}}],"collection":[{"href":"https:\/\/ciac.pt\/en\/wp-json\/wp\/v2\/pages"}],"about":[{"href":"https:\/\/ciac.pt\/en\/wp-json\/wp\/v2\/types\/page"}],"author":[{"embeddable":true,"href":"https:\/\/ciac.pt\/en\/wp-json\/wp\/v2\/users\/5"}],"replies":[{"embeddable":true,"href":"https:\/\/ciac.pt\/en\/wp-json\/wp\/v2\/comments?post=221"}],"version-history":[{"count":2,"href":"https:\/\/ciac.pt\/en\/wp-json\/wp\/v2\/pages\/221\/revisions"}],"predecessor-version":[{"id":13755,"href":"https:\/\/ciac.pt\/en\/wp-json\/wp\/v2\/pages\/221\/revisions\/13755"}],"up":[{"embeddable":true,"href":"https:\/\/ciac.pt\/en\/wp-json\/wp\/v2\/pages\/219"}],"wp:attachment":[{"href":"https:\/\/ciac.pt\/en\/wp-json\/wp\/v2\/media?parent=221"}],"curies":[{"name":"wp","href":"https:\/\/api.w.org\/{rel}","templated":true}]}}