{"id":2358,"date":"2023-12-15T18:14:45","date_gmt":"2023-12-15T18:14:45","guid":{"rendered":"https:\/\/web.ciac.pt\/?page_id=2358"},"modified":"2024-04-03T16:30:40","modified_gmt":"2024-04-03T15:30:40","slug":"littour","status":"publish","type":"page","link":"https:\/\/ciac.pt\/en\/publications\/littour\/","title":{"rendered":"Research Group on LIT&#038;TOUR Collection"},"content":{"rendered":"\n<p>The collection of volumes of the LIT&amp;TOUR Group&nbsp;(CIAC \u2013 Research Centre for Arts and Communication), constitutes, on the one hand, a repository of part of the academic works authored by the members of the team and, on the other hand, a working basis for other researchers with an interest in the field of Studies in Literature and Tourism.<\/p>\n\n\n\n<p>This collection is the counterpart of the journal <a href=\"https:\/\/publicacoes.ciac.pt\/index.php\/litntour\/\">LIT&amp;TOUR: International Journal of Literature and Tourism Studies<\/a>.<\/p>\n\n\n\n<hr class=\"wp-block-separator alignwide has-alpha-channel-opacity separador\"\/>\n\n\n\n<div class=\"wp-block-query ciac-news-grid is-layout-flow wp-block-query-is-layout-flow\"><ul class=\"columns-6 wp-block-post-template is-layout-grid wp-container-core-post-template-is-layout-cecc1a5b wp-block-post-template-is-layout-grid\"><li class=\"wp-block-post post-2123 post type-post status-publish format-standard has-post-thumbnail hentry category-publications tag-littour\">\n<figure class=\"featured-image wp-block-post-featured-image\"><a href=\"https:\/\/ciac.pt\/en\/publications\/cartographya\/\" target=\"_self\"  ><img decoding=\"async\" width=\"210\" height=\"300\" data-src=\"https:\/\/ciac.pt\/wp-content\/uploads\/2023\/10\/cartographya.jpg\" class=\"attachment-post-thumbnail size-post-thumbnail wp-post-image lazyload\" alt=\"Cartographya\" style=\"--smush-placeholder-width: 210px; --smush-placeholder-aspect-ratio: 210\/300;object-fit:cover;\" src=\"data:image\/svg+xml;base64,PHN2ZyB3aWR0aD0iMSIgaGVpZ2h0PSIxIiB4bWxucz0iaHR0cDovL3d3dy53My5vcmcvMjAwMC9zdmciPjwvc3ZnPg==\" \/><\/a><\/figure>\n\n<h5 class=\"wp-block-post-title\"><a href=\"https:\/\/ciac.pt\/en\/publications\/cartographya\/\" target=\"_self\" >Cartographya<\/a><\/h5>\n<\/li><li class=\"wp-block-post post-2116 post type-post status-publish format-standard has-post-thumbnail hentry category-publications tag-littour\">\n<figure class=\"featured-image wp-block-post-featured-image\"><a href=\"https:\/\/ciac.pt\/en\/publications\/working-definitions-in-literature-and-tourism-a-research-guide\/\" target=\"_self\"  ><img decoding=\"async\" width=\"202\" height=\"300\" data-src=\"https:\/\/ciac.pt\/wp-content\/uploads\/2023\/10\/working-definitions-in-literature-and-tourism.jpg\" class=\"attachment-post-thumbnail size-post-thumbnail wp-post-image lazyload\" alt=\"Working Definitions in Literature and Tourism: a research guide\" style=\"--smush-placeholder-width: 202px; --smush-placeholder-aspect-ratio: 202\/300;object-fit:cover;\" src=\"data:image\/svg+xml;base64,PHN2ZyB3aWR0aD0iMSIgaGVpZ2h0PSIxIiB4bWxucz0iaHR0cDovL3d3dy53My5vcmcvMjAwMC9zdmciPjwvc3ZnPg==\" \/><\/a><\/figure>\n\n<h5 class=\"wp-block-post-title\"><a href=\"https:\/\/ciac.pt\/en\/publications\/working-definitions-in-literature-and-tourism-a-research-guide\/\" target=\"_self\" >Working Definitions in Literature and Tourism: a research guide<\/a><\/h5>\n<\/li><li class=\"wp-block-post post-2114 post type-post status-publish format-standard has-post-thumbnail hentry category-publications tag-littour\">\n<figure class=\"featured-image wp-block-post-featured-image\"><a href=\"https:\/\/ciac.pt\/en\/publications\/hoteis-literarios-de-portugal\/\" target=\"_self\"  ><img decoding=\"async\" width=\"300\" height=\"300\" data-src=\"https:\/\/ciac.pt\/wp-content\/uploads\/2023\/10\/hoteis-literarios-de-portugal.jpg\" class=\"attachment-post-thumbnail size-post-thumbnail wp-post-image lazyload\" alt=\"Hot\u00e9is Liter\u00e1rios de Portugal\" style=\"--smush-placeholder-width: 300px; --smush-placeholder-aspect-ratio: 300\/300;object-fit:cover;\" data-srcset=\"https:\/\/ciac.pt\/wp-content\/uploads\/2023\/10\/hoteis-literarios-de-portugal.jpg 300w, https:\/\/ciac.pt\/wp-content\/uploads\/2023\/10\/hoteis-literarios-de-portugal-150x150.jpg 150w\" data-sizes=\"(max-width: 300px) 100vw, 300px\" src=\"data:image\/svg+xml;base64,PHN2ZyB3aWR0aD0iMSIgaGVpZ2h0PSIxIiB4bWxucz0iaHR0cDovL3d3dy53My5vcmcvMjAwMC9zdmciPjwvc3ZnPg==\" \/><\/a><\/figure>\n\n<h5 class=\"wp-block-post-title\"><a href=\"https:\/\/ciac.pt\/en\/publications\/hoteis-literarios-de-portugal\/\" target=\"_self\" >Hot\u00e9is Liter\u00e1rios de Portugal<\/a><\/h5>\n<\/li><\/ul><\/div>\n","protected":false},"excerpt":{"rendered":"<p>The collection of volumes of the LIT&amp;TOUR Group&nbsp;(CIAC \u2013 Research Centre for<\/p>\n","protected":false},"author":1,"featured_media":0,"parent":1498,"menu_order":5,"comment_status":"closed","ping_status":"closed","template":"","meta":{"_eb_attr":"","inline_featured_image":false,"advgb_blocks_editor_width":"","advgb_blocks_columns_visual_guide":"","footnotes":"","_links_to":"","_links_to_target":""},"class_list":["post-2358","page","type-page","status-publish","hentry"],"yoast_head":"<!-- This site is optimized with the Yoast SEO plugin v27.2 - https:\/\/yoast.com\/product\/yoast-seo-wordpress\/ -->\n<title>Research Group on LIT&amp;TOUR Collection - CIAC<\/title>\n<meta name=\"robots\" content=\"index, follow, max-snippet:-1, max-image-preview:large, max-video-preview:-1\" \/>\n<link rel=\"canonical\" href=\"https:\/\/ciac.pt\/en\/publications\/littour\/\" \/>\n<meta property=\"og:locale\" content=\"en_US\" \/>\n<meta property=\"og:type\" content=\"article\" \/>\n<meta property=\"og:title\" content=\"Research Group on LIT&amp;TOUR Collection - CIAC\" \/>\n<meta property=\"og:description\" content=\"The collection of volumes of the LIT&amp;TOUR Group&nbsp;(CIAC \u2013 Research Centre for\" \/>\n<meta property=\"og:url\" content=\"https:\/\/ciac.pt\/en\/publications\/littour\/\" \/>\n<meta property=\"og:site_name\" content=\"CIAC\" \/>\n<meta property=\"article:modified_time\" content=\"2024-04-03T15:30:40+00:00\" \/>\n<meta name=\"twitter:card\" content=\"summary_large_image\" \/>\n<script type=\"application\/ld+json\" class=\"yoast-schema-graph\">{\"@context\":\"https:\/\/schema.org\",\"@graph\":[{\"@type\":\"WebPage\",\"@id\":\"https:\/\/ciac.pt\/en\/publications\/littour\/\",\"url\":\"https:\/\/ciac.pt\/en\/publications\/littour\/\",\"name\":\"Research Group on LIT&TOUR Collection - CIAC\",\"isPartOf\":{\"@id\":\"https:\/\/ciac.pt\/en\/#website\"},\"datePublished\":\"2023-12-15T18:14:45+00:00\",\"dateModified\":\"2024-04-03T15:30:40+00:00\",\"breadcrumb\":{\"@id\":\"https:\/\/ciac.pt\/en\/publications\/littour\/#breadcrumb\"},\"inLanguage\":\"en-US\",\"potentialAction\":[{\"@type\":\"ReadAction\",\"target\":[\"https:\/\/ciac.pt\/en\/publications\/littour\/\"]}]},{\"@type\":\"BreadcrumbList\",\"@id\":\"https:\/\/ciac.pt\/en\/publications\/littour\/#breadcrumb\",\"itemListElement\":[{\"@type\":\"ListItem\",\"position\":1,\"name\":\"In\u00edcio\",\"item\":\"https:\/\/ciac.pt\/en\/\"},{\"@type\":\"ListItem\",\"position\":2,\"name\":\"Publications\",\"item\":\"https:\/\/ciac.pt\/en\/publications\/\"},{\"@type\":\"ListItem\",\"position\":3,\"name\":\"Research Group on LIT&#038;TOUR Collection\"}]},{\"@type\":\"WebSite\",\"@id\":\"https:\/\/ciac.pt\/en\/#website\",\"url\":\"https:\/\/ciac.pt\/en\/\",\"name\":\"CIAC\",\"description\":\"Centro de Investiga\u00e7\u00e3o em Artes e Comunica\u00e7\u00e3o\",\"publisher\":{\"@id\":\"https:\/\/ciac.pt\/en\/#organization\"},\"potentialAction\":[{\"@type\":\"SearchAction\",\"target\":{\"@type\":\"EntryPoint\",\"urlTemplate\":\"https:\/\/ciac.pt\/en\/?s={search_term_string}\"},\"query-input\":{\"@type\":\"PropertyValueSpecification\",\"valueRequired\":true,\"valueName\":\"search_term_string\"}}],\"inLanguage\":\"en-US\"},{\"@type\":\"Organization\",\"@id\":\"https:\/\/ciac.pt\/en\/#organization\",\"name\":\"CIAC\",\"url\":\"https:\/\/ciac.pt\/en\/\",\"logo\":{\"@type\":\"ImageObject\",\"inLanguage\":\"en-US\",\"@id\":\"https:\/\/ciac.pt\/en\/#\/schema\/logo\/image\/\",\"url\":\"https:\/\/ciac.pt\/wp-content\/uploads\/2022\/06\/logo.svg\",\"contentUrl\":\"https:\/\/ciac.pt\/wp-content\/uploads\/2022\/06\/logo.svg\",\"width\":184,\"height\":51,\"caption\":\"CIAC\"},\"image\":{\"@id\":\"https:\/\/ciac.pt\/en\/#\/schema\/logo\/image\/\"}}]}<\/script>\n<!-- \/ Yoast SEO plugin. -->","yoast_head_json":{"title":"Research Group on LIT&TOUR Collection - CIAC","robots":{"index":"index","follow":"follow","max-snippet":"max-snippet:-1","max-image-preview":"max-image-preview:large","max-video-preview":"max-video-preview:-1"},"canonical":"https:\/\/ciac.pt\/en\/publications\/littour\/","og_locale":"en_US","og_type":"article","og_title":"Research Group on LIT&TOUR Collection - CIAC","og_description":"The collection of volumes of the LIT&amp;TOUR Group&nbsp;(CIAC \u2013 Research Centre for","og_url":"https:\/\/ciac.pt\/en\/publications\/littour\/","og_site_name":"CIAC","article_modified_time":"2024-04-03T15:30:40+00:00","twitter_card":"summary_large_image","schema":{"@context":"https:\/\/schema.org","@graph":[{"@type":"WebPage","@id":"https:\/\/ciac.pt\/en\/publications\/littour\/","url":"https:\/\/ciac.pt\/en\/publications\/littour\/","name":"Research Group on LIT&TOUR Collection - CIAC","isPartOf":{"@id":"https:\/\/ciac.pt\/en\/#website"},"datePublished":"2023-12-15T18:14:45+00:00","dateModified":"2024-04-03T15:30:40+00:00","breadcrumb":{"@id":"https:\/\/ciac.pt\/en\/publications\/littour\/#breadcrumb"},"inLanguage":"en-US","potentialAction":[{"@type":"ReadAction","target":["https:\/\/ciac.pt\/en\/publications\/littour\/"]}]},{"@type":"BreadcrumbList","@id":"https:\/\/ciac.pt\/en\/publications\/littour\/#breadcrumb","itemListElement":[{"@type":"ListItem","position":1,"name":"In\u00edcio","item":"https:\/\/ciac.pt\/en\/"},{"@type":"ListItem","position":2,"name":"Publications","item":"https:\/\/ciac.pt\/en\/publications\/"},{"@type":"ListItem","position":3,"name":"Research Group on LIT&#038;TOUR Collection"}]},{"@type":"WebSite","@id":"https:\/\/ciac.pt\/en\/#website","url":"https:\/\/ciac.pt\/en\/","name":"CIAC","description":"Centro de Investiga\u00e7\u00e3o em Artes e Comunica\u00e7\u00e3o","publisher":{"@id":"https:\/\/ciac.pt\/en\/#organization"},"potentialAction":[{"@type":"SearchAction","target":{"@type":"EntryPoint","urlTemplate":"https:\/\/ciac.pt\/en\/?s={search_term_string}"},"query-input":{"@type":"PropertyValueSpecification","valueRequired":true,"valueName":"search_term_string"}}],"inLanguage":"en-US"},{"@type":"Organization","@id":"https:\/\/ciac.pt\/en\/#organization","name":"CIAC","url":"https:\/\/ciac.pt\/en\/","logo":{"@type":"ImageObject","inLanguage":"en-US","@id":"https:\/\/ciac.pt\/en\/#\/schema\/logo\/image\/","url":"https:\/\/ciac.pt\/wp-content\/uploads\/2022\/06\/logo.svg","contentUrl":"https:\/\/ciac.pt\/wp-content\/uploads\/2022\/06\/logo.svg","width":184,"height":51,"caption":"CIAC"},"image":{"@id":"https:\/\/ciac.pt\/en\/#\/schema\/logo\/image\/"}}]}},"coauthors":[],"author_meta":{"author_link":"https:\/\/ciac.pt\/en\/author\/webmaster\/","display_name":"webmaster"},"relative_dates":{"created":"Posted 2 years ago","modified":"Updated 2 years ago"},"absolute_dates":{"created":"Posted on 15\/12\/2023","modified":"Updated on 03\/04\/2024"},"absolute_dates_time":{"created":"Posted on 15\/12\/2023 18:14","modified":"Updated on 03\/04\/2024 16:30"},"featured_img_caption":"","featured_img":false,"series_order":"","_links":{"self":[{"href":"https:\/\/ciac.pt\/en\/wp-json\/wp\/v2\/pages\/2358","targetHints":{"allow":["GET"]}}],"collection":[{"href":"https:\/\/ciac.pt\/en\/wp-json\/wp\/v2\/pages"}],"about":[{"href":"https:\/\/ciac.pt\/en\/wp-json\/wp\/v2\/types\/page"}],"author":[{"embeddable":true,"href":"https:\/\/ciac.pt\/en\/wp-json\/wp\/v2\/users\/1"}],"replies":[{"embeddable":true,"href":"https:\/\/ciac.pt\/en\/wp-json\/wp\/v2\/comments?post=2358"}],"version-history":[{"count":11,"href":"https:\/\/ciac.pt\/en\/wp-json\/wp\/v2\/pages\/2358\/revisions"}],"predecessor-version":[{"id":5999,"href":"https:\/\/ciac.pt\/en\/wp-json\/wp\/v2\/pages\/2358\/revisions\/5999"}],"up":[{"embeddable":true,"href":"https:\/\/ciac.pt\/en\/wp-json\/wp\/v2\/pages\/1498"}],"wp:attachment":[{"href":"https:\/\/ciac.pt\/en\/wp-json\/wp\/v2\/media?parent=2358"}],"curies":[{"name":"wp","href":"https:\/\/api.w.org\/{rel}","templated":true}]}}