{"id":2442,"date":"2023-12-18T07:07:01","date_gmt":"2023-12-18T07:07:01","guid":{"rendered":"https:\/\/web.ciac.pt\/?page_id=2442"},"modified":"2024-04-03T16:24:57","modified_gmt":"2024-04-03T15:24:57","slug":"proceedings","status":"publish","type":"page","link":"https:\/\/ciac.pt\/en\/publications\/proceedings\/","title":{"rendered":"Proceedings"},"content":{"rendered":"<ul class=\"list-pages-shortcode list-pages\"><li class=\"page_item page-item-1496\"><a href=\"https:\/\/ciac.pt\/en\/publications\/artefacto\/\">ARTeFACTo<\/a><\/li>\n<\/ul>\n\n\n\n<hr class=\"wp-block-separator alignwide has-alpha-channel-opacity separador\"\/>\n\n\n\n<div class=\"wp-block-query ciac-news-grid is-layout-flow wp-block-query-is-layout-flow\"><ul class=\"columns-6 wp-block-post-template is-layout-grid wp-container-core-post-template-is-layout-cecc1a5b wp-block-post-template-is-layout-grid\"><li class=\"wp-block-post post-2437 post type-post status-publish format-standard has-post-thumbnail hentry category-publications tag-proceedings\">\n<figure class=\"featured-image wp-block-post-featured-image\"><a href=\"https:\/\/ciac.pt\/en\/publications\/viii-jornadas-do-ciac\/\" target=\"_self\"  ><img decoding=\"async\" width=\"212\" height=\"300\" data-src=\"https:\/\/ciac.pt\/wp-content\/uploads\/2023\/12\/viii-jornadas.jpg\" class=\"attachment-post-thumbnail size-post-thumbnail wp-post-image lazyload\" alt=\"VIII Jornadas do CIAC\" style=\"--smush-placeholder-width: 212px; --smush-placeholder-aspect-ratio: 212\/300;object-fit:cover;\" src=\"data:image\/svg+xml;base64,PHN2ZyB3aWR0aD0iMSIgaGVpZ2h0PSIxIiB4bWxucz0iaHR0cDovL3d3dy53My5vcmcvMjAwMC9zdmciPjwvc3ZnPg==\" \/><\/a><\/figure>\n\n<h5 class=\"wp-block-post-title\"><a href=\"https:\/\/ciac.pt\/en\/publications\/viii-jornadas-do-ciac\/\" target=\"_self\" >VIII Jornadas do CIAC<\/a><\/h5>\n<\/li><li class=\"wp-block-post post-2435 post type-post status-publish format-standard has-post-thumbnail hentry category-publications tag-proceedings\">\n<figure class=\"featured-image wp-block-post-featured-image\"><a href=\"https:\/\/ciac.pt\/en\/publications\/vii-jornadas-do-ciac\/\" target=\"_self\"  ><img decoding=\"async\" width=\"211\" height=\"300\" data-src=\"https:\/\/ciac.pt\/wp-content\/uploads\/2023\/12\/vii-jornadas.jpg\" class=\"attachment-post-thumbnail size-post-thumbnail wp-post-image lazyload\" alt=\"VII Jornadas do CIAC\" style=\"--smush-placeholder-width: 211px; --smush-placeholder-aspect-ratio: 211\/300;object-fit:cover;\" src=\"data:image\/svg+xml;base64,PHN2ZyB3aWR0aD0iMSIgaGVpZ2h0PSIxIiB4bWxucz0iaHR0cDovL3d3dy53My5vcmcvMjAwMC9zdmciPjwvc3ZnPg==\" \/><\/a><\/figure>\n\n<h5 class=\"wp-block-post-title\"><a href=\"https:\/\/ciac.pt\/en\/publications\/vii-jornadas-do-ciac\/\" target=\"_self\" >VII Jornadas do CIAC<\/a><\/h5>\n<\/li><\/ul><\/div>\n","protected":false},"excerpt":{"rendered":"","protected":false},"author":1,"featured_media":0,"parent":1498,"menu_order":9,"comment_status":"closed","ping_status":"closed","template":"","meta":{"_eb_attr":"","inline_featured_image":false,"advgb_blocks_editor_width":"","advgb_blocks_columns_visual_guide":"","footnotes":"","_links_to":"","_links_to_target":""},"class_list":["post-2442","page","type-page","status-publish","hentry"],"yoast_head":"<!-- This site is optimized with the Yoast SEO plugin v27.2 - https:\/\/yoast.com\/product\/yoast-seo-wordpress\/ -->\n<title>Proceedings - CIAC<\/title>\n<meta name=\"robots\" content=\"index, follow, max-snippet:-1, max-image-preview:large, max-video-preview:-1\" \/>\n<link rel=\"canonical\" href=\"https:\/\/ciac.pt\/en\/publications\/proceedings\/\" \/>\n<meta property=\"og:locale\" content=\"en_US\" \/>\n<meta property=\"og:type\" content=\"article\" \/>\n<meta property=\"og:title\" content=\"Proceedings - CIAC\" \/>\n<meta property=\"og:url\" content=\"https:\/\/ciac.pt\/en\/publications\/proceedings\/\" \/>\n<meta property=\"og:site_name\" content=\"CIAC\" \/>\n<meta property=\"article:modified_time\" content=\"2024-04-03T15:24:57+00:00\" \/>\n<meta name=\"twitter:card\" content=\"summary_large_image\" \/>\n<script type=\"application\/ld+json\" class=\"yoast-schema-graph\">{\"@context\":\"https:\/\/schema.org\",\"@graph\":[{\"@type\":\"WebPage\",\"@id\":\"https:\/\/ciac.pt\/en\/publications\/proceedings\/\",\"url\":\"https:\/\/ciac.pt\/en\/publications\/proceedings\/\",\"name\":\"Proceedings - CIAC\",\"isPartOf\":{\"@id\":\"https:\/\/ciac.pt\/en\/#website\"},\"datePublished\":\"2023-12-18T07:07:01+00:00\",\"dateModified\":\"2024-04-03T15:24:57+00:00\",\"breadcrumb\":{\"@id\":\"https:\/\/ciac.pt\/en\/publications\/proceedings\/#breadcrumb\"},\"inLanguage\":\"en-US\",\"potentialAction\":[{\"@type\":\"ReadAction\",\"target\":[\"https:\/\/ciac.pt\/en\/publications\/proceedings\/\"]}]},{\"@type\":\"BreadcrumbList\",\"@id\":\"https:\/\/ciac.pt\/en\/publications\/proceedings\/#breadcrumb\",\"itemListElement\":[{\"@type\":\"ListItem\",\"position\":1,\"name\":\"In\u00edcio\",\"item\":\"https:\/\/ciac.pt\/en\/\"},{\"@type\":\"ListItem\",\"position\":2,\"name\":\"Publications\",\"item\":\"https:\/\/ciac.pt\/en\/publications\/\"},{\"@type\":\"ListItem\",\"position\":3,\"name\":\"Proceedings\"}]},{\"@type\":\"WebSite\",\"@id\":\"https:\/\/ciac.pt\/en\/#website\",\"url\":\"https:\/\/ciac.pt\/en\/\",\"name\":\"CIAC\",\"description\":\"Centro de Investiga\u00e7\u00e3o em Artes e Comunica\u00e7\u00e3o\",\"publisher\":{\"@id\":\"https:\/\/ciac.pt\/en\/#organization\"},\"potentialAction\":[{\"@type\":\"SearchAction\",\"target\":{\"@type\":\"EntryPoint\",\"urlTemplate\":\"https:\/\/ciac.pt\/en\/?s={search_term_string}\"},\"query-input\":{\"@type\":\"PropertyValueSpecification\",\"valueRequired\":true,\"valueName\":\"search_term_string\"}}],\"inLanguage\":\"en-US\"},{\"@type\":\"Organization\",\"@id\":\"https:\/\/ciac.pt\/en\/#organization\",\"name\":\"CIAC\",\"url\":\"https:\/\/ciac.pt\/en\/\",\"logo\":{\"@type\":\"ImageObject\",\"inLanguage\":\"en-US\",\"@id\":\"https:\/\/ciac.pt\/en\/#\/schema\/logo\/image\/\",\"url\":\"https:\/\/ciac.pt\/wp-content\/uploads\/2022\/06\/logo.svg\",\"contentUrl\":\"https:\/\/ciac.pt\/wp-content\/uploads\/2022\/06\/logo.svg\",\"width\":184,\"height\":51,\"caption\":\"CIAC\"},\"image\":{\"@id\":\"https:\/\/ciac.pt\/en\/#\/schema\/logo\/image\/\"}}]}<\/script>\n<!-- \/ Yoast SEO plugin. -->","yoast_head_json":{"title":"Proceedings - CIAC","robots":{"index":"index","follow":"follow","max-snippet":"max-snippet:-1","max-image-preview":"max-image-preview:large","max-video-preview":"max-video-preview:-1"},"canonical":"https:\/\/ciac.pt\/en\/publications\/proceedings\/","og_locale":"en_US","og_type":"article","og_title":"Proceedings - CIAC","og_url":"https:\/\/ciac.pt\/en\/publications\/proceedings\/","og_site_name":"CIAC","article_modified_time":"2024-04-03T15:24:57+00:00","twitter_card":"summary_large_image","schema":{"@context":"https:\/\/schema.org","@graph":[{"@type":"WebPage","@id":"https:\/\/ciac.pt\/en\/publications\/proceedings\/","url":"https:\/\/ciac.pt\/en\/publications\/proceedings\/","name":"Proceedings - CIAC","isPartOf":{"@id":"https:\/\/ciac.pt\/en\/#website"},"datePublished":"2023-12-18T07:07:01+00:00","dateModified":"2024-04-03T15:24:57+00:00","breadcrumb":{"@id":"https:\/\/ciac.pt\/en\/publications\/proceedings\/#breadcrumb"},"inLanguage":"en-US","potentialAction":[{"@type":"ReadAction","target":["https:\/\/ciac.pt\/en\/publications\/proceedings\/"]}]},{"@type":"BreadcrumbList","@id":"https:\/\/ciac.pt\/en\/publications\/proceedings\/#breadcrumb","itemListElement":[{"@type":"ListItem","position":1,"name":"In\u00edcio","item":"https:\/\/ciac.pt\/en\/"},{"@type":"ListItem","position":2,"name":"Publications","item":"https:\/\/ciac.pt\/en\/publications\/"},{"@type":"ListItem","position":3,"name":"Proceedings"}]},{"@type":"WebSite","@id":"https:\/\/ciac.pt\/en\/#website","url":"https:\/\/ciac.pt\/en\/","name":"CIAC","description":"Centro de Investiga\u00e7\u00e3o em Artes e Comunica\u00e7\u00e3o","publisher":{"@id":"https:\/\/ciac.pt\/en\/#organization"},"potentialAction":[{"@type":"SearchAction","target":{"@type":"EntryPoint","urlTemplate":"https:\/\/ciac.pt\/en\/?s={search_term_string}"},"query-input":{"@type":"PropertyValueSpecification","valueRequired":true,"valueName":"search_term_string"}}],"inLanguage":"en-US"},{"@type":"Organization","@id":"https:\/\/ciac.pt\/en\/#organization","name":"CIAC","url":"https:\/\/ciac.pt\/en\/","logo":{"@type":"ImageObject","inLanguage":"en-US","@id":"https:\/\/ciac.pt\/en\/#\/schema\/logo\/image\/","url":"https:\/\/ciac.pt\/wp-content\/uploads\/2022\/06\/logo.svg","contentUrl":"https:\/\/ciac.pt\/wp-content\/uploads\/2022\/06\/logo.svg","width":184,"height":51,"caption":"CIAC"},"image":{"@id":"https:\/\/ciac.pt\/en\/#\/schema\/logo\/image\/"}}]}},"coauthors":[],"author_meta":{"author_link":"https:\/\/ciac.pt\/en\/author\/webmaster\/","display_name":"webmaster"},"relative_dates":{"created":"Posted 2 years ago","modified":"Updated 2 years ago"},"absolute_dates":{"created":"Posted on 18\/12\/2023","modified":"Updated on 03\/04\/2024"},"absolute_dates_time":{"created":"Posted on 18\/12\/2023 7:07","modified":"Updated on 03\/04\/2024 16:24"},"featured_img_caption":"","featured_img":false,"series_order":"","_links":{"self":[{"href":"https:\/\/ciac.pt\/en\/wp-json\/wp\/v2\/pages\/2442","targetHints":{"allow":["GET"]}}],"collection":[{"href":"https:\/\/ciac.pt\/en\/wp-json\/wp\/v2\/pages"}],"about":[{"href":"https:\/\/ciac.pt\/en\/wp-json\/wp\/v2\/types\/page"}],"author":[{"embeddable":true,"href":"https:\/\/ciac.pt\/en\/wp-json\/wp\/v2\/users\/1"}],"replies":[{"embeddable":true,"href":"https:\/\/ciac.pt\/en\/wp-json\/wp\/v2\/comments?post=2442"}],"version-history":[{"count":6,"href":"https:\/\/ciac.pt\/en\/wp-json\/wp\/v2\/pages\/2442\/revisions"}],"predecessor-version":[{"id":5996,"href":"https:\/\/ciac.pt\/en\/wp-json\/wp\/v2\/pages\/2442\/revisions\/5996"}],"up":[{"embeddable":true,"href":"https:\/\/ciac.pt\/en\/wp-json\/wp\/v2\/pages\/1498"}],"wp:attachment":[{"href":"https:\/\/ciac.pt\/en\/wp-json\/wp\/v2\/media?parent=2442"}],"curies":[{"name":"wp","href":"https:\/\/api.w.org\/{rel}","templated":true}]}}