{"id":2449,"date":"2023-12-18T08:37:37","date_gmt":"2023-12-18T08:37:37","guid":{"rendered":"https:\/\/web.ciac.pt\/?page_id=2449"},"modified":"2024-04-03T16:21:10","modified_gmt":"2024-04-03T15:21:10","slug":"other-editions","status":"publish","type":"page","link":"https:\/\/ciac.pt\/en\/publications\/other-editions\/","title":{"rendered":"Other Editions"},"content":{"rendered":"\n<hr class=\"wp-block-separator alignwide has-alpha-channel-opacity separador\"\/>\n\n\n\n<div class=\"wp-block-query ciac-news-grid is-layout-flow wp-block-query-is-layout-flow\"><ul class=\"columns-6 wp-block-post-template is-layout-grid wp-container-core-post-template-is-layout-cecc1a5b wp-block-post-template-is-layout-grid\"><li class=\"wp-block-post post-13582 post type-post status-publish format-standard has-post-thumbnail hentry category-publications tag-other-editions\">\n<figure class=\"featured-image wp-block-post-featured-image\"><a href=\"https:\/\/ciac.pt\/en\/publications\/investigacao-em-arte-ensino-e-experiencias-transcontinentais\/\" target=\"_self\"  ><img decoding=\"async\" width=\"200\" height=\"300\" data-src=\"https:\/\/ciac.pt\/wp-content\/uploads\/2026\/01\/investigacao_em_arte.jpg\" class=\"attachment-post-thumbnail size-post-thumbnail wp-post-image lazyload\" alt=\"Investiga\u00e7\u00e3o em Arte, Ensino e Experi\u00eancias Transcontinentais\" style=\"--smush-placeholder-width: 200px; --smush-placeholder-aspect-ratio: 200\/300;object-fit:cover;\" src=\"data:image\/svg+xml;base64,PHN2ZyB3aWR0aD0iMSIgaGVpZ2h0PSIxIiB4bWxucz0iaHR0cDovL3d3dy53My5vcmcvMjAwMC9zdmciPjwvc3ZnPg==\" \/><\/a><\/figure>\n\n<h5 class=\"wp-block-post-title\"><a href=\"https:\/\/ciac.pt\/en\/publications\/investigacao-em-arte-ensino-e-experiencias-transcontinentais\/\" target=\"_self\" >Investiga\u00e7\u00e3o em Arte, Ensino e Experi\u00eancias Transcontinentais<\/a><\/h5>\n<\/li><li class=\"wp-block-post post-8120 post type-post status-publish format-standard has-post-thumbnail hentry category-publications tag-other-editions\">\n<figure class=\"featured-image wp-block-post-featured-image\"><a href=\"https:\/\/ciac.pt\/en\/publications\/cidadania-digital-e-culturas-do-contemporaneo\/\" target=\"_self\"  ><img decoding=\"async\" data-src=\"https:\/\/ciac.pt\/wp-content\/uploads\/2024\/07\/cidadania-digital-e-culturas-do-contemporaneo.jpg\" class=\"attachment-post-thumbnail size-post-thumbnail wp-post-image lazyload\" alt=\"Cidadania digital e culturas do contempora\u0302neo\" style=\"--smush-placeholder-width: 202px; --smush-placeholder-aspect-ratio: 202\/300;object-fit:cover;\" src=\"data:image\/svg+xml;base64,PHN2ZyB3aWR0aD0iMSIgaGVpZ2h0PSIxIiB4bWxucz0iaHR0cDovL3d3dy53My5vcmcvMjAwMC9zdmciPjwvc3ZnPg==\" \/><\/a><\/figure>\n\n<h5 class=\"wp-block-post-title\"><a href=\"https:\/\/ciac.pt\/en\/publications\/cidadania-digital-e-culturas-do-contemporaneo\/\" target=\"_self\" >Cidadania digital e culturas do contempora\u0302neo<\/a><\/h5>\n<\/li><li class=\"wp-block-post post-2098 post type-post status-publish format-standard has-post-thumbnail hentry category-publications tag-other-editions\">\n<figure class=\"featured-image wp-block-post-featured-image\"><a href=\"https:\/\/ciac.pt\/en\/publications\/miscelanea-de-estudios-sobre-el-romancero-homenaje-a-giuseppe-di-stefano\/\" target=\"_self\"  ><img decoding=\"async\" width=\"214\" height=\"300\" data-src=\"https:\/\/ciac.pt\/wp-content\/uploads\/2023\/10\/miscelanea-de-estudios-sobre-el-romancero.jpg\" class=\"attachment-post-thumbnail size-post-thumbnail wp-post-image lazyload\" alt=\"Miscel\u00e1nea de Estudios Sobre el Romancero \u2013 Homenaje a Giuseppe Di Stefano\" style=\"--smush-placeholder-width: 214px; --smush-placeholder-aspect-ratio: 214\/300;object-fit:cover;\" src=\"data:image\/svg+xml;base64,PHN2ZyB3aWR0aD0iMSIgaGVpZ2h0PSIxIiB4bWxucz0iaHR0cDovL3d3dy53My5vcmcvMjAwMC9zdmciPjwvc3ZnPg==\" \/><\/a><\/figure>\n\n<h5 class=\"wp-block-post-title\"><a href=\"https:\/\/ciac.pt\/en\/publications\/miscelanea-de-estudios-sobre-el-romancero-homenaje-a-giuseppe-di-stefano\/\" target=\"_self\" >Miscel\u00e1nea de Estudios Sobre el Romancero \u2013 Homenaje a Giuseppe Di Stefano<\/a><\/h5>\n<\/li><li class=\"wp-block-post post-2096 post type-post status-publish format-standard has-post-thumbnail hentry category-publications tag-other-editions\">\n<figure class=\"featured-image wp-block-post-featured-image\"><a href=\"https:\/\/ciac.pt\/en\/publications\/menino-de-sua-avo\/\" target=\"_self\"  ><img decoding=\"async\" width=\"210\" height=\"300\" data-src=\"https:\/\/ciac.pt\/wp-content\/uploads\/2023\/10\/menino-de-sua-avo.jpg\" class=\"attachment-post-thumbnail size-post-thumbnail wp-post-image lazyload\" alt=\"Menino de Sua Av\u00f3\" style=\"--smush-placeholder-width: 210px; --smush-placeholder-aspect-ratio: 210\/300;object-fit:cover;\" src=\"data:image\/svg+xml;base64,PHN2ZyB3aWR0aD0iMSIgaGVpZ2h0PSIxIiB4bWxucz0iaHR0cDovL3d3dy53My5vcmcvMjAwMC9zdmciPjwvc3ZnPg==\" \/><\/a><\/figure>\n\n<h5 class=\"wp-block-post-title\"><a href=\"https:\/\/ciac.pt\/en\/publications\/menino-de-sua-avo\/\" target=\"_self\" >Menino de Sua Av\u00f3<\/a><\/h5>\n<\/li><li class=\"wp-block-post post-2094 post type-post status-publish format-standard has-post-thumbnail hentry category-publications tag-other-editions\">\n<figure class=\"featured-image wp-block-post-featured-image\"><a href=\"https:\/\/ciac.pt\/en\/publications\/visita-guiada-ao-oficio-do-ator-um-metodo\/\" target=\"_self\"  ><img decoding=\"async\" width=\"213\" height=\"300\" data-src=\"https:\/\/ciac.pt\/wp-content\/uploads\/2023\/10\/visita-guiada-ao-oficio-do-ator.jpg\" class=\"attachment-post-thumbnail size-post-thumbnail wp-post-image lazyload\" alt=\"Visita Guiada ao Of\u00edcio do Ator \u2013 Um M\u00e9todo\" style=\"--smush-placeholder-width: 213px; --smush-placeholder-aspect-ratio: 213\/300;object-fit:cover;\" src=\"data:image\/svg+xml;base64,PHN2ZyB3aWR0aD0iMSIgaGVpZ2h0PSIxIiB4bWxucz0iaHR0cDovL3d3dy53My5vcmcvMjAwMC9zdmciPjwvc3ZnPg==\" \/><\/a><\/figure>\n\n<h5 class=\"wp-block-post-title\"><a href=\"https:\/\/ciac.pt\/en\/publications\/visita-guiada-ao-oficio-do-ator-um-metodo\/\" target=\"_self\" >Visita Guiada ao Of\u00edcio do Ator \u2013 Um M\u00e9todo<\/a><\/h5>\n<\/li><li class=\"wp-block-post post-2092 post type-post status-publish format-standard has-post-thumbnail hentry category-publications tag-other-editions\">\n<figure class=\"featured-image wp-block-post-featured-image\"><a href=\"https:\/\/ciac.pt\/en\/publications\/arte-tecnologia-e-poeticas-contemporaneas\/\" target=\"_self\"  ><img decoding=\"async\" width=\"199\" height=\"300\" data-src=\"https:\/\/ciac.pt\/wp-content\/uploads\/2023\/10\/arte-tecnologia-e-poeticas-contemporaneas.jpg\" class=\"attachment-post-thumbnail size-post-thumbnail wp-post-image lazyload\" alt=\"Arte, Tecnologia e Po\u00e9ticas Contempor\u00e2neas\" style=\"--smush-placeholder-width: 199px; --smush-placeholder-aspect-ratio: 199\/300;object-fit:cover;\" src=\"data:image\/svg+xml;base64,PHN2ZyB3aWR0aD0iMSIgaGVpZ2h0PSIxIiB4bWxucz0iaHR0cDovL3d3dy53My5vcmcvMjAwMC9zdmciPjwvc3ZnPg==\" \/><\/a><\/figure>\n\n<h5 class=\"wp-block-post-title\"><a href=\"https:\/\/ciac.pt\/en\/publications\/arte-tecnologia-e-poeticas-contemporaneas\/\" target=\"_self\" >Arte, Tecnologia e Po\u00e9ticas Contempor\u00e2neas<\/a><\/h5>\n<\/li><li class=\"wp-block-post post-2090 post type-post status-publish format-standard has-post-thumbnail hentry category-publications tag-other-editions\">\n<figure class=\"featured-image wp-block-post-featured-image\"><a href=\"https:\/\/ciac.pt\/en\/publications\/kalevala-o-poema-epico-finlades\/\" target=\"_self\"  ><img decoding=\"async\" width=\"211\" height=\"300\" data-src=\"https:\/\/ciac.pt\/wp-content\/uploads\/2023\/10\/kalevala.jpg\" class=\"attachment-post-thumbnail size-post-thumbnail wp-post-image lazyload\" alt=\"Kalevala \u2013 O Poema \u00c9pico Finlad\u00eas\" style=\"--smush-placeholder-width: 211px; --smush-placeholder-aspect-ratio: 211\/300;object-fit:cover;\" src=\"data:image\/svg+xml;base64,PHN2ZyB3aWR0aD0iMSIgaGVpZ2h0PSIxIiB4bWxucz0iaHR0cDovL3d3dy53My5vcmcvMjAwMC9zdmciPjwvc3ZnPg==\" \/><\/a><\/figure>\n\n<h5 class=\"wp-block-post-title\"><a href=\"https:\/\/ciac.pt\/en\/publications\/kalevala-o-poema-epico-finlades\/\" target=\"_self\" >Kalevala \u2013 O Poema \u00c9pico Finlad\u00eas<\/a><\/h5>\n<\/li><li class=\"wp-block-post post-2087 post type-post status-publish format-standard has-post-thumbnail hentry category-publications tag-other-editions\">\n<figure class=\"featured-image wp-block-post-featured-image\"><a href=\"https:\/\/ciac.pt\/en\/publications\/novas-velhas-tendencias-no-cinema-portugues-contemporaneo\/\" target=\"_self\"  ><img decoding=\"async\" width=\"201\" height=\"300\" data-src=\"https:\/\/ciac.pt\/wp-content\/uploads\/2023\/10\/novas-e-velhas-tendencias-no-cinema-portugues-compemporaneo.jpg\" class=\"attachment-post-thumbnail size-post-thumbnail wp-post-image lazyload\" alt=\"Novas &amp; Velhas Tend\u00eancias no Cinema Portugu\u00eas Contempor\u00e2neo\" style=\"--smush-placeholder-width: 201px; --smush-placeholder-aspect-ratio: 201\/300;object-fit:cover;\" src=\"data:image\/svg+xml;base64,PHN2ZyB3aWR0aD0iMSIgaGVpZ2h0PSIxIiB4bWxucz0iaHR0cDovL3d3dy53My5vcmcvMjAwMC9zdmciPjwvc3ZnPg==\" \/><\/a><\/figure>\n\n<h5 class=\"wp-block-post-title\"><a href=\"https:\/\/ciac.pt\/en\/publications\/novas-velhas-tendencias-no-cinema-portugues-contemporaneo\/\" target=\"_self\" >Novas &amp; Velhas Tend\u00eancias no Cinema Portugu\u00eas Contempor\u00e2neo<\/a><\/h5>\n<\/li><li class=\"wp-block-post post-2085 post type-post status-publish format-standard has-post-thumbnail hentry category-publications tag-other-editions\">\n<figure class=\"featured-image wp-block-post-featured-image\"><a href=\"https:\/\/ciac.pt\/en\/publications\/artes-e-ciencias-em-dialogo\/\" target=\"_self\"  ><img decoding=\"async\" width=\"201\" height=\"300\" data-src=\"https:\/\/ciac.pt\/wp-content\/uploads\/2023\/10\/arte-e-ciencias-em-dialogo.jpg\" class=\"attachment-post-thumbnail size-post-thumbnail wp-post-image lazyload\" alt=\"Artes e Ci\u00eancias em Di\u00e1logo\" style=\"--smush-placeholder-width: 201px; --smush-placeholder-aspect-ratio: 201\/300;object-fit:cover;\" src=\"data:image\/svg+xml;base64,PHN2ZyB3aWR0aD0iMSIgaGVpZ2h0PSIxIiB4bWxucz0iaHR0cDovL3d3dy53My5vcmcvMjAwMC9zdmciPjwvc3ZnPg==\" \/><\/a><\/figure>\n\n<h5 class=\"wp-block-post-title\"><a href=\"https:\/\/ciac.pt\/en\/publications\/artes-e-ciencias-em-dialogo\/\" target=\"_self\" >Artes e Ci\u00eancias em Di\u00e1logo<\/a><\/h5>\n<\/li><li class=\"wp-block-post post-2083 post type-post status-publish format-standard has-post-thumbnail hentry category-publications tag-other-editions\">\n<figure class=\"featured-image wp-block-post-featured-image\"><a href=\"https:\/\/ciac.pt\/en\/publications\/a-escola-de-teatro-do-conservatorio-1839-1901-contributo-para-uma-historia-do-conservatorio-de-lisboa\/\" target=\"_self\"  ><img decoding=\"async\" width=\"199\" height=\"300\" data-src=\"https:\/\/ciac.pt\/wp-content\/uploads\/2023\/10\/a-escola-de-teatro-do-conservatorio.jpg\" class=\"attachment-post-thumbnail size-post-thumbnail wp-post-image lazyload\" alt=\"A Escola de Teatro do Conservat\u00f3rio (1839-1901). Contributo para uma Hist\u00f3ria do Conservat\u00f3rio de Lisboa\" style=\"--smush-placeholder-width: 199px; --smush-placeholder-aspect-ratio: 199\/300;object-fit:cover;\" src=\"data:image\/svg+xml;base64,PHN2ZyB3aWR0aD0iMSIgaGVpZ2h0PSIxIiB4bWxucz0iaHR0cDovL3d3dy53My5vcmcvMjAwMC9zdmciPjwvc3ZnPg==\" \/><\/a><\/figure>\n\n<h5 class=\"wp-block-post-title\"><a href=\"https:\/\/ciac.pt\/en\/publications\/a-escola-de-teatro-do-conservatorio-1839-1901-contributo-para-uma-historia-do-conservatorio-de-lisboa\/\" target=\"_self\" >A Escola de Teatro do Conservat\u00f3rio (1839-1901). Contributo para uma Hist\u00f3ria do Conservat\u00f3rio de Lisboa<\/a><\/h5>\n<\/li><\/ul><\/div>\n","protected":false},"excerpt":{"rendered":"","protected":false},"author":1,"featured_media":0,"parent":1498,"menu_order":10,"comment_status":"closed","ping_status":"closed","template":"","meta":{"_eb_attr":"","inline_featured_image":false,"advgb_blocks_editor_width":"","advgb_blocks_columns_visual_guide":"","footnotes":"","_links_to":"","_links_to_target":""},"class_list":["post-2449","page","type-page","status-publish","hentry"],"yoast_head":"<!-- This site is optimized with the Yoast SEO plugin v27.4 - https:\/\/yoast.com\/product\/yoast-seo-wordpress\/ -->\n<title>Other Editions - CIAC<\/title>\n<meta name=\"robots\" content=\"index, follow, max-snippet:-1, max-image-preview:large, max-video-preview:-1\" \/>\n<link rel=\"canonical\" href=\"https:\/\/ciac.pt\/en\/publications\/other-editions\/\" \/>\n<meta property=\"og:locale\" content=\"en_US\" \/>\n<meta property=\"og:type\" content=\"article\" \/>\n<meta property=\"og:title\" content=\"Other Editions - CIAC\" \/>\n<meta property=\"og:url\" content=\"https:\/\/ciac.pt\/en\/publications\/other-editions\/\" \/>\n<meta property=\"og:site_name\" content=\"CIAC\" \/>\n<meta property=\"article:modified_time\" content=\"2024-04-03T15:21:10+00:00\" \/>\n<meta name=\"twitter:card\" content=\"summary_large_image\" \/>\n<script type=\"application\/ld+json\" class=\"yoast-schema-graph\">{\"@context\":\"https:\\\/\\\/schema.org\",\"@graph\":[{\"@type\":\"WebPage\",\"@id\":\"https:\\\/\\\/ciac.pt\\\/en\\\/publications\\\/other-editions\\\/\",\"url\":\"https:\\\/\\\/ciac.pt\\\/en\\\/publications\\\/other-editions\\\/\",\"name\":\"Other Editions - CIAC\",\"isPartOf\":{\"@id\":\"https:\\\/\\\/ciac.pt\\\/en\\\/#website\"},\"datePublished\":\"2023-12-18T08:37:37+00:00\",\"dateModified\":\"2024-04-03T15:21:10+00:00\",\"breadcrumb\":{\"@id\":\"https:\\\/\\\/ciac.pt\\\/en\\\/publications\\\/other-editions\\\/#breadcrumb\"},\"inLanguage\":\"en-US\",\"potentialAction\":[{\"@type\":\"ReadAction\",\"target\":[\"https:\\\/\\\/ciac.pt\\\/en\\\/publications\\\/other-editions\\\/\"]}]},{\"@type\":\"BreadcrumbList\",\"@id\":\"https:\\\/\\\/ciac.pt\\\/en\\\/publications\\\/other-editions\\\/#breadcrumb\",\"itemListElement\":[{\"@type\":\"ListItem\",\"position\":1,\"name\":\"In\u00edcio\",\"item\":\"https:\\\/\\\/ciac.pt\\\/en\\\/\"},{\"@type\":\"ListItem\",\"position\":2,\"name\":\"Publications\",\"item\":\"https:\\\/\\\/ciac.pt\\\/en\\\/publications\\\/\"},{\"@type\":\"ListItem\",\"position\":3,\"name\":\"Other Editions\"}]},{\"@type\":\"WebSite\",\"@id\":\"https:\\\/\\\/ciac.pt\\\/en\\\/#website\",\"url\":\"https:\\\/\\\/ciac.pt\\\/en\\\/\",\"name\":\"CIAC\",\"description\":\"Centro de Investiga\u00e7\u00e3o em Artes e Comunica\u00e7\u00e3o\",\"publisher\":{\"@id\":\"https:\\\/\\\/ciac.pt\\\/en\\\/#organization\"},\"potentialAction\":[{\"@type\":\"SearchAction\",\"target\":{\"@type\":\"EntryPoint\",\"urlTemplate\":\"https:\\\/\\\/ciac.pt\\\/en\\\/?s={search_term_string}\"},\"query-input\":{\"@type\":\"PropertyValueSpecification\",\"valueRequired\":true,\"valueName\":\"search_term_string\"}}],\"inLanguage\":\"en-US\"},{\"@type\":\"Organization\",\"@id\":\"https:\\\/\\\/ciac.pt\\\/en\\\/#organization\",\"name\":\"CIAC\",\"url\":\"https:\\\/\\\/ciac.pt\\\/en\\\/\",\"logo\":{\"@type\":\"ImageObject\",\"inLanguage\":\"en-US\",\"@id\":\"https:\\\/\\\/ciac.pt\\\/en\\\/#\\\/schema\\\/logo\\\/image\\\/\",\"url\":\"https:\\\/\\\/ciac.pt\\\/wp-content\\\/uploads\\\/2022\\\/06\\\/logo.svg\",\"contentUrl\":\"https:\\\/\\\/ciac.pt\\\/wp-content\\\/uploads\\\/2022\\\/06\\\/logo.svg\",\"width\":184,\"height\":51,\"caption\":\"CIAC\"},\"image\":{\"@id\":\"https:\\\/\\\/ciac.pt\\\/en\\\/#\\\/schema\\\/logo\\\/image\\\/\"}}]}<\/script>\n<!-- \/ Yoast SEO plugin. -->","yoast_head_json":{"title":"Other Editions - CIAC","robots":{"index":"index","follow":"follow","max-snippet":"max-snippet:-1","max-image-preview":"max-image-preview:large","max-video-preview":"max-video-preview:-1"},"canonical":"https:\/\/ciac.pt\/en\/publications\/other-editions\/","og_locale":"en_US","og_type":"article","og_title":"Other Editions - CIAC","og_url":"https:\/\/ciac.pt\/en\/publications\/other-editions\/","og_site_name":"CIAC","article_modified_time":"2024-04-03T15:21:10+00:00","twitter_card":"summary_large_image","schema":{"@context":"https:\/\/schema.org","@graph":[{"@type":"WebPage","@id":"https:\/\/ciac.pt\/en\/publications\/other-editions\/","url":"https:\/\/ciac.pt\/en\/publications\/other-editions\/","name":"Other Editions - CIAC","isPartOf":{"@id":"https:\/\/ciac.pt\/en\/#website"},"datePublished":"2023-12-18T08:37:37+00:00","dateModified":"2024-04-03T15:21:10+00:00","breadcrumb":{"@id":"https:\/\/ciac.pt\/en\/publications\/other-editions\/#breadcrumb"},"inLanguage":"en-US","potentialAction":[{"@type":"ReadAction","target":["https:\/\/ciac.pt\/en\/publications\/other-editions\/"]}]},{"@type":"BreadcrumbList","@id":"https:\/\/ciac.pt\/en\/publications\/other-editions\/#breadcrumb","itemListElement":[{"@type":"ListItem","position":1,"name":"In\u00edcio","item":"https:\/\/ciac.pt\/en\/"},{"@type":"ListItem","position":2,"name":"Publications","item":"https:\/\/ciac.pt\/en\/publications\/"},{"@type":"ListItem","position":3,"name":"Other Editions"}]},{"@type":"WebSite","@id":"https:\/\/ciac.pt\/en\/#website","url":"https:\/\/ciac.pt\/en\/","name":"CIAC","description":"Centro de Investiga\u00e7\u00e3o em Artes e Comunica\u00e7\u00e3o","publisher":{"@id":"https:\/\/ciac.pt\/en\/#organization"},"potentialAction":[{"@type":"SearchAction","target":{"@type":"EntryPoint","urlTemplate":"https:\/\/ciac.pt\/en\/?s={search_term_string}"},"query-input":{"@type":"PropertyValueSpecification","valueRequired":true,"valueName":"search_term_string"}}],"inLanguage":"en-US"},{"@type":"Organization","@id":"https:\/\/ciac.pt\/en\/#organization","name":"CIAC","url":"https:\/\/ciac.pt\/en\/","logo":{"@type":"ImageObject","inLanguage":"en-US","@id":"https:\/\/ciac.pt\/en\/#\/schema\/logo\/image\/","url":"https:\/\/ciac.pt\/wp-content\/uploads\/2022\/06\/logo.svg","contentUrl":"https:\/\/ciac.pt\/wp-content\/uploads\/2022\/06\/logo.svg","width":184,"height":51,"caption":"CIAC"},"image":{"@id":"https:\/\/ciac.pt\/en\/#\/schema\/logo\/image\/"}}]}},"coauthors":[],"author_meta":{"author_link":"https:\/\/ciac.pt\/en\/author\/webmaster\/","display_name":"webmaster"},"relative_dates":{"created":"Posted 2 years ago","modified":"Updated 2 years ago"},"absolute_dates":{"created":"Posted on 18\/12\/2023","modified":"Updated on 03\/04\/2024"},"absolute_dates_time":{"created":"Posted on 18\/12\/2023 8:37","modified":"Updated on 03\/04\/2024 16:21"},"featured_img_caption":"","featured_img":false,"series_order":"","_links":{"self":[{"href":"https:\/\/ciac.pt\/en\/wp-json\/wp\/v2\/pages\/2449","targetHints":{"allow":["GET"]}}],"collection":[{"href":"https:\/\/ciac.pt\/en\/wp-json\/wp\/v2\/pages"}],"about":[{"href":"https:\/\/ciac.pt\/en\/wp-json\/wp\/v2\/types\/page"}],"author":[{"embeddable":true,"href":"https:\/\/ciac.pt\/en\/wp-json\/wp\/v2\/users\/1"}],"replies":[{"embeddable":true,"href":"https:\/\/ciac.pt\/en\/wp-json\/wp\/v2\/comments?post=2449"}],"version-history":[{"count":9,"href":"https:\/\/ciac.pt\/en\/wp-json\/wp\/v2\/pages\/2449\/revisions"}],"predecessor-version":[{"id":5992,"href":"https:\/\/ciac.pt\/en\/wp-json\/wp\/v2\/pages\/2449\/revisions\/5992"}],"up":[{"embeddable":true,"href":"https:\/\/ciac.pt\/en\/wp-json\/wp\/v2\/pages\/1498"}],"wp:attachment":[{"href":"https:\/\/ciac.pt\/en\/wp-json\/wp\/v2\/media?parent=2449"}],"curies":[{"name":"wp","href":"https:\/\/api.w.org\/{rel}","templated":true}]}}