{"id":2473,"date":"2023-12-18T09:35:23","date_gmt":"2023-12-18T09:35:23","guid":{"rendered":"https:\/\/web.ciac.pt\/?page_id=2473"},"modified":"2023-12-18T09:46:12","modified_gmt":"2023-12-18T09:46:12","slug":"littour-international-journal-of-literature-and-tourism-research","status":"publish","type":"page","link":"https:\/\/ciac.pt\/en\/publications\/journals\/littour-international-journal-of-literature-and-tourism-research\/","title":{"rendered":"LIT&amp;TOUR: International Journal of Literature and Tourism Research"},"content":{"rendered":"\n<figure class=\"wp-block-image size-full\"><img decoding=\"async\" width=\"232\" height=\"300\" data-src=\"https:\/\/web.ciac.pt\/wp-content\/uploads\/2023\/12\/litntour.jpg\" alt=\"\" class=\"wp-image-2462 lazyload\" src=\"data:image\/svg+xml;base64,PHN2ZyB3aWR0aD0iMSIgaGVpZ2h0PSIxIiB4bWxucz0iaHR0cDovL3d3dy53My5vcmcvMjAwMC9zdmciPjwvc3ZnPg==\" style=\"--smush-placeholder-width: 232px; --smush-placeholder-aspect-ratio: 232\/300;\" \/><\/figure>\n\n\n\n<hr class=\"wp-block-separator has-text-color has-white-color has-alpha-channel-opacity has-white-background-color has-background\"\/>\n\n\n\n<p id=\"english\"><a href=\"https:\/\/publicacoes.ciac.pt\/index.php\/litntour\">LIT&amp;TOUR: International Journal of Literature and Tourism Research (IJLTR)<\/a> is a publication of the Centre for Research in Arts and Communication, funded by the Foundation for Science and Technology. This is an open access publication issued twice a year.<\/p>\n\n\n\n<h3 class=\"wp-block-heading\">Focus and Scope<\/h3>\n\n\n\n<p>LIT&amp;TOUR fosters research in the areas of Literature and Tourism and includes experts from all over the world. It offers free access to knowledge and a rigorous peer-review-based system.<\/p>\n\n\n\n<h3 class=\"wp-block-heading\">Peer Review Policy<\/h3>\n\n\n\n<p>LIT&amp;TOUR follows the double-blind peer review process, with the decision to publish dependent on the positive opinion of two external reviewers, one of whom a native speaker of the language at use. Reviewers, academic or professional experts, from different institutional and geographical backgrounds, will be recruited from the editorial board, and according to the fields of study of the articles submitted.<\/p>\n\n\n\n<h3 class=\"wp-block-heading\">Digital Safekeeping<\/h3>\n\n\n\n<p>LIT&amp;TOUR provides digital preservation services that guarantee a permanent and secure archive. The published contents comply with the Lots of Copies Keep Stuff Safe) and CLOCKSS (Controlled Lots of Copies Keep Stuff Safe) protocols. LIT&amp;TOUR uses the OAI-PMH protocol as a data exchange mechanism between systems.<\/p>\n","protected":false},"excerpt":{"rendered":"<p>LIT&amp;TOUR: International Journal of Literature and Tourism Research (IJLTR) is a publication<\/p>\n","protected":false},"author":1,"featured_media":2463,"parent":1490,"menu_order":2,"comment_status":"closed","ping_status":"closed","template":"","meta":{"_eb_attr":"","inline_featured_image":false,"advgb_blocks_editor_width":"","advgb_blocks_columns_visual_guide":"","footnotes":"","_links_to":"","_links_to_target":""},"class_list":["post-2473","page","type-page","status-publish","has-post-thumbnail","hentry"],"yoast_head":"<!-- This site is optimized with the Yoast SEO plugin v27.2 - https:\/\/yoast.com\/product\/yoast-seo-wordpress\/ -->\n<title>LIT&amp;TOUR: International Journal of Literature and Tourism Research - CIAC<\/title>\n<meta name=\"robots\" content=\"index, follow, max-snippet:-1, max-image-preview:large, max-video-preview:-1\" \/>\n<link rel=\"canonical\" href=\"https:\/\/ciac.pt\/en\/publications\/journals\/littour-international-journal-of-literature-and-tourism-research\/\" \/>\n<meta property=\"og:locale\" content=\"en_US\" \/>\n<meta property=\"og:type\" content=\"article\" \/>\n<meta property=\"og:title\" content=\"LIT&amp;TOUR: International Journal of Literature and Tourism Research - CIAC\" \/>\n<meta property=\"og:description\" content=\"LIT&amp;TOUR: International Journal of Literature and Tourism Research (IJLTR) is a publication\" \/>\n<meta property=\"og:url\" content=\"https:\/\/ciac.pt\/en\/publications\/journals\/littour-international-journal-of-literature-and-tourism-research\/\" \/>\n<meta property=\"og:site_name\" content=\"CIAC\" \/>\n<meta property=\"article:modified_time\" content=\"2023-12-18T09:46:12+00:00\" \/>\n<meta property=\"og:image\" content=\"https:\/\/ciac.pt\/wp-content\/uploads\/2023\/12\/litntour.jpg\" \/>\n\t<meta property=\"og:image:width\" content=\"232\" \/>\n\t<meta property=\"og:image:height\" content=\"300\" \/>\n\t<meta property=\"og:image:type\" content=\"image\/jpeg\" \/>\n<meta name=\"twitter:card\" content=\"summary_large_image\" \/>\n<meta name=\"twitter:label1\" content=\"Est. reading time\" \/>\n\t<meta name=\"twitter:data1\" content=\"1 minute\" \/>\n<script type=\"application\/ld+json\" class=\"yoast-schema-graph\">{\"@context\":\"https:\/\/schema.org\",\"@graph\":[{\"@type\":\"WebPage\",\"@id\":\"https:\/\/ciac.pt\/en\/publications\/journals\/littour-international-journal-of-literature-and-tourism-research\/\",\"url\":\"https:\/\/ciac.pt\/en\/publications\/journals\/littour-international-journal-of-literature-and-tourism-research\/\",\"name\":\"LIT&amp;TOUR: International Journal of Literature and Tourism Research - CIAC\",\"isPartOf\":{\"@id\":\"https:\/\/ciac.pt\/en\/#website\"},\"primaryImageOfPage\":{\"@id\":\"https:\/\/ciac.pt\/en\/publications\/journals\/littour-international-journal-of-literature-and-tourism-research\/#primaryimage\"},\"image\":{\"@id\":\"https:\/\/ciac.pt\/en\/publications\/journals\/littour-international-journal-of-literature-and-tourism-research\/#primaryimage\"},\"thumbnailUrl\":\"https:\/\/ciac.pt\/wp-content\/uploads\/2023\/12\/litntour.jpg\",\"datePublished\":\"2023-12-18T09:35:23+00:00\",\"dateModified\":\"2023-12-18T09:46:12+00:00\",\"breadcrumb\":{\"@id\":\"https:\/\/ciac.pt\/en\/publications\/journals\/littour-international-journal-of-literature-and-tourism-research\/#breadcrumb\"},\"inLanguage\":\"en-US\",\"potentialAction\":[{\"@type\":\"ReadAction\",\"target\":[\"https:\/\/ciac.pt\/en\/publications\/journals\/littour-international-journal-of-literature-and-tourism-research\/\"]}]},{\"@type\":\"ImageObject\",\"inLanguage\":\"en-US\",\"@id\":\"https:\/\/ciac.pt\/en\/publications\/journals\/littour-international-journal-of-literature-and-tourism-research\/#primaryimage\",\"url\":\"https:\/\/ciac.pt\/wp-content\/uploads\/2023\/12\/litntour.jpg\",\"contentUrl\":\"https:\/\/ciac.pt\/wp-content\/uploads\/2023\/12\/litntour.jpg\",\"width\":232,\"height\":300},{\"@type\":\"BreadcrumbList\",\"@id\":\"https:\/\/ciac.pt\/en\/publications\/journals\/littour-international-journal-of-literature-and-tourism-research\/#breadcrumb\",\"itemListElement\":[{\"@type\":\"ListItem\",\"position\":1,\"name\":\"In\u00edcio\",\"item\":\"https:\/\/ciac.pt\/en\/\"},{\"@type\":\"ListItem\",\"position\":2,\"name\":\"Publications\",\"item\":\"https:\/\/ciac.pt\/en\/publications\/\"},{\"@type\":\"ListItem\",\"position\":3,\"name\":\"Journals\",\"item\":\"https:\/\/ciac.pt\/en\/publications\/journals\/\"},{\"@type\":\"ListItem\",\"position\":4,\"name\":\"LIT&amp;TOUR: International Journal of Literature and Tourism Research\"}]},{\"@type\":\"WebSite\",\"@id\":\"https:\/\/ciac.pt\/en\/#website\",\"url\":\"https:\/\/ciac.pt\/en\/\",\"name\":\"CIAC\",\"description\":\"Centro de Investiga\u00e7\u00e3o em Artes e Comunica\u00e7\u00e3o\",\"publisher\":{\"@id\":\"https:\/\/ciac.pt\/en\/#organization\"},\"potentialAction\":[{\"@type\":\"SearchAction\",\"target\":{\"@type\":\"EntryPoint\",\"urlTemplate\":\"https:\/\/ciac.pt\/en\/?s={search_term_string}\"},\"query-input\":{\"@type\":\"PropertyValueSpecification\",\"valueRequired\":true,\"valueName\":\"search_term_string\"}}],\"inLanguage\":\"en-US\"},{\"@type\":\"Organization\",\"@id\":\"https:\/\/ciac.pt\/en\/#organization\",\"name\":\"CIAC\",\"url\":\"https:\/\/ciac.pt\/en\/\",\"logo\":{\"@type\":\"ImageObject\",\"inLanguage\":\"en-US\",\"@id\":\"https:\/\/ciac.pt\/en\/#\/schema\/logo\/image\/\",\"url\":\"https:\/\/ciac.pt\/wp-content\/uploads\/2022\/06\/logo.svg\",\"contentUrl\":\"https:\/\/ciac.pt\/wp-content\/uploads\/2022\/06\/logo.svg\",\"width\":184,\"height\":51,\"caption\":\"CIAC\"},\"image\":{\"@id\":\"https:\/\/ciac.pt\/en\/#\/schema\/logo\/image\/\"}}]}<\/script>\n<!-- \/ Yoast SEO plugin. -->","yoast_head_json":{"title":"LIT&amp;TOUR: International Journal of Literature and Tourism Research - CIAC","robots":{"index":"index","follow":"follow","max-snippet":"max-snippet:-1","max-image-preview":"max-image-preview:large","max-video-preview":"max-video-preview:-1"},"canonical":"https:\/\/ciac.pt\/en\/publications\/journals\/littour-international-journal-of-literature-and-tourism-research\/","og_locale":"en_US","og_type":"article","og_title":"LIT&amp;TOUR: International Journal of Literature and Tourism Research - CIAC","og_description":"LIT&amp;TOUR: International Journal of Literature and Tourism Research (IJLTR) is a publication","og_url":"https:\/\/ciac.pt\/en\/publications\/journals\/littour-international-journal-of-literature-and-tourism-research\/","og_site_name":"CIAC","article_modified_time":"2023-12-18T09:46:12+00:00","og_image":[{"width":232,"height":300,"url":"https:\/\/ciac.pt\/wp-content\/uploads\/2023\/12\/litntour.jpg","type":"image\/jpeg"}],"twitter_card":"summary_large_image","twitter_misc":{"Est. reading time":"1 minute"},"schema":{"@context":"https:\/\/schema.org","@graph":[{"@type":"WebPage","@id":"https:\/\/ciac.pt\/en\/publications\/journals\/littour-international-journal-of-literature-and-tourism-research\/","url":"https:\/\/ciac.pt\/en\/publications\/journals\/littour-international-journal-of-literature-and-tourism-research\/","name":"LIT&amp;TOUR: International Journal of Literature and Tourism Research - CIAC","isPartOf":{"@id":"https:\/\/ciac.pt\/en\/#website"},"primaryImageOfPage":{"@id":"https:\/\/ciac.pt\/en\/publications\/journals\/littour-international-journal-of-literature-and-tourism-research\/#primaryimage"},"image":{"@id":"https:\/\/ciac.pt\/en\/publications\/journals\/littour-international-journal-of-literature-and-tourism-research\/#primaryimage"},"thumbnailUrl":"https:\/\/ciac.pt\/wp-content\/uploads\/2023\/12\/litntour.jpg","datePublished":"2023-12-18T09:35:23+00:00","dateModified":"2023-12-18T09:46:12+00:00","breadcrumb":{"@id":"https:\/\/ciac.pt\/en\/publications\/journals\/littour-international-journal-of-literature-and-tourism-research\/#breadcrumb"},"inLanguage":"en-US","potentialAction":[{"@type":"ReadAction","target":["https:\/\/ciac.pt\/en\/publications\/journals\/littour-international-journal-of-literature-and-tourism-research\/"]}]},{"@type":"ImageObject","inLanguage":"en-US","@id":"https:\/\/ciac.pt\/en\/publications\/journals\/littour-international-journal-of-literature-and-tourism-research\/#primaryimage","url":"https:\/\/ciac.pt\/wp-content\/uploads\/2023\/12\/litntour.jpg","contentUrl":"https:\/\/ciac.pt\/wp-content\/uploads\/2023\/12\/litntour.jpg","width":232,"height":300},{"@type":"BreadcrumbList","@id":"https:\/\/ciac.pt\/en\/publications\/journals\/littour-international-journal-of-literature-and-tourism-research\/#breadcrumb","itemListElement":[{"@type":"ListItem","position":1,"name":"In\u00edcio","item":"https:\/\/ciac.pt\/en\/"},{"@type":"ListItem","position":2,"name":"Publications","item":"https:\/\/ciac.pt\/en\/publications\/"},{"@type":"ListItem","position":3,"name":"Journals","item":"https:\/\/ciac.pt\/en\/publications\/journals\/"},{"@type":"ListItem","position":4,"name":"LIT&amp;TOUR: International Journal of Literature and Tourism Research"}]},{"@type":"WebSite","@id":"https:\/\/ciac.pt\/en\/#website","url":"https:\/\/ciac.pt\/en\/","name":"CIAC","description":"Centro de Investiga\u00e7\u00e3o em Artes e Comunica\u00e7\u00e3o","publisher":{"@id":"https:\/\/ciac.pt\/en\/#organization"},"potentialAction":[{"@type":"SearchAction","target":{"@type":"EntryPoint","urlTemplate":"https:\/\/ciac.pt\/en\/?s={search_term_string}"},"query-input":{"@type":"PropertyValueSpecification","valueRequired":true,"valueName":"search_term_string"}}],"inLanguage":"en-US"},{"@type":"Organization","@id":"https:\/\/ciac.pt\/en\/#organization","name":"CIAC","url":"https:\/\/ciac.pt\/en\/","logo":{"@type":"ImageObject","inLanguage":"en-US","@id":"https:\/\/ciac.pt\/en\/#\/schema\/logo\/image\/","url":"https:\/\/ciac.pt\/wp-content\/uploads\/2022\/06\/logo.svg","contentUrl":"https:\/\/ciac.pt\/wp-content\/uploads\/2022\/06\/logo.svg","width":184,"height":51,"caption":"CIAC"},"image":{"@id":"https:\/\/ciac.pt\/en\/#\/schema\/logo\/image\/"}}]}},"coauthors":[],"author_meta":{"author_link":"https:\/\/ciac.pt\/en\/author\/webmaster\/","display_name":"webmaster"},"relative_dates":{"created":"Posted 2 years ago","modified":"Updated 2 years ago"},"absolute_dates":{"created":"Posted on 18\/12\/2023","modified":"Updated on 18\/12\/2023"},"absolute_dates_time":{"created":"Posted on 18\/12\/2023 9:35","modified":"Updated on 18\/12\/2023 9:46"},"featured_img_caption":"","featured_img":"https:\/\/ciac.pt\/wp-content\/uploads\/2023\/12\/litntour.jpg","series_order":"","_links":{"self":[{"href":"https:\/\/ciac.pt\/en\/wp-json\/wp\/v2\/pages\/2473","targetHints":{"allow":["GET"]}}],"collection":[{"href":"https:\/\/ciac.pt\/en\/wp-json\/wp\/v2\/pages"}],"about":[{"href":"https:\/\/ciac.pt\/en\/wp-json\/wp\/v2\/types\/page"}],"author":[{"embeddable":true,"href":"https:\/\/ciac.pt\/en\/wp-json\/wp\/v2\/users\/1"}],"replies":[{"embeddable":true,"href":"https:\/\/ciac.pt\/en\/wp-json\/wp\/v2\/comments?post=2473"}],"version-history":[{"count":1,"href":"https:\/\/ciac.pt\/en\/wp-json\/wp\/v2\/pages\/2473\/revisions"}],"predecessor-version":[{"id":2474,"href":"https:\/\/ciac.pt\/en\/wp-json\/wp\/v2\/pages\/2473\/revisions\/2474"}],"up":[{"embeddable":true,"href":"https:\/\/ciac.pt\/en\/wp-json\/wp\/v2\/pages\/1490"}],"wp:featuredmedia":[{"embeddable":true,"href":"https:\/\/ciac.pt\/en\/wp-json\/wp\/v2\/media\/2463"}],"wp:attachment":[{"href":"https:\/\/ciac.pt\/en\/wp-json\/wp\/v2\/media?parent=2473"}],"curies":[{"name":"wp","href":"https:\/\/api.w.org\/{rel}","templated":true}]}}