{"id":2488,"date":"2023-12-18T11:58:42","date_gmt":"2023-12-18T11:58:42","guid":{"rendered":"https:\/\/web.ciac.pt\/?page_id=2488"},"modified":"2025-07-28T11:26:55","modified_gmt":"2025-07-28T10:26:55","slug":"research-hub-university-of-maia","status":"publish","type":"page","link":"https:\/\/ciac.pt\/en\/research-groups-and-hubs\/research-hub-university-of-maia\/","title":{"rendered":"Mai\u00eautica\/University of Maia Hub"},"content":{"rendered":"\n<p>The creation of the Mai\u00eautica\/UMAIA Hub was the natural progression of a partnership agreement between the two institutions established in October 2013.<\/p>\n\n\n\n<p>UMAIA\u2019s core research focuses on the fields of Communication and Digital Culture. Many of its research activities stem from collaborations with foreign universities and institutions, including King\u2019s College, the University of S\u00e3o Paulo, University of Esp\u00edrito Santo, University Federal de Sergipe, University Federal de Goi\u00e1s, and the Higher Education School of Propaganda e Marketing (Brazil).<\/p>\n\n\n\n<p>The objectives of the UMAIA Center are to:<\/p>\n\n\n\n<ol class=\"wp-block-list\">\n<li>Conduct applied research in the domains of Arts (Theater, Literature, Cinema, Visual Arts, Digital Arts) and Communication;<\/li>\n\n\n\n<li>Identify and enhance the interaction between technology, artistic practices, journalism, and communication to meet community needs, fostering a more critical, responsible, and participative society;<\/li>\n\n\n\n<li>Investigate the mediums (material, virtual, technological) that support media, artistic, and communicative phenomena, including the development of digital platforms associated with both fundamental and applied research objects, as well as exploring how media and artistic languages are appropriated, especially in relation to verbal expression, language contact, and Human Communication, with a particular focus on Media, Arts, and Science Literacy, mediation, interculturality, Intermedia studies, and institutional and corporate communication;<\/li>\n\n\n\n<li>Examine how digital technologies have culturally transformed the design, production, access, and study of arts and communication, with particular emphasis on new creative processes and digital ecologies;<\/li>\n\n\n\n<li>Expand and develop taxonomies for various artistic performances within a digital environment and explore their pedagogical potential;<\/li>\n\n\n\n<li>Strategically integrate artificial intelligence into the fields of Arts and Communication;<\/li>\n\n\n\n<li>Understand how a media-driven society formulates strategies to address communication challenges in the 21st century, with an emphasis on Organizational Communication, Journalism, and Media.<\/li>\n<\/ol>\n\n\n\n<h3 class=\"wp-block-heading\">Partnerships<\/h3>\n\n\n\n<p>Several researchers at the center are part of international research networks, such as \u201cNaturalisme-Monde\u201d and NECS, the European Network for Cinema and Media Studies. UMAIA is also part of the \u201cBesides the Screen\u201d research network with King\u2019s College, the University of Victoria, and the University of S\u00e3o Paulo.<\/p>\n\n\n\n<p>In Communication, partnerships have been established with Brazilian universities (University Federal de Sergipe, University Federal de Goi\u00e1s, the Higher Education School of Propaganda e Marketing) and with the Publishing, Culture &amp; Design Lab at the Faculty of Librarianship and Communication at UFRGS, resulting in publications and research exchanges with foreign colleagues at UMAIA.<\/p>\n\n\n\n<p>Additionally, partnerships have been formed to strengthen ties with the artistic and professional sectors. Examples include agreements with Maus H\u00e1bitos, FEST \u2013 New Cinema, New Directors Festival, Vila do Conde Short Film Festival and its affiliates \u2013 Ag\u00eancia de Curtas Metragens and Solar \u2013 Galeria de Artes Cinem\u00e1ticas, Porto\/Post\/Doc (Porto\u2019s Festival of Real Cinema), the production company Bando \u00e0 Parte, and Cinanima.<\/p>\n\n\n\n<h3 class=\"wp-block-heading\">Projects<\/h3>\n\n\n\n<p>Moreover, many of these researchers are active participants in funded national and international projects, including:<\/p>\n\n\n\n<ul class=\"wp-block-list\">\n<li>CYPet, an exploratory project funded by FCT (2021);<\/li>\n\n\n\n<li>OMEGA-X Project: Orchestrating an interoperable sovereign federated Multi-vector Energy data space built on open standards and ready for GAia-X, call HORIZON-CL5-2021-D3-01-01, Horizon Europe, Proposal number: 101069287;<\/li>\n\n\n\n<li>\u201cNaturalisme-Monde\u201d Project, ITEM-CNRS;<\/li>\n\n\n\n<li>Project \u201cResearch, healthcare networks and empowerment: scientific and social responses to rare diseases in the Iberian Peninsula\u201d;<\/li>\n\n\n\n<li>Intangible Heritage Collection Project promoted by the Porto Metropolitan Area, a QREN-funded project through which 17 video documentaries were created (http:\/\/piamp.amp.pt), along with the recording of the Legends and Narratives of AMP;<\/li>\n\n\n\n<li>\u201cFratura e Fuga\u201d: DGArtes support for single projects and the publication of a special issue of Media Practice and Education (Scopus \u2013 Q1).<\/li>\n<\/ul>\n\n\n\n<p>At the national level, the following projects have been developed:<\/p>\n\n\n\n<ul class=\"wp-block-list\">\n<li>Theory and Practice of Adaptation<\/li>\n\n\n\n<li>Observatory of Communication and Public Relations Agencies<\/li>\n\n\n\n<li>Public Relations and Challenges in a Media-Driven Society<\/li>\n\n\n\n<li>Journalism in the 21st Century<\/li>\n\n\n\n<li>Media and Digital Literacy<\/li>\n\n\n\n<li>Health Communication<\/li>\n\n\n\n<li>Cultural Centers and Peripheries<\/li>\n\n\n\n<li>Memory, Communication, and Citizenship<\/li>\n\n\n\n<li>Celebrity Culture<\/li>\n<\/ul>\n\n\n\n<hr class=\"wp-block-separator alignwide has-alpha-channel-opacity\"\/>\n\n\n\n<p>Coordinator: <a href=\"https:\/\/ciac.pt\/en\/members\/fernando-jorge-de-sousa-faria-paulino\/\">Fernando Faria Paulino<\/a><br><a href=\"mailto:info@maieutica.pt\">info@maieutica.pt<\/a>\u00a0\/\u00a0T. <a href=\"tel:351229866000\">+351 229 866 000<\/a><br>Avenida Carlos de Oliveira Campos &#8211; Cast\u00ealo da Maia<br>4475-690 Maia<\/p>\n","protected":false},"excerpt":{"rendered":"<p>The creation of the Mai\u00eautica\/UMAIA Hub was the natural progression of a<\/p>\n","protected":false},"author":1,"featured_media":0,"parent":1462,"menu_order":0,"comment_status":"closed","ping_status":"closed","template":"","meta":{"_eb_attr":"","inline_featured_image":false,"advgb_blocks_editor_width":"","advgb_blocks_columns_visual_guide":"","footnotes":"","_links_to":"","_links_to_target":""},"class_list":["post-2488","page","type-page","status-publish","hentry"],"yoast_head":"<!-- This site is optimized with the Yoast SEO plugin v27.2 - https:\/\/yoast.com\/product\/yoast-seo-wordpress\/ -->\n<title>Mai\u00eautica\/University of Maia Hub - CIAC<\/title>\n<meta name=\"robots\" content=\"index, follow, max-snippet:-1, max-image-preview:large, max-video-preview:-1\" \/>\n<link rel=\"canonical\" href=\"https:\/\/ciac.pt\/en\/research-groups-and-hubs\/research-hub-university-of-maia\/\" \/>\n<meta property=\"og:locale\" content=\"en_US\" \/>\n<meta property=\"og:type\" content=\"article\" \/>\n<meta property=\"og:title\" content=\"Mai\u00eautica\/University of Maia Hub - CIAC\" \/>\n<meta property=\"og:description\" content=\"The creation of the Mai\u00eautica\/UMAIA Hub was the natural progression of a\" \/>\n<meta property=\"og:url\" content=\"https:\/\/ciac.pt\/en\/research-groups-and-hubs\/research-hub-university-of-maia\/\" \/>\n<meta property=\"og:site_name\" content=\"CIAC\" \/>\n<meta property=\"article:modified_time\" content=\"2025-07-28T10:26:55+00:00\" \/>\n<meta name=\"twitter:card\" content=\"summary_large_image\" \/>\n<meta name=\"twitter:label1\" content=\"Est. reading time\" \/>\n\t<meta name=\"twitter:data1\" content=\"3 minutes\" \/>\n<script type=\"application\/ld+json\" class=\"yoast-schema-graph\">{\"@context\":\"https:\/\/schema.org\",\"@graph\":[{\"@type\":\"WebPage\",\"@id\":\"https:\/\/ciac.pt\/en\/research-groups-and-hubs\/research-hub-university-of-maia\/\",\"url\":\"https:\/\/ciac.pt\/en\/research-groups-and-hubs\/research-hub-university-of-maia\/\",\"name\":\"Mai\u00eautica\/University of Maia Hub - CIAC\",\"isPartOf\":{\"@id\":\"https:\/\/ciac.pt\/en\/#website\"},\"datePublished\":\"2023-12-18T11:58:42+00:00\",\"dateModified\":\"2025-07-28T10:26:55+00:00\",\"breadcrumb\":{\"@id\":\"https:\/\/ciac.pt\/en\/research-groups-and-hubs\/research-hub-university-of-maia\/#breadcrumb\"},\"inLanguage\":\"en-US\",\"potentialAction\":[{\"@type\":\"ReadAction\",\"target\":[\"https:\/\/ciac.pt\/en\/research-groups-and-hubs\/research-hub-university-of-maia\/\"]}]},{\"@type\":\"BreadcrumbList\",\"@id\":\"https:\/\/ciac.pt\/en\/research-groups-and-hubs\/research-hub-university-of-maia\/#breadcrumb\",\"itemListElement\":[{\"@type\":\"ListItem\",\"position\":1,\"name\":\"In\u00edcio\",\"item\":\"https:\/\/ciac.pt\/en\/\"},{\"@type\":\"ListItem\",\"position\":2,\"name\":\"Research Groups and Hubs\",\"item\":\"https:\/\/ciac.pt\/en\/research-groups-and-hubs\/\"},{\"@type\":\"ListItem\",\"position\":3,\"name\":\"Mai\u00eautica\/University of Maia Hub\"}]},{\"@type\":\"WebSite\",\"@id\":\"https:\/\/ciac.pt\/en\/#website\",\"url\":\"https:\/\/ciac.pt\/en\/\",\"name\":\"CIAC\",\"description\":\"Centro de Investiga\u00e7\u00e3o em Artes e Comunica\u00e7\u00e3o\",\"publisher\":{\"@id\":\"https:\/\/ciac.pt\/en\/#organization\"},\"potentialAction\":[{\"@type\":\"SearchAction\",\"target\":{\"@type\":\"EntryPoint\",\"urlTemplate\":\"https:\/\/ciac.pt\/en\/?s={search_term_string}\"},\"query-input\":{\"@type\":\"PropertyValueSpecification\",\"valueRequired\":true,\"valueName\":\"search_term_string\"}}],\"inLanguage\":\"en-US\"},{\"@type\":\"Organization\",\"@id\":\"https:\/\/ciac.pt\/en\/#organization\",\"name\":\"CIAC\",\"url\":\"https:\/\/ciac.pt\/en\/\",\"logo\":{\"@type\":\"ImageObject\",\"inLanguage\":\"en-US\",\"@id\":\"https:\/\/ciac.pt\/en\/#\/schema\/logo\/image\/\",\"url\":\"https:\/\/ciac.pt\/wp-content\/uploads\/2022\/06\/logo.svg\",\"contentUrl\":\"https:\/\/ciac.pt\/wp-content\/uploads\/2022\/06\/logo.svg\",\"width\":184,\"height\":51,\"caption\":\"CIAC\"},\"image\":{\"@id\":\"https:\/\/ciac.pt\/en\/#\/schema\/logo\/image\/\"}}]}<\/script>\n<!-- \/ Yoast SEO plugin. -->","yoast_head_json":{"title":"Mai\u00eautica\/University of Maia Hub - CIAC","robots":{"index":"index","follow":"follow","max-snippet":"max-snippet:-1","max-image-preview":"max-image-preview:large","max-video-preview":"max-video-preview:-1"},"canonical":"https:\/\/ciac.pt\/en\/research-groups-and-hubs\/research-hub-university-of-maia\/","og_locale":"en_US","og_type":"article","og_title":"Mai\u00eautica\/University of Maia Hub - CIAC","og_description":"The creation of the Mai\u00eautica\/UMAIA Hub was the natural progression of a","og_url":"https:\/\/ciac.pt\/en\/research-groups-and-hubs\/research-hub-university-of-maia\/","og_site_name":"CIAC","article_modified_time":"2025-07-28T10:26:55+00:00","twitter_card":"summary_large_image","twitter_misc":{"Est. reading time":"3 minutes"},"schema":{"@context":"https:\/\/schema.org","@graph":[{"@type":"WebPage","@id":"https:\/\/ciac.pt\/en\/research-groups-and-hubs\/research-hub-university-of-maia\/","url":"https:\/\/ciac.pt\/en\/research-groups-and-hubs\/research-hub-university-of-maia\/","name":"Mai\u00eautica\/University of Maia Hub - CIAC","isPartOf":{"@id":"https:\/\/ciac.pt\/en\/#website"},"datePublished":"2023-12-18T11:58:42+00:00","dateModified":"2025-07-28T10:26:55+00:00","breadcrumb":{"@id":"https:\/\/ciac.pt\/en\/research-groups-and-hubs\/research-hub-university-of-maia\/#breadcrumb"},"inLanguage":"en-US","potentialAction":[{"@type":"ReadAction","target":["https:\/\/ciac.pt\/en\/research-groups-and-hubs\/research-hub-university-of-maia\/"]}]},{"@type":"BreadcrumbList","@id":"https:\/\/ciac.pt\/en\/research-groups-and-hubs\/research-hub-university-of-maia\/#breadcrumb","itemListElement":[{"@type":"ListItem","position":1,"name":"In\u00edcio","item":"https:\/\/ciac.pt\/en\/"},{"@type":"ListItem","position":2,"name":"Research Groups and Hubs","item":"https:\/\/ciac.pt\/en\/research-groups-and-hubs\/"},{"@type":"ListItem","position":3,"name":"Mai\u00eautica\/University of Maia Hub"}]},{"@type":"WebSite","@id":"https:\/\/ciac.pt\/en\/#website","url":"https:\/\/ciac.pt\/en\/","name":"CIAC","description":"Centro de Investiga\u00e7\u00e3o em Artes e Comunica\u00e7\u00e3o","publisher":{"@id":"https:\/\/ciac.pt\/en\/#organization"},"potentialAction":[{"@type":"SearchAction","target":{"@type":"EntryPoint","urlTemplate":"https:\/\/ciac.pt\/en\/?s={search_term_string}"},"query-input":{"@type":"PropertyValueSpecification","valueRequired":true,"valueName":"search_term_string"}}],"inLanguage":"en-US"},{"@type":"Organization","@id":"https:\/\/ciac.pt\/en\/#organization","name":"CIAC","url":"https:\/\/ciac.pt\/en\/","logo":{"@type":"ImageObject","inLanguage":"en-US","@id":"https:\/\/ciac.pt\/en\/#\/schema\/logo\/image\/","url":"https:\/\/ciac.pt\/wp-content\/uploads\/2022\/06\/logo.svg","contentUrl":"https:\/\/ciac.pt\/wp-content\/uploads\/2022\/06\/logo.svg","width":184,"height":51,"caption":"CIAC"},"image":{"@id":"https:\/\/ciac.pt\/en\/#\/schema\/logo\/image\/"}}]}},"coauthors":[],"author_meta":{"author_link":"https:\/\/ciac.pt\/en\/author\/webmaster\/","display_name":"webmaster"},"relative_dates":{"created":"Posted 2 years ago","modified":"Updated 9 months ago"},"absolute_dates":{"created":"Posted on 18\/12\/2023","modified":"Updated on 28\/07\/2025"},"absolute_dates_time":{"created":"Posted on 18\/12\/2023 11:58","modified":"Updated on 28\/07\/2025 11:26"},"featured_img_caption":"","featured_img":false,"series_order":"","_links":{"self":[{"href":"https:\/\/ciac.pt\/en\/wp-json\/wp\/v2\/pages\/2488","targetHints":{"allow":["GET"]}}],"collection":[{"href":"https:\/\/ciac.pt\/en\/wp-json\/wp\/v2\/pages"}],"about":[{"href":"https:\/\/ciac.pt\/en\/wp-json\/wp\/v2\/types\/page"}],"author":[{"embeddable":true,"href":"https:\/\/ciac.pt\/en\/wp-json\/wp\/v2\/users\/1"}],"replies":[{"embeddable":true,"href":"https:\/\/ciac.pt\/en\/wp-json\/wp\/v2\/comments?post=2488"}],"version-history":[{"count":3,"href":"https:\/\/ciac.pt\/en\/wp-json\/wp\/v2\/pages\/2488\/revisions"}],"predecessor-version":[{"id":11686,"href":"https:\/\/ciac.pt\/en\/wp-json\/wp\/v2\/pages\/2488\/revisions\/11686"}],"up":[{"embeddable":true,"href":"https:\/\/ciac.pt\/en\/wp-json\/wp\/v2\/pages\/1462"}],"wp:attachment":[{"href":"https:\/\/ciac.pt\/en\/wp-json\/wp\/v2\/media?parent=2488"}],"curies":[{"name":"wp","href":"https:\/\/api.w.org\/{rel}","templated":true}]}}